{"id":50854,"date":"2021-06-26T11:39:22","date_gmt":"2021-06-26T11:39:22","guid":{"rendered":"https:\/\/staging.bitodds.com\/?page_id=50854"},"modified":"2021-06-26T11:39:25","modified_gmt":"2021-06-26T11:39:25","slug":"subscription","status":"publish","type":"page","link":"https:\/\/bitodds.com\/zh\/subscription\/","title":{"rendered":"Subscription"},"content":{"rendered":"    <form id=\"manage-subscriptions\" class=\"bit-subscribe\" method=\"POST\">\n\n\t\t    \t<ul class=\"edge-alerts-list\">\n\t\t\t\t<li>\n\t\t\t<input type=\"checkbox\" class=\"lists-check bit-checkbox\" name=\"list[]\" id=\"list-all\" value=\"all\" checked=\"checked\" >\n\t\t\t<label for=\"list-all\" class=\"checkbox-label\"><\/label> \n\t\t\t<label for=\"list-all\">Edge alerts (<a href=\"https:\/\/bitedge.com\/sports-betting-tools-and-resources\/crypto-betting-edge-alerts\/\" title=\"Edge alerts\" rel=\"noopener\">details<\/a>)<\/label>\n\t\t<\/li>\n\n\t\t\t\t<li style=\"display:none;\">\n\t\t\t<input type=\"checkbox\" class=\"lists-check bit-checkbox\" name=\"list[]\" id=\"list-none\" value=\"none\" >\n\t\t\t<label for=\"list-none\" class=\"checkbox-label\"><\/label> \n\t\t\t<label for=\"list-none\">No alerts<\/label>\n\t\t<\/li>\n\n\t\t<\/ul>\n\n    \t<h4>Comment notifications<\/h4>\n    \t<p>Receive an email if a new comment is made on a page.<\/p>\n\n    \t<ul class=\"edge-alerts-list\">\n\n\t\t<li ><input type=\"checkbox\" class=\"comments-check bit-checkbox \" id=\"list-comments-all\" name=\"comments[]\" value=\"all\" ><label for=\"list-comments-all\" class=\"checkbox-label\"><\/label> <label for=\"list-comments-all\">All comments<\/label><br><\/li><li ><input type=\"checkbox\" class=\"comments-check bit-checkbox \" id=\"list-comments-mine\" name=\"comments[]\" value=\"mine\"  checked=&quot;checked&quot;><label for=\"list-comments-mine\" class=\"checkbox-label\"><\/label> <label for=\"list-comments-mine\">Comments on pages I have commented on<\/label><br><\/li><li ><input type=\"checkbox\" class=\"comments-check bit-checkbox select-check\" id=\"list-comments-select\" name=\"comments[]\" value=\"select\" ><label for=\"list-comments-select\" class=\"checkbox-label\"><\/label> <label for=\"list-comments-select\">Comments on these pages:<\/label><br><div id=\"bit-mail-page-select\" class=\"bit-mail-page-select\">\n\t\t\t\t\t\t<select id=\"bit-mail-page-selector\" multiple=\"multiple\">\n\t\t\t\t\t\t\t<option><\/option>\n\t\t\t\t\t\t\t<option value=\"50957\" >\u041f\u043e\u043b\u0443\u0447\u0430\u0439\u0442\u0435 \u043b\u0443\u0447\u0448\u0438\u0435 \u043a\u043e\u044d\u0444\u0444\u0438\u0446\u0438\u0435\u043d\u0442\u044b, \u0432\u044b\u0438\u0433\u0440\u044b\u0432\u0430\u0439\u0442\u0435 \u0431\u043e\u043b\u044c\u0448\u0435 \u043a\u0440\u0438\u043f\u0442\u043e\u0432\u0430\u043b\u044e\u0442\u044b!<\/option><option value=\"51152\" >\u3088\u308a\u6709\u5229\u306a\u30aa\u30c3\u30ba\u3092\u624b\u306b\u3057\u3066\u3001\u4eee\u60f3\u901a\u8ca8\u3092\u3069\u3093\u3069\u3093\u624b\u306b\u5165\u308c\u3088\u3046\uff01<\/option><option value=\"33649\" >Africa Cup of Nations<\/option><option value=\"33650\" >African Champions League<\/option><option value=\"24486\" >Odds archive<\/option><option value=\"50868\" >\u8d54\u7387\u5b58\u6863<\/option><option value=\"50909\" >Arquivo de cota\u00e7\u00f5es<\/option><option value=\"50943\" >\u0410\u0440\u0445\u0438\u0432 \u043a\u043e\u044d\u0444\u0444\u0438\u0446\u0438\u0435\u043d\u0442\u043e\u0432<\/option><option value=\"50984\" >Archivo de cuotas<\/option><option value=\"51025\" >Oran ar\u015fivi<\/option><option value=\"51062\" >Archive des cotes<\/option><option value=\"51103\" >Quotenarchiv<\/option><option value=\"51140\" >\u30aa\u30c3\u30ba\u30a2\u30fc\u30ab\u30a4\u30d6<\/option><option value=\"33651\" >Asian Champions League<\/option><option value=\"33652\" >Asian Cup<\/option><option value=\"33653\" >Australian A-League<\/option><option value=\"17003\" >Best odds crypto sportsbooks<\/option><option value=\"50872\" >\u6700\u4f73\u8d54\u7387\u52a0\u5bc6\u8d27\u5e01\u4f53\u80b2\u535a\u5f69\u5546<\/option><option value=\"50917\" >Sportsbooks de criptomoedas com as melhores cota\u00e7\u00f5es<\/option><option value=\"50951\" >\u041a\u0440\u0438\u043f\u0442\u043e\u0431\u0443\u043a\u043c\u0435\u043a\u0435\u0440\u044b \u0441 \u043b\u0443\u0447\u0448\u0438\u043c\u0438 \u043a\u043e\u044d\u0444\u0444\u0438\u0446\u0438\u0435\u043d\u0442\u0430\u043c\u0438<\/option><option value=\"50992\" >Las casas de criptoapuestas con las mejores cuotas<\/option><option value=\"51033\" >En iyi kripto bahis \u015firketi oranlar\u0131<\/option><option value=\"51070\" >Meilleures cotes des sites de paris sportifs en cryptomonnaie<\/option><option value=\"51111\" >Beste Quoten Krypto-Sportwettenanbieter<\/option><option value=\"51148\" >\u30d9\u30b9\u30c8\u30aa\u30c3\u30ba\u306e\u4eee\u60f3\u901a\u8ca8\u30b9\u30dd\u30fc\u30c4\u30d6\u30c3\u30af<\/option><option value=\"33754\" >Bet into a [bit_best_competition_stats field=edge fallback=&quot;1.95%&quot;] edge<\/option><option value=\"50860\" >\u6295\u6ce8[bit_best_competition_stats field=edge  fallback=&quot;1.95%&quot;]\u4f18\u52bf<\/option><option value=\"50900\" >Aposte em uma vantagem de   [bit_best_competition_stats field=edge fallback=&quot;1,95%&quot;]<\/option><option value=\"50935\" >\u0421\u0442\u0430\u0432\u043a\u0430 \u043f\u0440\u0438 \u043c\u0430\u0440\u0436\u0435:  [bit_best_competition_stats field=edge fallback=&quot;1.95%&quot;]<\/option><option value=\"50972\" >Apuesta con una ventaja del  [bit_best_competition_stats field=edge fallback=&quot;1,95%&quot;]<\/option><option value=\"51017\" >[bit_best_competition_stats field=edge fallback=&quot;1.95%&quot;] avantajla bahis yap\u0131n<\/option><option value=\"51054\" >Parier dans une marge de  [bit_best_competition_stats field=edge fallback=&quot;1,95%&quot;]<\/option><option value=\"51094\" >Wetten Sie auf einen Vorteil von  [bit_best_competition_stats field=edge fallback=&quot;1,95%&quot;]<\/option><option value=\"51131\" >[bit_best_competition_stats field=edge fallback=&quot;1.95%&quot;]\u306e\u30a8\u30c3\u30b8\u3067\u30d9\u30c3\u30c8<\/option><option value=\"5\" >Get better odds, win more crypto!<\/option><option value=\"33631\" >Fights<\/option><option value=\"33654\" >Brazilian Serie A<\/option><option value=\"33636\" >Call of Duty<\/option><option value=\"33655\" >Chinese Super League<\/option><option value=\"33656\" >CONCACAF Champions League<\/option><option value=\"16896\" >Contact us<\/option><option value=\"50904\" >Contact us<\/option><option value=\"50937\" >Contact us<\/option><option value=\"50976\" >Contact us<\/option><option value=\"51019\" >Contact us<\/option><option value=\"51056\" >Contact us<\/option><option value=\"51096\" >Contact us<\/option><option value=\"51133\" >Contact us<\/option><option value=\"50858\" >Contact us<\/option><option value=\"33657\" >Copa Am\u00e9rica<\/option><option value=\"33658\" >Copa Libertadores<\/option><option value=\"17010\" >Exclusive crypto sportsbook bonuses<\/option><option value=\"50874\" >\u4e13\u5c5e\u52a0\u5bc6\u8d27\u5e01\u4f53\u80b2\u535a\u5f69\u5956\u91d1<\/option><option value=\"50919\" >B\u00f4nus exclusivos de sportsbooks de criptomoedas<\/option><option value=\"50953\" >\u042d\u043a\u0441\u043a\u043b\u044e\u0437\u0438\u0432\u043d\u044b\u0435 \u0431\u043e\u043d\u0443\u0441\u044b \u043e\u0442 \u043a\u0440\u0438\u043f\u0442\u043e\u0431\u0443\u043a\u043c\u0435\u043a\u0435\u0440\u043e\u0432<\/option><option value=\"50994\" >Bonos exclusivos de las casas de criptoapuestas<\/option><option value=\"51035\" >\u00d6zel kripto bahis \u015firketi bonuslar\u0131<\/option><option value=\"51087\" >Des bonus de paris sportifs en cryptomonnaie exclusifs<\/option><option value=\"51113\" >Exklusive Krypto-Sportwettenanbieter-Bonusse<\/option><option value=\"51150\" >\u9650\u5b9a\u4eee\u60f3\u901a\u8ca8\u30b9\u30dd\u30fc\u30c4\u30d6\u30c3\u30af\u30dc\u30fc\u30ca\u30b9<\/option><option value=\"33329\" >Crypto value bet alerts<\/option><option value=\"50863\" >\u52a0\u5bc6\u8d27\u5e01\u4ef7\u503c\u6295\u6ce8\u63d0\u9192<\/option><option value=\"50895\" >Alertas de apostas de valor de criptomoedas<\/option><option value=\"50939\" >\u041e\u043f\u043e\u0432\u0435\u0449\u0435\u043d\u0438\u044f \u043e \u043a\u0440\u0438\u043f\u0442\u043e\u0432\u0430\u043b\u044e\u0442\u043d\u044b\u0445 \u0441\u0442\u0430\u0432\u043a\u0430\u0445 \u0441 \u043f\u0435\u0440\u0435\u0432\u0435\u0441\u043e\u043c<\/option><option value=\"50978\" >Alertas de apuestas de valor criptogr\u00e1fico<\/option><option value=\"51021\" >Kripto de\u011ferli bahis uyar\u0131lar\u0131<\/option><option value=\"51058\" >Alertes de paris de valeur en cryptomonnaie<\/option><option value=\"51099\" >Krypto-Wertwette-Benachrichtigung<\/option><option value=\"51135\" >\u4eee\u60f3\u901a\u8ca8\u30d0\u30ea\u30e5\u30fc\u30d9\u30c3\u30c8\u30a2\u30e9\u30fc\u30c8<\/option><option value=\"33637\" >CS:GO<\/option><option value=\"33638\" >Dota 2<\/option><option value=\"51039\" >En iyi oranlar\u0131 al\u0131n, daha fazla kripto kazan\u0131n!<\/option><option value=\"33659\" >English Premier League<\/option><option value=\"51124\" >Erhalten Sie bessere Quoten, gewinnen Sie mehr Krypto!<\/option><option value=\"33660\" >Europa League<\/option><option value=\"33661\" >Euros<\/option><option value=\"16898\" >Frequently asked questions<\/option><option value=\"50866\" >\u5e38\u89c1\u95ee\u9898<\/option><option value=\"50907\" >Perguntas frequentes<\/option><option value=\"50941\" >\u0427\u0430\u0441\u0442\u043e \u0437\u0430\u0434\u0430\u0432\u0430\u0435\u043c\u044b\u0435 \u0432\u043e\u043f\u0440\u043e\u0441\u044b<\/option><option value=\"50980\" >Preguntas frecuentes<\/option><option value=\"51023\" >S\u0131k\u00e7a sorulan sorular<\/option><option value=\"51060\" >Foire aux questions<\/option><option value=\"51101\" >H\u00e4ufig gestellte Fragen<\/option><option value=\"51137\" >\u3088\u304f\u3042\u308b\u8cea\u554f<\/option><option value=\"33662\" >FIFA Club World Cup<\/option><option value=\"33663\" >FIFA World Cup<\/option><option value=\"33664\" >French Ligue 1<\/option><option value=\"33665\" >German Bundesliga<\/option><option value=\"50891\" >Receba as melhores cota\u00e7\u00f5es, ganhe mais criptomoedas!<\/option><option value=\"33666\" >Gold Cup<\/option><option value=\"33632\" >Indian Premier League<\/option><option value=\"33634\" >International tests<\/option><option value=\"33667\" >Italian Serie A<\/option><option value=\"33668\" >Japanese J1 League<\/option><option value=\"33639\" >King of Glory<\/option><option value=\"33669\" >Korean K League 1<\/option><option value=\"33640\" >League of Legends<\/option><option value=\"33670\" >Major League Soccer<\/option><option value=\"33678\" >Men&#039;s tennis<\/option><option value=\"33671\" >Mexican Liga MX<\/option><option value=\"33628\" >MLB<\/option><option value=\"33629\" >NBA<\/option><option value=\"33630\" >NCAA<\/option><option value=\"33626\" >NCAA<\/option><option value=\"33627\" >NFL<\/option><option value=\"33645\" >NHL<\/option><option value=\"51074\" >Obtenez de meilleures cotes, gagnez plus en cryptomonnaie !<\/option><option value=\"50999\" >\u00a1Obtenga mejores cuotas, gane m\u00e1s criptomonedas!<\/option><option value=\"17014\" >Odds conversion table with probability<\/option><option value=\"50876\" >\u8d54\u7387\u8f6c\u6362\u8868\uff08\u9644\u6982\u7387\uff09<\/option><option value=\"50921\" >Tabela de convers\u00e3o de cota\u00e7\u00f5es com probabilidade<\/option><option value=\"50955\" >\u0422\u0430\u0431\u043b\u0438\u0446\u0430 \u043f\u0435\u0440\u0435\u0441\u0447\u0435\u0442\u0430 \u043a\u043e\u044d\u0444\u0444\u0438\u0446\u0438\u0435\u043d\u0442\u043e\u0432 \u0441 \u0432\u0435\u0440\u043e\u044f\u0442\u043d\u043e\u0441\u0442\u044c\u044e<\/option><option value=\"50997\" >Tabla de conversi\u00f3n de cuotas con probabilidad<\/option><option value=\"51037\" >Olas\u0131l\u0131kl\u0131 oran d\u00f6n\u00fc\u015ft\u00fcrme tablosu<\/option><option value=\"51072\" >Tableau de conversion des cotes avec la probabilit\u00e9<\/option><option value=\"51115\" >Quotenumrechnungstabelle mit Wahrscheinlichkeit<\/option><option value=\"51156\" >\u78ba\u7387\u304b\u3089\u30aa\u30c3\u30ba\u3078\u306e\u5909\u63db\u30c6\u30fc\u30d6\u30eb<\/option><option value=\"33635\" >One day internationals<\/option><option value=\"33641\" >Overwatch<\/option><option value=\"33672\" >Polish Ekstraklasa<\/option><option value=\"33673\" >Portuguese Primeira Liga<\/option><option value=\"33642\" >Rainbow Six<\/option><option value=\"16940\" >Responsible gambling<\/option><option value=\"50870\" >\u535a\u5f69\u6743\u8d23<\/option><option value=\"50911\" >Apostas respons\u00e1veis<\/option><option value=\"50945\" >\u041e\u0442\u0432\u0435\u0442\u0441\u0442\u0432\u0435\u043d\u043d\u0430\u044f \u0438\u0433\u0440\u0430<\/option><option value=\"50986\" >Juego responsable<\/option><option value=\"51027\" >Sorumlu bahis yapma<\/option><option value=\"51064\" >Jeu responsable<\/option><option value=\"51105\" >Verantwortungsvolles Gl\u00fccksspiel<\/option><option value=\"51142\" >\u8cac\u4efb\u3042\u308b\u30ae\u30e3\u30f3\u30d6\u30eb<\/option><option value=\"33643\" >Rocket League<\/option><option value=\"33648\" >Rugby Union World Cup<\/option><option value=\"33674\" >Russian Premier League<\/option><option value=\"33675\" >Spanish La Liga<\/option><option value=\"33644\" >StarCraft<\/option><option value=\"24439\" >Subscription<\/option><option value=\"50854\" >Subscription<\/option><option value=\"50913\" >Subscription<\/option><option value=\"50947\" >Subscription<\/option><option value=\"50988\" >Subscription<\/option><option value=\"51029\" >Subscription<\/option><option value=\"51066\" >Subscription<\/option><option value=\"51107\" >Subscription<\/option><option value=\"51144\" >Subscription<\/option><option value=\"33633\" >International T20s<\/option><option value=\"17023\" >Terms of use<\/option><option value=\"50856\" >Terms of use<\/option><option value=\"50915\" >Terms of use<\/option><option value=\"50949\" >Terms of use<\/option><option value=\"50990\" >Terms of use<\/option><option value=\"51031\" >Terms of use<\/option><option value=\"51068\" >Terms of use<\/option><option value=\"51109\" >Terms of use<\/option><option value=\"51146\" >Terms of use<\/option><option value=\"33676\" >Turkish S\u00fcper Lig<\/option><option value=\"33677\" >UEFA Champions League<\/option><option value=\"33646\" >UFC<\/option><option value=\"33647\" >US presidential election<\/option><option value=\"33679\" >Women&#039;s tennis<\/option><option value=\"44934\" >\u83b7\u53d6\u66f4\u9ad8\u8d54\u7387\uff0c\u8d62\u53d6\u66f4\u591a\u52a0\u5bc6\u8d27\u5e01\uff01<\/option>\n\t\t\t\t\t\t<\/select>\n\t\t\t\t\t<\/div><\/li><li style=\"display:none;\"><input type=\"checkbox\" class=\"comments-check bit-checkbox \" id=\"list-comments-none\" name=\"comments[]\" value=\"none\" ><label for=\"list-comments-none\" class=\"checkbox-label\"><\/label> <label for=\"list-comments-none\">None<\/label><br><\/li>\t\t<\/ul>\n\n\n\t\t<h4>Email address<\/h4>\n\n\n\t\t<div class=\"bit-short-subscribe bit-short-subscribe--subscriptions\">\n\t\t\n\t\t\t<div class=\"bit-short-subscribe__inner\">\n\t\t\t\t<input class=\"bit-mail-short-email\" type=\"email\" name=\"bit-email\" oninvalid=\"this.setCustomValidity('\u8bf7\u8f93\u5165\u6709\u6548\u7684\u7535\u5b50\u90ae\u4ef6\u3002')\"\n\t\t\t\t\tvalue=\"\" placeholder=\"Email\" \/>\n\n\t\t\t\t\t\t\t\t\t<button class=\"bit-mail-short-submit bit-btn--inbox\" type=\"submit\">Subscribe<\/button>\n\t\t\t\t\n\t\t\t\t\t\t\t<\/div>\n\n\t\t<\/div>\n\t\t<div class=\"bit-mail-unsubscribe bit-alert bit-alert--error alert-error\" style=\"display:none;\">\n\t\t\tYou will be unsubscribed completely!\t\t<\/div>\n\n\t\t<div class=\"bit-mail-alert bit-alert bit-alert--error alert-error\" style=\"display:none;\">\n\t\t\tPlease select at least one option.\t\t<\/div>\n\n\t\t<p>\n\t\t\t<small>We guarantee 100% privacy, your information will not be shared.<\/small>\n\t\t<\/p>\n    <\/form>\n\t\t\t<div class=\"subscriptions-manage-action hidden\" val=\"bit_mail_full_registration_action\" ><\/div>\n\t\t<div class=\"subscriptions-manage-nonce hidden\" val=\"5a19583f64\" ><\/div>\n\t    \n","protected":false},"excerpt":{"rendered":"","protected":false},"author":1,"featured_media":0,"parent":0,"menu_order":0,"comment_status":"open","ping_status":"closed","template":"","meta":{"_acf_changed":false,"footnotes":""},"acf":[],"_links":{"self":[{"href":"https:\/\/bitodds.com\/zh\/wp-json\/wp\/v2\/pages\/50854"}],"collection":[{"href":"https:\/\/bitodds.com\/zh\/wp-json\/wp\/v2\/pages"}],"about":[{"href":"https:\/\/bitodds.com\/zh\/wp-json\/wp\/v2\/types\/page"}],"author":[{"embeddable":true,"href":"https:\/\/bitodds.com\/zh\/wp-json\/wp\/v2\/users\/1"}],"replies":[{"embeddable":true,"href":"https:\/\/bitodds.com\/zh\/wp-json\/wp\/v2\/comments?post=50854"}],"version-history":[{"count":1,"href":"https:\/\/bitodds.com\/zh\/wp-json\/wp\/v2\/pages\/50854\/revisions"}],"predecessor-version":[{"id":50855,"href":"https:\/\/bitodds.com\/zh\/wp-json\/wp\/v2\/pages\/50854\/revisions\/50855"}],"wp:attachment":[{"href":"https:\/\/bitodds.com\/zh\/wp-json\/wp\/v2\/media?parent=50854"}],"curies":[{"name":"wp","href":"https:\/\/api.w.org\/{rel}","templated":true}]}}