{"id":51039,"date":"2021-06-26T17:51:14","date_gmt":"2021-06-26T17:51:14","guid":{"rendered":"https:\/\/staging.bitodds.com\/?page_id=51039"},"modified":"2022-06-28T02:45:15","modified_gmt":"2022-06-28T02:45:15","slug":"en-iyi-oranlari-alin-daha-fazla-kripto-kazanin","status":"publish","type":"page","link":"https:\/\/bitodds.com\/tr\/","title":{"rendered":"En iyi oranlar\u0131 al\u0131n, daha fazla kripto kazan\u0131n!"},"content":{"rendered":"","protected":false},"excerpt":{"rendered":"","protected":false},"author":1,"featured_media":46639,"parent":0,"menu_order":0,"comment_status":"open","ping_status":"closed","template":"","meta":{"_acf_changed":false,"footnotes":""},"acf":[],"_links":{"self":[{"href":"https:\/\/bitodds.com\/tr\/wp-json\/wp\/v2\/pages\/51039"}],"collection":[{"href":"https:\/\/bitodds.com\/tr\/wp-json\/wp\/v2\/pages"}],"about":[{"href":"https:\/\/bitodds.com\/tr\/wp-json\/wp\/v2\/types\/page"}],"author":[{"embeddable":true,"href":"https:\/\/bitodds.com\/tr\/wp-json\/wp\/v2\/users\/1"}],"replies":[{"embeddable":true,"href":"https:\/\/bitodds.com\/tr\/wp-json\/wp\/v2\/comments?post=51039"}],"version-history":[{"count":5,"href":"https:\/\/bitodds.com\/tr\/wp-json\/wp\/v2\/pages\/51039\/revisions"}],"predecessor-version":[{"id":52754,"href":"https:\/\/bitodds.com\/tr\/wp-json\/wp\/v2\/pages\/51039\/revisions\/52754"}],"wp:featuredmedia":[{"embeddable":true,"href":"https:\/\/bitodds.com\/tr\/wp-json\/wp\/v2\/media\/46639"}],"wp:attachment":[{"href":"https:\/\/bitodds.com\/tr\/wp-json\/wp\/v2\/media?parent=51039"}],"curies":[{"name":"wp","href":"https:\/\/api.w.org\/{rel}","templated":true}]}}