{"id":51035,"date":"2021-06-26T17:49:34","date_gmt":"2021-06-26T17:49:34","guid":{"rendered":"https:\/\/staging.bitodds.com\/?page_id=51035"},"modified":"2024-11-15T12:08:22","modified_gmt":"2024-11-15T12:08:22","slug":"crypto-sportsbook-bonuses","status":"publish","type":"page","link":"https:\/\/bitodds.com\/tr\/crypto-sportsbook-bonuses\/","title":{"rendered":"\u00d6zel kripto bahis \u015firketi bonuslar\u0131"},"content":{"rendered":"\n<p>Bu \u00f6zel kripto bahis \u015firketi bonuslar\u0131 kazanmaya ve e\u011flenceli bahisler yapmaya ba\u015flaman\u0131n harika bir yoludur. Yapaca\u011f\u0131n\u0131z ilk bahisler kaybetse bile alaca\u011f\u0131n\u0131z bonus sayesinde h\u00e2l\u00e2 k\u00e2rda olabilirsiniz.<\/p>\n\n\n\n<p>Yaln\u0131zca bonuslara ba\u011fl\u0131 olarak bir bahis \u015firketi se\u00e7menizi \u00f6nermeyiz. \u00c7ok fazla ba\u015fka fakt\u00f6r de var. Bu nedenle bu bonuslar, yaz\u0131l\u0131 ve video format\u0131ndaki de\u011ferlendirmelerimizde genel olarak en iyiden en k\u00f6t\u00fcye bahis \u015firketleri incelemesinde listelenmi\u015ftir.<\/p>\n\n\n<div class=\"bonus-reviews loading\">\n\t\t\t\t<div class=\"bonus-review-container bonus-review-container--operator-24862\">\n\t\t\t\t\t<a class=\"\" href=\"https:\/\/bitodds.com\/goto\/stake\" title=\"Stake\" rel=\"nofollow\" target=\"_blank\"><img decoding=\"async\" class=\"theme-logo skip-lazy bonus-logo-link no-zoom pulse-hover\" src=\"https:\/\/bitodds.com\/wp-content\/uploads\/2020\/10\/stake-dark-logo.svg\" alt=\"Stake logo\" \/><\/a>\t\t\t\t\t\n\t\t\t\t\t<p><a href=\"https:\/\/bitodds.com\/goto\/stake\/\">Stake<\/a>, komisyon iadesi, haftal\u0131k ve ayl\u0131k bonuslar ve seviye y\u00fckselme bonuslar\u0131 (bir seviye y\u00fckseldi\u011finizde verilir) kazanabilece\u011finiz bir VIP program\u0131 y\u00fcr\u00fctmektedir.<\/p>\n<p>Bonuslar, elde etti\u011finiz her seviye y\u00fckselmesiyle artar (bronz seviyeden ba\u015flar ve elmas seviyesinde biter). Basit ve g\u00fczel bir tasar\u0131ma sahip izleme \u00e7ubu\u011funu kullanarak mevcut durumunuzu takip etmek olduk\u00e7a kolayd\u0131r.<\/p>\n<p>Stake\u00a0ayr\u0131ca hesab\u0131n\u0131za rastgele promosyonlar ekleyecek ve sizi e-mail yoluyla bilgilendirecek &#8211; her zaman g\u00fczel bir s\u00fcrpriz!<\/p>\n\n\t\t\t\t\t\t\t\t\t\t\t<a class=\"get-bonus-btn bit-btn bit-btn--arrow-right\" \n\t\t\t\t\t\t\thref=\"https:\/\/bitodds.com\/goto\/stake\" target=\"_blank\" rel=\"nofollow\">\n\t\t\t\t\t\t\t<span class=\"text\">Bonus al<\/span>\n\t\t\t\t\t\t<\/a>\n\t\t\t\t\t\n\t\t\t\t\t<div style=\"clear: both;\"><\/div>\n\t\t\t\t\t\n\t\t\t\t<\/div><!-- .bonus-review-container -->\n\t\t\t\n\t\t\t\t<div class=\"bonus-review-container bonus-review-container--operator-53092\">\n\t\t\t\t\t<a class=\"\" href=\"https:\/\/bitodds.com\/goto\/bc.game\" title=\"BC.Game\" rel=\"nofollow\" target=\"_blank\"><img decoding=\"async\" class=\"theme-logo skip-lazy bonus-logo-link no-zoom pulse-hover\" src=\"https:\/\/bitodds.com\/wp-content\/uploads\/2022\/11\/bc-game-logo.jpg\" alt=\"BC.Game logo\" \/><\/a>\t\t\t\t\t<span class=\"bit-exclusive-bonus-text\">\u00d6zel bonus!<\/span>\n\t\t\t\t\t\n\t\t\t\t\t\t\t\t\t\t\t<a class=\"get-bonus-btn bit-btn bit-btn--arrow-right\" \n\t\t\t\t\t\t\thref=\"https:\/\/bitodds.com\/goto\/bc.game\" target=\"_blank\" rel=\"nofollow\">\n\t\t\t\t\t\t\t<span class=\"text\">Bonus al<\/span>\n\t\t\t\t\t\t<\/a>\n\t\t\t\t\t\n\t\t\t\t\t<div style=\"clear: both;\"><\/div>\n\t\t\t\t\t\n\t\t\t\t<\/div><!-- .bonus-review-container -->\n\t\t\t\n\t\t\t\t<div class=\"bonus-review-container bonus-review-container--operator-14064\">\n\t\t\t\t\t<a class=\"\" href=\"https:\/\/bitodds.com\/goto\/cloudbet\" title=\"Cloudbet\" rel=\"nofollow\" target=\"_blank\"><img decoding=\"async\" class=\"theme-logo skip-lazy bonus-logo-link no-zoom pulse-hover\" src=\"https:\/\/bitodds.com\/wp-content\/uploads\/2020\/10\/cloudbet-dark-logo.svg\" alt=\"Cloudbet logo\" \/><\/a>\t\t\t\t\t<span class=\"bit-exclusive-bonus-text\">\u00d6zel bonus!<\/span>\n\t\t\t\t\t<p>Bu bonusu sadece burada, BitOdds&#8217;ta alabilirsiniz.<\/p>\n<p>10 m\u0e3f veya e\u015fde\u011feri tutarda ilk para yat\u0131rma i\u015flemini ger\u00e7ekle\u015ftirin ve casinoda kullanabilece\u011finiz 88 \u00fccretsiz \u00e7evirme al\u0131n!<\/p>\n<p>Kazan\u0131lan fonlar, Cloudbet&#8217;in standart 30X \u00e7evrim \u015fart\u0131na sahip olacakt\u0131r.<\/p>\n<p>Ayr\u0131ca Cloudbet&#8217;in 10 m\u00a0\u0e3f &#8216;lik art\u0131\u015flarla \u00f6denen, 5 \u0e3f&#8217;ye kadar standart %100 ilk para yat\u0131rma bonusunu da alacaks\u0131n\u0131z.<\/p>\n<p>Bu, herhangi bir kripto bahis \u015firketindeki en b\u00fcy\u00fck ve en iyi bonustur!<\/p>\n\n\t\t\t\t\t\t\t\t\t\t\t<a class=\"get-bonus-btn bit-btn bit-btn--arrow-right\" \n\t\t\t\t\t\t\thref=\"https:\/\/bitodds.com\/goto\/cloudbet\" target=\"_blank\" rel=\"nofollow\">\n\t\t\t\t\t\t\t<span class=\"text\">Bonus al<\/span>\n\t\t\t\t\t\t<\/a>\n\t\t\t\t\t\n\t\t\t\t\t<div style=\"clear: both;\"><\/div>\n\t\t\t\t\t\n\t\t\t\t<\/div><!-- .bonus-review-container -->\n\t\t\t\n\t\t\t\t<div class=\"bonus-review-container bonus-review-container--operator-52872\">\n\t\t\t\t\t<a class=\"\" href=\"https:\/\/bitodds.com\/goto\/bitsler\" title=\"Bitsler\" rel=\"nofollow\" target=\"_blank\"><img decoding=\"async\" class=\"theme-logo skip-lazy bonus-logo-link no-zoom pulse-hover\" src=\"https:\/\/bitodds.com\/wp-content\/uploads\/2022\/07\/Bitsler-logo-dark.svg\" alt=\"Bitsler logo\" \/><\/a>\t\t\t\t\t\n\t\t\t\t\t\n\t\t\t\t\t\t\t\t\t\t\t<a class=\"get-bonus-btn bit-btn bit-btn--arrow-right\" \n\t\t\t\t\t\t\thref=\"https:\/\/bitodds.com\/goto\/bitsler\" target=\"_blank\" rel=\"nofollow\">\n\t\t\t\t\t\t\t<span class=\"text\">Bonus al<\/span>\n\t\t\t\t\t\t<\/a>\n\t\t\t\t\t\n\t\t\t\t\t<div style=\"clear: both;\"><\/div>\n\t\t\t\t\t\n\t\t\t\t<\/div><!-- .bonus-review-container -->\n\t\t\t\n\t\t\t\t<div class=\"bonus-review-container bonus-review-container--operator-14073\">\n\t\t\t\t\t<a class=\"\" href=\"https:\/\/bitodds.com\/goto\/betcoin\" title=\"Betcoin\" rel=\"nofollow\" target=\"_blank\"><img decoding=\"async\" class=\"theme-logo skip-lazy bonus-logo-link no-zoom pulse-hover\" src=\"https:\/\/bitodds.com\/wp-content\/uploads\/2020\/10\/betcoin-logo-dark-theme-new-160x40.png\" alt=\"Betcoin logo\" \/><\/a>\t\t\t\t\t<span class=\"bit-exclusive-bonus-text\">\u00d6zel bonus!<\/span>\n\t\t\t\t\t<p>Bu bonusu sadece burada, BitOdds&#8217;ta alabilirsiniz!<\/p>\n<p>Spor bahisleri i\u00e7in ilk para yat\u0131rmada 100 m\u0e3f &#8216;ye kadar %50 bonus!<\/p>\n<p>Para \u00e7ekme i\u015fleminden \u00f6nce en az 1.67 oran\u0131yla 15x \u00e7evrim (yat\u0131r\u0131lan tutar + bonus).<\/p>\n<p>Ayr\u0131ca casino i\u00e7in 1.000 m\u0e3f &#8216;ye kadar standart %100 para yat\u0131rma bonusu da al\u0131rs\u0131n\u0131z. Her iki bonus da bir destek fi\u015fi ile talep edilebilir ve 24 saat i\u00e7inde hesaba eklenir.<\/p>\n\n\t\t\t\t\t\t\t\t\t\t\t<a class=\"get-bonus-btn bit-btn bit-btn--arrow-right\" \n\t\t\t\t\t\t\thref=\"https:\/\/bitodds.com\/goto\/betcoin\" target=\"_blank\" rel=\"nofollow\">\n\t\t\t\t\t\t\t<span class=\"text\">Bonus al<\/span>\n\t\t\t\t\t\t<\/a>\n\t\t\t\t\t\n\t\t\t\t\t<div style=\"clear: both;\"><\/div>\n\t\t\t\t\t\n\t\t\t\t<\/div><!-- .bonus-review-container -->\n\t\t\t\n\t\t\t\t<div class=\"bonus-review-container bonus-review-container--operator-52472\">\n\t\t\t\t\t<a class=\"\" href=\"https:\/\/bitodds.com\/goto\/nitrobetting\" title=\"Nitrobetting\" rel=\"nofollow\" target=\"_blank\"><img decoding=\"async\" class=\"theme-logo skip-lazy bonus-logo-link no-zoom pulse-hover\" src=\"https:\/\/bitodds.com\/wp-content\/uploads\/2022\/05\/logo-nitrobetting-logo-160x26.png\" alt=\"Nitrobetting logo\" \/><\/a>\t\t\t\t\t\n\t\t\t\t\t<p>100% first deposit match on sports betting only or slots only or poker only. Also if your first bet loses you get a free bet of the same amount.<\/p>\n\n\t\t\t\t\t\t\t\t\t\t\t<a class=\"get-bonus-btn bit-btn bit-btn--arrow-right\" \n\t\t\t\t\t\t\thref=\"https:\/\/bitodds.com\/goto\/nitrobetting\" target=\"_blank\" rel=\"nofollow\">\n\t\t\t\t\t\t\t<span class=\"text\">Bonus al<\/span>\n\t\t\t\t\t\t<\/a>\n\t\t\t\t\t\n\t\t\t\t\t<div style=\"clear: both;\"><\/div>\n\t\t\t\t\t\n\t\t\t\t<\/div><!-- .bonus-review-container -->\n\t\t\t\n\t\t\t\t<div class=\"bonus-review-container bonus-review-container--operator-14150\">\n\t\t\t\t\t<a class=\"\" href=\"https:\/\/bitodds.com\/goto\/sportsbet\" title=\"Sportsbet\" rel=\"nofollow\" target=\"_blank\"><img decoding=\"async\" class=\"theme-logo skip-lazy bonus-logo-link no-zoom pulse-hover\" src=\"https:\/\/bitodds.com\/wp-content\/uploads\/2020\/10\/sportsbet-logo-dark.svg\" alt=\"Sportsbet logo\" \/><\/a>\t\t\t\t\t\n\t\t\t\t\t<p><a href=\"https:\/\/bitodds.com\/goto\/sportsbet\">Sportsbet<\/a>\u00a0\u2019in t\u00fcm bonuslar\u0131, kendilerine ait olan Clubhouse \u00f6d\u00fcl programlar\u0131ndan ge\u00e7er. \u00c7elik\u2019ten ba\u015flay\u0131p Elmas\u2019a kadar uzanan farkl\u0131 kademelerde ilerledik\u00e7e \u00fccretsiz bahisler, \u00fccretsiz \u00e7evirmeler, \u00fccretsiz eller veya cashback kazan\u0131rs\u0131n\u0131z, bunlar\u0131n tamam\u0131 ki\u015fisel oyun tarz\u0131n\u0131za g\u00f6re uyarlan\u0131r. Puanlar, spor bahisleri veya \u00e7evirmeler veya masa oyunlar\u0131nda bahis yap\u0131larak kazan\u0131l\u0131r.<\/p>\n<p>\u0130lerlemenizi basit, takip edilmesi kolay bir izleyici arac\u0131l\u0131\u011f\u0131yla g\u00f6r\u00fcnt\u00fcleyebilirsiniz.<\/p>\n<p>Program\u0131n kendisi olduk\u00e7a ilgi \u00e7ekici, fakat ilk para yat\u0131rma bonusunun olmamas\u0131 \u00e7ok \u00fcz\u00fcc\u00fc.<\/p>\n\n\t\t\t\t\t\t\t\t\t\t\t<a class=\"get-bonus-btn bit-btn bit-btn--arrow-right\" \n\t\t\t\t\t\t\thref=\"https:\/\/bitodds.com\/goto\/sportsbet\" target=\"_blank\" rel=\"nofollow\">\n\t\t\t\t\t\t\t<span class=\"text\">Bonus al<\/span>\n\t\t\t\t\t\t<\/a>\n\t\t\t\t\t\n\t\t\t\t\t<div style=\"clear: both;\"><\/div>\n\t\t\t\t\t\n\t\t\t\t<\/div><!-- .bonus-review-container -->\n\t\t\t\n\t\t\t\t<div class=\"bonus-review-container bonus-review-container--operator-33955\">\n\t\t\t\t\t<a class=\"\" href=\"https:\/\/bitodds.com\/goto\/trustdice\" title=\"TrustDice\" rel=\"nofollow\" target=\"_blank\"><img decoding=\"async\" class=\"theme-logo skip-lazy bonus-logo-link no-zoom pulse-hover\" src=\"https:\/\/bitodds.com\/wp-content\/uploads\/2021\/06\/trustdice-logo-dark.svg\" alt=\"TrustDice logo\" \/><\/a>\t\t\t\t\t\n\t\t\t\t\t<p>Hesab\u0131n\u0131z\u0131 olu\u015fturduktan sonra <a href=\"https:\/\/trustdice.win\/account\/bonuses\" rel=\"noopener\">TrustDice hesab\u0131n\u0131zdaki<\/a> bonuslar b\u00f6l\u00fcm\u00fcne FS202106151434 bonus kodunu girerek 30 \u00fccretsiz \u00e7evirme alabilirsiniz.<\/p>\n<p>Yapt\u0131\u011f\u0131n\u0131z ilk spor bahsiniz kaybederse, yat\u0131rd\u0131\u011f\u0131n\u0131z tutar size \u00fccretsiz bahis olarak iade edilir. Maksimum geri \u00f6deme, 48 saat sonunda kullan\u0131m\u0131 sona erecek olan 1,5 m\u0e3f ile s\u0131n\u0131rl\u0131d\u0131r. Ayr\u0131ca\u00a0<a href=\"https:\/\/bitvegas.com\/crypto-casino-guide\/crypto-casino-bonuses\/\" rel=\"noopener\">casino<\/a>\u00a0ve\u00a0<a href=\"https:\/\/bitroll.com\/crypto-dice-guide\/crypto-dice-bonuses\/\" rel=\"noopener\">zar bonuslar\u0131<\/a> da var.<\/p>\n\n\t\t\t\t\t\t\t\t\t\t\t<a class=\"get-bonus-btn bit-btn bit-btn--arrow-right\" href=\"https:\/\/bitodds.com\/goto\/trustdice\" target=\"_blank\" rel=\"nofollow\">\n\t\t\t\t\t\t\t<span class=\"text\">Bonus al<\/span>\n\t\t\t\t\t\t<\/a>\n\t\t\t\t\t\n\t\t\t\t\t<div style=\"clear: both;\"><\/div>\n\t\t\t\t\t\n\t\t\t\t<\/div><!-- .bonus-review-container -->\n\t\t\t<\/div>\n","protected":false},"excerpt":{"rendered":"<p>Bu \u00f6zel kripto bahis \u015firketi bonuslar\u0131 kazanmaya ve e\u011flenceli bahisler yapmaya ba\u015flaman\u0131n harika bir yoludur. Yapaca\u011f\u0131n\u0131z ilk bahisler kaybetse bile alaca\u011f\u0131n\u0131z bonus sayesinde h\u00e2l\u00e2 k\u00e2rda olabilirsiniz. Yaln\u0131zca bonuslara ba\u011fl\u0131 olarak bir bahis \u015firketi se\u00e7menizi \u00f6nermeyiz. \u00c7ok fazla ba\u015fka fakt\u00f6r de&hellip;<\/p>\n","protected":false},"author":1,"featured_media":0,"parent":0,"menu_order":20,"comment_status":"open","ping_status":"closed","template":"","meta":{"_acf_changed":false,"footnotes":""},"acf":[],"_links":{"self":[{"href":"https:\/\/bitodds.com\/tr\/wp-json\/wp\/v2\/pages\/51035"}],"collection":[{"href":"https:\/\/bitodds.com\/tr\/wp-json\/wp\/v2\/pages"}],"about":[{"href":"https:\/\/bitodds.com\/tr\/wp-json\/wp\/v2\/types\/page"}],"author":[{"embeddable":true,"href":"https:\/\/bitodds.com\/tr\/wp-json\/wp\/v2\/users\/1"}],"replies":[{"embeddable":true,"href":"https:\/\/bitodds.com\/tr\/wp-json\/wp\/v2\/comments?post=51035"}],"version-history":[{"count":2,"href":"https:\/\/bitodds.com\/tr\/wp-json\/wp\/v2\/pages\/51035\/revisions"}],"predecessor-version":[{"id":53242,"href":"https:\/\/bitodds.com\/tr\/wp-json\/wp\/v2\/pages\/51035\/revisions\/53242"}],"wp:attachment":[{"href":"https:\/\/bitodds.com\/tr\/wp-json\/wp\/v2\/media?parent=51035"}],"curies":[{"name":"wp","href":"https:\/\/api.w.org\/{rel}","templated":true}]}}