{"id":51033,"date":"2021-06-26T17:48:25","date_gmt":"2021-06-26T17:48:25","guid":{"rendered":"https:\/\/staging.bitodds.com\/?page_id=51033"},"modified":"2021-06-28T10:16:58","modified_gmt":"2021-06-28T10:16:58","slug":"best-odds-crypto-sportsbooks","status":"publish","type":"page","link":"https:\/\/bitodds.com\/tr\/best-odds-crypto-sportsbooks\/","title":{"rendered":"En iyi kripto bahis \u015firketi oranlar\u0131"},"content":{"rendered":"\t<div class=\"sportsbook-ranking-table-wrapper\">\n\t\t<table class='sportsbook-ranking-table loading striped_minimal bit-table' data-rows=\"0\" data-rankings=\"1<sup>.<\/sup>,2<sup>.<\/sup>,3<sup>.<\/sup>,\">\n\t\t\t<tbody>\n\t\t\t\t<tr>\n\t\t\t\t\t<th class=\"th-ranking\"><\/th>\n\t\t\t\t\t<th class=\"th-logo\"><\/th>\n\t\t\t\t\t<th class=\"th-header\">En iyi oran frekans\u0131<\/th>\n\t\t\t\t\t<th class=\"th-edge\">\n\t\t\t\t\t\t<a href=\"https:\/\/bitodds.com\/best-odds-crypto-sportsbooks\/\">\n\t\t\t\t\t\t\tAvantaj\t\t\t\t\t\t<\/a>\n\t\t\t\t\t<\/th>\n\t\t\t\t<\/tr>\n\t\t\t<tr class=\"sportsbook-ranking-table__row sportsbook-ranking-table--operator-14064\"><td><\/td><td><a class=\"\" href=\"https:\/\/bitodds.com\/goto\/cloudbet\" title=\"Cloudbet\" rel=\"nofollow\" target=\"_blank\"><img decoding=\"async\" class=\"theme-logo skip-lazy sportsbook-ranking-table__logo pulse-hover\" src=\"https:\/\/bitodds.com\/wp-content\/uploads\/2020\/10\/cloudbet-dark-logo.svg\" alt=\"Cloudbet logo\" \/><\/a><\/td><td>49,84%<\/td><td>5,55%<\/td><\/tr><tr class=\"sportsbook-ranking-table__row sportsbook-ranking-table--operator-24862\"><td><\/td><td><a class=\"\" href=\"https:\/\/bitodds.com\/goto\/stake\" title=\"Stake\" rel=\"nofollow\" target=\"_blank\"><img decoding=\"async\" class=\"theme-logo skip-lazy sportsbook-ranking-table__logo pulse-hover\" src=\"https:\/\/bitodds.com\/wp-content\/uploads\/2020\/10\/stake-dark-logo.svg\" alt=\"Stake logo\" \/><\/a><\/td><td>47,11%<\/td><td>5,63%<\/td><\/tr><tr class=\"sportsbook-ranking-table__row sportsbook-ranking-table--operator-52872\"><td><\/td><td><a class=\"\" href=\"https:\/\/bitodds.com\/goto\/bitsler\" title=\"Bitsler\" rel=\"nofollow\" target=\"_blank\"><img decoding=\"async\" class=\"theme-logo skip-lazy sportsbook-ranking-table__logo pulse-hover\" src=\"https:\/\/bitodds.com\/wp-content\/uploads\/2022\/07\/Bitsler-logo-dark.svg\" alt=\"Bitsler logo\" \/><\/a><\/td><td>17,11%<\/td><td>6,44%<\/td><\/tr>\t\t\t<\/tbody>\n\t\t<\/table>\n\t<\/div>\n\t \n\n\n\n<p>Bir\u00e7ok bahis \u015firketi en iyi oranlar\u0131 sundu\u011funu iddia ediyor, bizlerse sizlere tarafs\u0131z, ba\u011f\u0131ms\u0131z kan\u0131tlar sunuyoruz!<\/p>\n\n\n\n<p>Oran kar\u015f\u0131la\u015ft\u0131rmalar\u0131m\u0131zda g\u00f6r\u00fcnt\u00fclenen her bahis i\u00e7in hangi bahis \u015firketinin en iyi oranlar\u0131 sundu\u011funu <a href=\"https:\/\/bitedge.com\/sports-betting-guide\/understand-odds-as-probability-with-overround\/\" target=\"_blank\" rel=\"noreferrer noopener\">kasa avantaj\u0131<\/a>&nbsp;de\u011ferlerini hesapl\u0131yoruz. Bu da her 10 dakikada bir g\u00fcncellenen <strong><strong>274<\/strong><\/strong> <strong>etkinlik<\/strong>, <strong><strong>1607<\/strong><\/strong> <strong>bahis<\/strong> ve <strong><strong>4815<\/strong><\/strong> <strong>bireysel oran <\/strong>demek.<\/p>\n\n\n\n<p>Yapt\u0131\u011f\u0131n\u0131z her bahis i\u00e7in oranlar\u0131 kar\u015f\u0131la\u015ft\u0131rmak istemiyorsan\u0131z en d\u00fc\u015f\u00fck avantaja sahip bahis \u015firketlerine kaydolun; o zaman genel olarak iyi bir kar elde etti\u011finizden emin olabilirsiniz.<\/p>\n\n\n\n<p>E\u011fer 2 bahis \u015firketi e\u015fit en iyi oranlar\u0131 sunuyorsa, ikisi de en iyi oranlar\u0131 sunan olarak kabul edilir. Bu, &#8220;en iyi oran frekans\u0131&#8221; y\u00fczdelerinin toplamda %100&#8217;\u00fcn \u00fczerine \u00e7\u0131kmas\u0131na neden olabilir.<\/p>\n\n\n\n<p>En iyi kripto bahis \u015firketlerinden biri olan <a href=\"https:\/\/bitodds.com\/goto\/sportsbet\/\" target=\"_blank\" rel=\"noreferrer noopener\">Sportsbet<\/a>, bahis oranlar\u0131n\u0131 b\u00fcy\u00fck \u00f6l\u00e7\u00fcde art\u0131ran, herhangi bir bahis i\u00e7in en iyi veya en iyiye yak\u0131n oranlar\u0131 sunan bir fiyat art\u0131rma \u00f6zelli\u011fine sahiptir. Tek s\u0131k\u0131nt\u0131s\u0131 bunu spor ba\u015f\u0131na g\u00fcnde yaln\u0131zca bir kez kullanabilmenizdir.<\/p>\n\n\n\n<p>Bir bahis \u015firketi se\u00e7erken g\u00f6z \u00f6n\u00fcnde bulundurman\u0131z gereken tek \u015fey oranlar de\u011fildir. Bunlar\u0131n yan\u0131 s\u0131ra yaz\u0131l\u0131 ve video format\u0131ndaki ayr\u0131nt\u0131l\u0131 <a href=\"https:\/\/bitedge.com\/crypto-sportsbook-reviews\/\" target=\"_blank\" rel=\"noreferrer noopener\">kripto bahis \u015firketi incelemelerimizde<\/a> bahsedilen t\u00fcm \u00f6\u011feleri de g\u00f6z \u00f6n\u00fcnde bulundurun.<\/p>\n\n\n\n<p>Oranlar sizinle olsun!<\/p>\n","protected":false},"excerpt":{"rendered":"<p>Bir\u00e7ok bahis \u015firketi en iyi oranlar\u0131 sundu\u011funu iddia ediyor, bizlerse sizlere tarafs\u0131z, ba\u011f\u0131ms\u0131z kan\u0131tlar sunuyoruz! Oran kar\u015f\u0131la\u015ft\u0131rmalar\u0131m\u0131zda g\u00f6r\u00fcnt\u00fclenen her bahis i\u00e7in hangi bahis \u015firketinin en iyi oranlar\u0131 sundu\u011funu kasa avantaj\u0131&nbsp;de\u011ferlerini hesapl\u0131yoruz. Bu da her 10 dakikada bir g\u00fcncellenen etkinlik, bahis&hellip;<\/p>\n","protected":false},"author":1,"featured_media":0,"parent":0,"menu_order":10,"comment_status":"open","ping_status":"closed","template":"","meta":{"_acf_changed":false,"footnotes":""},"acf":[],"_links":{"self":[{"href":"https:\/\/bitodds.com\/tr\/wp-json\/wp\/v2\/pages\/51033"}],"collection":[{"href":"https:\/\/bitodds.com\/tr\/wp-json\/wp\/v2\/pages"}],"about":[{"href":"https:\/\/bitodds.com\/tr\/wp-json\/wp\/v2\/types\/page"}],"author":[{"embeddable":true,"href":"https:\/\/bitodds.com\/tr\/wp-json\/wp\/v2\/users\/1"}],"replies":[{"embeddable":true,"href":"https:\/\/bitodds.com\/tr\/wp-json\/wp\/v2\/comments?post=51033"}],"version-history":[{"count":1,"href":"https:\/\/bitodds.com\/tr\/wp-json\/wp\/v2\/pages\/51033\/revisions"}],"predecessor-version":[{"id":51034,"href":"https:\/\/bitodds.com\/tr\/wp-json\/wp\/v2\/pages\/51033\/revisions\/51034"}],"wp:attachment":[{"href":"https:\/\/bitodds.com\/tr\/wp-json\/wp\/v2\/media?parent=51033"}],"curies":[{"name":"wp","href":"https:\/\/api.w.org\/{rel}","templated":true}]}}