{"id":51027,"date":"2021-06-26T17:45:52","date_gmt":"2021-06-26T17:45:52","guid":{"rendered":"https:\/\/staging.bitodds.com\/?page_id=51027"},"modified":"2021-06-28T04:59:14","modified_gmt":"2021-06-28T04:59:14","slug":"responsible-gambling","status":"publish","type":"page","link":"https:\/\/bitodds.com\/tr\/responsible-gambling\/","title":{"rendered":"Sorumlu bahis yapma"},"content":{"rendered":"\n<p>Bahis yapmak sizin i\u00e7in bir sorunsa, yaln\u0131z de\u011filsiniz ve yard\u0131m alman\u0131n bir\u00e7ok yolu var. \u00c7o\u011fu bahis \u015firketinin sorumlu bahis yapma konusunda e\u011fitilmi\u015f personeli vard\u0131r ve g\u00f6n\u00fcll\u00fc para yat\u0131rma ve kay\u0131p limitlerinin yan\u0131 s\u0131ra kal\u0131c\u0131 veya ge\u00e7ici olarak kendini d\u0131\u015flama se\u00e7enekleri sunarlar. Bir bahis yapma sorununuz olmasa bile her zaman sorumlu bir \u015fekilde bahis yapmal\u0131s\u0131n\u0131z.<\/p>\n\n\n\n<p>Ads\u0131z Kumarbazlar, bir bahis yapma sorununuz olup olmad\u0131\u011f\u0131n\u0131 belirlemenize yard\u0131mc\u0131 olabilecek 20 tane evet\/hay\u0131r sorusundan olu\u015fan <a href=\"http:\/\/www.gamblersanonymous.org\/ga\/content\/20-questions\" target=\"_blank\" rel=\"noreferrer noopener\">k\u0131sa bir anket<\/a> geli\u015ftirdi.<\/p>\n","protected":false},"excerpt":{"rendered":"<p>Bahis yapmak sizin i\u00e7in bir sorunsa, yaln\u0131z de\u011filsiniz ve yard\u0131m alman\u0131n bir\u00e7ok yolu var. \u00c7o\u011fu bahis \u015firketinin sorumlu bahis yapma konusunda e\u011fitilmi\u015f personeli vard\u0131r ve g\u00f6n\u00fcll\u00fc para yat\u0131rma ve kay\u0131p limitlerinin yan\u0131 s\u0131ra kal\u0131c\u0131 veya ge\u00e7ici olarak kendini d\u0131\u015flama se\u00e7enekleri&hellip;<\/p>\n","protected":false},"author":1,"featured_media":0,"parent":0,"menu_order":0,"comment_status":"open","ping_status":"closed","template":"","meta":{"_acf_changed":false,"footnotes":""},"acf":[],"_links":{"self":[{"href":"https:\/\/bitodds.com\/tr\/wp-json\/wp\/v2\/pages\/51027"}],"collection":[{"href":"https:\/\/bitodds.com\/tr\/wp-json\/wp\/v2\/pages"}],"about":[{"href":"https:\/\/bitodds.com\/tr\/wp-json\/wp\/v2\/types\/page"}],"author":[{"embeddable":true,"href":"https:\/\/bitodds.com\/tr\/wp-json\/wp\/v2\/users\/1"}],"replies":[{"embeddable":true,"href":"https:\/\/bitodds.com\/tr\/wp-json\/wp\/v2\/comments?post=51027"}],"version-history":[{"count":1,"href":"https:\/\/bitodds.com\/tr\/wp-json\/wp\/v2\/pages\/51027\/revisions"}],"predecessor-version":[{"id":51028,"href":"https:\/\/bitodds.com\/tr\/wp-json\/wp\/v2\/pages\/51027\/revisions\/51028"}],"wp:attachment":[{"href":"https:\/\/bitodds.com\/tr\/wp-json\/wp\/v2\/media?parent=51027"}],"curies":[{"name":"wp","href":"https:\/\/api.w.org\/{rel}","templated":true}]}}