{"id":51023,"date":"2021-06-26T17:44:06","date_gmt":"2021-06-26T17:44:06","guid":{"rendered":"https:\/\/staging.bitodds.com\/?page_id=51023"},"modified":"2022-08-31T03:25:50","modified_gmt":"2022-08-31T03:25:50","slug":"faq","status":"publish","type":"page","link":"https:\/\/bitodds.com\/tr\/faq\/","title":{"rendered":"S\u0131k\u00e7a sorulan sorular"},"content":{"rendered":"\n<p>Burada listelenmeyen bir sorunuz varsa l\u00fctfen a\u015fa\u011f\u0131da yer alan yorumlar k\u0131sm\u0131nda sorun veya <a href=\"https:\/\/bitodds.com\/contact\/\">bizimle ileti\u015fime ge\u00e7in<\/a>.<\/p>\n\n\n<div class=\"uk-card bit-card bit-card--faq\"><div class=\"uk-card-body bit-card__body\"><div class=\"bit-card__icon\"><i class=\"fal fa-question-circle\"><\/i><\/div><h2 class=\"bit-card__header heading-link\">Oranlar ne s\u0131kl\u0131kla g\u00fcncellenir?<\/h2><p>Her 15 dakikada bir.<\/p>\n<\/div><\/div>\n\n\n<div class=\"uk-card bit-card bit-card--faq\"><div class=\"uk-card-body bit-card__body\"><div class=\"bit-card__icon\"><i class=\"fal fa-question-circle\"><\/i><\/div><h2 class=\"bit-card__header heading-link\">Neden baz\u0131 oranlar koyu ve altlar\u0131 \u00e7izili?<\/h2><p><u><strong>Koyu ve alt\u0131 \u00e7izili<\/strong><\/u> oranlar o bahis i\u00e7in mevcut olan en iyi oranlard\u0131r.<\/p>\n<\/div><\/div>\n\n\n<div class=\"uk-card bit-card bit-card--faq\"><div class=\"uk-card-body bit-card__body\"><div class=\"bit-card__icon\"><i class=\"fal fa-question-circle\"><\/i><\/div><h2 class=\"bit-card__header heading-link\">Amerikan veya kesirli oranlar\u0131 g\u00f6rebilir miyim?<\/h2><p>Evet, l\u00fctfen <a uk-toggle=\"target: #user-settings\">ayarlar\u0131n\u0131zdan<\/a> tercihinizi belirleyin.<\/p>\n<\/div><\/div>\n\n\n<div class=\"uk-card bit-card bit-card--faq\"><div class=\"uk-card-body bit-card__body\"><div class=\"bit-card__icon\"><i class=\"fal fa-question-circle\"><\/i><\/div><h2 class=\"bit-card__header heading-link\">Yaln\u0131zca en sevdi\u011fim kriptolar\u0131 kabul eden bahis \u015firketlerini g\u00f6rebilir miyim?<\/h2><p>Evet, l\u00fctfen <a uk-toggle=\"target: #user-settings\">ayarlar\u0131n\u0131zdan<\/a> tercihinizi belirleyin.<\/p>\n<\/div><\/div>\n\n\n<div class=\"uk-card bit-card bit-card--faq\"><div class=\"uk-card-body bit-card__body\"><div class=\"bit-card__icon\"><i class=\"fal fa-question-circle\"><\/i><\/div><h2 class=\"bit-card__header heading-link\">Ortalama oran yanl\u0131\u015f<\/h2><p>Ortalama oran, oran kar\u015f\u0131la\u015ft\u0131rmalar\u0131ndaki t\u00fcm bahis \u015firketlerinin oranlar\u0131ndan hesaplan\u0131r. Co\u011frafi engelleme ve ayarlar\u0131n\u0131z nedeniyle t\u00fcm bahis \u015firketlerini g\u00f6remeyebilirsiniz. Bu nedenle g\u00f6rd\u00fc\u011f\u00fcn\u00fcz ortalama oranlar, g\u00f6rd\u00fc\u011f\u00fcn\u00fcz bahis \u015firketlerindeki oranlarla e\u015fle\u015fmeyebilir.<\/p>\n<p>\u00d6rne\u011fin, varsay\u0131lan olarak size <span class=\"bit-user-geoloc\">Amerika Birle\u015fik Devletleri<\/span>&#8216;daki bahis\u00e7ileri engelleyen bahis \u015firketlerini g\u00f6stermeyece\u011fiz. Ancak bu bahis \u015firketlerinin oranlar\u0131 ortalamalarda h\u00e2l\u00e2 de\u011ferlendirilir.<\/p>\n<p>Ayn\u0131 \u015fekilde, ayarlar\u0131n\u0131z\u0131 yaln\u0131zca ethereum&#8217;u kabul eden bahis \u015firketlerini g\u00f6sterecek \u015fekilde ayarlad\u0131ysan\u0131z, size ethereum&#8217;u kabul etmeyen bahis \u015firketlerini g\u00f6stermeyece\u011fiz. Ancak bu bahis \u015firketlerinin oranlar\u0131 ortalamalarda h\u00e2l\u00e2 de\u011ferlendirilir.<\/p>\n<p><a uk-toggle=\"target: #user-settings\">Ayarlar\u0131n\u0131z\u0131<\/a> t\u00fcm bahis \u015firketlerini g\u00f6sterecek \u015fekilde ayarlayabilirsiniz.<\/p>\n<\/div><\/div>\n\n\n<div class=\"uk-card bit-card bit-card--faq\"><div class=\"uk-card-body bit-card__body\"><div class=\"bit-card__icon\"><i class=\"fal fa-question-circle\"><\/i><\/div><h2 class=\"bit-card__header heading-link\">Farkl\u0131 bahis t\u00fcrleri ne anlama geliyor?<\/h2><p>Oran kar\u015f\u0131la\u015ft\u0131rmalar\u0131m\u0131zda g\u00f6sterilen 3 bahis t\u00fcr\u00fc vard\u0131r: <\/p>\n<ul>\n<li><a href=\"https:\/\/bitedge.com\/sports-betting-guide\/sports-bet-types\" target=\"_blank\" rel=\"noopener noreferrer\">Sonu\u00e7\/Kazanan<\/a><\/li>\n<li><a href=\"https:\/\/bitedge.com\/sports-betting-guide\/points-spread-and-asian-handicap\/\" target=\"_blank\" rel=\"noopener noreferrer\">Handikap\/Da\u011f\u0131l\u0131m<\/a><\/li>\n<li><a href=\"https:\/\/bitedge.com\/sports-betting-guide\/sports-bet-types\/#totals-over-under\" target=\"_blank\" rel=\"noopener noreferrer\">Toplam \u00dcst\/Alt<\/a><\/li>\n<\/ul>\n<p>Ayn\u0131 bahis t\u00fcr\u00fc, spora ba\u011fl\u0131 olarak farkl\u0131 \u015fekillerde adland\u0131r\u0131labilir.<\/p>\n<\/div><\/div>\n\n\n<div class=\"uk-card bit-card bit-card--faq\"><div class=\"uk-card-body bit-card__body\"><div class=\"bit-card__icon\"><i class=\"fal fa-question-circle\"><\/i><\/div><h2 class=\"bit-card__header heading-link\">Bu bahis \u015firketleri neden dahil edildi?<\/h2><p>Yaln\u0131zca anonim <a href=\"https:\/\/bitedge.com\/blog\/end-to-end-crypto-sportsbooks-vs-government-currency-sportsbooks-that-accept-crypto\/\" target=\"_blank\" rel=\"noopener noreferrer\">u\u00e7tan-uca kripto<\/a> bahis \u015firketlerini dahil ediyoruz.<\/p>\n<p>Bir bahis \u015firketini ekleyerek, bu bahis \u015firketinin bahis yapmak i\u00e7in yeterince iyi oldu\u011funu onayl\u0131yoruz. Bahis \u015firketleri, oran kar\u015f\u0131la\u015ft\u0131rmalar\u0131nda genel kalite s\u0131ras\u0131na g\u00f6re \u00e7\u0131kar\u0131l\u0131r. En \u00fcstte en y\u00fcksek kalite ve en altta en d\u00fc\u015f\u00fck kalite bulunur.<\/p>\n<p>Bunlar ve di\u011fer kripto bahis \u015firketleri hakk\u0131nda ne d\u00fc\u015f\u00fcnd\u00fc\u011f\u00fcm\u00fcz\u00fc, <a href=\"https:\/\/bitedge.com\/crypto-sportsbook-reviews\/\" target=\"_blank\" rel=\"noopener noreferrer\"> kripto bahis \u015firketleri de\u011ferlendirmelerimizde<\/a> detayl\u0131 olarak g\u00f6rebilirsiniz..<\/p>\n<\/div><\/div>\n\n\n<div class=\"uk-card bit-card bit-card--faq\"><div class=\"uk-card-body bit-card__body\"><div class=\"bit-card__icon\"><i class=\"fal fa-question-circle\"><\/i><\/div><h2 class=\"bit-card__header heading-link\">Kripto bahis \u015firketleri kazanan hesaplar\u0131 s\u0131n\u0131rland\u0131racak m\u0131?<\/h2><p>Hay\u0131r, \u00e7\u00fcnk\u00fc yapamazlar.<\/p>\n<p>Yaln\u0131zca anonim <a href=\"https:\/\/bitedge.com\/blog\/end-to-end-crypto-sportsbooks-vs-government-currency-sportsbooks-that-accept-crypto\/\" target=\"_blank\" rel=\"noopener noreferrer\">u\u00e7tan-uca kripto<\/a> bahis \u015firketlerini dahil ediyoruz. Kazand\u0131\u011f\u0131n\u0131z veya dikkatli bahisler yapt\u0131\u011f\u0131n\u0131z i\u00e7in hesab\u0131n\u0131z\u0131 s\u0131n\u0131rland\u0131r\u0131rlarsa kolayl\u0131kla yeni bir hesap a\u00e7abilirsiniz, bu nedenle sizi engelleyemezler.<\/p>\n<p>Ne yaz\u0131k ki bu bahis \u015firketlerinden baz\u0131lar\u0131 kullan\u0131c\u0131lardan kimlik belgelerini istediler. Ancak bu, kazanma veya dikkatli bahisler y\u00fcz\u00fcnden de\u011fil, yaln\u0131zca bahis \u015firketinin \u00e7ifte harcama veya bonus k\u00f6t\u00fcye kullan\u0131m\u0131 gibi doland\u0131r\u0131c\u0131l\u0131ktan \u015f\u00fcphelenmesi durumunda ger\u00e7ekle\u015fir.<\/p>\n<\/div><\/div>\n\n\n\n<p>Burada listelenmeyen bir sorunuz varsa l\u00fctfen a\u015fa\u011f\u0131da yer alan yorumlar k\u0131sm\u0131nda sorun veya <a href=\"https:\/\/bitodds.com\/contact\">bizimle ileti\u015fime ge\u00e7in<\/a>.<\/p>\n","protected":false},"excerpt":{"rendered":"<p>Burada listelenmeyen bir sorunuz varsa l\u00fctfen a\u015fa\u011f\u0131da yer alan yorumlar k\u0131sm\u0131nda sorun veya bizimle ileti\u015fime ge\u00e7in. Burada listelenmeyen bir sorunuz varsa l\u00fctfen a\u015fa\u011f\u0131da yer alan yorumlar k\u0131sm\u0131nda sorun veya bizimle ileti\u015fime ge\u00e7in.<\/p>\n","protected":false},"author":1,"featured_media":0,"parent":0,"menu_order":0,"comment_status":"open","ping_status":"closed","template":"","meta":{"_acf_changed":false,"footnotes":""},"acf":[],"_links":{"self":[{"href":"https:\/\/bitodds.com\/tr\/wp-json\/wp\/v2\/pages\/51023"}],"collection":[{"href":"https:\/\/bitodds.com\/tr\/wp-json\/wp\/v2\/pages"}],"about":[{"href":"https:\/\/bitodds.com\/tr\/wp-json\/wp\/v2\/types\/page"}],"author":[{"embeddable":true,"href":"https:\/\/bitodds.com\/tr\/wp-json\/wp\/v2\/users\/1"}],"replies":[{"embeddable":true,"href":"https:\/\/bitodds.com\/tr\/wp-json\/wp\/v2\/comments?post=51023"}],"version-history":[{"count":4,"href":"https:\/\/bitodds.com\/tr\/wp-json\/wp\/v2\/pages\/51023\/revisions"}],"predecessor-version":[{"id":53056,"href":"https:\/\/bitodds.com\/tr\/wp-json\/wp\/v2\/pages\/51023\/revisions\/53056"}],"wp:attachment":[{"href":"https:\/\/bitodds.com\/tr\/wp-json\/wp\/v2\/media?parent=51023"}],"curies":[{"name":"wp","href":"https:\/\/api.w.org\/{rel}","templated":true}]}}