{"id":51021,"date":"2021-06-26T17:43:24","date_gmt":"2021-06-26T17:43:24","guid":{"rendered":"https:\/\/staging.bitodds.com\/?page_id=51021"},"modified":"2021-06-28T04:25:19","modified_gmt":"2021-06-28T04:25:19","slug":"crypto-value-bet-alerts","status":"publish","type":"page","link":"https:\/\/bitodds.com\/tr\/crypto-value-bet-alerts\/","title":{"rendered":"Kripto de\u011ferli bahis uyar\u0131lar\u0131"},"content":{"rendered":"\n<p>De\u011fer bahisleri tespit eden bir anl\u0131k uyar\u0131 olu\u015fturduk. Bir bahis \u015firketinin piyasan\u0131n geri kalan\u0131ndan \u00f6nemli \u00f6l\u00e7\u00fcde daha y\u00fcksek oranlar sundu\u011fu ayk\u0131r\u0131 de\u011ferleri buluruz. Bunlar pozitif beklenen de\u011fer bahisleridir, bu nedenle bahis \u015firketinde avantaj\u0131n\u0131z ve uzun vadeli k\u00e2r i\u00e7in iyi bir \u015fans\u0131n\u0131z olacak!<\/p>\n\n\n\n<p>\u00d6rne\u011fin, en son uyar\u0131m\u0131z buydu:<\/p>\n\n\n<a  href=\"https:\/\/bitodds.com\/goto\/cloudbet\" title=\"Cloudbet\" target=\"_blank\"><div class=\"value-bet-image value-bet-image--content\">\n\n\n<div class=\"value-bet-image__participants\">\n    \n    <div class=\"value-bet-image__participant\">\n                <h3>Brion<\/h3>\n    <\/div>\n    \n    <div class=\"value-bet-image__vs\">vs<\/div>\n\n    <div class=\"value-bet-image__participant\">\n                <h3>Gen.G<\/h3>\n    <\/div>\n\n<\/div>\n\n<div class=\"value-bet-image__competition\">\n    <h3>League of Legends<\/h3>\n    <h4>\n        Zaman: \n        <strong class=\"arb-alert__datetime value-bet-datetime\" data-date=\"2023-06-29 08:00:00\">\n            8:00 AM Per\u015fembe 29th Haz        <\/strong>\n    <\/h4>\n<\/div>\n\n<div class=\"value-bet-image__details\">\n    <div>\n        <span>Bahis:<\/span>\n        <strong>Brion<\/strong>\n        <span class=\"\">+1.5 Map handicap<\/span>    <\/div>\n    <div>\n        <span>Ortalama oran:<\/span>\n        <strong class=\"value-bet-odds\" \n            data-odds-decimal=\"3.27\" \n            data-odds-american=\"+227\" \n            data-odds-fractional=\"9\/4\" \n            data-odds-probability=\"30.58&#65130;\">\n        3.27<\/strong>\n    <\/div>\n    <div>\n        <span>Cloudbet odds:<\/span>\n        <strong class=\"value-bet-odds\" \n            data-odds-decimal=\"3.57\" \n            data-odds-american=\"+257\" \n            data-odds-fractional=\"13\/5\"\n            data-odds-probability=\"28.01&#65130;\">\n        3.57<\/strong>\n    <\/div>\n<\/div>\n\n<div class=\"value-bet-image__bets\">\n    <div class=\"value-bet-image__bet\">\n        <h4>Beklenen de\u011fer<\/h4>\n        <p>\n        +2.23%        <\/p>\n    <\/div>\n<\/div>\n\n<\/div><!-- .value-bet-image -->\n<\/a>\n\n\n\n<p>A\u015fa\u011f\u0131ya e-mail adresinizi girerek uyar\u0131lara abone olun. %100 gizlilik garantisi veriyoruz, bilgileriniz payla\u015f\u0131lmayacakt\u0131r.<\/p>\n\n\n\t<form class=\"bit-short-subscribe \" method=\"POST\" >\n\t\t<div class=\"bit-short-subscribe__inner\">\n\t\t\t<input class=\"bit-mail-short-email\" oninvalid=\"this.setCustomValidity('L\u00fctfen ge\u00e7erli bir email adresi girin.')\"\n\t\t\t\ttype=\"email\" name=\"bit-email\"  placeholder=\"Email\" \/>\n\t\t\t<button class=\"bit-mail-short-submit bit-btn--inbox\" type=\"submit\">Subscribe<\/button>\n\t\t<\/div>\n\t\t<div class=\"bit-mail-short-message bit-alert bit-alert--primary alert alert-info\" style=\"display:none\"><\/div>\n\t<\/form>\n\t\n\n\n\n<p>De\u011ferli bahis uyar\u0131lar\u0131 ayr\u0131ca <a href=\"https:\/\/twitter.com\/bitedgecom\" target=\"_blank\" rel=\"noreferrer noopener\">burada tweetlenir<\/a> ve <a href=\"https:\/\/web.facebook.com\/BitEdge\" target=\"_blank\" rel=\"noreferrer noopener\">Facebook sayfam\u0131zda <\/a>yay\u0131nlan\u0131r.<\/p>\n\n\n\n<h2 class=\"wp-block-heading\">Bir de\u011ferli bahsin tan\u0131m\u0131<\/h2>\n\n\n\n<p>Oran kar\u015f\u0131la\u015ft\u0131rmalar\u0131m\u0131zdaki her bir se\u00e7im i\u00e7in olas\u0131l\u0131klar\u0131, t\u00fcm bahis \u015firketlerinin oranlar\u0131n\u0131n ortalamas\u0131ndan hesapl\u0131yoruz. <a href=\"https:\/\/bitedge.com\/sports-betting-guide\/understand-odds-as-probability-with-overround\/\" target=\"_blank\" rel=\"noreferrer noopener\">Bahis \u015firketlerinin bahis komisyonlar\u0131n\u0131<\/a> da hesaba kat\u0131yoruz. Ard\u0131ndan, ortalamadan %2&#8217;den daha iyi olas\u0131l\u0131k veren herhangi bir oran i\u00e7in uyar\u0131da bulunuyoruz.<\/p>\n\n\n\n<p>Dolay\u0131s\u0131yla, ortalama oranlar do\u011fruysa, uyar\u0131lar\u0131m\u0131z sizin lehinize bir avantajla bahis yapman\u0131z i\u00e7in bir f\u0131rsat sunar!<\/p>\n\n\n\n<p>Bunu a\u015fa\u011f\u0131daki \u00f6rnekten de anlayabilirsiniz. Chelsea i\u00e7in ortalama oranlar 2.176 iken <a href=\"https:\/\/bitodds.com\/goto\/stake\" target=\"_blank\" rel=\"noreferrer noopener\">Stake<\/a> 2.37&#8217;lik bir oran sundu. Bu de\u011ferli bir bahistir!<\/p>\n\n\n\n<div class=\"wp-block-image\"><figure class=\"aligncenter size-large\"><img decoding=\"async\" width=\"882\" height=\"1024\" src=\"https:\/\/lang2.stage.bitodds.com\/wp-content\/uploads\/2021\/03\/value-bet-882x1024.png\" alt=\"\" class=\"wp-image-33412\" srcset=\"https:\/\/bitodds.com\/wp-content\/uploads\/2021\/03\/value-bet-882x1024.png 882w, https:\/\/bitodds.com\/wp-content\/uploads\/2021\/03\/value-bet-258x300.png 258w, https:\/\/bitodds.com\/wp-content\/uploads\/2021\/03\/value-bet-830x963.png 830w, https:\/\/bitodds.com\/wp-content\/uploads\/2021\/03\/value-bet-366x425.png 366w, https:\/\/bitodds.com\/wp-content\/uploads\/2021\/03\/value-bet-160x186.png 160w, https:\/\/bitodds.com\/wp-content\/uploads\/2021\/03\/value-bet-28x32.png 28w, https:\/\/bitodds.com\/wp-content\/uploads\/2021\/03\/value-bet-55x64.png 55w, https:\/\/bitodds.com\/wp-content\/uploads\/2021\/03\/value-bet-45x52.png 45w, https:\/\/bitodds.com\/wp-content\/uploads\/2021\/03\/value-bet-90x104.png 90w, https:\/\/bitodds.com\/wp-content\/uploads\/2021\/03\/value-bet.png 984w\" sizes=\"(max-width: 882px) 100vw, 882px\" \/><\/figure><\/div>\n\n\n\n<p>\u00c7o\u011fu bahis \u015firketinin hizmet kullan\u0131m \u015fartlar\u0131n\u0131n, insan hatas\u0131 nedeniyle oranlarda bariz bir hata olmas\u0131 durumunda bahisleri iade etmelerine izin verdi\u011fini unutmay\u0131n. Di\u011fer t\u00fcm bahis \u015firketlerindeki d\u00fc\u015f\u00fck oranl\u0131 favori, bir bahis \u015firketinde y\u00fcksek oranl\u0131 zay\u0131f tak\u0131m olarak verilmi\u015fse, bu b\u00fcy\u00fck olas\u0131l\u0131kla insan hatas\u0131ndan kaynaklan\u0131r ve de\u011ferli bahis de\u011fildir.<\/p>\n\n\n\n<p>Bunlar\u0131 sizin i\u00e7in filtreliyoruz ve uyar\u0131s\u0131n\u0131 g\u00f6nderdi\u011fimiz bahislerin bahis \u015firketlerinde mevcut oldu\u011funu do\u011frulamak i\u00e7in ger\u00e7ek d\u00fcnya testleri yapt\u0131k.<\/p>\n\n\n\n<h2 class=\"wp-block-heading\">Kripto bahis \u015firketleri bu bahisleri yapman\u0131z konusunda sizi engellemeyecek veya s\u0131n\u0131rlamayacakt\u0131r.<\/h2>\n\n\n\n<p>Devlet para birimi bahis \u015firketleri genellikle k\u00e2rl\u0131 bahis\u00e7ileri engelledi\u011finden veya s\u0131n\u0131rland\u0131rd\u0131\u011f\u0131ndan, ald\u0131\u011f\u0131m\u0131z en yayg\u0131n soru kripto bahis \u015firketlerinin de ayn\u0131 \u015feyi yap\u0131p yapmayaca\u011f\u0131? Cevap hay\u0131r, \u00e7\u00fcnk\u00fc yapamazlar.<\/p>\n\n\n\n<p>Yaln\u0131zca anonim <a href=\"https:\/\/bitedge.com\/blog\/end-to-end-crypto-sportsbooks-vs-government-currency-sportsbooks-that-accept-crypto\/\" target=\"_blank\" rel=\"noreferrer noopener\">u\u00e7tan-uca kripto<\/a> bahis \u015firketlerini dahil ediyoruz. Hesab\u0131n\u0131z k\u00e2rl\u0131 oldu\u011fu i\u00e7in bloke edildiyse veya s\u0131n\u0131rland\u0131r\u0131ld\u0131ysa yeni bir hesap a\u00e7abilirsiniz, bu nedenle hesab\u0131n\u0131z\u0131 kapatamazlar.<\/p>\n\n\n\n<p>Ne yaz\u0131k ki bu kripto bahis \u015firketlerinden baz\u0131lar\u0131 bahis\u00e7ilerden kimlik belgelerini istediler. Ancak bu, k\u00e2rl\u0131 bahis nedeniyle de\u011fil, yaln\u0131zca bahis \u015firketi, \u00e7ift harcama, bonusun k\u00f6t\u00fcye kullan\u0131m\u0131 veya <a href=\"https:\/\/bitedge.com\/blog\/geo-blocking-in-crypto-gambling\/\" target=\"_blank\" rel=\"noreferrer noopener\">engellenen bir \u00fclkeden bahis yapma<\/a> gibi doland\u0131r\u0131c\u0131l\u0131k giri\u015fimlerinden \u015f\u00fcphelenirse ger\u00e7ekle\u015fir.<\/p>\n\n\n\n<h2 class=\"wp-block-heading\">Bir de\u011ferli bahsin hesaplanmas\u0131<\/h2>\n\n\n<pre class=\"bit-codesnippet\"><code class=\"code-block markup\">\u0130ma edilen olas\u0131l\u0131k = olas\u0131l\u0131\u011fa d\u00f6n\u00fc\u015ft\u00fcr\u00fclen oranlar\n\n\nGer\u00e7ek olas\u0131l\u0131k = oran eksi olas\u0131l\u0131\u011fa d\u00f6n\u00fc\u015ft\u00fcr\u00fclen bahis komisyonu<\/code><\/pre>\n\n\n\n<p>De\u011ferli bahisler, her bahis \u015firketinin bir bahsin kazanmas\u0131na atad\u0131\u011f\u0131 ger\u00e7ek olas\u0131l\u0131\u011f\u0131 belirlemek i\u00e7in her bahis \u015firketinin oranlar\u0131 ve bahis komisyonlar\u0131 kullan\u0131larak tespit edilir. Ard\u0131ndan t\u00fcm bahis \u015firketlerinin ger\u00e7ek olas\u0131l\u0131klar\u0131n\u0131n ortalamas\u0131 al\u0131n\u0131r ve bunun bir bahsin kazanma olas\u0131l\u0131\u011f\u0131n\u0131n iyi bir tahmini oldu\u011funu varsay\u0131l\u0131r.<\/p>\n\n\n\n<p>Bu ortalama ger\u00e7ek olas\u0131l\u0131\u011f\u0131 kullanarak, mevcut en iyi oranlardan beklenen bahis de\u011ferini tahmin edebiliriz. Beklenen de\u011fer %2&#8217;nin \u00fczerindeyse, bunu bir de\u011ferli bahis olarak kabul ederiz.<\/p>\n\n\n\n<p>Yaln\u0131zca ondal\u0131k oranlar\u0131n 5&#8217;ten az oldu\u011fu ve oyun zaman\u0131na 3 g\u00fcnden az kalm\u0131\u015f de\u011ferli bahisler hakk\u0131nda uyar\u0131da bulunuruz.<\/p>\n\n\n\n<h3 class=\"wp-block-heading\">Ger\u00e7ek d\u00fcnyadan \u00f6rnek<\/h3>\n\n\n\n<p>De\u011ferli bahislerin tam olarak nas\u0131l bulundu\u011funu anlamak i\u00e7in <em>Real Salt Lake @ Minnesota United FC<\/em> oranlar\u0131n\u0131n a\u015fa\u011f\u0131daki gibi oldu\u011funu varsayal\u0131m ve <a href=\"https:\/\/bitodds.com\/goto\/sportsbet\/\" target=\"_blank\" rel=\"noreferrer noopener\">Sportsbet\u2019in<\/a> beraberlik oranlar\u0131n\u0131 inceleyelim:<\/p>\n\n\n\n<figure class=\"wp-block-table\"><table><thead><tr><th><\/th><th>Salt Lake<\/th><th>Beraberlik<\/th><th>Minnesota<\/th><\/tr><\/thead><tbody><tr><td>Cloudbet<\/td><td>4.39<\/td><td>3.51<\/td><td>1.87<\/td><\/tr><tr><td>Stake<\/td><td>4.3<\/td><td>3.45<\/td><td>1.85<\/td><\/tr><tr><td>Sportsbet<\/td><td>3.71<\/td><td><strong><span style=\"text-decoration: underline;\">3.91<\/span><\/strong><\/td><td>1.85<\/td><\/tr><tr><td>Nitrogen<\/td><td>4.2<\/td><td>3.35<\/td><td>1.81<\/td><\/tr><tr><td>BetBTC<\/td><td>4.367<\/td><td>3.497<\/td><td>1.876<\/td><\/tr><tr><td>Betcoin<\/td><td>4.3<\/td><td>3.45<\/td><td>1.85<\/td><\/tr><\/tbody><\/table><\/figure>\n\n\n\n<p>\u0130lk olarak bu oranlar\u0131n her biri i\u00e7in \u201cima edilen olas\u0131l\u0131klar\u0131\u201d hesapl\u0131yoruz. Bahis \u015firketinin avantaj\u0131 0 olsayd\u0131, olas\u0131l\u0131k bu olurdu. \u0130ma edilen olas\u0131l\u0131k:<\/p>\n\n\n\n<pre class=\"wp-block-code\"><code>ima_edilen_olas\u0131l\u0131k = 1 \/ oran \u00d7 %100<\/code><\/pre>\n\n\n\n<p>Bu form\u00fcl\u00fc yukar\u0131daki tabloya uygulayarak \u015funu elde ederiz:<\/p>\n\n\n\n<figure class=\"wp-block-table\"><table><thead><tr><th><\/th><th>Salt Lake<\/th><th>Beraberlik<\/th><th>Minnesota<\/th><\/tr><\/thead><tbody><tr><td>Cloudbet<\/td><td>22.8<\/td><td>28.5<\/td><td>53.5<\/td><\/tr><tr><td>Stake<\/td><td>23.3<\/td><td>29<\/td><td>54.1<\/td><\/tr><tr><td>Sportsbet<\/td><td>27<\/td><td><strong><span style=\"text-decoration: underline;\">25.6<\/span><\/strong><\/td><td>54.1<\/td><\/tr><tr><td>Nitrogen<\/td><td>23.8<\/td><td>29.9<\/td><td>55.2<\/td><\/tr><tr><td>BetBTC<\/td><td>22.9<\/td><td>28.6<\/td><td>53.3<\/td><\/tr><tr><td>Betcoin<\/td><td>23.3<\/td><td>29<\/td><td>54.1<\/td><\/tr><\/tbody><\/table><\/figure>\n\n\n\n<p>\u0130ma edilen olas\u0131l\u0131klar\u0131n, bahis \u015firketlerinin inand\u0131klar\u0131 ger\u00e7ek olas\u0131l\u0131klar olmad\u0131\u011f\u0131n\u0131 biliyoruz, \u00e7\u00fcnk\u00fc bahis \u015firketleri kendilerine avantaj sa\u011flamak i\u00e7in oranlar\u0131 azalt\u0131r. Bahis \u015firketlerinin inand\u0131klar\u0131 ger\u00e7ek olas\u0131l\u0131klar\u0131n ne oldu\u011funu, ima edilen olas\u0131l\u0131klar\u0131 bahis \u015firketlerinin &#8220;bahis komisyonu&#8221; olarak bilinen avantaj \u00f6l\u00e7\u00fcs\u00fcne b\u00f6lerek tahmin edebiliriz.<\/p>\n\n\n\n<p>Bahis komisyonu, ima edilen olas\u0131l\u0131klar\u0131n toplam\u0131n\u0131n %100&#8217;\u00fc ne kadar a\u015ft\u0131\u011f\u0131d\u0131r. \u00d6rne\u011fin, yukar\u0131daki tabloda Cloudbet\u2019in bahis komisyonu \u015fudur:<\/p>\n\n\n\n<pre class=\"wp-block-code\"><code>bahis komisyonu = 22,8 + 28,5 + 53,5 - 100 = 4,8<\/code><\/pre>\n\n\n\n<p>Her bir bahis \u015firketi i\u00e7in bahis komisyonunu hesaplarsak \u015funlar\u0131 elde ederiz:<\/p>\n\n\n\n<figure class=\"wp-block-table\"><table><thead><tr><th><\/th><th>Bahis Komisyonu<\/th><\/tr><\/thead><tbody><tr><td>Cloudbet<\/td><td>4.75<\/td><\/tr><tr><td>Stake<\/td><td>6.3<\/td><\/tr><tr><td>Sportsbet<\/td><td><strong><span style=\"text-decoration: underline;\">6.58<\/span><\/strong><\/td><\/tr><tr><td>Nitrogen<\/td><td>8.91<\/td><\/tr><tr><td>BetBTC<\/td><td>4.8<\/td><\/tr><tr><td>Betcoin<\/td><td>6.3<\/td><\/tr><\/tbody><\/table><\/figure>\n\n\n\n<p>Bahis \u015firketlerinin ger\u00e7ek olas\u0131l\u0131klara ili\u015fkin beklentilerini tahmin etmek i\u00e7in bahis komisyonunu kullanabiliriz:<\/p>\n\n\n\n<pre class=\"wp-block-code\"><code>bahis_\u015firketi_olas\u0131l\u0131\u011f\u0131= ima_edilen_olas\u0131l\u0131k\/ (1 + bahis komisyonu)<\/code><\/pre>\n\n\n\n<p>Bu form\u00fcl\u00fc kullanarak a\u015fa\u011f\u0131daki sonu\u00e7lar\u0131 elde ederiz:<\/p>\n\n\n\n<figure class=\"wp-block-table\"><table><thead><tr><th><\/th><th>Salt Lake<\/th><th>Beraberlik<\/th><th>Minnesota<\/th><\/tr><\/thead><tbody><tr><td>Cloudbet<\/td><td>21.7<\/td><td>27.2<\/td><td>51.1<\/td><\/tr><tr><td>Stake<\/td><td>21.9<\/td><td>27.3<\/td><td>50.9<\/td><\/tr><tr><td>Sportsbet<\/td><td>25.3<\/td><td><strong><span style=\"text-decoration: underline;\">24<\/span><\/strong><\/td><td>50.7<\/td><\/tr><tr><td>Nitrogen<\/td><td>21.9<\/td><td>27.4<\/td><td>50.7<\/td><\/tr><tr><td>BetBTC<\/td><td>21.9<\/td><td>27.3<\/td><td>50.9<\/td><\/tr><tr><td>Betcoin<\/td><td>21.9<\/td><td>27.3<\/td><td>50.9<\/td><\/tr><\/tbody><\/table><\/figure>\n\n\n\n<p>Ard\u0131ndan, ger\u00e7ek olas\u0131l\u0131\u011fa ili\u015fkin en iyi tahminimizi elde etmek i\u00e7in t\u00fcm bahis \u015firketlerinin ortalamas\u0131n\u0131 alabiliriz:<\/p>\n\n\n\n<figure class=\"wp-block-table\"><table><thead><tr><th><\/th><th>Salt Lake<\/th><th>Beraberlik<\/th><th>Minnesota<\/th><\/tr><\/thead><tbody><tr><td>Ortalama olas\u0131l\u0131k<\/td><td>22.4<\/td><td><strong><span style=\"text-decoration: underline;\"><span style=\"color:#d9ddeb\" class=\"has-inline-color\">26.7<\/span><\/span><\/strong><\/td><td>50.8<\/td><\/tr><\/tbody><\/table><\/figure>\n\n\n\n<p>Son olarak, ger\u00e7ek olas\u0131l\u0131k tahminimizi ve spor bahislerinin oranlar\u0131n\u0131 kullanarak her bir bahsin beklenen de\u011ferini hesaplayabiliriz:<\/p>\n\n\n\n<pre class=\"wp-block-code\"><code>beklenen_de\u011fer = olas\u0131l\u0131k \u00d7 oranlar - %100<\/code><\/pre>\n\n\n\n<p>Sonu\u00e7 olarak:<\/p>\n\n\n\n<figure class=\"wp-block-table\"><table><thead><tr><th><\/th><th>Salt Lake<\/th><th>Beraberlik<\/th><th>Minnesota<\/th><\/tr><\/thead><tbody><tr><td>Cloudbet<\/td><td>-1.6<\/td><td>-6.1<\/td><td>-4.9<\/td><\/tr><tr><td>Stake<\/td><td>-3.6<\/td><td>-7.8<\/td><td>-5.9<\/td><\/tr><tr><td>Sportsbet<\/td><td>-16.8<\/td><td><strong><span style=\"text-decoration: underline;\">4.5<\/span><\/strong><\/td><td>-5.9<\/td><\/tr><tr><td>Nitrogen<\/td><td>-5.8<\/td><td>-10.4<\/td><td>-8<\/td><\/tr><tr><td>BetBTC<\/td><td>-2.1<\/td><td>-6.5<\/td><td>-4.6<\/td><\/tr><tr><td>Betcoin<\/td><td>-3.6<\/td><td>-7.8<\/td><td>-5.9<\/td><\/tr><\/tbody><\/table><\/figure>\n\n\n\n<p>\u015eimdi pozitif de\u011ferler ar\u0131yoruz ve <a href=\"https:\/\/bitodds.com\/goto\/sportsbet\/\" target=\"_blank\" rel=\"noreferrer noopener\">Sportsbet&#8217;te<\/a> beraberli\u011fe bahis yapman\u0131n beklenen de\u011ferinin %4,5 oldu\u011funu g\u00f6r\u00fcyoruz. Bu durum, bu bahsin ortalama olarak %4,5 kar getirece\u011fini ima eder.<\/p>\n\n\n\n<p>Bol \u015fanslar ve iyi e\u011flenceler!<\/p>\n","protected":false},"excerpt":{"rendered":"<p>De\u011fer bahisleri tespit eden bir anl\u0131k uyar\u0131 olu\u015fturduk. Bir bahis \u015firketinin piyasan\u0131n geri kalan\u0131ndan \u00f6nemli \u00f6l\u00e7\u00fcde daha y\u00fcksek oranlar sundu\u011fu ayk\u0131r\u0131 de\u011ferleri buluruz. Bunlar pozitif beklenen de\u011fer bahisleridir, bu nedenle bahis \u015firketinde avantaj\u0131n\u0131z ve uzun vadeli k\u00e2r i\u00e7in iyi bir&hellip;<\/p>\n","protected":false},"author":1,"featured_media":0,"parent":0,"menu_order":0,"comment_status":"open","ping_status":"closed","template":"","meta":{"_acf_changed":false,"footnotes":""},"acf":[],"_links":{"self":[{"href":"https:\/\/bitodds.com\/tr\/wp-json\/wp\/v2\/pages\/51021"}],"collection":[{"href":"https:\/\/bitodds.com\/tr\/wp-json\/wp\/v2\/pages"}],"about":[{"href":"https:\/\/bitodds.com\/tr\/wp-json\/wp\/v2\/types\/page"}],"author":[{"embeddable":true,"href":"https:\/\/bitodds.com\/tr\/wp-json\/wp\/v2\/users\/1"}],"replies":[{"embeddable":true,"href":"https:\/\/bitodds.com\/tr\/wp-json\/wp\/v2\/comments?post=51021"}],"version-history":[{"count":1,"href":"https:\/\/bitodds.com\/tr\/wp-json\/wp\/v2\/pages\/51021\/revisions"}],"predecessor-version":[{"id":51022,"href":"https:\/\/bitodds.com\/tr\/wp-json\/wp\/v2\/pages\/51021\/revisions\/51022"}],"wp:attachment":[{"href":"https:\/\/bitodds.com\/tr\/wp-json\/wp\/v2\/media?parent=51021"}],"curies":[{"name":"wp","href":"https:\/\/api.w.org\/{rel}","templated":true}]}}