{"id":51017,"date":"2021-06-26T17:42:14","date_gmt":"2021-06-26T17:42:14","guid":{"rendered":"https:\/\/staging.bitodds.com\/?page_id=51017"},"modified":"2022-08-08T03:42:35","modified_gmt":"2022-08-08T03:42:35","slug":"bet-into-a-low-edge","status":"publish","type":"page","link":"https:\/\/bitodds.com\/tr\/bet-into-a-low-edge\/","title":{"rendered":"2,85% avantajla bahis yap\u0131n"},"content":{"rendered":"\n<p>Bahis \u015firketinin avantaj\u0131, bahis yapan ki\u015fiye kar\u015f\u0131 <a href=\"https:\/\/bitedge.com\/sports-betting-guide\/understand-odds-as-probability-with-overround\/\" target=\"_blank\" rel=\"noreferrer noopener\">oranlara yerle\u015ftirilmi\u015f<\/a> matematiksel avantajlar\u0131d\u0131r. %5&#8217;lik bir avantaja bahis yap\u0131yorsan\u0131z, k\u00e2r ve zarar\u0131n\u0131z\u0131 uzun vadede bile e\u015fitlemek i\u00e7in bahis \u015firketinden %5 daha ak\u0131ll\u0131 olman\u0131z gerekir. Tek bir operat\u00f6rde elde edebilece\u011finiz en d\u00fc\u015f\u00fck bahis \u015firketi avantaj\u0131 Betfair ve Pinnacle&#8217;da yakla\u015f\u0131k %2,5&#8217;tir, ancak bunlar <a href=\"https:\/\/bitedge.com\/blog\/end-to-end-crypto-sportsbooks-vs-government-currency-sportsbooks-that-accept-crypto\/\" target=\"_blank\" rel=\"noreferrer noopener\">u\u00e7tan uca kripto<\/a> de\u011fildir, bu y\u00fczden onlar\u0131 kullanmak istemiyoruz.<\/p>\n\n\n\n<h2 class=\"wp-block-heading\">Kripto ile elde edebilece\u011finiz en d\u00fc\u015f\u00fck avantaj<\/h2>\n\n\n\n<p><a href=\"https:\/\/bitodds.com\/best-odds-crypto-sportsbooks\/\">En d\u00fc\u015f\u00fck bahis \u015firketi avantaj\u0131 en iyi kripto bahis \u015firketlerinden<\/a> birisi olan \u00a0<a href=\"https:\/\/bitodds.com\/goto\/cloudbet\" title=\"Cloudbet\" rel=\"nofollow\" target=\"_blank\">Cloudbet<\/a>&#8216;de 5,53%&#8216;dir. Bununla birlikte, se\u00e7imlerin yaln\u0131zca 51,19%&#8216;\u00fcnde en iyi oranlar\u0131 sunuyorlar; di\u011fer 48,81% k\u0131s\u0131mda ise en iyi oranlar\u0131 di\u011fer kripto bahis \u015firketleri sunuyor. Peki, en iyi kripto bahis \u015firketlerinden her se\u00e7im i\u00e7in yaln\u0131zca en iyi oranlardan olu\u015fan kendi bahis marketlerinizi olu\u015fturabilseydiniz ne olurdu?<\/p>\n\n\n\n<p>Bu sentetik marketleri her oran kar\u015f\u0131la\u015ft\u0131rmas\u0131nda olu\u015fturuyoruz ve \u015fu anda <a href=\"https:\/\/bitodds.com\/tr\/nba\/\" title=\"NBA oran g\u00f6ster\" target=\"_blank\">NBA<\/a>\u2019daki sentetik bahis \u015firketinin avantaj\u0131 sadece 2,85%. Bu kadar g\u00fczel oranlarla marketlere kolayca bahis yapabilirsiniz; sadece oran kar\u015f\u0131la\u015ft\u0131rmalar\u0131n\u0131 kontrol edin ve yapmak istedi\u011finiz bahislerde en iyi oranlar\u0131 al\u0131n.<\/p>\n\n\n\n<h2 class=\"wp-block-heading\">Ger\u00e7ek d\u00fcnyadan \u00f6rnek<\/h2>\n\n\n\n<p><a href=\"https:\/\/bitodds.com\/portuguese-primeira-liga\/\">Portekiz Primeira Ligi\u2019ne<\/a> ait bir \u00f6rnek.<\/p>\n\n\n\n<figure class=\"wp-block-image size-large\"><img decoding=\"async\" width=\"1024\" height=\"809\" src=\"https:\/\/bitodds.com\/wp-content\/uploads\/2021\/05\/Screen-Shot-2021-05-11-at-19.32.47-1024x809.png\" alt=\"\" class=\"wp-image-50566\" srcset=\"https:\/\/bitodds.com\/wp-content\/uploads\/2021\/05\/Screen-Shot-2021-05-11-at-19.32.47-1024x809.png 1024w, https:\/\/bitodds.com\/wp-content\/uploads\/2021\/05\/Screen-Shot-2021-05-11-at-19.32.47-300x237.png 300w, https:\/\/bitodds.com\/wp-content\/uploads\/2021\/05\/Screen-Shot-2021-05-11-at-19.32.47-830x656.png 830w, https:\/\/bitodds.com\/wp-content\/uploads\/2021\/05\/Screen-Shot-2021-05-11-at-19.32.47-366x289.png 366w, https:\/\/bitodds.com\/wp-content\/uploads\/2021\/05\/Screen-Shot-2021-05-11-at-19.32.47-160x126.png 160w, https:\/\/bitodds.com\/wp-content\/uploads\/2021\/05\/Screen-Shot-2021-05-11-at-19.32.47-32x25.png 32w, https:\/\/bitodds.com\/wp-content\/uploads\/2021\/05\/Screen-Shot-2021-05-11-at-19.32.47-64x51.png 64w, https:\/\/bitodds.com\/wp-content\/uploads\/2021\/05\/Screen-Shot-2021-05-11-at-19.32.47-45x36.png 45w, https:\/\/bitodds.com\/wp-content\/uploads\/2021\/05\/Screen-Shot-2021-05-11-at-19.32.47-90x71.png 90w, https:\/\/bitodds.com\/wp-content\/uploads\/2021\/05\/Screen-Shot-2021-05-11-at-19.32.47.png 1630w\" sizes=\"(max-width: 1024px) 100vw, 1024px\" \/><\/figure>\n\n\n\n<p><a href=\"https:\/\/bitedge.com\/sports-betting-tools-and-resources\/overround-and-probability-calculator\/\" target=\"_blank\" rel=\"noreferrer noopener\">Bahis komisyonu hesaplay\u0131c\u0131<\/a> kullanarak hangi bahis \u015firketinin en d\u00fc\u015f\u00fck avantaja sahip oldu\u011funu g\u00f6rebiliriz:<\/p>\n\n\n\n<figure class=\"wp-block-table\"><table><thead><tr><th>Bahis \u015firketi<\/th><th>Avantaj<\/th><\/tr><\/thead><tbody><tr><td><a href=\"https:\/\/bitodds.com\/goto\/cloudbet\">Cloudbet<\/a><\/td><td>%3,22<\/td><\/tr><tr><td><a href=\"https:\/\/bitodds.com\/goto\/betcoin\">Betcoin<\/a><\/td><td>%4,26<\/td><\/tr><tr><td><a href=\"https:\/\/bitodds.com\/goto\/betbtc\">BetBTC<\/a><\/td><td>%4,33<\/td><\/tr><tr><td><a href=\"https:\/\/bitodds.com\/goto\/sportsbet\">Sportsbet<\/a><\/td><td>%5,86<\/td><\/tr><tr><td><a href=\"https:\/\/bitodds.com\/goto\/nitrogen\">Nitrogen<\/a><\/td><td>%5,86<\/td><\/tr><tr><td><a href=\"https:\/\/bitodds.com\/goto\/stake\">Stake<\/a><\/td><td>%6,63<\/td><\/tr><\/tbody><tfoot><tr><td>Ortalama<\/td><td>%5,02<\/td><\/tr><\/tfoot><\/table><\/figure>\n\n\n\n<p>Ancak her se\u00e7imdeki en iyi oranlar:<\/p>\n\n\n\n<figure class=\"wp-block-table\"><table><thead><tr><th>Secim<\/th><th>En iyi oranlar<\/th><\/tr><\/thead><tbody><tr><td>Boavista<\/td><td>9,26 (Cloudbet)<\/td><\/tr><tr><td>Beraberlik<\/td><td>5,01 (Cloudbet)<\/td><\/tr><tr><td>Sporting<\/td><td>1,44 (Stake)<\/td><\/tr><\/tbody><\/table><\/figure>\n\n\n\n<p>Bahis komisyonu hesaplay\u0131c\u0131, bu sentetik bahis \u015firketinin yaln\u0131zca %0,2&#8217;lik avantaj\u0131 oldu\u011funu g\u00f6steriyor! Herhangi bir bahis \u015firketinden \u00e7ok daha iyi ve uzun vadeli k\u00e2r elde etmek i\u00e7in oran olu\u015fturanlardan sadece %0,2 daha ak\u0131ll\u0131 olman\u0131z gerekiyor!<\/p>\n\n\n\n<figure class=\"wp-block-image size-large\"><img decoding=\"async\" width=\"1024\" height=\"425\" src=\"https:\/\/bitodds.com\/wp-content\/uploads\/2021\/05\/Screen-Shot-2021-05-11-at-17.55.52-1024x425.png\" alt=\"\" class=\"wp-image-50559\" srcset=\"https:\/\/bitodds.com\/wp-content\/uploads\/2021\/05\/Screen-Shot-2021-05-11-at-17.55.52-1024x425.png 1024w, https:\/\/bitodds.com\/wp-content\/uploads\/2021\/05\/Screen-Shot-2021-05-11-at-17.55.52-300x124.png 300w, https:\/\/bitodds.com\/wp-content\/uploads\/2021\/05\/Screen-Shot-2021-05-11-at-17.55.52-830x344.png 830w, https:\/\/bitodds.com\/wp-content\/uploads\/2021\/05\/Screen-Shot-2021-05-11-at-17.55.52-366x152.png 366w, https:\/\/bitodds.com\/wp-content\/uploads\/2021\/05\/Screen-Shot-2021-05-11-at-17.55.52-160x66.png 160w, https:\/\/bitodds.com\/wp-content\/uploads\/2021\/05\/Screen-Shot-2021-05-11-at-17.55.52-32x13.png 32w, https:\/\/bitodds.com\/wp-content\/uploads\/2021\/05\/Screen-Shot-2021-05-11-at-17.55.52-64x27.png 64w, https:\/\/bitodds.com\/wp-content\/uploads\/2021\/05\/Screen-Shot-2021-05-11-at-17.55.52-45x19.png 45w, https:\/\/bitodds.com\/wp-content\/uploads\/2021\/05\/Screen-Shot-2021-05-11-at-17.55.52-90x37.png 90w, https:\/\/bitodds.com\/wp-content\/uploads\/2021\/05\/Screen-Shot-2021-05-11-at-17.55.52.png 1514w\" sizes=\"(max-width: 1024px) 100vw, 1024px\" \/><\/figure>\n\n\n\n<h2 class=\"wp-block-heading\">Uzun vadeli<\/h2>\n\n\n\n<p>2021 Alman Bundesliga sezonunda <a href=\"https:\/\/bitodds.com\/goto\/cloudbet\/\" target=\"_blank\" rel=\"noreferrer noopener\">Cloudbet<\/a>, %2,68 ile en iyi kripto bahis \u015firketlerinin en d\u00fc\u015f\u00fck avantaj\u0131na sahipken, BitOdd\u2019un sentetik avantaj yaln\u0131zca %1,29 idi. Ma\u00e7 sonucu (1\u00d72) marketindeki bu se\u00e7imlere 1 m\u0e3f bahis yapman\u0131z durumunda sezon boyunca ortaya \u00e7\u0131kan fark \u015fu \u015fekildedir.<\/p>\n\n\n\n<figure class=\"wp-block-table align-caption-left\"><table><thead><tr><th>Bahis<\/th><th><a href=\"\/goto\/cloudbet\/\" target=\"_blank\" rel=\"noreferrer noopener\"><img decoding=\"async\" width=\"150\" height=\"30\" class=\"wp-image-32038 pulse-hover\" style=\"width: 150px;\" src=\"https:\/\/bitodds.com\/wp-content\/uploads\/\/2020\/10\/cloudbet-dark-logo.svg\" alt=\"\"><\/a><\/th><th><img decoding=\"async\" width=\"150\" height=\"38\" class=\"wp-image-27024\" style=\"width: 150px;\" src=\"https:\/\/bitodds.com\/wp-content\/uploads\/\/2020\/10\/bitodds-dark.svg\" alt=\"\"><\/th><\/tr><\/thead><tbody><tr><td>Kazanan<\/td><td><span class=\"has-inline-color has-vivid-green-cyan-color\">+585m\u0e3f<\/span><\/td><td><span class=\"has-inline-color has-vivid-green-cyan-color\">+598m\u0e3f<\/span><\/td><\/tr><tr><td>%50 kazanan %50 kaybeden*<\/td><td><span class=\"has-inline-color has-vivid-green-cyan-color\">+156m\u0e3f<\/span><\/td><td><span class=\"has-inline-color has-vivid-green-cyan-color\">+166m\u0e3f<\/span><\/td><\/tr><tr><td>Favori<\/td><td><span class=\"has-inline-color has-vivid-red-color\">-29m\u0e3f<\/span><\/td><td><span class=\"has-inline-color has-vivid-red-color\">-24m\u0e3f<\/span><\/td><\/tr><tr><td>G\u00fc\u00e7s\u00fcz rakip<\/td><td><span class=\"has-inline-color has-vivid-red-color\">-10m\u0e3f<\/span><\/td><td><span class=\"has-inline-color has-vivid-red-color\">-7m\u0e3f<\/span><\/td><\/tr><tr><td>Beraberlik<\/td><td><span class=\"has-inline-color has-vivid-green-cyan-color\">+30m\u0e3f<\/span><\/td><td><span class=\"has-inline-color has-vivid-green-cyan-color\">+38m\u0e3f<\/span><\/td><\/tr><\/tbody><\/table><figcaption>* Kazanan ve kaybeden bahisler rastgele da\u011f\u0131t\u0131lm\u0131\u015ft\u0131r<\/figcaption><\/figure>\n\n\n\n<p>Aradaki fark %4,62&#8217;dir ve bu, uzun vadede kazanmak ve kaybetmek aras\u0131ndaki fark olabilir.<\/p>\n\n\n\n<h2 class=\"wp-block-heading\">Kripto ile kolay<\/h2>\n\n\n\n<p>Bu, her bahis \u015firketinde bir tane olmak \u00fczere toplam 3 adet hesaba ihtiyac\u0131n\u0131z oldu\u011fu anlam\u0131na gelir. Betfair ve Pinnacle sitesini kullanamayan ciddi bahis\u00e7iler i\u00e7in bu normal bir durumdur. Kripto bahis \u015firketleri ki\u015fisel bilgilerinize ihtiya\u00e7 duymad\u0131\u011f\u0131ndan, sadece bir e-mail ve \u015fifre ile kaydolmak h\u0131zl\u0131 ve kolayd\u0131r.<br><br>Her bir hesapta bir bakiye tutmak en kolay ve en ucuz yoldur, ancak bunu yapmak zorunda de\u011filsiniz. Spor bahisleri kazan\u00e7lar\u0131 an\u0131nda veya en fazla 1 onaydan sonra hesaba yat\u0131r\u0131l\u0131r, b\u00f6ylece her bahis i\u00e7in para yat\u0131rabilirsiniz. Bununla ilgili tek sorun, Bitcoin veya <a href=\"https:\/\/bitedge.com\/blog\/best-cryptos-for-betting-ethereum\/\" target=\"_blank\" rel=\"noreferrer noopener\">Ether<\/a> kullan\u0131yorsan\u0131z kar\u015f\u0131n\u0131za \u00e7\u0131kacak y\u00fcksek i\u015flem \u00fccretleridir. <a href=\"https:\/\/bitedge.com\/blog\/best-cryptos-for-betting-dash\/\" target=\"_blank\" rel=\"noreferrer noopener\">Dash<\/a> veya <a href=\"https:\/\/bitedge.com\/blog\/best-cryptos-for-betting-doge\/\" target=\"_blank\" rel=\"noreferrer noopener\">Doge<\/a> gibi d\u00fc\u015f\u00fck \u00fccretli bir kripto kullanarak veya her bahis \u015firketinde bir bakiye tutarak bu sorunun \u00fcstesinden gelebilirsiniz.<\/p>\n\n\n\n<p>\u0130yi e\u011flenceler ve bol \u015fanslar.<\/p>\n","protected":false},"excerpt":{"rendered":"<p>Bahis \u015firketinin avantaj\u0131, bahis yapan ki\u015fiye kar\u015f\u0131 oranlara yerle\u015ftirilmi\u015f matematiksel avantajlar\u0131d\u0131r. %5&#8217;lik bir avantaja bahis yap\u0131yorsan\u0131z, k\u00e2r ve zarar\u0131n\u0131z\u0131 uzun vadede bile e\u015fitlemek i\u00e7in bahis \u015firketinden %5 daha ak\u0131ll\u0131 olman\u0131z gerekir. Tek bir operat\u00f6rde elde edebilece\u011finiz en d\u00fc\u015f\u00fck bahis \u015firketi&hellip;<\/p>\n","protected":false},"author":1,"featured_media":0,"parent":0,"menu_order":0,"comment_status":"open","ping_status":"closed","template":"","meta":{"_acf_changed":false,"footnotes":""},"acf":[],"_links":{"self":[{"href":"https:\/\/bitodds.com\/tr\/wp-json\/wp\/v2\/pages\/51017"}],"collection":[{"href":"https:\/\/bitodds.com\/tr\/wp-json\/wp\/v2\/pages"}],"about":[{"href":"https:\/\/bitodds.com\/tr\/wp-json\/wp\/v2\/types\/page"}],"author":[{"embeddable":true,"href":"https:\/\/bitodds.com\/tr\/wp-json\/wp\/v2\/users\/1"}],"replies":[{"embeddable":true,"href":"https:\/\/bitodds.com\/tr\/wp-json\/wp\/v2\/comments?post=51017"}],"version-history":[{"count":7,"href":"https:\/\/bitodds.com\/tr\/wp-json\/wp\/v2\/pages\/51017\/revisions"}],"predecessor-version":[{"id":52966,"href":"https:\/\/bitodds.com\/tr\/wp-json\/wp\/v2\/pages\/51017\/revisions\/52966"}],"wp:attachment":[{"href":"https:\/\/bitodds.com\/tr\/wp-json\/wp\/v2\/media?parent=51017"}],"curies":[{"name":"wp","href":"https:\/\/api.w.org\/{rel}","templated":true}]}}