{"id":50919,"date":"2021-06-26T16:16:53","date_gmt":"2021-06-26T16:16:53","guid":{"rendered":"https:\/\/staging.bitodds.com\/?page_id=50919"},"modified":"2024-11-18T10:40:25","modified_gmt":"2024-11-18T10:40:25","slug":"crypto-sportsbook-bonuses","status":"publish","type":"page","link":"https:\/\/bitodds.com\/pt\/crypto-sportsbook-bonuses\/","title":{"rendered":"B\u00f4nus exclusivos de sportsbooks de criptomoedas"},"content":{"rendered":"\n<p>Estes b\u00f4nus exclusivos de sportsbooks de criptomoedas s\u00e3o uma excelente forma de come\u00e7ar a aumentar o seu saldo e de se divertir apostando. Mesmo que perca algumas das suas primeiras apostas, ainda poder\u00e1 ter lucro por causa do seu b\u00f4nus!<\/p>\n\n\n\n<p>N\u00e3o recomendamos que escolha um sportsbook apenas com base nos b\u00f4nus. Existem muitos outros fatores, portanto, esses b\u00f4nus est\u00e3o enumerados do melhor para o pior site global de sportsbooks das nossas an\u00e1lises em texto e em v\u00eddeo.<\/p>\n\n\n<div class=\"bonus-reviews loading\">\n\t\t\t\t<div class=\"bonus-review-container bonus-review-container--operator-24862\">\n\t\t\t\t\t<a class=\"\" href=\"https:\/\/bitodds.com\/goto\/stake\" title=\"Stake\" rel=\"nofollow\" target=\"_blank\"><img decoding=\"async\" class=\"theme-logo skip-lazy bonus-logo-link no-zoom pulse-hover\" src=\"https:\/\/bitodds.com\/wp-content\/uploads\/2020\/10\/stake-dark-logo.svg\" alt=\"Logo Stake\" \/><\/a>\t\t\t\t\t\n\t\t\t\t\t<p>A <a href=\"https:\/\/bitodds.com\/goto\/stake\/\">Stake<\/a>\u00a0executa um programa VIP onde voc\u00ea pode ganhar rakeback, b\u00f4nus mensais e semanais e b\u00f4nus de subida de n\u00edvel (concedidos quando voc\u00ea avan\u00e7a de n\u00edvel).<\/p>\n<p>Os b\u00f4nus aumentam quanto maior for a sua classifica\u00e7\u00e3o (come\u00e7ando no bronze e terminando no diamante). Manter o controle do seu status atual \u00e9 f\u00e1cil ao usar a barra de rastreamento, que \u00e9 clara e bem projetada.<\/p>\n<p>A Stake\u00a0tamb\u00e9m adicionar\u00e1 promo\u00e7\u00f5es aleat\u00f3rias \u00e0 sua conta e o notificar\u00e1 via e-mail, o que sempre \u00e9 uma surpresa bem-vinda!<\/p>\n\n\t\t\t\t\t\t\t\t\t\t\t<a class=\"get-bonus-btn bit-btn bit-btn--arrow-right\" \n\t\t\t\t\t\t\thref=\"https:\/\/bitodds.com\/goto\/stake\" target=\"_blank\" rel=\"nofollow\">\n\t\t\t\t\t\t\t<span class=\"text\">Receber b\u00f4nus<\/span>\n\t\t\t\t\t\t<\/a>\n\t\t\t\t\t\n\t\t\t\t\t<div style=\"clear: both;\"><\/div>\n\t\t\t\t\t\n\t\t\t\t<\/div><!-- .bonus-review-container -->\n\t\t\t\n\t\t\t\t<div class=\"bonus-review-container bonus-review-container--operator-53092\">\n\t\t\t\t\t<a class=\"\" href=\"https:\/\/bitodds.com\/goto\/bc.game\" title=\"BC.Game\" rel=\"nofollow\" target=\"_blank\"><img decoding=\"async\" class=\"theme-logo skip-lazy bonus-logo-link no-zoom pulse-hover\" src=\"https:\/\/bitodds.com\/wp-content\/uploads\/2022\/11\/bc-game-logo.jpg\" alt=\"Logo BC.Game\" \/><\/a>\t\t\t\t\t<span class=\"bit-exclusive-bonus-text\">B\u00f4nus exclusivo!<\/span>\n\t\t\t\t\t\n\t\t\t\t\t\t\t\t\t\t\t<a class=\"get-bonus-btn bit-btn bit-btn--arrow-right\" \n\t\t\t\t\t\t\thref=\"https:\/\/bitodds.com\/goto\/bc.game\" target=\"_blank\" rel=\"nofollow\">\n\t\t\t\t\t\t\t<span class=\"text\">Receber b\u00f4nus<\/span>\n\t\t\t\t\t\t<\/a>\n\t\t\t\t\t\n\t\t\t\t\t<div style=\"clear: both;\"><\/div>\n\t\t\t\t\t\n\t\t\t\t<\/div><!-- .bonus-review-container -->\n\t\t\t\n\t\t\t\t<div class=\"bonus-review-container bonus-review-container--operator-14064\">\n\t\t\t\t\t<a class=\"\" href=\"https:\/\/bitodds.com\/goto\/cloudbet\" title=\"Cloudbet\" rel=\"nofollow\" target=\"_blank\"><img decoding=\"async\" class=\"theme-logo skip-lazy bonus-logo-link no-zoom pulse-hover\" src=\"https:\/\/bitodds.com\/wp-content\/uploads\/2020\/10\/cloudbet-dark-logo.svg\" alt=\"Logo Cloudbet\" \/><\/a>\t\t\t\t\t<span class=\"bit-exclusive-bonus-text\">B\u00f4nus exclusivo!<\/span>\n\t\t\t\t\t<p>Voc\u00ea s\u00f3 pode receber esse b\u00f4nus aqui na BitOdds.<\/p>\n<p>Fa\u00e7a um primeiro dep\u00f3sito de 10 m\u0e3f ou equivalente e receber\u00e1 88 giros gr\u00e1tis no cassino!<\/p>\n<p>Os fundos ganhos ter\u00e3o o requisito padr\u00e3o de rolagem de 30X da Cloudbet.<\/p>\n<p>Tamb\u00e9m receber\u00e1 o b\u00f4nus padr\u00e3o da Cloudbet de 100% do 1\u00ba dep\u00f3sito at\u00e9 5 \u0e3f pagos em incrementos de 10 m\u0e3f .<\/p>\n<p>Esse \u00e9 o maior e melhor b\u00f4nus de qualquer sportsbook de criptomoedas!<\/p>\n\n\t\t\t\t\t\t\t\t\t\t\t<a class=\"get-bonus-btn bit-btn bit-btn--arrow-right\" \n\t\t\t\t\t\t\thref=\"https:\/\/bitodds.com\/goto\/cloudbet\" target=\"_blank\" rel=\"nofollow\">\n\t\t\t\t\t\t\t<span class=\"text\">Receber b\u00f4nus<\/span>\n\t\t\t\t\t\t<\/a>\n\t\t\t\t\t\n\t\t\t\t\t<div style=\"clear: both;\"><\/div>\n\t\t\t\t\t\n\t\t\t\t<\/div><!-- .bonus-review-container -->\n\t\t\t\n\t\t\t\t<div class=\"bonus-review-container bonus-review-container--operator-52872\">\n\t\t\t\t\t<a class=\"\" href=\"https:\/\/bitodds.com\/goto\/bitsler\" title=\"Bitsler\" rel=\"nofollow\" target=\"_blank\"><img decoding=\"async\" class=\"theme-logo skip-lazy bonus-logo-link no-zoom pulse-hover\" src=\"https:\/\/bitodds.com\/wp-content\/uploads\/2022\/07\/Bitsler-logo-dark.svg\" alt=\"Logo Bitsler\" \/><\/a>\t\t\t\t\t\n\t\t\t\t\t\n\t\t\t\t\t\t\t\t\t\t\t<a class=\"get-bonus-btn bit-btn bit-btn--arrow-right\" \n\t\t\t\t\t\t\thref=\"https:\/\/bitodds.com\/goto\/bitsler\" target=\"_blank\" rel=\"nofollow\">\n\t\t\t\t\t\t\t<span class=\"text\">Receber b\u00f4nus<\/span>\n\t\t\t\t\t\t<\/a>\n\t\t\t\t\t\n\t\t\t\t\t<div style=\"clear: both;\"><\/div>\n\t\t\t\t\t\n\t\t\t\t<\/div><!-- .bonus-review-container -->\n\t\t\t\n\t\t\t\t<div class=\"bonus-review-container bonus-review-container--operator-14073\">\n\t\t\t\t\t<a class=\"\" href=\"https:\/\/bitodds.com\/goto\/betcoin\" title=\"Betcoin\" rel=\"nofollow\" target=\"_blank\"><img decoding=\"async\" class=\"theme-logo skip-lazy bonus-logo-link no-zoom pulse-hover\" src=\"https:\/\/bitodds.com\/wp-content\/uploads\/2020\/10\/betcoin-logo-dark-theme-new-160x40.png\" alt=\"Logo Betcoin\" \/><\/a>\t\t\t\t\t<span class=\"bit-exclusive-bonus-text\">B\u00f4nus exclusivo!<\/span>\n\t\t\t\t\t<p>Voc\u00ea s\u00f3 pode receber esse b\u00f4nus aqui na BitOdds!<\/p>\n<p>50% de b\u00f4nus no 1\u00ba dep\u00f3sito de at\u00e9 100 m\u0e3f para apostas esportivas!<\/p>\n<p>15x de rolagem (dep\u00f3sito + b\u00f4nus) com cota\u00e7\u00f5es de pelo menos 1,67 antes do saque.<\/p>\n<p>Voc\u00ea tamb\u00e9m receber\u00e1 o b\u00f4nus de dep\u00f3sito padr\u00e3o de 100% de at\u00e9 1.000 m\u0e3f para o cassino. Ambos os b\u00f4nus podem ser solicitados atrav\u00e9s de um ticket de suporte e ser\u00e3o adicionados dentro de 24 horas.<\/p>\n\n\t\t\t\t\t\t\t\t\t\t\t<a class=\"get-bonus-btn bit-btn bit-btn--arrow-right\" \n\t\t\t\t\t\t\thref=\"https:\/\/bitodds.com\/goto\/betcoin\" target=\"_blank\" rel=\"nofollow\">\n\t\t\t\t\t\t\t<span class=\"text\">Receber b\u00f4nus<\/span>\n\t\t\t\t\t\t<\/a>\n\t\t\t\t\t\n\t\t\t\t\t<div style=\"clear: both;\"><\/div>\n\t\t\t\t\t\n\t\t\t\t<\/div><!-- .bonus-review-container -->\n\t\t\t\n\t\t\t\t<div class=\"bonus-review-container bonus-review-container--operator-52472\">\n\t\t\t\t\t<a class=\"\" href=\"https:\/\/bitodds.com\/goto\/nitrobetting\" title=\"Nitrobetting\" rel=\"nofollow\" target=\"_blank\"><img decoding=\"async\" class=\"theme-logo skip-lazy bonus-logo-link no-zoom pulse-hover\" src=\"https:\/\/bitodds.com\/wp-content\/uploads\/2022\/05\/logo-nitrobetting-logo-160x26.png\" alt=\"Logo Nitrobetting\" \/><\/a>\t\t\t\t\t\n\t\t\t\t\t<p>100% first deposit match on sports betting only or slots only or poker only. Also if your first bet loses you get a free bet of the same amount.<\/p>\n\n\t\t\t\t\t\t\t\t\t\t\t<a class=\"get-bonus-btn bit-btn bit-btn--arrow-right\" \n\t\t\t\t\t\t\thref=\"https:\/\/bitodds.com\/goto\/nitrobetting\" target=\"_blank\" rel=\"nofollow\">\n\t\t\t\t\t\t\t<span class=\"text\">Receber b\u00f4nus<\/span>\n\t\t\t\t\t\t<\/a>\n\t\t\t\t\t\n\t\t\t\t\t<div style=\"clear: both;\"><\/div>\n\t\t\t\t\t\n\t\t\t\t<\/div><!-- .bonus-review-container -->\n\t\t\t\n\t\t\t\t<div class=\"bonus-review-container bonus-review-container--operator-14150\">\n\t\t\t\t\t<a class=\"\" href=\"https:\/\/bitodds.com\/goto\/sportsbet\" title=\"Sportsbet\" rel=\"nofollow\" target=\"_blank\"><img decoding=\"async\" class=\"theme-logo skip-lazy bonus-logo-link no-zoom pulse-hover\" src=\"https:\/\/bitodds.com\/wp-content\/uploads\/2020\/10\/sportsbet-logo-dark.svg\" alt=\"Logo Sportsbet\" \/><\/a>\t\t\t\t\t\n\t\t\t\t\t<p>Todos os b\u00f4nus da\u00a0<a href=\"https:\/\/bitodds.com\/goto\/sportsbet\">Sportsbet<\/a>\u00a0passam por seu programa de recompensas Clubhouse \u00c0 medida que avan\u00e7a pelos n\u00edveis, come\u00e7ando pelo A\u00e7o e terminando no Diamante, voc\u00ea ganha apostas gr\u00e1tis, giros gr\u00e1tis, m\u00e3os gr\u00e1tis ou cashback. Todos adaptados \u00e0 sua jogabilidade individual. Ganham-se pontos atrav\u00e9s de apostas esportivas, apostando em giros ou jogos de mesa.<\/p>\n<p>Seu progresso pode ser visto atrav\u00e9s de um rastreador claro e f\u00e1cil de acompanhar.<\/p>\n<p>O programa em si \u00e9 bom, mas \u00e9 uma pena que n\u00e3o haja b\u00f4nus de primeiro dep\u00f3sito.<\/p>\n\n\t\t\t\t\t\t\t\t\t\t\t<a class=\"get-bonus-btn bit-btn bit-btn--arrow-right\" \n\t\t\t\t\t\t\thref=\"https:\/\/bitodds.com\/goto\/sportsbet\" target=\"_blank\" rel=\"nofollow\">\n\t\t\t\t\t\t\t<span class=\"text\">Receber b\u00f4nus<\/span>\n\t\t\t\t\t\t<\/a>\n\t\t\t\t\t\n\t\t\t\t\t<div style=\"clear: both;\"><\/div>\n\t\t\t\t\t\n\t\t\t\t<\/div><!-- .bonus-review-container -->\n\t\t\t\n\t\t\t\t<div class=\"bonus-review-container bonus-review-container--operator-33955\">\n\t\t\t\t\t<a class=\"\" href=\"https:\/\/bitodds.com\/goto\/trustdice\" title=\"TrustDice\" rel=\"nofollow\" target=\"_blank\"><img decoding=\"async\" class=\"theme-logo skip-lazy bonus-logo-link no-zoom pulse-hover\" src=\"https:\/\/bitodds.com\/wp-content\/uploads\/2021\/06\/trustdice-logo-dark.svg\" alt=\"Logo TrustDice\" \/><\/a>\t\t\t\t\t\n\t\t\t\t\t<p>Ap\u00f3s criar sua conta, voc\u00ea pode receber 30 giros gr\u00e1tis inserindo o c\u00f3digo de b\u00f4nus FS202106151434 na se\u00e7\u00e3o de b\u00f4nus em sua\u00a0<a href=\"https:\/\/trustdice.win\/account\/bonuses\" rel=\"noopener\">conta da TrustDice<\/a>.<\/p>\n<p>Se a sua primeira aposta de sportsbook perder, ela ser\u00e1 reembolsada como uma aposta gr\u00e1tis. O reembolso m\u00e1ximo \u00e9 limitado a 1,5 m\u0e3f que expira ap\u00f3s 48 horas. Tamb\u00e9m temos o\u00a0<a href=\"https:\/\/bitvegas.com\/crypto-casino-guide\/crypto-casino-bonuses\/\" rel=\"noopener\">cassino<\/a>\u00a0e\u00a0<a href=\"https:\/\/bitroll.com\/crypto-dice-guide\/crypto-dice-bonuses\/\" rel=\"noopener\">b\u00f4nus de dados<\/a>.<\/p>\n\n\t\t\t\t\t\t\t\t\t\t\t<a class=\"get-bonus-btn bit-btn bit-btn--arrow-right\" href=\"https:\/\/bitodds.com\/goto\/trustdice\" target=\"_blank\" rel=\"nofollow\">\n\t\t\t\t\t\t\t<span class=\"text\">Receber b\u00f4nus<\/span>\n\t\t\t\t\t\t<\/a>\n\t\t\t\t\t\n\t\t\t\t\t<div style=\"clear: both;\"><\/div>\n\t\t\t\t\t\n\t\t\t\t<\/div><!-- .bonus-review-container -->\n\t\t\t<\/div>\n","protected":false},"excerpt":{"rendered":"<p>Estes b\u00f4nus exclusivos de sportsbooks de criptomoedas s\u00e3o uma excelente forma de come\u00e7ar a aumentar o seu saldo e de se divertir apostando. Mesmo que perca algumas das suas primeiras apostas, ainda poder\u00e1 ter lucro por causa do seu b\u00f4nus!&hellip;<\/p>\n","protected":false},"author":1,"featured_media":0,"parent":0,"menu_order":20,"comment_status":"open","ping_status":"closed","template":"","meta":{"_acf_changed":false,"footnotes":""},"acf":[],"_links":{"self":[{"href":"https:\/\/bitodds.com\/pt\/wp-json\/wp\/v2\/pages\/50919"}],"collection":[{"href":"https:\/\/bitodds.com\/pt\/wp-json\/wp\/v2\/pages"}],"about":[{"href":"https:\/\/bitodds.com\/pt\/wp-json\/wp\/v2\/types\/page"}],"author":[{"embeddable":true,"href":"https:\/\/bitodds.com\/pt\/wp-json\/wp\/v2\/users\/1"}],"replies":[{"embeddable":true,"href":"https:\/\/bitodds.com\/pt\/wp-json\/wp\/v2\/comments?post=50919"}],"version-history":[{"count":2,"href":"https:\/\/bitodds.com\/pt\/wp-json\/wp\/v2\/pages\/50919\/revisions"}],"predecessor-version":[{"id":53244,"href":"https:\/\/bitodds.com\/pt\/wp-json\/wp\/v2\/pages\/50919\/revisions\/53244"}],"wp:attachment":[{"href":"https:\/\/bitodds.com\/pt\/wp-json\/wp\/v2\/media?parent=50919"}],"curies":[{"name":"wp","href":"https:\/\/api.w.org\/{rel}","templated":true}]}}