{"id":50917,"date":"2021-06-26T16:15:44","date_gmt":"2021-06-26T16:15:44","guid":{"rendered":"https:\/\/staging.bitodds.com\/?page_id=50917"},"modified":"2021-06-28T04:17:11","modified_gmt":"2021-06-28T04:17:11","slug":"best-odds-crypto-sportsbooks","status":"publish","type":"page","link":"https:\/\/bitodds.com\/pt\/best-odds-crypto-sportsbooks\/","title":{"rendered":"Sportsbooks de criptomoedas com as melhores cota\u00e7\u00f5es"},"content":{"rendered":"\t<div class=\"sportsbook-ranking-table-wrapper\">\n\t\t<table class='sportsbook-ranking-table loading striped_minimal bit-table' data-rows=\"0\" data-rankings=\"1<sup>\u00b0<\/sup>,2<sup>\u00b0<\/sup>,3<sup>\u00b0<\/sup>,\">\n\t\t\t<tbody>\n\t\t\t\t<tr>\n\t\t\t\t\t<th class=\"th-ranking\"><\/th>\n\t\t\t\t\t<th class=\"th-logo\"><\/th>\n\t\t\t\t\t<th class=\"th-header\">Frequ\u00eancia das melhores cota\u00e7\u00f5es<\/th>\n\t\t\t\t\t<th class=\"th-edge\">\n\t\t\t\t\t\t<a href=\"https:\/\/bitodds.com\/best-odds-crypto-sportsbooks\/\">\n\t\t\t\t\t\t\tVantagem\t\t\t\t\t\t<\/a>\n\t\t\t\t\t<\/th>\n\t\t\t\t<\/tr>\n\t\t\t<tr class=\"sportsbook-ranking-table__row sportsbook-ranking-table--operator-24862\"><td><\/td><td><a class=\"\" href=\"https:\/\/bitodds.com\/goto\/stake\" title=\"Stake\" rel=\"nofollow\" target=\"_blank\"><img decoding=\"async\" class=\"theme-logo skip-lazy sportsbook-ranking-table__logo pulse-hover\" src=\"https:\/\/bitodds.com\/wp-content\/uploads\/2020\/10\/stake-dark-logo.svg\" alt=\"Logo Stake\" \/><\/a><\/td><td>49,82%<\/td><td>5,63%<\/td><\/tr><tr class=\"sportsbook-ranking-table__row sportsbook-ranking-table--operator-14064\"><td><\/td><td><a class=\"\" href=\"https:\/\/bitodds.com\/goto\/cloudbet\" title=\"Cloudbet\" rel=\"nofollow\" target=\"_blank\"><img decoding=\"async\" class=\"theme-logo skip-lazy sportsbook-ranking-table__logo pulse-hover\" src=\"https:\/\/bitodds.com\/wp-content\/uploads\/2020\/10\/cloudbet-dark-logo.svg\" alt=\"Logo Cloudbet\" \/><\/a><\/td><td>46,82%<\/td><td>6,01%<\/td><\/tr><tr class=\"sportsbook-ranking-table__row sportsbook-ranking-table--operator-52872\"><td><\/td><td><a class=\"\" href=\"https:\/\/bitodds.com\/goto\/bitsler\" title=\"Bitsler\" rel=\"nofollow\" target=\"_blank\"><img decoding=\"async\" class=\"theme-logo skip-lazy sportsbook-ranking-table__logo pulse-hover\" src=\"https:\/\/bitodds.com\/wp-content\/uploads\/2022\/07\/Bitsler-logo-dark.svg\" alt=\"Logo Bitsler\" \/><\/a><\/td><td>21,48%<\/td><td>6,28%<\/td><\/tr>\t\t\t<\/tbody>\n\t\t<\/table>\n\t<\/div>\n\t \n\n\n\n<p>Muitos sportsbooks afirmam ter as melhores cota\u00e7\u00f5es, n\u00f3s fornecemos provas independentes imparciais!<\/p>\n\n\n\n<p>Calculamos qual o sportsbook que oferece as melhores cota\u00e7\u00f5es e a respectiva <a href=\"https:\/\/bitedge.com\/sports-betting-guide\/understand-odds-as-probability-with-overround\/\" target=\"_blank\" rel=\"noreferrer noopener\">vantagem da casa<\/a>&nbsp;em todas as apostas apresentadas nas nossas compara\u00e7\u00f5es de cota\u00e7\u00f5es. Isso corresponde a <strong><strong>227<\/strong> eventos<\/strong>,&nbsp;<strong><strong>1369<\/strong> apostas e<\/strong>&nbsp;<strong><strong>4101<\/strong> cota\u00e7\u00f5es individuais<\/strong>&nbsp;atualizados a cada 10 minutos.<\/p>\n\n\n\n<p>Se n\u00e3o quer comparar as cota\u00e7\u00f5es por cada aposta que faz, simplesmente registre-se nos sportsbooks com a vantagem mais baixa e saber\u00e1 que est\u00e1 obtendo um bom valor no geral.<\/p>\n\n\n\n<p>Se 2 sportsbooks oferecem as melhores cota\u00e7\u00f5es iguais, ambos s\u00e3o considerados como oferecendo as melhores cota\u00e7\u00f5es. Isso pode resultar nas percentagens da &#8220;frequ\u00eancia das melhores cota\u00e7\u00f5es &#8221; totalizarem mais de 100%.<\/p>\n\n\n\n<p>A <a href=\"https:\/\/bitodds.com\/goto\/sportsbet\/\" target=\"_blank\" rel=\"noreferrer noopener\">Sportsbet<\/a>, um dos melhores sportsbooks de criptomoedas, tem uma fun\u00e7\u00e3o de refor\u00e7o de pre\u00e7o que melhora consideravelmente as suas cota\u00e7\u00f5es, oferecendo as melhores ou pr\u00f3ximo das melhores cota\u00e7\u00f5es para qualquer aposta. O inconveniente \u00e9 que s\u00f3 se pode utiliz\u00e1-la uma vez por dia e por esporte.<\/p>\n\n\n\n<p>As cota\u00e7\u00f5es n\u00e3o s\u00e3o a \u00fanica coisa que se deve considerar ao escolher um sportsbook. Considere tamb\u00e9m todos os itens mencionados nas nossas detalhadas <a href=\"https:\/\/bitedge.com\/crypto-sportsbook-reviews\/\" target=\"_blank\" rel=\"noreferrer noopener\">an\u00e1lises de sportsbooks de criptomoedas<\/a>, tanto em texto como em v\u00eddeo.<\/p>\n\n\n\n<p>Que as cota\u00e7\u00f5es estejam a seu favor!<\/p>\n","protected":false},"excerpt":{"rendered":"<p>Muitos sportsbooks afirmam ter as melhores cota\u00e7\u00f5es, n\u00f3s fornecemos provas independentes imparciais! Calculamos qual o sportsbook que oferece as melhores cota\u00e7\u00f5es e a respectiva vantagem da casa&nbsp;em todas as apostas apresentadas nas nossas compara\u00e7\u00f5es de cota\u00e7\u00f5es. Isso corresponde a eventos,&nbsp;&hellip;<\/p>\n","protected":false},"author":1,"featured_media":0,"parent":0,"menu_order":10,"comment_status":"open","ping_status":"closed","template":"","meta":{"_acf_changed":false,"footnotes":""},"acf":[],"_links":{"self":[{"href":"https:\/\/bitodds.com\/pt\/wp-json\/wp\/v2\/pages\/50917"}],"collection":[{"href":"https:\/\/bitodds.com\/pt\/wp-json\/wp\/v2\/pages"}],"about":[{"href":"https:\/\/bitodds.com\/pt\/wp-json\/wp\/v2\/types\/page"}],"author":[{"embeddable":true,"href":"https:\/\/bitodds.com\/pt\/wp-json\/wp\/v2\/users\/1"}],"replies":[{"embeddable":true,"href":"https:\/\/bitodds.com\/pt\/wp-json\/wp\/v2\/comments?post=50917"}],"version-history":[{"count":1,"href":"https:\/\/bitodds.com\/pt\/wp-json\/wp\/v2\/pages\/50917\/revisions"}],"predecessor-version":[{"id":50918,"href":"https:\/\/bitodds.com\/pt\/wp-json\/wp\/v2\/pages\/50917\/revisions\/50918"}],"wp:attachment":[{"href":"https:\/\/bitodds.com\/pt\/wp-json\/wp\/v2\/media?parent=50917"}],"curies":[{"name":"wp","href":"https:\/\/api.w.org\/{rel}","templated":true}]}}