{"id":50911,"date":"2021-06-26T16:13:16","date_gmt":"2021-06-26T16:13:16","guid":{"rendered":"https:\/\/staging.bitodds.com\/?page_id=50911"},"modified":"2021-06-28T05:00:13","modified_gmt":"2021-06-28T05:00:13","slug":"responsible-gambling","status":"publish","type":"page","link":"https:\/\/bitodds.com\/pt\/responsible-gambling\/","title":{"rendered":"Apostas respons\u00e1veis"},"content":{"rendered":"\n<p>Se apostar \u00e9 um problema para voc\u00ea, voc\u00ea n\u00e3o est\u00e1 sozinho e h\u00e1 muitas maneiras de conseguir ajuda. A maioria dos sportsbooks tem pessoal treinado em apostas respons\u00e1veis e oferece limites de dep\u00f3sito e perda com autoimposi\u00e7\u00e3o, assim como a op\u00e7\u00e3o de autoexclus\u00e3o permanente ou tempor\u00e1ria. Mesmo que n\u00e3o tenha um problema com apostas, voc\u00ea deve sempre apostar de forma respons\u00e1vel.<\/p>\n\n\n\n<p>A Gamblers Anonymous (Apostadores An\u00f4nimos) desenvolveu um <a href=\"http:\/\/www.gamblersanonymous.org\/ga\/content\/20-questions\" target=\"_blank\" rel=\"noreferrer noopener\">curto&nbsp;question\u00e1rio<\/a> com 20 perguntas de sim\/n\u00e3o, cujas respostas podem lhe ajudar a determinar se voc\u00ea tem um problema com apostas.<\/p>\n","protected":false},"excerpt":{"rendered":"<p>Se apostar \u00e9 um problema para voc\u00ea, voc\u00ea n\u00e3o est\u00e1 sozinho e h\u00e1 muitas maneiras de conseguir ajuda. A maioria dos sportsbooks tem pessoal treinado em apostas respons\u00e1veis e oferece limites de dep\u00f3sito e perda com autoimposi\u00e7\u00e3o, assim como a&hellip;<\/p>\n","protected":false},"author":1,"featured_media":0,"parent":0,"menu_order":0,"comment_status":"open","ping_status":"closed","template":"","meta":{"_acf_changed":false,"footnotes":""},"acf":[],"_links":{"self":[{"href":"https:\/\/bitodds.com\/pt\/wp-json\/wp\/v2\/pages\/50911"}],"collection":[{"href":"https:\/\/bitodds.com\/pt\/wp-json\/wp\/v2\/pages"}],"about":[{"href":"https:\/\/bitodds.com\/pt\/wp-json\/wp\/v2\/types\/page"}],"author":[{"embeddable":true,"href":"https:\/\/bitodds.com\/pt\/wp-json\/wp\/v2\/users\/1"}],"replies":[{"embeddable":true,"href":"https:\/\/bitodds.com\/pt\/wp-json\/wp\/v2\/comments?post=50911"}],"version-history":[{"count":1,"href":"https:\/\/bitodds.com\/pt\/wp-json\/wp\/v2\/pages\/50911\/revisions"}],"predecessor-version":[{"id":50912,"href":"https:\/\/bitodds.com\/pt\/wp-json\/wp\/v2\/pages\/50911\/revisions\/50912"}],"wp:attachment":[{"href":"https:\/\/bitodds.com\/pt\/wp-json\/wp\/v2\/media?parent=50911"}],"curies":[{"name":"wp","href":"https:\/\/api.w.org\/{rel}","templated":true}]}}