{"id":50907,"date":"2021-06-26T16:10:27","date_gmt":"2021-06-26T16:10:27","guid":{"rendered":"https:\/\/staging.bitodds.com\/?page_id=50907"},"modified":"2022-08-31T03:24:27","modified_gmt":"2022-08-31T03:24:27","slug":"faq","status":"publish","type":"page","link":"https:\/\/bitodds.com\/pt\/faq\/","title":{"rendered":"Perguntas frequentes"},"content":{"rendered":"\n<p>Se voc\u00ea tiver uma pergunta que n\u00e3o est\u00e1 mencionada aqui, por favor, pergunte nos coment\u00e1rios abaixo ou <a href=\"https:\/\/bitodds.com\/contact\/\">nos contate<\/a>.<\/p>\n\n\n<div class=\"uk-card bit-card bit-card--faq\"><div class=\"uk-card-body bit-card__body\"><div class=\"bit-card__icon\"><i class=\"fal fa-question-circle\"><\/i><\/div><h2 class=\"bit-card__header heading-link\">Com que frequ\u00eancia as cota\u00e7\u00f5es s\u00e3o atualizadas?<\/h2><p>A cada 15 minutos.<\/p>\n<\/div><\/div>\n\n\n<div class=\"uk-card bit-card bit-card--faq\"><div class=\"uk-card-body bit-card__body\"><div class=\"bit-card__icon\"><i class=\"fal fa-question-circle\"><\/i><\/div><h2 class=\"bit-card__header heading-link\">Por que algumas cota\u00e7\u00f5es est\u00e3o em negrito e sublinhadas?<\/h2><p>As cota\u00e7\u00f5es em <u><strong>negrito e sublinhadas<\/strong><\/u> s\u00e3o as melhores cota\u00e7\u00f5es dispon\u00edveis para essa aposta.<\/p>\n<\/div><\/div>\n\n\n<div class=\"uk-card bit-card bit-card--faq\"><div class=\"uk-card-body bit-card__body\"><div class=\"bit-card__icon\"><i class=\"fal fa-question-circle\"><\/i><\/div><h2 class=\"bit-card__header heading-link\">Posso ver cota\u00e7\u00f5es americanas ou fracion\u00e1rias?<\/h2><p>Sim, por favor, defina sua prefer\u00eancia nas <a uk-toggle=\"target: #user-settings\">suas configura\u00e7\u00f5es<\/a>.<\/p>\n<\/div><\/div>\n\n\n<div class=\"uk-card bit-card bit-card--faq\"><div class=\"uk-card-body bit-card__body\"><div class=\"bit-card__icon\"><i class=\"fal fa-question-circle\"><\/i><\/div><h2 class=\"bit-card__header heading-link\">Posso ver apenas sportsbooks que aceitam as minhas criptomoedas favoritas?<\/h2><p>Sim, por favor, defina sua prefer\u00eancia nas <a uk-toggle=\"target: #user-settings\">suas configura\u00e7\u00f5es<\/a>.<\/p>\n<\/div><\/div>\n\n\n<div class=\"uk-card bit-card bit-card--faq\"><div class=\"uk-card-body bit-card__body\"><div class=\"bit-card__icon\"><i class=\"fal fa-question-circle\"><\/i><\/div><h2 class=\"bit-card__header heading-link\">As cota\u00e7\u00f5es m\u00e9dias est\u00e3o erradas<\/h2><p>As cota\u00e7\u00f5es m\u00e9dias s\u00e3o constitu\u00eddas por todos os sportsbooks nas compara\u00e7\u00f5es de cota\u00e7\u00f5es. Devido ao bloqueio geogr\u00e1fico e \u00e0s suas defini\u00e7\u00f5es, voc\u00ea poder\u00e1 n\u00e3o ver todos os sportsbooks. Como tal, as cota\u00e7\u00f5es m\u00e9dias que voc\u00ea v\u00ea podem n\u00e3o corresponder \u00e0s cota\u00e7\u00f5es dos sportsbooks que voc\u00ea v\u00ea.<\/p>\n<p>Por exemplo, por padr\u00e3o, n\u00e3o lhe mostraremos os sportsbooks que bloqueiam os apostadores do <span class=\"bit-user-geoloc\">Estados Unidos da Am\u00e9rica<\/span>. Mas as cota\u00e7\u00f5es desses sportsbooks continuam a ser contabilizadas nas m\u00e9dias.<\/p>\n<p>Do mesmo modo, se tiver definido as suas configura\u00e7\u00f5es para mostrar apenas sportsbooks que aceitam ethereum, ent\u00e3o, n\u00e3o lhe mostraremos os sportsbooks que n\u00e3o aceitam ethereum. Mas as cota\u00e7\u00f5es desses sportsbooks ainda est\u00e3o inclu\u00eddas nas m\u00e9dias.<\/p>\n<p>Voc\u00ea pode optar por ver todos os sportsbooks nas <a uk-toggle=\"target: #user-settings\">suas configura\u00e7\u00f5es<\/a><\/p>\n<\/div><\/div>\n\n\n<div class=\"uk-card bit-card bit-card--faq\"><div class=\"uk-card-body bit-card__body\"><div class=\"bit-card__icon\"><i class=\"fal fa-question-circle\"><\/i><\/div><h2 class=\"bit-card__header heading-link\">O que significam os diferentes tipos de apostas?<\/h2><p>Existem 3 tipos de apostas apresentados nas nossas compara\u00e7\u00f5es de cota\u00e7\u00f5es: <\/p>\n<ul>\n<li><a href=\"https:\/\/bitedge.com\/sports-betting-guide\/sports-bet-types\" target=\"_blank\" rel=\"noopener noreferrer\">Resultado\/Vencedor<\/a><\/li>\n<li><a href=\"https:\/\/bitedge.com\/sports-betting-guide\/points-spread-and-asian-handicap\/\" target=\"_blank\" rel=\"noopener noreferrer\">Handicap\/spread<\/a><\/li>\n<li><a href=\"https:\/\/bitedge.com\/sports-betting-guide\/sports-bet-types\/#totals-over-under\" target=\"_blank\" rel=\"noopener noreferrer\">Totais acima de\/abaixo de<\/a><\/li>\n<\/ul>\n<p>O mesmo tipo de aposta pode ser denominado de forma diferente, dependendo do esporte.<\/p>\n<\/div><\/div>\n\n\n<div class=\"uk-card bit-card bit-card--faq\"><div class=\"uk-card-body bit-card__body\"><div class=\"bit-card__icon\"><i class=\"fal fa-question-circle\"><\/i><\/div><h2 class=\"bit-card__header heading-link\">Por que esses sportsbooks est\u00e3o inclu\u00eddos?<\/h2><p>Inclu\u00edmos apenas sportsbooks an\u00f4nimos com <a href=\"https:\/\/bitedge.com\/blog\/end-to-end-crypto-sportsbooks-vs-government-currency-sportsbooks-that-accept-crypto\/\" target=\"_blank\" rel=\"noopener noreferrer\">criptografia de ponta a ponta<\/a>. <\/p>\n<p>Ao incluirmos um sportsbook, estamos apenas afirmando que este \u00e9 suficientemente bom para apostar. Os sportsbooks s\u00e3o apresentados nas compara\u00e7\u00f5es de cota\u00e7\u00f5es, por ordem de qualidade geral. A mais alta qualidade na parte superior e a mais baixa qualidade na parte inferior.<\/p>\n<p>Voc\u00ea pode ver o que pensamos sobre esses e outros sportsbooks cripto detalhadamente nas nossas <a href=\"https:\/\/bitedge.com\/crypto-sportsbook-reviews\/\" target=\"_blank\" rel=\"noopener noreferrer\">an\u00e1lises de sportsbook de criptomoedas<\/a>.<\/p>\n<\/div><\/div>\n\n\n<div class=\"uk-card bit-card bit-card--faq\"><div class=\"uk-card-body bit-card__body\"><div class=\"bit-card__icon\"><i class=\"fal fa-question-circle\"><\/i><\/div><h2 class=\"bit-card__header heading-link\">Os sportsbooks de criptomoeda limitar\u00e3o contas vencedoras?<\/h2><p>N\u00e3o, porque n\u00e3o podem.<\/p>\n<p>Inclu\u00edmos apenas sportsbooks an\u00f4nimos com <a href=\"https:\/\/bitedge.com\/blog\/end-to-end-crypto-sportsbooks-vs-government-currency-sportsbooks-that-accept-crypto\/\" target=\"_blank\" rel=\"noopener noreferrer\">criptografia de ponta a ponta<\/a>. Se eles limitassem a sua conta por ganhar ou fazer apostas certeiras, voc\u00ea poderia simplesmente fazer uma nova conta, ent\u00e3o, eles n\u00e3o fazem isso.<\/p>\n<p>Infelizmente, alguns desses sportsbooks pediram identifica\u00e7\u00e3o aos usu\u00e1rios. Contudo, isso s\u00f3 acontece quando o sportsbook suspeita de fraude, tal como gastos duplos ou abuso de b\u00f4nus, n\u00e3o por ganhar ou fazer apostas certeiras.<\/p>\n<\/div><\/div>\n\n\n\n<p>Se voc\u00ea tiver uma pergunta que n\u00e3o est\u00e1 mencionada aqui, por favor, pergunte nos coment\u00e1rios abaixo ou <a href=\"https:\/\/bitodds.com\/contact\">nos contate<\/a>.<\/p>\n","protected":false},"excerpt":{"rendered":"<p>Se voc\u00ea tiver uma pergunta que n\u00e3o est\u00e1 mencionada aqui, por favor, pergunte nos coment\u00e1rios abaixo ou nos contate. Se voc\u00ea tiver uma pergunta que n\u00e3o est\u00e1 mencionada aqui, por favor, pergunte nos coment\u00e1rios abaixo ou nos contate.<\/p>\n","protected":false},"author":1,"featured_media":0,"parent":0,"menu_order":0,"comment_status":"open","ping_status":"closed","template":"","meta":{"_acf_changed":false,"footnotes":""},"acf":[],"_links":{"self":[{"href":"https:\/\/bitodds.com\/pt\/wp-json\/wp\/v2\/pages\/50907"}],"collection":[{"href":"https:\/\/bitodds.com\/pt\/wp-json\/wp\/v2\/pages"}],"about":[{"href":"https:\/\/bitodds.com\/pt\/wp-json\/wp\/v2\/types\/page"}],"author":[{"embeddable":true,"href":"https:\/\/bitodds.com\/pt\/wp-json\/wp\/v2\/users\/1"}],"replies":[{"embeddable":true,"href":"https:\/\/bitodds.com\/pt\/wp-json\/wp\/v2\/comments?post=50907"}],"version-history":[{"count":3,"href":"https:\/\/bitodds.com\/pt\/wp-json\/wp\/v2\/pages\/50907\/revisions"}],"predecessor-version":[{"id":53052,"href":"https:\/\/bitodds.com\/pt\/wp-json\/wp\/v2\/pages\/50907\/revisions\/53052"}],"wp:attachment":[{"href":"https:\/\/bitodds.com\/pt\/wp-json\/wp\/v2\/media?parent=50907"}],"curies":[{"name":"wp","href":"https:\/\/api.w.org\/{rel}","templated":true}]}}