{"id":50900,"date":"2021-06-26T16:08:09","date_gmt":"2021-06-26T16:08:09","guid":{"rendered":"https:\/\/staging.bitodds.com\/?page_id=50900"},"modified":"2022-08-08T03:38:48","modified_gmt":"2022-08-08T03:38:48","slug":"bet-into-a-low-edge","status":"publish","type":"page","link":"https:\/\/bitodds.com\/pt\/bet-into-a-low-edge\/","title":{"rendered":"Aposte em uma vantagem de   2,97%"},"content":{"rendered":"\n<p>A vantagem do sportsbook \u00e9 a sua vantagem matem\u00e1tica sobre o apostador, <a href=\"https:\/\/bitedge.com\/sports-betting-guide\/understand-odds-as-probability-with-overround\/\" target=\"_blank\" rel=\"noreferrer noopener\">que \u00e9 incorporada nas cota\u00e7\u00f5es<\/a>. Se estiver apostando em uma vantagem de 5%, voc\u00ea ter\u00e1 de ser 5% mais esperto que o sportsbook para cobrir os custos a longo prazo. A vantagem mais baixa do sportsbook que se pode obter em um \u00fanico operador \u00e9 de cerca de 2,5% na Betfair e Pinnacle, mas n\u00e3o t\u00eam <a href=\"https:\/\/bitedge.com\/blog\/end-to-end-crypto-sportsbooks-vs-government-currency-sportsbooks-that-accept-crypto\/\" target=\"_blank\" rel=\"noreferrer noopener\">criptografia de ponta a ponta<\/a>, por isso n\u00e3o queremos utiliz\u00e1-las.<\/p>\n\n\n\n<h2 class=\"wp-block-heading\">A vantagem mais baixa que voc\u00ea pode obter com criptomoeda<\/h2>\n\n\n\n<p>A <a href=\"https:\/\/bitodds.com\/best-odds-crypto-sportsbooks\/\">vantagem mais baixa do sportsbook em qualquer um dos principais sportsbooks de criptomoedas<\/a> \u00e9 de 5,65% na <a href=\"https:\/\/bitodds.com\/goto\/stake\" title=\"Stake\" rel=\"nofollow\" target=\"_blank\">Stake<\/a>. No entanto, s\u00f3 t\u00eam as melhores cota\u00e7\u00f5es em 53,62% das sele\u00e7\u00f5es, as 46,38% das vezes restantes, os outros sportsbooks de criptomoedas t\u00eam as melhores cota\u00e7\u00f5es. Ent\u00e3o, e se voc\u00ea pudesse constituir os seus pr\u00f3prios tipos de apostas apenas com as melhores cota\u00e7\u00f5es em cada selec\u00e3o dos principais sportsbooks de criptomoedas?<\/p>\n\n\n\n<p>Criamos esses tipos de apostas sint\u00e9ticos em todas as compara\u00e7\u00f5es de cota\u00e7\u00f5es e, nesse momento, a vantagem sint\u00e9tica do sportsbook na <a href=\"https:\/\/bitodds.com\/pt\/mlb\/\" title=\"Ver cota\u00e7\u00f5es de MLB\" target=\"_blank\">MLB<\/a> \u00e9 de apenas 2,97%. Voc\u00ea pode apostar facilmente em apostas com tais cota\u00e7\u00f5es fant\u00e1sticas, basta verificar as compara\u00e7\u00f5es de cota\u00e7\u00f5es e escolha as melhores cota\u00e7\u00f5es nas apostas que desejar fazer.<\/p>\n\n\n\n<h2 class=\"wp-block-heading\">Exemplo do mundo real<\/h2>\n\n\n\n<p>Aqui est\u00e1 um exemplo da <a href=\"https:\/\/bitodds.com\/portuguese-primeira-liga\/\">Primeira Liga Portuguesa<\/a>.<\/p>\n\n\n\n<figure class=\"wp-block-image size-large\"><img decoding=\"async\" width=\"1024\" height=\"809\" src=\"https:\/\/bitodds.com\/wp-content\/uploads\/2021\/05\/Screen-Shot-2021-05-11-at-19.32.47-1024x809.png\" alt=\"\" class=\"wp-image-50903\" srcset=\"https:\/\/bitodds.com\/wp-content\/uploads\/2021\/05\/Screen-Shot-2021-05-11-at-19.32.47-1024x809.png 1024w, https:\/\/bitodds.com\/wp-content\/uploads\/2021\/05\/Screen-Shot-2021-05-11-at-19.32.47-300x237.png 300w, https:\/\/bitodds.com\/wp-content\/uploads\/2021\/05\/Screen-Shot-2021-05-11-at-19.32.47-830x656.png 830w, https:\/\/bitodds.com\/wp-content\/uploads\/2021\/05\/Screen-Shot-2021-05-11-at-19.32.47-366x289.png 366w, https:\/\/bitodds.com\/wp-content\/uploads\/2021\/05\/Screen-Shot-2021-05-11-at-19.32.47-160x126.png 160w, https:\/\/bitodds.com\/wp-content\/uploads\/2021\/05\/Screen-Shot-2021-05-11-at-19.32.47-32x25.png 32w, https:\/\/bitodds.com\/wp-content\/uploads\/2021\/05\/Screen-Shot-2021-05-11-at-19.32.47-64x51.png 64w, https:\/\/bitodds.com\/wp-content\/uploads\/2021\/05\/Screen-Shot-2021-05-11-at-19.32.47-45x36.png 45w, https:\/\/bitodds.com\/wp-content\/uploads\/2021\/05\/Screen-Shot-2021-05-11-at-19.32.47-90x71.png 90w, https:\/\/bitodds.com\/wp-content\/uploads\/2021\/05\/Screen-Shot-2021-05-11-at-19.32.47.png 1630w\" sizes=\"(max-width: 1024px) 100vw, 1024px\" \/><\/figure>\n\n\n\n<p>Ao utilizar a <a href=\"https:\/\/bitedge.com\/sports-betting-tools-and-resources\/overround-and-probability-calculator\/\" target=\"_blank\" rel=\"noreferrer noopener\">calculadora de overround (soma positiva)<\/a>, podemos ver qual sportsbook tem a vantagem mais baixa:<\/p>\n\n\n\n<figure class=\"wp-block-table\"><table><thead><tr><th>Sportsbook<\/th><th>Vantagem<\/th><\/tr><\/thead><tbody><tr><td><a href=\"https:\/\/bitodds.com\/goto\/cloudbet\">Cloudbet<\/a><\/td><td>3,22%<\/td><\/tr><tr><td><a href=\"https:\/\/bitodds.com\/goto\/betcoin\">Betcoin<\/a><\/td><td>4,26%<\/td><\/tr><tr><td><a href=\"https:\/\/bitodds.com\/goto\/betbtc\">BetBTC<\/a><\/td><td>4,33%<\/td><\/tr><tr><td><a href=\"https:\/\/bitodds.com\/goto\/sportsbet\">Sportsbet<\/a><\/td><td>5,86%<\/td><\/tr><tr><td><a href=\"https:\/\/bitodds.com\/goto\/nitrogen\">Nitrogen<\/a><\/td><td>5,86%<\/td><\/tr><tr><td><a href=\"https:\/\/bitodds.com\/goto\/stake\">Stake<\/a><\/td><td>6,63%<\/td><\/tr><\/tbody><tfoot><tr><td>M\u00e9dia<\/td><td>5,02%<\/td><\/tr><\/tfoot><\/table><\/figure>\n\n\n\n<p>Mas as melhores cota\u00e7\u00f5es em cada sele\u00e7\u00e3o s\u00e3o:<\/p>\n\n\n\n<figure class=\"wp-block-table\"><table><thead><tr><th>Selection<\/th><th>Melhores cota\u00e7\u00f5es<\/th><\/tr><\/thead><tbody><tr><td>Boavista<\/td><td>9,26 (Cloudbet)<\/td><\/tr><tr><td>Empate<\/td><td>5,01 (Cloudbet)<\/td><\/tr><tr><td>Sporting<\/td><td>1,44 (Stake)<\/td><\/tr><\/tbody><\/table><\/figure>\n\n\n\n<p>A calculadora de overround mostra que essa \u00e9 uma vantagem sint\u00e9tica de sportsbook de apenas 0,2%! Muito melhor do que qualquer sportsbook individual e voc\u00ea s\u00f3 precisa ser 0,2% mais esperto do que os criadores de cota\u00e7\u00f5es para ter lucro a longo prazo!<\/p>\n\n\n\n<figure class=\"wp-block-image size-large\"><img decoding=\"async\" width=\"1024\" height=\"425\" src=\"https:\/\/bitodds.com\/wp-content\/uploads\/2021\/05\/Screen-Shot-2021-05-11-at-17.55.52-1024x425.png\" alt=\"\" class=\"wp-image-50902\" srcset=\"https:\/\/bitodds.com\/wp-content\/uploads\/2021\/05\/Screen-Shot-2021-05-11-at-17.55.52-1024x425.png 1024w, https:\/\/bitodds.com\/wp-content\/uploads\/2021\/05\/Screen-Shot-2021-05-11-at-17.55.52-300x124.png 300w, https:\/\/bitodds.com\/wp-content\/uploads\/2021\/05\/Screen-Shot-2021-05-11-at-17.55.52-830x344.png 830w, https:\/\/bitodds.com\/wp-content\/uploads\/2021\/05\/Screen-Shot-2021-05-11-at-17.55.52-366x152.png 366w, https:\/\/bitodds.com\/wp-content\/uploads\/2021\/05\/Screen-Shot-2021-05-11-at-17.55.52-160x66.png 160w, https:\/\/bitodds.com\/wp-content\/uploads\/2021\/05\/Screen-Shot-2021-05-11-at-17.55.52-32x13.png 32w, https:\/\/bitodds.com\/wp-content\/uploads\/2021\/05\/Screen-Shot-2021-05-11-at-17.55.52-64x27.png 64w, https:\/\/bitodds.com\/wp-content\/uploads\/2021\/05\/Screen-Shot-2021-05-11-at-17.55.52-45x19.png 45w, https:\/\/bitodds.com\/wp-content\/uploads\/2021\/05\/Screen-Shot-2021-05-11-at-17.55.52-90x37.png 90w, https:\/\/bitodds.com\/wp-content\/uploads\/2021\/05\/Screen-Shot-2021-05-11-at-17.55.52.png 1514w\" sizes=\"(max-width: 1024px) 100vw, 1024px\" \/><\/figure>\n\n\n\n<h2 class=\"wp-block-heading\">A longo prazo<\/h2>\n\n\n\n<p>Na temporada de 2021 da Bundesliga Alem\u00e3, a <a href=\"https:\/\/bitodds.com\/goto\/cloudbet\/\" target=\"_blank\" rel=\"noreferrer noopener\">Cloudbet<\/a> tinha a vantagem mais baixa dos principais sportsbooks de criptomoedas com 2,68%, enquanto a vantagem sint\u00e9tica da BitOdd era de apenas 1,29%. Aqui est\u00e1 a diferen\u00e7a verificada ao longo da temporada, se voc\u00ea apostar 1 m\u0e3f nessas sele\u00e7\u00f5es nos tipos de apostas de resultados do jogo (1\u00d72).<\/p>\n\n\n\n<figure class=\"wp-block-table align-caption-left\"><table><thead><tr><th>Aposta<\/th><th><a href=\"\/goto\/cloudbet\/\" target=\"_blank\" rel=\"noreferrer noopener\"><img decoding=\"async\" width=\"150\" height=\"30\" class=\"wp-image-32038 pulse-hover\" style=\"width: 150px;\" src=\"https:\/\/bitodds.com\/wp-content\/uploads\/2020\/10\/cloudbet-dark-logo.svg\" alt=\"\"><\/a><\/th><th><img decoding=\"async\" width=\"150\" height=\"38\" class=\"wp-image-27024\" style=\"width: 150px;\" src=\"https:\/\/bitodds.com\/wp-content\/uploads\/2020\/10\/bitodds-dark.svg\" alt=\"\"><\/th><\/tr><\/thead><tbody><tr><td>Vencedor<\/td><td><span class=\"has-inline-color has-vivid-green-cyan-color\">+585m\u0e3f<\/span><\/td><td><span class=\"has-inline-color has-vivid-green-cyan-color\">+598m\u0e3f<\/span><\/td><\/tr><tr><td>50% vencedores 50% perdedores*<\/td><td><span class=\"has-inline-color has-vivid-green-cyan-color\">+156m\u0e3f<\/span><\/td><td><span class=\"has-inline-color has-vivid-green-cyan-color\">+166m\u0e3f<\/span><\/td><\/tr><tr><td>Favorito<\/td><td><span class=\"has-inline-color has-vivid-red-color\">-29m\u0e3f<\/span><\/td><td><span class=\"has-inline-color has-vivid-red-color\">-24m\u0e3f<\/span><\/td><\/tr><tr><td>Subestimado<\/td><td><span class=\"has-inline-color has-vivid-red-color\">-10m\u0e3f<\/span><\/td><td><span class=\"has-inline-color has-vivid-red-color\">-7m\u0e3f<\/span><\/td><\/tr><tr><td>Empate<\/td><td><span class=\"has-inline-color has-vivid-green-cyan-color\">+30m\u0e3f<\/span><\/td><td><span class=\"has-inline-color has-vivid-green-cyan-color\">+38m\u0e3f<\/span><\/td><\/tr><\/tbody><\/table><figcaption>*Apostas vencedoras e perdedoras distribu\u00eddas aleatoriamente<\/figcaption><\/figure>\n\n\n\n<p>A diferen\u00e7a \u00e9 de 4,62%, que pode facilmente ser a diferen\u00e7a entre ganhar e perder a longo prazo.<\/p>\n\n\n\n<h2 class=\"wp-block-heading\">\u00c9 f\u00e1cil com criptomoedas<\/h2>\n\n\n\n<p>Isto significa que precisa de uma conta em cada sportsbook, 3 no total, o que \u00e9 normal para apostadores s\u00e9rios que n\u00e3o podem utilizar a Betfair e a Pinnacle. Como os sportsbooks de criptomoedas n\u00e3o requerem a sua informa\u00e7\u00e3o pessoal, \u00e9 r\u00e1pido e f\u00e1cil aderir com apenas um e-mail e uma senha.<br><br>\u00c9 mais f\u00e1cil e mais barato manter um saldo em cada conta, mas n\u00e3o \u00e9 necess\u00e1rio faz\u00ea-lo. Os sportsbooks creditam dep\u00f3sitos imediatamente ou, no m\u00e1ximo, ap\u00f3s 1 confirma\u00e7\u00e3o, para que voc\u00ea possa depositar para cada aposta. O \u00fanico problema s\u00e3o as elevadas taxas de transa\u00e7\u00e3o ao utilizar Bitcoin ou <a href=\"https:\/\/bitedge.com\/blog\/best-cryptos-for-betting-ethereum\/\" target=\"_blank\" rel=\"noreferrer noopener\">Ether<\/a>. Voc\u00ea pode contornar isso usando uma criptomoeda de baixa taxa como a <a href=\"https:\/\/bitedge.com\/blog\/best-cryptos-for-betting-dash\/\" target=\"_blank\" rel=\"noreferrer noopener\">Dash<\/a> ou a <a href=\"https:\/\/bitedge.com\/blog\/best-cryptos-for-betting-doge\/\" target=\"_blank\" rel=\"noreferrer noopener\">Doge<\/a>, ou mantendo um saldo em cada sportsbook.<\/p>\n\n\n\n<p>Divirta-se e boa sorte.<\/p>\n","protected":false},"excerpt":{"rendered":"<p>A vantagem do sportsbook \u00e9 a sua vantagem matem\u00e1tica sobre o apostador, que \u00e9 incorporada nas cota\u00e7\u00f5es. Se estiver apostando em uma vantagem de 5%, voc\u00ea ter\u00e1 de ser 5% mais esperto que o sportsbook para cobrir os custos a&hellip;<\/p>\n","protected":false},"author":1,"featured_media":0,"parent":0,"menu_order":0,"comment_status":"open","ping_status":"closed","template":"","meta":{"_acf_changed":false,"footnotes":""},"acf":[],"_links":{"self":[{"href":"https:\/\/bitodds.com\/pt\/wp-json\/wp\/v2\/pages\/50900"}],"collection":[{"href":"https:\/\/bitodds.com\/pt\/wp-json\/wp\/v2\/pages"}],"about":[{"href":"https:\/\/bitodds.com\/pt\/wp-json\/wp\/v2\/types\/page"}],"author":[{"embeddable":true,"href":"https:\/\/bitodds.com\/pt\/wp-json\/wp\/v2\/users\/1"}],"replies":[{"embeddable":true,"href":"https:\/\/bitodds.com\/pt\/wp-json\/wp\/v2\/comments?post=50900"}],"version-history":[{"count":4,"href":"https:\/\/bitodds.com\/pt\/wp-json\/wp\/v2\/pages\/50900\/revisions"}],"predecessor-version":[{"id":52961,"href":"https:\/\/bitodds.com\/pt\/wp-json\/wp\/v2\/pages\/50900\/revisions\/52961"}],"wp:attachment":[{"href":"https:\/\/bitodds.com\/pt\/wp-json\/wp\/v2\/media?parent=50900"}],"curies":[{"name":"wp","href":"https:\/\/api.w.org\/{rel}","templated":true}]}}