{"id":50895,"date":"2021-06-26T16:06:21","date_gmt":"2021-06-26T16:06:21","guid":{"rendered":"https:\/\/staging.bitodds.com\/?page_id=50895"},"modified":"2021-06-28T04:24:08","modified_gmt":"2021-06-28T04:24:08","slug":"crypto-value-bet-alerts","status":"publish","type":"page","link":"https:\/\/bitodds.com\/pt\/crypto-value-bet-alerts\/","title":{"rendered":"Alertas de apostas de valor de criptomoedas"},"content":{"rendered":"\n<p>Criamos um alerta instant\u00e2neo que detecta apostas de valor. Descobrimos valores at\u00edpicos em que um sportsbook oferece cota\u00e7\u00f5es significativamente mais elevadas do que o resto do mercado. Essas s\u00e3o apostas de valor esperado positivo, pelo que voc\u00ea ter\u00e1 uma vantagem no sportsbook e uma boa hip\u00f3tese de lucro a longo prazo!<\/p>\n\n\n\n<p>Por exemplo, esse foi o \u00faltimo alerta:<\/p>\n\n\n<a  href=\"https:\/\/bitodds.com\/goto\/cloudbet\" title=\"Cloudbet\" target=\"_blank\"><div class=\"value-bet-image value-bet-image--content\">\n\n\n<div class=\"value-bet-image__participants\">\n    \n    <div class=\"value-bet-image__participant\">\n                <h3>Brion<\/h3>\n    <\/div>\n    \n    <div class=\"value-bet-image__vs\">v.s.<\/div>\n\n    <div class=\"value-bet-image__participant\">\n                <h3>Gen.G<\/h3>\n    <\/div>\n\n<\/div>\n\n<div class=\"value-bet-image__competition\">\n    <h3>League of Legends<\/h3>\n    <h4>\n        Hor\u00e1rio: \n        <strong class=\"arb-alert__datetime value-bet-datetime\" data-date=\"2023-06-29 08:00:00\">\n            8:00 AM Quinta-feira 29th Jun        <\/strong>\n    <\/h4>\n<\/div>\n\n<div class=\"value-bet-image__details\">\n    <div>\n        <span>Aposta:<\/span>\n        <strong>Brion<\/strong>\n        <span class=\"\">+1.5 Map handicap<\/span>    <\/div>\n    <div>\n        <span>Cota\u00e7\u00f5es m\u00e9dias:<\/span>\n        <strong class=\"value-bet-odds\" \n            data-odds-decimal=\"3.27\" \n            data-odds-american=\"+227\" \n            data-odds-fractional=\"9\/4\" \n            data-odds-probability=\"30.58&#65130;\">\n        3.27<\/strong>\n    <\/div>\n    <div>\n        <span>Cloudbet odds:<\/span>\n        <strong class=\"value-bet-odds\" \n            data-odds-decimal=\"3.57\" \n            data-odds-american=\"+257\" \n            data-odds-fractional=\"13\/5\"\n            data-odds-probability=\"28.01&#65130;\">\n        3.57<\/strong>\n    <\/div>\n<\/div>\n\n<div class=\"value-bet-image__bets\">\n    <div class=\"value-bet-image__bet\">\n        <h4>Valor esperado<\/h4>\n        <p>\n        +2.23%        <\/p>\n    <\/div>\n<\/div>\n\n<\/div><!-- .value-bet-image -->\n<\/a>\n\n\n\n<p>Se inscreva nos alertas colocando abaixo o seu endere\u00e7o de e-mail. Garantimos 100% de privacidade, as suas informa\u00e7\u00f5es n\u00e3o ser\u00e3o compartilhadas.<\/p>\n\n\n\t<form class=\"bit-short-subscribe \" method=\"POST\" >\n\t\t<div class=\"bit-short-subscribe__inner\">\n\t\t\t<input class=\"bit-mail-short-email\" oninvalid=\"this.setCustomValidity('Por favor, introduza um e-mail v\u00e1lido.')\"\n\t\t\t\ttype=\"email\" name=\"bit-email\"  placeholder=\"E-mail\" \/>\n\t\t\t<button class=\"bit-mail-short-submit bit-btn--inbox\" type=\"submit\">Subscribe<\/button>\n\t\t<\/div>\n\t\t<div class=\"bit-mail-short-message bit-alert bit-alert--primary alert alert-info\" style=\"display:none\"><\/div>\n\t<\/form>\n\t\n\n\n\n<p>Os alertas de apostas de valor s\u00e3o tamb\u00e9m <a href=\"https:\/\/twitter.com\/bitedgecom\" target=\"_blank\" rel=\"noreferrer noopener\">tuitados aqui<\/a> e publicados na nossa <a href=\"https:\/\/web.facebook.com\/BitEdge\" target=\"_blank\" rel=\"noreferrer noopener\">p\u00e1gina do Facebook<\/a>.<\/p>\n\n\n\n<h2 class=\"wp-block-heading\"><strong>Defini\u00e7\u00e3o de uma aposta de valor<\/strong><\/h2>\n\n\n\n<p>Para cada sele\u00e7\u00e3o nas nossas compara\u00e7\u00f5es de cota\u00e7\u00f5es, calculamos a probabilidade a partir da m\u00e9dia das cota\u00e7\u00f5es em todos os sportsbooks. Levamos em conta o <a href=\"https:\/\/bitedge.com\/sports-betting-guide\/understand-odds-as-probability-with-overround\/\" target=\"_blank\" rel=\"noreferrer noopener\">overround dos sportsbooks <\/a>. Depois alertamos para quaisquer cota\u00e7\u00f5es que deem probabilidade mais de 2% melhor do que a m\u00e9dia.<\/p>\n\n\n\n<p>Portanto, se as cota\u00e7\u00f5es m\u00e9dias forem as indicadas, ent\u00e3o, os nossos alertas d\u00e3o oportunidades de apostar com uma vantagem a seu favor!<\/p>\n\n\n\n<p>Voc\u00ea pode entender isso de forma intuitiva a partir do exemplo abaixo. As cota\u00e7\u00f5es m\u00e9dias para o Chelsea eram de 2,176, mas a <a href=\"https:\/\/bitodds.com\/goto\/stake\" target=\"_blank\" rel=\"noreferrer noopener\">Stake<\/a> oferecia cota\u00e7\u00f5es de 2,37. Isso \u00e9 uma aposta de valor!<\/p>\n\n\n\n<div class=\"wp-block-image\"><figure class=\"aligncenter size-large\"><img decoding=\"async\" width=\"882\" height=\"1024\" src=\"https:\/\/bitodds.com\/wp-content\/uploads\/2021\/03\/value-bet-882x1024.png\" alt=\"\" class=\"wp-image-33412\" srcset=\"https:\/\/bitodds.com\/wp-content\/uploads\/2021\/03\/value-bet-882x1024.png 882w, https:\/\/bitodds.com\/wp-content\/uploads\/2021\/03\/value-bet-258x300.png 258w, https:\/\/bitodds.com\/wp-content\/uploads\/2021\/03\/value-bet-830x963.png 830w, https:\/\/bitodds.com\/wp-content\/uploads\/2021\/03\/value-bet-366x425.png 366w, https:\/\/bitodds.com\/wp-content\/uploads\/2021\/03\/value-bet-160x186.png 160w, https:\/\/bitodds.com\/wp-content\/uploads\/2021\/03\/value-bet-28x32.png 28w, https:\/\/bitodds.com\/wp-content\/uploads\/2021\/03\/value-bet-55x64.png 55w, https:\/\/bitodds.com\/wp-content\/uploads\/2021\/03\/value-bet-45x52.png 45w, https:\/\/bitodds.com\/wp-content\/uploads\/2021\/03\/value-bet-90x104.png 90w, https:\/\/bitodds.com\/wp-content\/uploads\/2021\/03\/value-bet.png 984w\" sizes=\"(max-width: 882px) 100vw, 882px\" \/><\/figure><\/div>\n\n\n\n<p>Lembre-se que os termos de servi\u00e7o da maioria dos sportsbooks permitem o reembolso de apostas se as cota\u00e7\u00f5es forem obviamente incorretas devido a erro humano. Se o favorito de baixo retorno em todos os outros sportsbooks for o subestimado de alto retorno em um sportsbook, isso \u00e9 muito provavelmente devido a erro humano e n\u00e3o \u00e9 uma aposta de valor.<\/p>\n\n\n\n<p>Filtramos essas para voc\u00ea e fazemos testes reais para confirmar que as apostas sobre as quais alertamos est\u00e3o dispon\u00edveis nos sportsbooks.<\/p>\n\n\n\n<h2 class=\"wp-block-heading\"><strong>Os sportsbooks de criptomoedas n\u00e3o te bloquear\u00e3o ou limitar\u00e3o por fazer essas apostas<\/strong><\/h2>\n\n\n\n<p>Uma vez que os sportsbooks de moeda estatal bloqueiam ou limitam frequentemente os apostadores rent\u00e1veis, a quest\u00e3o mais comum que nos \u00e9 colocada \u00e9 se os sportsbooks de criptomoedas far\u00e3o o mesmo? A resposta \u00e9 n\u00e3o, porque n\u00e3o podem.<\/p>\n\n\n\n<p>Inclu\u00edmos apenas sportsbooks an\u00f4nimos com <a href=\"https:\/\/bitedge.com\/blog\/end-to-end-crypto-sportsbooks-vs-government-currency-sportsbooks-that-accept-crypto\/\" target=\"_blank\" rel=\"noreferrer noopener\">criptografia de ponta a ponta<\/a>. Se eles bloquearem ou limitarem a sua conta por ser lucrativa, voc\u00ea pode simplesmente fazer uma nova conta, portanto, n\u00e3o o far\u00e3o.<\/p>\n\n\n\n<p>Infelizmente, alguns desses sportsbooks de criptomoedas pediram identifica\u00e7\u00e3o aos apostadores. Contudo, isso s\u00f3 acontece quando o sportsbook suspeita de fraude, tal como gastos duplos, abuso de b\u00f4nus ou <a href=\"https:\/\/bitedge.com\/blog\/geo-blocking-in-crypto-gambling\/\" target=\"_blank\" rel=\"noreferrer noopener\">apostas provenientes de um pa\u00eds bloqueado<\/a>, n\u00e3o por apostas lucrativas.<\/p>\n\n\n\n<h2 class=\"wp-block-heading\"><strong>C\u00e1lculo de uma aposta de valor<\/strong><\/h2>\n\n\n<pre class=\"bit-codesnippet\"><code class=\"code-block markup\">Probabilidade impl\u00edcita = cota\u00e7\u00f5es convertidas em probabilidade\n\n\nProbabilidade verdadeira = cota\u00e7\u00f5es menos o overround convertido em probabilidade<\/code><\/pre>\n\n\n\n<p>As apostas de valor s\u00e3o detectadas utilizando as cota\u00e7\u00f5es de cada sportsbook e arredondadas para determinar a verdadeira probabilidade que cada sportsbook atribui a uma aposta vencedora. Depois, tomando a m\u00e9dia dessas probabilidades verdadeiras em todos os sportsbooks e presumindo que esta \u00e9 uma boa aproxima\u00e7\u00e3o da probabilidade verdadeira de uma aposta ganhar.<\/p>\n\n\n\n<p>Utilizando essa probabilidade m\u00e9dia verdadeira, podemos ent\u00e3o estimar o valor esperado de apostas com as melhores cota\u00e7\u00f5es dispon\u00edveis. Se o valor esperado for superior a 2%, o consideramos uma aposta de valor.<\/p>\n\n\n\n<p>Alertamos apenas para as apostas de valor onde as cota\u00e7\u00f5es decimais s\u00e3o inferiores a 5 e o jogo decorre em um prazo inferior a 3 dias.<\/p>\n\n\n\n<h3 class=\"wp-block-heading\"><strong>Exemplo do mundo real<\/strong><\/h3>\n\n\n\n<p>Para compreender exatamente como as apostas de valor s\u00e3o encontradas, suponha que as cota\u00e7\u00f5es para o <em>Real Salt Lake no Minnesota United FC<\/em> s\u00e3o como a seguir e fique de olho nas cota\u00e7\u00f5es de empate da <a href=\"https:\/\/bitodds.com\/goto\/sportsbet\/\" target=\"_blank\" rel=\"noreferrer noopener\">Sportsbet<\/a>:<\/p>\n\n\n\n<figure class=\"wp-block-table\"><table><thead><tr><th><\/th><th>Salt Lake<\/th><th>Empate<\/th><th>Minnesota<\/th><\/tr><\/thead><tbody><tr><td>Cloudbet<\/td><td>4.39<\/td><td>3.51<\/td><td>1.87<\/td><\/tr><tr><td>Stake<\/td><td>4.3<\/td><td>3.45<\/td><td>1.85<\/td><\/tr><tr><td>Sportsbet<\/td><td>3.71<\/td><td><strong><span style=\"text-decoration: underline;\">3.91<\/span><\/strong><\/td><td>1.85<\/td><\/tr><tr><td>Nitrogen<\/td><td>4.2<\/td><td>3.35<\/td><td>1.81<\/td><\/tr><tr><td>BetBTC<\/td><td>4.367<\/td><td>3.497<\/td><td>1.876<\/td><\/tr><tr><td>Betcoin<\/td><td>4.3<\/td><td>3.45<\/td><td>1.85<\/td><\/tr><\/tbody><\/table><\/figure>\n\n\n\n<p>Primeiro calculamos a &#8220;probabilidade impl\u00edcita&#8221; para cada uma dessas cota\u00e7\u00f5es. Isso \u00e9 o que a probabilidade seria se a vantagem do sportsbook fosse 0. A probabilidade impl\u00edcita \u00e9:<\/p>\n\n\n\n<pre class=\"wp-block-code\"><code>probabilidade_impl\u00edcita = 1 \/ cota\u00e7\u00f5es \u00d7 100%<\/code><\/pre>\n\n\n\n<p>Aplicando esta f\u00f3rmula \u00e0 tabela acima, obtemos:<\/p>\n\n\n\n<figure class=\"wp-block-table\"><table><thead><tr><th><\/th><th>Salt Lake<\/th><th>Empate<\/th><th>Minnesota<\/th><\/tr><\/thead><tbody><tr><td>Cloudbet<\/td><td>22.8<\/td><td>28.5<\/td><td>53.5<\/td><\/tr><tr><td>Stake<\/td><td>23.3<\/td><td>29<\/td><td>54.1<\/td><\/tr><tr><td>Sportsbet<\/td><td>27<\/td><td><strong><span style=\"text-decoration: underline;\">25.6<\/span><\/strong><\/td><td>54.1<\/td><\/tr><tr><td>Nitrogen<\/td><td>23.8<\/td><td>29.9<\/td><td>55.2<\/td><\/tr><tr><td>BetBTC<\/td><td>22.9<\/td><td>28.6<\/td><td>53.3<\/td><\/tr><tr><td>Betcoin<\/td><td>23.3<\/td><td>29<\/td><td>54.1<\/td><\/tr><\/tbody><\/table><\/figure>\n\n\n\n<p>Sabemos que as probabilidades impl\u00edcitas n\u00e3o s\u00e3o aquelas que os sportbooks acreditam que as verdadeiras probabilidades sejam, porque os sportbooks reduzem as cota\u00e7\u00f5espara se darem uma vantagem. Podemos estimar o que os sportbooks acreditam ser as verdadeiras probabilidades dividindo as probabilidades impl\u00edcitas por uma medida da vantagem dos sportbooks conhecida como o &#8220;overround&#8221;.<\/p>\n\n\n\n<p>O overround \u00e9 quanto a soma das probabilidades impl\u00edcitas excede 100%. Por exemplo, na tabela acima, o overround da Cloudbet seria:<\/p>\n\n\n\n<pre class=\"wp-block-code\"><code>overround = 22,8 + 28,5 + 53,5 - 100 = 4,8<\/code><\/pre>\n\n\n\n<p>Se calcularmos o overround para cada sportbook, obtemos:<\/p>\n\n\n\n<figure class=\"wp-block-table\"><table><thead><tr><th><\/th><th>Overround<\/th><\/tr><\/thead><tbody><tr><td>Cloudbet<\/td><td>4.75<\/td><\/tr><tr><td>Stake<\/td><td>6.3<\/td><\/tr><tr><td>Sportsbet<\/td><td><strong><span style=\"text-decoration: underline;\">6.58<\/span><\/strong><\/td><\/tr><tr><td>Nitrogen<\/td><td>8.91<\/td><\/tr><tr><td>BetBTC<\/td><td>4.8<\/td><\/tr><tr><td>Betcoin<\/td><td>6.3<\/td><\/tr><\/tbody><\/table><\/figure>\n\n\n\n<p>Podemos utilizar o overround para estimar as previs\u00f5es dos sportbooks sobre as probabilidades verdadeiras utilizando:<\/p>\n\n\n\n<pre class=\"wp-block-code\"><code>probabilidade_sportsbook = probabilidade_impl\u00edcita \/ (1 + overround)<\/code><\/pre>\n\n\n\n<p>Aplicando esta f\u00f3rmula, obtemos:<\/p>\n\n\n\n<figure class=\"wp-block-table\"><table><thead><tr><th><\/th><th>Salt Lake<\/th><th>Empate<\/th><th>Minnesota<\/th><\/tr><\/thead><tbody><tr><td>Cloudbet<\/td><td>21.7<\/td><td>27.2<\/td><td>51.1<\/td><\/tr><tr><td>Stake<\/td><td>21.9<\/td><td>27.3<\/td><td>50.9<\/td><\/tr><tr><td>Sportsbet<\/td><td>25.3<\/td><td><strong><span style=\"text-decoration: underline;\">24<\/span><\/strong><\/td><td>50.7<\/td><\/tr><tr><td>Nitrogen<\/td><td>21.9<\/td><td>27.4<\/td><td>50.7<\/td><\/tr><tr><td>BetBTC<\/td><td>21.9<\/td><td>27.3<\/td><td>50.9<\/td><\/tr><tr><td>Betcoin<\/td><td>21.9<\/td><td>27.3<\/td><td>50.9<\/td><\/tr><\/tbody><\/table><\/figure>\n\n\n\n<p>Podemos, ent\u00e3o, tomar a m\u00e9dia em todos os sportbooks para obter a nossa melhor estimativa da probabilidade verdadeira:<\/p>\n\n\n\n<figure class=\"wp-block-table\"><table><thead><tr><th><\/th><th>Salt Lake<\/th><th>Empate<\/th><th>Minnesota<\/th><\/tr><\/thead><tbody><tr><td>Probabilidade m\u00e9dia<\/td><td>22.4<\/td><td><strong><span style=\"text-decoration: underline;\"><span style=\"color:#d9ddeb\" class=\"has-inline-color\">26.7<\/span><\/span><\/strong><\/td><td>50.8<\/td><\/tr><\/tbody><\/table><\/figure>\n\n\n\n<p>Finalmente, podemos calcular o valor esperado de cada aposta usando a nossa estimativa da probabilidade verdadeira e das probabilidades do sportsbook:<\/p>\n\n\n\n<pre class=\"wp-block-code\"><code>valor_esperado = probabilidade \u00d7 cota\u00e7\u00f5es - 100%<\/code><\/pre>\n\n\n\n<p>Isto resulta em:<\/p>\n\n\n\n<figure class=\"wp-block-table\"><table><thead><tr><th><\/th><th>Salt Lake<\/th><th>Empate<\/th><th>Minnesota<\/th><\/tr><\/thead><tbody><tr><td>Cloudbet<\/td><td>-1.6<\/td><td>-6.1<\/td><td>-4.9<\/td><\/tr><tr><td>Stake<\/td><td>-3.6<\/td><td>-7.8<\/td><td>-5.9<\/td><\/tr><tr><td>Sportsbet<\/td><td>-16.8<\/td><td><strong><span style=\"text-decoration: underline;\">4.5<\/span><\/strong><\/td><td>-5.9<\/td><\/tr><tr><td>Nitrogen<\/td><td>-5.8<\/td><td>-10.4<\/td><td>-8<\/td><\/tr><tr><td>BetBTC<\/td><td>-2.1<\/td><td>-6.5<\/td><td>-4.6<\/td><\/tr><tr><td>Betcoin<\/td><td>-3.6<\/td><td>-7.8<\/td><td>-5.9<\/td><\/tr><\/tbody><\/table><\/figure>\n\n\n\n<p>Agora procuramos valores positivos e descobrimos que apostar em um empate na <a href=\"https:\/\/bitodds.com\/goto\/sportsbet\/\" target=\"_blank\" rel=\"noreferrer noopener\">Sportsbet<\/a> tem um valor esperado de 4,5%. Isso implica que essa aposta ir\u00e1, em m\u00e9dia, produzir um lucro de 4,5%.<\/p>\n\n\n\n<p>Boa sorte e divirta-se!<\/p>\n","protected":false},"excerpt":{"rendered":"<p>Criamos um alerta instant\u00e2neo que detecta apostas de valor. Descobrimos valores at\u00edpicos em que um sportsbook oferece cota\u00e7\u00f5es significativamente mais elevadas do que o resto do mercado. Essas s\u00e3o apostas de valor esperado positivo, pelo que voc\u00ea ter\u00e1 uma vantagem&hellip;<\/p>\n","protected":false},"author":1,"featured_media":0,"parent":0,"menu_order":0,"comment_status":"open","ping_status":"closed","template":"","meta":{"_acf_changed":false,"footnotes":""},"acf":[],"_links":{"self":[{"href":"https:\/\/bitodds.com\/pt\/wp-json\/wp\/v2\/pages\/50895"}],"collection":[{"href":"https:\/\/bitodds.com\/pt\/wp-json\/wp\/v2\/pages"}],"about":[{"href":"https:\/\/bitodds.com\/pt\/wp-json\/wp\/v2\/types\/page"}],"author":[{"embeddable":true,"href":"https:\/\/bitodds.com\/pt\/wp-json\/wp\/v2\/users\/1"}],"replies":[{"embeddable":true,"href":"https:\/\/bitodds.com\/pt\/wp-json\/wp\/v2\/comments?post=50895"}],"version-history":[{"count":1,"href":"https:\/\/bitodds.com\/pt\/wp-json\/wp\/v2\/pages\/50895\/revisions"}],"predecessor-version":[{"id":50896,"href":"https:\/\/bitodds.com\/pt\/wp-json\/wp\/v2\/pages\/50895\/revisions\/50896"}],"wp:attachment":[{"href":"https:\/\/bitodds.com\/pt\/wp-json\/wp\/v2\/media?parent=50895"}],"curies":[{"name":"wp","href":"https:\/\/api.w.org\/{rel}","templated":true}]}}