{"id":51087,"date":"2021-06-26T18:28:16","date_gmt":"2021-06-26T18:28:16","guid":{"rendered":"https:\/\/staging.bitodds.com\/?page_id=51087"},"modified":"2021-06-28T04:30:49","modified_gmt":"2021-06-28T04:30:49","slug":"crypto-sportsbook-bonuses","status":"publish","type":"page","link":"https:\/\/bitodds.com\/fr\/crypto-sportsbook-bonuses\/","title":{"rendered":"Des bonus de paris sportifs en cryptomonnaie exclusifs"},"content":{"rendered":"\n<p>Ces bonus de paris sportifs en cryptomonnaie exclusifs sont un excellent moyen de commencer \u00e0 vous constituer des fonds et de parier tout en vous amusant. M\u00eame si vous perdez quelques uns de vos premiers paris, vous pouvez toujours r\u00e9aliser un b\u00e9n\u00e9fice gr\u00e2ce \u00e0 votre bonus&nbsp;!<\/p>\n\n\n\n<p>Nous vous recommandons de ne pas choisir un site de paris sportifs uniquement en fonction des bonus. Il existe de nombreux autres facteurs&nbsp;; ces bonus sont ainsi class\u00e9s globalement du meilleur au pire site de paris sportifs dans nos <a href=\"https:\/\/bitedge.com\/crypto-sportsbook-reviews\/\" target=\"_blank\" rel=\"noreferrer noopener\">avis par \u00e9crit et en vid\u00e9o<\/a>.<\/p>\n\n\n<div class=\"bonus-reviews loading\">\n\t\t\t\t<div class=\"bonus-review-container bonus-review-container--operator-24862\">\n\t\t\t\t\t<a class=\"\" href=\"https:\/\/bitodds.com\/goto\/stake\" title=\"Stake\" rel=\"nofollow\" target=\"_blank\"><img decoding=\"async\" class=\"theme-logo skip-lazy bonus-logo-link no-zoom pulse-hover\" src=\"https:\/\/bitodds.com\/wp-content\/uploads\/2020\/10\/stake-dark-logo.svg\" alt=\"Logo Stake\" \/><\/a>\t\t\t\t\t\n\t\t\t\t\t<p><a href=\"https:\/\/bitodds.com\/goto\/stake\/\">Stake<\/a>\u00a0propose un programme VIP gr\u00e2ce auquel vous pouvez recevoir du rakeback, des bonus hebdomadaires et mensuels, ainsi que des bonus de mise \u00e0 niveau (attribu\u00e9s lorsque vous passez au niveau sup\u00e9rieur).<\/p>\n<p>Plus vous \u00eates class\u00e9(e) \u00e0 un rang \u00e9lev\u00e9 (allant de Bronze \u00e0 Diamant), plus les bonus augmentent. Il est tr\u00e8s facile de garder un \u0153il sur votre statut actuel en utilisant la barre de suivi qui est \u00e0 la fois claire et magnifiquement con\u00e7ue.<\/p>\n<p>Stake\u00a0ajoutera \u00e9galement des promotions al\u00e9atoires \u00e0 votre compte et vous en informera par e-mail \u2013 c&rsquo;est toujours une agr\u00e9able surprise\u00a0!<\/p>\n\n\t\t\t\t\t\t\t\t\t\t\t<a class=\"get-bonus-btn bit-btn bit-btn--arrow-right\" href=\"https:\/\/bitodds.com\/goto\/stake\" target=\"_blank\" rel=\"nofollow\">\n\t\t\t\t\t\t\t<span class=\"text\">Recevoir le bonus<\/span>\n\t\t\t\t\t\t<\/a>\n\t\t\t\t\t\n\t\t\t\t\t<div style=\"clear: both;\"><\/div>\n\t\t\t\t\t\n\t\t\t\t<\/div><!-- .bonus-review-container -->\n\t\t\t\n\t\t\t\t<div class=\"bonus-review-container bonus-review-container--operator-53092\">\n\t\t\t\t\t<a class=\"\" href=\"https:\/\/bitodds.com\/goto\/bc.game\" title=\"BC.Game\" rel=\"nofollow\" target=\"_blank\"><img decoding=\"async\" class=\"theme-logo skip-lazy bonus-logo-link no-zoom pulse-hover\" src=\"https:\/\/bitodds.com\/wp-content\/uploads\/2022\/11\/bc-game-logo.jpg\" alt=\"Logo BC.Game\" \/><\/a>\t\t\t\t\t<span class=\"bit-exclusive-bonus-text\">Bonus exclusif\u00a0!<\/span>\n\t\t\t\t\t\n\t\t\t\t\t\t\t\t\t\t\t<a class=\"get-bonus-btn bit-btn bit-btn--arrow-right\" href=\"https:\/\/bitodds.com\/goto\/bc.game\" target=\"_blank\" rel=\"nofollow\">\n\t\t\t\t\t\t\t<span class=\"text\">Recevoir le bonus<\/span>\n\t\t\t\t\t\t<\/a>\n\t\t\t\t\t\n\t\t\t\t\t<div style=\"clear: both;\"><\/div>\n\t\t\t\t\t\n\t\t\t\t<\/div><!-- .bonus-review-container -->\n\t\t\t\n\t\t\t\t<div class=\"bonus-review-container bonus-review-container--operator-14064\">\n\t\t\t\t\t<a class=\"\" href=\"https:\/\/bitodds.com\/goto\/cloudbet\" title=\"Cloudbet\" rel=\"nofollow\" target=\"_blank\"><img decoding=\"async\" class=\"theme-logo skip-lazy bonus-logo-link no-zoom pulse-hover\" src=\"https:\/\/bitodds.com\/wp-content\/uploads\/2020\/10\/cloudbet-dark-logo.svg\" alt=\"Logo Cloudbet\" \/><\/a>\t\t\t\t\t<span class=\"bit-exclusive-bonus-text\">Bonus exclusif\u00a0!<\/span>\n\t\t\t\t\t<p>Vous pouvez uniquement recevoir ce bonus ici, sur BitOdds.<\/p>\n<p>Effectuez un premier d\u00e9p\u00f4t de 10\u00a0m\u0e3f ou \u00e9quivalent et vous recevrez 88\u00a0tours gratuits dans le casino\u00a0!<\/p>\n<p>Les fonds remport\u00e9s seront soumis aux exigences standard de Cloudbet, \u00e0 savoir une remise en jeu de x30.<\/p>\n<p>Vous recevrez \u00e9galement le bonus standard de Cloudbet de 100\u00a0% sur le premier d\u00e9p\u00f4t, allant jusqu&rsquo;\u00e0 5\u00a0\u0e3fet pay\u00e9 par incr\u00e9ments de 10\u00a0m\u0e3f i.<\/p>\n<p>Il s&rsquo;agit l\u00e0 du plus gros bonus (et du meilleur) propos\u00e9 par un site de paris sportifs\u00a0!<\/p>\n\n\t\t\t\t\t\t\t\t\t\t\t<a class=\"get-bonus-btn bit-btn bit-btn--arrow-right\" href=\"https:\/\/bitodds.com\/goto\/cloudbet\" target=\"_blank\" rel=\"nofollow\">\n\t\t\t\t\t\t\t<span class=\"text\">Recevoir le bonus<\/span>\n\t\t\t\t\t\t<\/a>\n\t\t\t\t\t\n\t\t\t\t\t<div style=\"clear: both;\"><\/div>\n\t\t\t\t\t\n\t\t\t\t<\/div><!-- .bonus-review-container -->\n\t\t\t\n\t\t\t\t<div class=\"bonus-review-container bonus-review-container--operator-52872\">\n\t\t\t\t\t<a class=\"\" href=\"https:\/\/bitodds.com\/goto\/bitsler\" title=\"Bitsler\" rel=\"nofollow\" target=\"_blank\"><img decoding=\"async\" class=\"theme-logo skip-lazy bonus-logo-link no-zoom pulse-hover\" src=\"https:\/\/bitodds.com\/wp-content\/uploads\/2022\/07\/Bitsler-logo-dark.svg\" alt=\"Logo Bitsler\" \/><\/a>\t\t\t\t\t\n\t\t\t\t\t\n\t\t\t\t\t\t\t\t\t\t\t<a class=\"get-bonus-btn bit-btn bit-btn--arrow-right\" href=\"https:\/\/bitodds.com\/goto\/bitsler\" target=\"_blank\" rel=\"nofollow\">\n\t\t\t\t\t\t\t<span class=\"text\">Recevoir le bonus<\/span>\n\t\t\t\t\t\t<\/a>\n\t\t\t\t\t\n\t\t\t\t\t<div style=\"clear: both;\"><\/div>\n\t\t\t\t\t\n\t\t\t\t<\/div><!-- .bonus-review-container -->\n\t\t\t\n\t\t\t\t<div class=\"bonus-review-container bonus-review-container--operator-14073\">\n\t\t\t\t\t<a class=\"\" href=\"https:\/\/bitodds.com\/goto\/betcoin\" title=\"Betcoin\" rel=\"nofollow\" target=\"_blank\"><img decoding=\"async\" class=\"theme-logo skip-lazy bonus-logo-link no-zoom pulse-hover\" src=\"https:\/\/bitodds.com\/wp-content\/uploads\/2020\/10\/betcoin-logo-dark-theme-new-160x40.png\" alt=\"Logo Betcoin\" \/><\/a>\t\t\t\t\t<span class=\"bit-exclusive-bonus-text\">Bonus exclusif\u00a0!<\/span>\n\t\t\t\t\t<p>Vous pouvez uniquement recevoir ce bonus ici, sur BitOdds\u00a0!<\/p>\n<p>Bonus de 50\u00a0% sur le 1er d\u00e9p\u00f4t allant jusqu&rsquo;\u00e0 100\u00a0m\u0e3f pour les paris sportifs\u00a0!<\/p>\n<p>Remise en jeu de x15 (d\u00e9p\u00f4t + bonus) \u00e0 une cote d&rsquo;au moins 1.67 avant le retrait.<\/p>\n<p>Vous recevrez \u00e9galement le bonus de d\u00e9p\u00f4t standard de 100\u00a0% allant jusqu&rsquo;\u00e0 1000\u00a0m\u0e3f pour le casino. Les deux bonus peuvent \u00eatre r\u00e9clam\u00e9s via un billet d&rsquo;assistance et seront ajout\u00e9s dans un d\u00e9lai de 24\u00a0heures.<\/p>\n\n\t\t\t\t\t\t\t\t\t\t\t<a class=\"get-bonus-btn bit-btn bit-btn--arrow-right\" href=\"https:\/\/bitodds.com\/goto\/betcoin\" target=\"_blank\" rel=\"nofollow\">\n\t\t\t\t\t\t\t<span class=\"text\">Recevoir le bonus<\/span>\n\t\t\t\t\t\t<\/a>\n\t\t\t\t\t\n\t\t\t\t\t<div style=\"clear: both;\"><\/div>\n\t\t\t\t\t\n\t\t\t\t<\/div><!-- .bonus-review-container -->\n\t\t\t\n\t\t\t\t<div class=\"bonus-review-container bonus-review-container--operator-52472\">\n\t\t\t\t\t<a class=\"\" href=\"https:\/\/bitodds.com\/goto\/nitrobetting\" title=\"Nitrobetting\" rel=\"nofollow\" target=\"_blank\"><img decoding=\"async\" class=\"theme-logo skip-lazy bonus-logo-link no-zoom pulse-hover\" src=\"https:\/\/bitodds.com\/wp-content\/uploads\/2022\/05\/logo-nitrobetting-logo-160x26.png\" alt=\"Logo Nitrobetting\" \/><\/a>\t\t\t\t\t\n\t\t\t\t\t<p>100% first deposit match on sports betting only or slots only or poker only. Also if your first bet loses you get a free bet of the same amount.<\/p>\n\n\t\t\t\t\t\t\t\t\t\t\t<a class=\"get-bonus-btn bit-btn bit-btn--arrow-right\" href=\"https:\/\/bitodds.com\/goto\/nitrobetting\" target=\"_blank\" rel=\"nofollow\">\n\t\t\t\t\t\t\t<span class=\"text\">Recevoir le bonus<\/span>\n\t\t\t\t\t\t<\/a>\n\t\t\t\t\t\n\t\t\t\t\t<div style=\"clear: both;\"><\/div>\n\t\t\t\t\t\n\t\t\t\t<\/div><!-- .bonus-review-container -->\n\t\t\t\n\t\t\t\t<div class=\"bonus-review-container bonus-review-container--operator-14150\">\n\t\t\t\t\t<a class=\"\" href=\"https:\/\/bitodds.com\/goto\/sportsbet\" title=\"Sportsbet\" rel=\"nofollow\" target=\"_blank\"><img decoding=\"async\" class=\"theme-logo skip-lazy bonus-logo-link no-zoom pulse-hover\" src=\"https:\/\/bitodds.com\/wp-content\/uploads\/2020\/10\/sportsbet-logo-dark.svg\" alt=\"Logo Sportsbet\" \/><\/a>\t\t\t\t\t\n\t\t\t\t\t<p>Tous les bonus sur\u00a0<a href=\"https:\/\/bitodds.com\/goto\/sportsbet\">Sportsbet<\/a>\u00a0passent par le programme de r\u00e9compenses Clubhouse. Au fur et \u00e0 mesure que vous passez les niveaux, qui commencent \u00e0 Argent et vont jusqu&rsquo;\u00e0 Diamant, vous recevez des paris gratuits, des tours gratuits, des mains gratuites ou du cashback, tous adapt\u00e9s \u00e0 votre style de jeu personnel. Vous recevez des points lorsque vous placez des paris sportifs ou misez sur des tours ou des jeux de table.<\/p>\n<p>Vous pouvez suivre l&rsquo;ensemble de votre progression de mani\u00e8re claire et simple gr\u00e2ce au tracker.<\/p>\n<p>Le programme en lui-m\u00eame est sympathique, mais c&rsquo;est dommage qu&rsquo;il n&rsquo;y ait pas de bonus sur le premier d\u00e9p\u00f4t.<\/p>\n\n\t\t\t\t\t\t\t\t\t\t\t<a class=\"get-bonus-btn bit-btn bit-btn--arrow-right\" href=\"https:\/\/bitodds.com\/goto\/sportsbet\" target=\"_blank\" rel=\"nofollow\">\n\t\t\t\t\t\t\t<span class=\"text\">Recevoir le bonus<\/span>\n\t\t\t\t\t\t<\/a>\n\t\t\t\t\t\n\t\t\t\t\t<div style=\"clear: both;\"><\/div>\n\t\t\t\t\t\n\t\t\t\t<\/div><!-- .bonus-review-container -->\n\t\t\t\n\t\t\t\t<div class=\"bonus-review-container bonus-review-container--operator-33955\">\n\t\t\t\t\t<a class=\"\" href=\"https:\/\/bitodds.com\/goto\/trustdice\" title=\"TrustDice\" rel=\"nofollow\" target=\"_blank\"><img decoding=\"async\" class=\"theme-logo skip-lazy bonus-logo-link no-zoom pulse-hover\" src=\"https:\/\/bitodds.com\/wp-content\/uploads\/2021\/06\/trustdice-logo-dark.svg\" alt=\"Logo TrustDice\" \/><\/a>\t\t\t\t\t\n\t\t\t\t\t<p>Apr\u00e8s avoir cr\u00e9\u00e9 votre compte, vous pouvez obtenir 30 tours gratuits en renseignant le code bonus FS202106151434 dans la rubrique \u00ab\u00a0Bonus\u00a0\u00bb de votre compte <a href=\"https:\/\/trustdice.win\/account\/bonuses\" rel=\"noopener\">TrustDice<\/a>.<\/p>\n<p>Si votre premier pari sportif est perdant, votre mise sera rembours\u00e9e sous forme de pari gratuit. Le remboursement maximal possible est de 1,5\u00a0m\u0e3f et il expire au bout de 48\u00a0heures. Nous vous proposons aussi des\u00a0<a href=\"https:\/\/bitvegas.com\/crypto-casino-guide\/crypto-casino-bonuses\/\" rel=\"noopener\">bonus sur le casino<\/a>\u00a0et\u00a0<a href=\"https:\/\/bitroll.com\/crypto-dice-guide\/crypto-dice-bonuses\/\" rel=\"noopener\">les jeux de d\u00e9s<\/a>.<\/p>\n\n\t\t\t\t\t\t\t\t\t\t\t<a class=\"get-bonus-btn bit-btn bit-btn--arrow-right\" href=\"https:\/\/bitodds.com\/goto\/trustdice\" target=\"_blank\" rel=\"nofollow\">\n\t\t\t\t\t\t\t<span class=\"text\">Recevoir le bonus<\/span>\n\t\t\t\t\t\t<\/a>\n\t\t\t\t\t\n\t\t\t\t\t<div style=\"clear: both;\"><\/div>\n\t\t\t\t\t\n\t\t\t\t<\/div><!-- .bonus-review-container -->\n\t\t\t<\/div>\n","protected":false},"excerpt":{"rendered":"<p>Ces bonus de paris sportifs en cryptomonnaie exclusifs sont un excellent moyen de commencer \u00e0 vous constituer des fonds et de parier tout en vous amusant. M\u00eame si vous perdez quelques uns de vos premiers paris, vous pouvez toujours r\u00e9aliser&hellip;<\/p>\n","protected":false},"author":1,"featured_media":0,"parent":0,"menu_order":20,"comment_status":"open","ping_status":"closed","template":"","meta":{"_acf_changed":false,"footnotes":""},"acf":[],"_links":{"self":[{"href":"https:\/\/bitodds.com\/fr\/wp-json\/wp\/v2\/pages\/51087"}],"collection":[{"href":"https:\/\/bitodds.com\/fr\/wp-json\/wp\/v2\/pages"}],"about":[{"href":"https:\/\/bitodds.com\/fr\/wp-json\/wp\/v2\/types\/page"}],"author":[{"embeddable":true,"href":"https:\/\/bitodds.com\/fr\/wp-json\/wp\/v2\/users\/1"}],"replies":[{"embeddable":true,"href":"https:\/\/bitodds.com\/fr\/wp-json\/wp\/v2\/comments?post=51087"}],"version-history":[{"count":2,"href":"https:\/\/bitodds.com\/fr\/wp-json\/wp\/v2\/pages\/51087\/revisions"}],"predecessor-version":[{"id":51179,"href":"https:\/\/bitodds.com\/fr\/wp-json\/wp\/v2\/pages\/51087\/revisions\/51179"}],"wp:attachment":[{"href":"https:\/\/bitodds.com\/fr\/wp-json\/wp\/v2\/media?parent=51087"}],"curies":[{"name":"wp","href":"https:\/\/api.w.org\/{rel}","templated":true}]}}