{"id":51070,"date":"2021-06-26T18:16:57","date_gmt":"2021-06-26T18:16:57","guid":{"rendered":"https:\/\/staging.bitodds.com\/?page_id=51070"},"modified":"2021-06-28T04:17:04","modified_gmt":"2021-06-28T04:17:04","slug":"best-odds-crypto-sportsbooks","status":"publish","type":"page","link":"https:\/\/bitodds.com\/fr\/best-odds-crypto-sportsbooks\/","title":{"rendered":"Meilleures cotes des sites de paris sportifs en cryptomonnaie"},"content":{"rendered":"\t<div class=\"sportsbook-ranking-table-wrapper\">\n\t\t<table class='sportsbook-ranking-table loading striped_minimal bit-table' data-rows=\"0\" data-rankings=\"1<sup>er<\/sup>,2<sup>\u00e8me<\/sup>,3<sup>\u00e8me<\/sup>,\">\n\t\t\t<tbody>\n\t\t\t\t<tr>\n\t\t\t\t\t<th class=\"th-ranking\"><\/th>\n\t\t\t\t\t<th class=\"th-logo\"><\/th>\n\t\t\t\t\t<th class=\"th-header\">Fr\u00e9quence de meilleures cotes<\/th>\n\t\t\t\t\t<th class=\"th-edge\">\n\t\t\t\t\t\t<a href=\"https:\/\/bitodds.com\/best-odds-crypto-sportsbooks\/\">\n\t\t\t\t\t\t\tMarge\t\t\t\t\t\t<\/a>\n\t\t\t\t\t<\/th>\n\t\t\t\t<\/tr>\n\t\t\t<tr class=\"sportsbook-ranking-table__row sportsbook-ranking-table--operator-24862\"><td><\/td><td><a class=\"\" href=\"https:\/\/bitodds.com\/goto\/stake\" title=\"Stake\" rel=\"nofollow\" target=\"_blank\"><img decoding=\"async\" class=\"theme-logo skip-lazy sportsbook-ranking-table__logo pulse-hover\" src=\"https:\/\/bitodds.com\/wp-content\/uploads\/2020\/10\/stake-dark-logo.svg\" alt=\"Logo Stake\" \/><\/a><\/td><td>47,72%<\/td><td>5,95%<\/td><\/tr><tr class=\"sportsbook-ranking-table__row sportsbook-ranking-table--operator-14064\"><td><\/td><td><a class=\"\" href=\"https:\/\/bitodds.com\/goto\/cloudbet\" title=\"Cloudbet\" rel=\"nofollow\" target=\"_blank\"><img decoding=\"async\" class=\"theme-logo skip-lazy sportsbook-ranking-table__logo pulse-hover\" src=\"https:\/\/bitodds.com\/wp-content\/uploads\/2020\/10\/cloudbet-dark-logo.svg\" alt=\"Logo Cloudbet\" \/><\/a><\/td><td>45,69%<\/td><td>5,99%<\/td><\/tr><tr class=\"sportsbook-ranking-table__row sportsbook-ranking-table--operator-52872\"><td><\/td><td><a class=\"\" href=\"https:\/\/bitodds.com\/goto\/bitsler\" title=\"Bitsler\" rel=\"nofollow\" target=\"_blank\"><img decoding=\"async\" class=\"theme-logo skip-lazy sportsbook-ranking-table__logo pulse-hover\" src=\"https:\/\/bitodds.com\/wp-content\/uploads\/2022\/07\/Bitsler-logo-dark.svg\" alt=\"Logo Bitsler\" \/><\/a><\/td><td>17,33%<\/td><td>6,83%<\/td><\/tr>\t\t\t<\/tbody>\n\t\t<\/table>\n\t<\/div>\n\t \n\n\n\n<p>De nombreux sites de paris sportifs pr\u00e9tendent proposer les meilleures cotes&nbsp;; nous en fournissons la preuve, de mani\u00e8re ind\u00e9pendante et impartiale&nbsp;!<\/p>\n\n\n\n<p>Nous faisons des calculs pour d\u00e9terminer les sites de paris sportifs qui proposent les meilleures cotes ainsi que leur <a href=\"https:\/\/bitedge.com\/sports-betting-guide\/understand-odds-as-probability-with-overround\/\" target=\"_blank\" rel=\"noreferrer noopener\">marge<\/a>&nbsp;sur chaque pari affich\u00e9 dans nos comparaisons de cotes. Nous proposons ainsi <strong><strong>289<\/strong>&nbsp;\u00e9v\u00e8nements<\/strong>,&nbsp;<strong>&nbsp;<strong>1823<\/strong>&nbsp;paris<\/strong>&nbsp;et&nbsp;<strong><strong>5433<\/strong>&nbsp;cotes individuelles<\/strong>&nbsp;mises \u00e0 jour toutes les 10&nbsp;minutes.<\/p>\n\n\n\n<p>Si vous ne souhaitez pas comparer les cotes pour chaque pari que vous placez, il vous suffit de vous inscrire sur le site de paris sportifs qui poss\u00e8de la marge la plus faible. Vous savez ainsi que, globalement, c&rsquo;est une valeur s\u00fbre.<\/p>\n\n\n\n<p>Si les meilleures cotes propos\u00e9es par 2&nbsp;sites de paris sportifs sont identiques, ceux-ci sont tous les deux consid\u00e9r\u00e9s comme offrant les meilleures cotes. Les pourcentages de la \u00ab&nbsp;fr\u00e9quence de meilleures cotes&nbsp;\u00bb peuvent alors d\u00e9passer les 100&nbsp;%.<\/p>\n\n\n\n<p><a href=\"https:\/\/bitodds.com\/goto\/sportsbet\/\" target=\"_blank\" rel=\"noreferrer noopener\">Sportsbet<\/a>, l&rsquo;un des meilleurs sites de paris sportifs en cryptomonnaie, poss\u00e8de une fonction de boost des prix, laquelle lui permet d&rsquo;am\u00e9liorer consid\u00e9rablement ses cotes et de proposer les meilleures (ou quasiment les meilleures) cotes pour n&rsquo;importe quel pari. L&rsquo;inconv\u00e9nient est que vous pouvez utiliser cette fonction seulement une fois par jour et par sport.<\/p>\n\n\n\n<p>Les cotes ne sont pas la seule chose \u00e0 prendre en compte lorsque vous choisissez un site de paris sportifs. Prenez \u00e9galement en compte tous les \u00e9l\u00e9ments qui sont mentionn\u00e9s en d\u00e9tail, par \u00e9crit ou sur une vid\u00e9o, dans nos <a href=\"https:\/\/bitedge.com\/crypto-sportsbook-reviews\/\" target=\"_blank\" rel=\"noreferrer noopener\">avis sur les sites de paris sportifs en cryptomonnaie<\/a>.<\/p>\n\n\n\n<p>Que les cotes soient avec vous&nbsp;!<\/p>\n\n\n\n<p><\/p>\n","protected":false},"excerpt":{"rendered":"<p>De nombreux sites de paris sportifs pr\u00e9tendent proposer les meilleures cotes&nbsp;; nous en fournissons la preuve, de mani\u00e8re ind\u00e9pendante et impartiale&nbsp;! Nous faisons des calculs pour d\u00e9terminer les sites de paris sportifs qui proposent les meilleures cotes ainsi que leur&hellip;<\/p>\n","protected":false},"author":1,"featured_media":0,"parent":0,"menu_order":10,"comment_status":"open","ping_status":"closed","template":"","meta":{"_acf_changed":false,"footnotes":""},"acf":[],"_links":{"self":[{"href":"https:\/\/bitodds.com\/fr\/wp-json\/wp\/v2\/pages\/51070"}],"collection":[{"href":"https:\/\/bitodds.com\/fr\/wp-json\/wp\/v2\/pages"}],"about":[{"href":"https:\/\/bitodds.com\/fr\/wp-json\/wp\/v2\/types\/page"}],"author":[{"embeddable":true,"href":"https:\/\/bitodds.com\/fr\/wp-json\/wp\/v2\/users\/1"}],"replies":[{"embeddable":true,"href":"https:\/\/bitodds.com\/fr\/wp-json\/wp\/v2\/comments?post=51070"}],"version-history":[{"count":2,"href":"https:\/\/bitodds.com\/fr\/wp-json\/wp\/v2\/pages\/51070\/revisions"}],"predecessor-version":[{"id":51086,"href":"https:\/\/bitodds.com\/fr\/wp-json\/wp\/v2\/pages\/51070\/revisions\/51086"}],"wp:attachment":[{"href":"https:\/\/bitodds.com\/fr\/wp-json\/wp\/v2\/media?parent=51070"}],"curies":[{"name":"wp","href":"https:\/\/api.w.org\/{rel}","templated":true}]}}