{"id":51064,"date":"2021-06-26T18:15:05","date_gmt":"2021-06-26T18:15:05","guid":{"rendered":"https:\/\/staging.bitodds.com\/?page_id=51064"},"modified":"2021-06-28T05:00:50","modified_gmt":"2021-06-28T05:00:50","slug":"responsible-gambling","status":"publish","type":"page","link":"https:\/\/bitodds.com\/fr\/responsible-gambling\/","title":{"rendered":"Jeu responsable"},"content":{"rendered":"\n<p>Si le jeu est un probl\u00e8me pour vous, vous n&rsquo;\u00eates pas seul(e)&nbsp;; il existe de nombreux moyens de recevoir de l&rsquo;aide. La plupart des sites de paris sportifs disposent de personnel form\u00e9 en mati\u00e8re de jeu responsable et proposent des limites de d\u00e9p\u00f4t et de perte auto-impos\u00e9es ainsi qu&rsquo;une option d&rsquo;auto-exclusion permanente ou temporaire. M\u00eame si vous n&rsquo;avez pas de probl\u00e8me de jeu, vous devez toujours jouer de mani\u00e8re responsable.<\/p>\n\n\n\n<p>Gamblers Anonymous a mis au point un <a href=\"http:\/\/www.gamblersanonymous.org\/ga\/content\/20-questions\" target=\"_blank\" rel=\"noreferrer noopener\">court&nbsp;questionnaire<\/a> comprenant 20&nbsp;questions dont la r\u00e9ponse est oui ou non&nbsp;; ces r\u00e9ponses peuvent vous aider \u00e0 d\u00e9terminer si vous avez un probl\u00e8me de jeu ou pas.<\/p>\n","protected":false},"excerpt":{"rendered":"<p>Si le jeu est un probl\u00e8me pour vous, vous n&rsquo;\u00eates pas seul(e)&nbsp;; il existe de nombreux moyens de recevoir de l&rsquo;aide. La plupart des sites de paris sportifs disposent de personnel form\u00e9 en mati\u00e8re de jeu responsable et proposent des&hellip;<\/p>\n","protected":false},"author":1,"featured_media":0,"parent":0,"menu_order":0,"comment_status":"open","ping_status":"closed","template":"","meta":{"_acf_changed":false,"footnotes":""},"acf":[],"_links":{"self":[{"href":"https:\/\/bitodds.com\/fr\/wp-json\/wp\/v2\/pages\/51064"}],"collection":[{"href":"https:\/\/bitodds.com\/fr\/wp-json\/wp\/v2\/pages"}],"about":[{"href":"https:\/\/bitodds.com\/fr\/wp-json\/wp\/v2\/types\/page"}],"author":[{"embeddable":true,"href":"https:\/\/bitodds.com\/fr\/wp-json\/wp\/v2\/users\/1"}],"replies":[{"embeddable":true,"href":"https:\/\/bitodds.com\/fr\/wp-json\/wp\/v2\/comments?post=51064"}],"version-history":[{"count":1,"href":"https:\/\/bitodds.com\/fr\/wp-json\/wp\/v2\/pages\/51064\/revisions"}],"predecessor-version":[{"id":51065,"href":"https:\/\/bitodds.com\/fr\/wp-json\/wp\/v2\/pages\/51064\/revisions\/51065"}],"wp:attachment":[{"href":"https:\/\/bitodds.com\/fr\/wp-json\/wp\/v2\/media?parent=51064"}],"curies":[{"name":"wp","href":"https:\/\/api.w.org\/{rel}","templated":true}]}}