{"id":51060,"date":"2021-06-26T18:13:36","date_gmt":"2021-06-26T18:13:36","guid":{"rendered":"https:\/\/staging.bitodds.com\/?page_id=51060"},"modified":"2022-08-31T03:16:47","modified_gmt":"2022-08-31T03:16:47","slug":"faq","status":"publish","type":"page","link":"https:\/\/bitodds.com\/fr\/faq\/","title":{"rendered":"Foire aux questions"},"content":{"rendered":"\n<p>Si vous avez une question qui n&rsquo;est pas list\u00e9e ici, veuillez la poser dans les commentaires ci-dessous ou <a href=\"https:\/\/bitodds.com\/contact\/\">nous contacter<\/a>.<\/p>\n\n\n<div class=\"uk-card bit-card bit-card--faq\"><div class=\"uk-card-body bit-card__body\"><div class=\"bit-card__icon\"><i class=\"fal fa-question-circle\"><\/i><\/div><h2 class=\"bit-card__header heading-link\">\u00c0 quelle fr\u00e9quence les cotes sont-elles mises \u00e0 jour ?<\/h2><p>Toutes les 15 minutes.<\/p>\n<\/div><\/div>\n\n\n<div class=\"uk-card bit-card bit-card--faq\"><div class=\"uk-card-body bit-card__body\"><div class=\"bit-card__icon\"><i class=\"fal fa-question-circle\"><\/i><\/div><h2 class=\"bit-card__header heading-link\">Pourquoi certaines cotes sont-elles en gras et soulign\u00e9es ?<\/h2><p>Les cotes <u><strong>en gras et soulign\u00e9es<\/strong><\/u> sont les meilleures cotes disponibles pour ce pari.<\/p>\n<\/div><\/div>\n\n\n<div class=\"uk-card bit-card bit-card--faq\"><div class=\"uk-card-body bit-card__body\"><div class=\"bit-card__icon\"><i class=\"fal fa-question-circle\"><\/i><\/div><h2 class=\"bit-card__header heading-link\">Puis-je voir la cote am\u00e9ricaine ou la cote fractionnaire ?<\/h2><p>Oui, veuillez d\u00e9finir votre pr\u00e9f\u00e9rence dans <a uk-toggle=\"target: #user-settings\">vos param\u00e8tres<\/a>.<\/p>\n<\/div><\/div>\n\n\n<div class=\"uk-card bit-card bit-card--faq\"><div class=\"uk-card-body bit-card__body\"><div class=\"bit-card__icon\"><i class=\"fal fa-question-circle\"><\/i><\/div><h2 class=\"bit-card__header heading-link\">Puis-je voir uniquement les sites de paris sportifs qui acceptent ma cryptomonnaie pr\u00e9f\u00e9r\u00e9e ?<\/h2><p>Oui, veuillez d\u00e9finir votre pr\u00e9f\u00e9rence dans <a uk-toggle=\"target: #user-settings\">vos param\u00e8tres<\/a>.<\/p>\n<\/div><\/div>\n\n\n<div class=\"uk-card bit-card bit-card--faq\"><div class=\"uk-card-body bit-card__body\"><div class=\"bit-card__icon\"><i class=\"fal fa-question-circle\"><\/i><\/div><h2 class=\"bit-card__header heading-link\">La cote moyenne est incorrecte<\/h2><p>La cote moyenne est compos\u00e9e de l&rsquo;ensemble des sites de paris sportifs dans les comparaisons de cotes. En raison du blocage g\u00e9ographique et de vos param\u00e8tres, il est possible que vous ne voyiez pas tous les sites de paris sportifs. Il est ainsi possible que les cotes moyennes que vous voyez ne correspondent pas aux cotes du site de paris sportifs que vous voyez.<\/p>\n<p>Par exemple, par d\u00e9faut, nous n&rsquo;afficherons pas les sites de paris sportifs qui bloquent les parieurs du <span class=\"bit-user-geoloc\">les \u00c9tats-Unis d'Am\u00e9rique<\/span>. Mais les cotes de ces sites de paris sportifs sont tout de m\u00eame compt\u00e9es dans les moyennes.<\/p>\n<p>De la m\u00eame fa\u00e7on, si vous avez d\u00e9fini vos param\u00e8tres de mani\u00e8re \u00e0 n&rsquo;afficher que les sites de paris sportifs qui acceptent l&rsquo;Ethereum, alors nous n&rsquo;afficherons pas les sites de paris sportifs qui n&rsquo;acceptent pas l&rsquo;Ethereum. Mais les cotes de ces sites de paris sportifs sont tout de m\u00eame incluses dans les moyennes.<\/p>\n<p>Vous pouvez choisir d&rsquo;afficher tous les sites de paris sportifs dans <a uk-toggle=\"target: #user-settings\">vos param\u00e8tres<\/a>.<\/p>\n<\/div><\/div>\n\n\n<div class=\"uk-card bit-card bit-card--faq\"><div class=\"uk-card-body bit-card__body\"><div class=\"bit-card__icon\"><i class=\"fal fa-question-circle\"><\/i><\/div><h2 class=\"bit-card__header heading-link\">Que signifient les diff\u00e9rents types de pari ?<\/h2><p>Trois types de paris sont affich\u00e9s dans nos comparaisons de cotes : <\/p>\n<ul>\n<li><a href=\"https:\/\/bitedge.com\/sports-betting-guide\/sports-bet-types\" target=\"_blank\" rel=\"noopener noreferrer\">R\u00e9sultat\/Vainqueur<\/a><\/li>\n<li><a href=\"https:\/\/bitedge.com\/sports-betting-guide\/points-spread-and-asian-handicap\/\" target=\"_blank\" rel=\"noopener noreferrer\">Handicap\/\u00c9cart<\/a><\/li>\n<li><a href=\"https:\/\/bitedge.com\/sports-betting-guide\/sports-bet-types\/#totals-over-under\" target=\"_blank\" rel=\"noopener noreferrer\">Total plus de\/moins de<\/a><\/li>\n<\/ul>\n<p>Le m\u00eame type de pari peut porter un nom diff\u00e9rent selon le sport.<\/p>\n<\/div><\/div>\n\n\n<div class=\"uk-card bit-card bit-card--faq\"><div class=\"uk-card-body bit-card__body\"><div class=\"bit-card__icon\"><i class=\"fal fa-question-circle\"><\/i><\/div><h2 class=\"bit-card__header heading-link\">Pourquoi ces sites de paris sportifs sont-ils inclus ?<\/h2><p>Nous incluons uniquement des sites de paris sportifs <a href=\"https:\/\/bitedge.com\/blog\/end-to-end-crypto-sportsbooks-vs-government-currency-sportsbooks-that-accept-crypto\/\" target=\"_blank\" rel=\"noopener noreferrer\">int\u00e9gralement en cryptomonnaie<\/a> anonymes. <\/p>\n<p>Lorsque nous incluons un site de paris sportifs, nous ne faisons que confirmer qu&rsquo;il est suffisamment bon pour parier dessus. Les sites de paris sportifs sont saisis dans les comparaisons de cotes dans l&rsquo;ordre de leur qualit\u00e9 globale. La meilleure qualit\u00e9 est en haut et la moins bonne qualit\u00e9 en bas.<\/p>\n<p>Vous pouvez voir ce que nous pensons en d\u00e9tail de ceux-ci, et d&rsquo;autres sites de paris sportifs en cryptomonnaie, dans nos <a href=\"https:\/\/bitedge.com\/crypto-sportsbook-reviews\/\" target=\"_blank\" rel=\"noopener noreferrer\">avis sur les sites de paris sportifs en cryptomonnaie<\/a>.<\/p>\n<\/div><\/div>\n\n\n<div class=\"uk-card bit-card bit-card--faq\"><div class=\"uk-card-body bit-card__body\"><div class=\"bit-card__icon\"><i class=\"fal fa-question-circle\"><\/i><\/div><h2 class=\"bit-card__header heading-link\">Les sites de paris sportifs en cryptomonnaie vont-ils limiter les comptes gagnants ?<\/h2><p>Non, car ils ne peuvent pas le faire.<\/p>\n<p>Nous incluons uniquement des sites de paris sportifs <a href=\"https:\/\/bitedge.com\/blog\/end-to-end-crypto-sportsbooks-vs-government-currency-sportsbooks-that-accept-crypto\/\" target=\"_blank\" rel=\"noopener noreferrer\"> int\u00e9gralement en cryptomonnaie<\/a> anonymes. S&rsquo;ils limitaient votre compte parce que vous gagnez ou \u00eates un parieur de haut vol, vous pourriez tout simplement cr\u00e9er un autre compte, donc ils ne le font pas.<\/p>\n<p>Malheureusement, certains de ces sites de paris sportifs ont demand\u00e9 des documents d&rsquo;identit\u00e9 aux utilisateurs. Toutefois, cela n&rsquo;arrive que si le site de paris sportifs suspecte une fraude, par exemple des d\u00e9penses doubles ou un abus des bonus, mais pas si vous gagnez ou \u00eates un parieur de haut vol.<\/p>\n<\/div><\/div>\n\n\n\n<p>Si vous avez une question qui n&rsquo;est pas list\u00e9e ici, veuillez la poser dans les commentaires ci-dessous ou <a href=\"https:\/\/bitodds.com\/contact\">nous contacter<\/a>.<\/p>\n","protected":false},"excerpt":{"rendered":"<p>Si vous avez une question qui n&rsquo;est pas list\u00e9e ici, veuillez la poser dans les commentaires ci-dessous ou nous contacter. Si vous avez une question qui n&rsquo;est pas list\u00e9e ici, veuillez la poser dans les commentaires ci-dessous ou nous contacter.<\/p>\n","protected":false},"author":1,"featured_media":0,"parent":0,"menu_order":0,"comment_status":"open","ping_status":"closed","template":"","meta":{"_acf_changed":false,"footnotes":""},"acf":[],"_links":{"self":[{"href":"https:\/\/bitodds.com\/fr\/wp-json\/wp\/v2\/pages\/51060"}],"collection":[{"href":"https:\/\/bitodds.com\/fr\/wp-json\/wp\/v2\/pages"}],"about":[{"href":"https:\/\/bitodds.com\/fr\/wp-json\/wp\/v2\/types\/page"}],"author":[{"embeddable":true,"href":"https:\/\/bitodds.com\/fr\/wp-json\/wp\/v2\/users\/1"}],"replies":[{"embeddable":true,"href":"https:\/\/bitodds.com\/fr\/wp-json\/wp\/v2\/comments?post=51060"}],"version-history":[{"count":3,"href":"https:\/\/bitodds.com\/fr\/wp-json\/wp\/v2\/pages\/51060\/revisions"}],"predecessor-version":[{"id":53049,"href":"https:\/\/bitodds.com\/fr\/wp-json\/wp\/v2\/pages\/51060\/revisions\/53049"}],"wp:attachment":[{"href":"https:\/\/bitodds.com\/fr\/wp-json\/wp\/v2\/media?parent=51060"}],"curies":[{"name":"wp","href":"https:\/\/api.w.org\/{rel}","templated":true}]}}