{"id":51058,"date":"2021-06-26T18:12:41","date_gmt":"2021-06-26T18:12:41","guid":{"rendered":"https:\/\/staging.bitodds.com\/?page_id=51058"},"modified":"2022-01-04T09:14:36","modified_gmt":"2022-01-04T09:14:36","slug":"crypto-value-bet-alerts","status":"publish","type":"page","link":"https:\/\/bitodds.com\/fr\/crypto-value-bet-alerts\/","title":{"rendered":"Alertes de paris de valeur en cryptomonnaie"},"content":{"rendered":"\n<p>Nous avons cr\u00e9\u00e9 une alerte instantan\u00e9e qui d\u00e9tecte les paris de valeur. Nous trouvons les cas particuliers, l\u00e0 o\u00f9 un site de paris sportifs propose des cotes consid\u00e9rablement plus \u00e9lev\u00e9es que le reste du march\u00e9. Il s&rsquo;agit ici de paris de valeur attendus positifs, vous aurez donc un avantage sur le site de paris sportifs et une grande chance de r\u00e9aliser des b\u00e9n\u00e9fices sur le long terme&nbsp;!<\/p>\n\n\n\n<p>Par exemple, voici la derni\u00e8re alerte en date&nbsp;:<\/p>\n\n\n<a  href=\"https:\/\/bitodds.com\/goto\/cloudbet\" title=\"Cloudbet\" target=\"_blank\"><div class=\"value-bet-image value-bet-image--content\">\n\n\n<div class=\"value-bet-image__participants\">\n    \n    <div class=\"value-bet-image__participant\">\n                <h3>Brion<\/h3>\n    <\/div>\n    \n    <div class=\"value-bet-image__vs\">vs<\/div>\n\n    <div class=\"value-bet-image__participant\">\n                <h3>Gen.G<\/h3>\n    <\/div>\n\n<\/div>\n\n<div class=\"value-bet-image__competition\">\n    <h3>League of Legends<\/h3>\n    <h4>\n        Heure: \n        <strong class=\"arb-alert__datetime value-bet-datetime\" data-date=\"2023-06-29 08:00:00\">\n            8:00 AM jeudi 29th Juin        <\/strong>\n    <\/h4>\n<\/div>\n\n<div class=\"value-bet-image__details\">\n    <div>\n        <span>Pari\u00a0:<\/span>\n        <strong>Brion<\/strong>\n        <span class=\"\">+1.5 Map handicap<\/span>    <\/div>\n    <div>\n        <span>Cote moyenne\u00a0:<\/span>\n        <strong class=\"value-bet-odds\" \n            data-odds-decimal=\"3.27\" \n            data-odds-american=\"+227\" \n            data-odds-fractional=\"9\/4\" \n            data-odds-probability=\"30.58&#65130;\">\n        3.27<\/strong>\n    <\/div>\n    <div>\n        <span>Cloudbet odds:<\/span>\n        <strong class=\"value-bet-odds\" \n            data-odds-decimal=\"3.57\" \n            data-odds-american=\"+257\" \n            data-odds-fractional=\"13\/5\"\n            data-odds-probability=\"28.01&#65130;\">\n        3.57<\/strong>\n    <\/div>\n<\/div>\n\n<div class=\"value-bet-image__bets\">\n    <div class=\"value-bet-image__bet\">\n        <h4>Valeur attendue<\/h4>\n        <p>\n        +2.23%        <\/p>\n    <\/div>\n<\/div>\n\n<\/div><!-- .value-bet-image -->\n<\/a>\n\n\n\n<p>Pour vous inscrire aux alertes, saisissez votre adresse e-mail ci-dessous. Nous vous garantissons une confidentialit\u00e9 totale, vos donn\u00e9es ne seront pas partag\u00e9es.<\/p>\n\n\n\t<form class=\"bit-short-subscribe \" method=\"POST\" >\n\t\t<div class=\"bit-short-subscribe__inner\">\n\t\t\t<input class=\"bit-mail-short-email\" oninvalid=\"this.setCustomValidity('Veuillez saisir une adresse e-mail valide.')\"\n\t\t\t\ttype=\"email\" name=\"bit-email\"  placeholder=\"E-mail\" \/>\n\t\t\t<button class=\"bit-mail-short-submit bit-btn--inbox\" type=\"submit\">Subscribe<\/button>\n\t\t<\/div>\n\t\t<div class=\"bit-mail-short-message bit-alert bit-alert--primary alert alert-info\" style=\"display:none\"><\/div>\n\t<\/form>\n\t\n\n\n\n<p>Les alertes de paris de valeur sont \u00e9galement <a href=\"https:\/\/twitter.com\/bitedgecom\" target=\"_blank\" rel=\"noreferrer noopener\">envoy\u00e9es via Twitter ici<\/a> et publi\u00e9es sur notre <a href=\"https:\/\/web.facebook.com\/BitEdge\" target=\"_blank\" rel=\"noreferrer noopener\">page Facebook<\/a>.<\/p>\n\n\n\n<h2 class=\"wp-block-heading\"><strong>D\u00e9finition d&rsquo;un pari de valeur<\/strong><\/h2>\n\n\n\n<p>Pour chaque s\u00e9lection dans nos comparaisons de cotes, nous calculons la probabilit\u00e9 \u00e0 partir de la moyenne des cotes sur l&rsquo;ensemble des sites de paris sportifs. Nous prenons en compte la <a href=\"https:\/\/bitedge.com\/sports-betting-guide\/understand-odds-as-probability-with-overround\/\" target=\"_blank\" rel=\"noreferrer noopener\">marge b\u00e9n\u00e9ficiaire du site de paris sportifs<\/a>. Ensuite, nous envoyons une alerte pour toute cote qui offre une probabilit\u00e9 sup\u00e9rieure de plus de 2&nbsp;% par rapport \u00e0 la moyenne.<\/p>\n\n\n\n<p>Donc, si les cotes moyennes sont correctes, nos alertes vous offrent la possibilit\u00e9 de parier en ayant l&rsquo;avantage&nbsp;!<\/p>\n\n\n\n<p>Vous pourrez mieux comprendre gr\u00e2ce \u00e0 l&rsquo;exemple ci-dessous. La cote moyenne sur Chelsea \u00e9tait de 2.176, mais <a href=\"https:\/\/bitodds.com\/goto\/stake\" target=\"_blank\" rel=\"noreferrer noopener\">Stake<\/a> proposait une cote de 2.37. Il s&rsquo;agit d&rsquo;un pari de valeur&nbsp;!<\/p>\n\n\n\n<div class=\"wp-block-image\"><figure class=\"aligncenter size-large\"><img decoding=\"async\" width=\"882\" height=\"1024\" src=\"https:\/\/bitodds.com\/wp-content\/uploads\/2021\/03\/value-bet-882x1024.png\" alt=\"\" class=\"wp-image-50155\" srcset=\"https:\/\/bitodds.com\/wp-content\/uploads\/2021\/03\/value-bet-882x1024.png 882w, https:\/\/bitodds.com\/wp-content\/uploads\/2021\/03\/value-bet-258x300.png 258w, https:\/\/bitodds.com\/wp-content\/uploads\/2021\/03\/value-bet-830x963.png 830w, https:\/\/bitodds.com\/wp-content\/uploads\/2021\/03\/value-bet-366x425.png 366w, https:\/\/bitodds.com\/wp-content\/uploads\/2021\/03\/value-bet-160x186.png 160w, https:\/\/bitodds.com\/wp-content\/uploads\/2021\/03\/value-bet-28x32.png 28w, https:\/\/bitodds.com\/wp-content\/uploads\/2021\/03\/value-bet-55x64.png 55w, https:\/\/bitodds.com\/wp-content\/uploads\/2021\/03\/value-bet-45x52.png 45w, https:\/\/bitodds.com\/wp-content\/uploads\/2021\/03\/value-bet-90x104.png 90w, https:\/\/bitodds.com\/wp-content\/uploads\/2021\/03\/value-bet.png 984w\" sizes=\"(max-width: 882px) 100vw, 882px\" \/><\/figure><\/div>\n\n\n\n<p>Rappelez-vous que la plupart des sites de paris sportifs disposent, dans leurs conditions d&rsquo;utilisation, d&rsquo;une clause leur permettant de rembourser les paris si les cotes \u00e9taient clairement incorrectes en raison d&rsquo;une erreur humaine. Si le favori le moins cot\u00e9 sur tous les autres sites de paris sportifs est l&rsquo;outsider le plus cot\u00e9 sur un site de paris sportifs, cela est tr\u00e8s certainement d\u00fb \u00e0 une erreur humaine et il ne s&rsquo;agit pas d&rsquo;un pari de valeur.<\/p>\n\n\n\n<p>Nous filtrons ceux-ci pour vous, et nous avons r\u00e9alis\u00e9 des tests grandeur nature pour confirmer que les paris pour lesquels nous envoyons des alertes sont bien disponibles sur les sites de paris sportifs.<\/p>\n\n\n\n<h2 class=\"wp-block-heading\"><strong>Vous ne serez pas bloqu\u00e9(e) ou limit\u00e9(e) par les sites de paris sportifs en cryptomonnaie si vous placez ces paris<\/strong><\/h2>\n\n\n\n<p id=\"block-1e44536d-f658-4933-b816-3debe654bdfe\">\u00c9tant donn\u00e9 que les sites de paris sportifs en monnaie gouvernementale bloquent ou limitent tr\u00e8s souvent les parieurs qui gagnent beaucoup, la question la plus courante qui nous est pos\u00e9e est&nbsp;: les sites de paris sportifs en cryptomonnaie vont-ils faire la m\u00eame chose&nbsp;? La r\u00e9ponse est non, car ils ne peuvent pas le faire.<\/p>\n\n\n\n<p>Nous incluons uniquement des sites de paris sportifs <a href=\"https:\/\/bitedge.com\/blog\/end-to-end-crypto-sportsbooks-vs-government-currency-sportsbooks-that-accept-crypto\/\" target=\"_blank\" rel=\"noreferrer noopener\">int\u00e9gralement en cryptomonnaie<\/a> anonymes. S&rsquo;ils bloquaient ou limitaient votre compte parce que vous gagnez beaucoup, vous pourriez tout simplement cr\u00e9er un autre compte, donc ils ne le font pas.<\/p>\n\n\n\n<p>Malheureusement, certains de ces sites de paris sportifs en cryptomonnaie ont demand\u00e9 des documents d&rsquo;identit\u00e9 aux parieurs. Toutefois, cela n&rsquo;arrive que si le site de paris sportifs suspecte une fraude, par exemple des d\u00e9penses doubles, un abus des bonus, ou si <a href=\"https:\/\/bitedge.com\/blog\/geo-blocking-in-crypto-gambling\/\" target=\"_blank\" rel=\"noreferrer noopener\">vous pariez depuis un pays bloqu\u00e9<\/a>, mais pas si vous pariez pour faire des b\u00e9n\u00e9fices.<\/p>\n\n\n\n<h2 class=\"wp-block-heading\"><strong>Calcul d&rsquo;un pari de valeur<\/strong><\/h2>\n\n\n<pre class=\"bit-codesnippet\"><code class=\"code-block markup\">Probabilit\u00e9 implicite = la cote convertie en une probabilit\u00e9\n\n\nVraie probabilit\u00e9 = la cote moins la marge b\u00e9n\u00e9ficiaire convertie en une probabilit\u00e9<\/code><\/pre>\n\n\n\n<p>Les paris de valeur sont d\u00e9tect\u00e9s en utilisant chaque cote et chaque marge b\u00e9n\u00e9ficiaire des sites de paris sportifs, afin de d\u00e9terminer la vraie probabilit\u00e9 que chaque site de paris sportifs attribue \u00e0 un pari gagnant. On prend ensuite la moyenne de ces vraies probabilit\u00e9s sur l&rsquo;ensemble des sites de paris sportifs et on part du principe qu&rsquo;il s&rsquo;agit ici d&rsquo;une bonne approximation de la vraie probabilit\u00e9 d&rsquo;un pari gagnant.<\/p>\n\n\n\n<p>En utilisant la vraie probabilit\u00e9 moyenne, on peut alors estimer la valeur attendue du pari \u00e0 la meilleure cote disponible. Si la valeur attendue est sup\u00e9rieure \u00e0 2&nbsp;%, on consid\u00e8re qu&rsquo;il s&rsquo;agit d&rsquo;un pari de valeur.<\/p>\n\n\n\n<p>Nous envoyons une alerte concernant les paris de valeur uniquement lorsque la cote d\u00e9cimale est inf\u00e9rieure \u00e0 5 et que le match a lieu dans moins de 3&nbsp;jours.<\/p>\n\n\n\n<h3 class=\"wp-block-heading\"><strong>Exemple du monde r\u00e9el<\/strong><\/h3>\n\n\n\n<p>Pour comprendre exactement comment les paris de valeur sont trouv\u00e9s, supposons que la cote pour <em>Real Salt Lake @ Minnesota United FC<\/em> soit la suivante et jetons un \u0153il \u00e0 la cote pour un match nul sur <a href=\"https:\/\/bitodds.com\/goto\/sportsbet\/\" target=\"_blank\" rel=\"noreferrer noopener\">Sportsbet<\/a>&nbsp;:<\/p>\n\n\n\n<figure class=\"wp-block-table\"><table><thead><tr><th><\/th><th>Salt Lake<\/th><th>Draw<\/th><th>Minnesota<\/th><\/tr><\/thead><tbody><tr><td>Cloudbet<\/td><td>4.39<\/td><td>3.51<\/td><td>1.87<\/td><\/tr><tr><td>Stake<\/td><td>4.3<\/td><td>3.45<\/td><td>1.85<\/td><\/tr><tr><td>Sportsbet<\/td><td>3.71<\/td><td><strong><span style=\"text-decoration: underline;\">3.91<\/span><\/strong><\/td><td>1.85<\/td><\/tr><tr><td>Nitrogen<\/td><td>4.2<\/td><td>3.35<\/td><td>1.81<\/td><\/tr><tr><td>BetBTC<\/td><td>4.367<\/td><td>3.497<\/td><td>1.876<\/td><\/tr><tr><td>Betcoin<\/td><td>4.3<\/td><td>3.45<\/td><td>1.85<\/td><\/tr><\/tbody><\/table><\/figure>\n\n\n\n<p>On calcule d&rsquo;abord la \u00ab&nbsp;probabilit\u00e9 implicite&nbsp;\u00bb pour chacune de ces cotes. La probabilit\u00e9 serait telle si la marge du site de paris sportifs \u00e9tait de 0. La probabilit\u00e9 implicite est de&nbsp;:<\/p>\n\n\n\n<pre class=\"wp-block-code\"><code>probabilit\u00e9_implicite = 1 \/ cote x 100 %<\/code><\/pre>\n\n\n\n<p>Si l&rsquo;on applique cette formule au tableau ci-dessus, on obtient&nbsp;:<\/p>\n\n\n\n<figure class=\"wp-block-table\"><table><thead><tr><th><\/th><th>Salt Lake<\/th><th>Match nul<\/th><th>Minnesota<\/th><\/tr><\/thead><tbody><tr><td>Cloudbet<\/td><td>22.8<\/td><td>28.5<\/td><td>53.5<\/td><\/tr><tr><td>Stake<\/td><td>23.3<\/td><td>29<\/td><td>54.1<\/td><\/tr><tr><td>Sportsbet<\/td><td>27<\/td><td><strong><span style=\"text-decoration: underline;\">25.6<\/span><\/strong><\/td><td>54.1<\/td><\/tr><tr><td>Nitrogen<\/td><td>23.8<\/td><td>29.9<\/td><td>55.2<\/td><\/tr><tr><td>BetBTC<\/td><td>22.9<\/td><td>28.6<\/td><td>53.3<\/td><\/tr><tr><td>Betcoin<\/td><td>23.3<\/td><td>29<\/td><td>54.1<\/td><\/tr><\/tbody><\/table><\/figure>\n\n\n\n<p>On sait que les probabilit\u00e9s implicites ne sont pas ce que les sites de paris sportifs pensent \u00eatre les vraies probabilit\u00e9s car ceux-ci r\u00e9duisent les cotes afin de se laisser une marge. On peut estimer les vraies probabilit\u00e9s qui sont suppos\u00e9es par les sites de paris sportifs en divisant les probabilit\u00e9s implicites par une mesure de la marge des sites de paris sportifs, connue sous le nom de \u00ab&nbsp;marge b\u00e9n\u00e9ficiaire&nbsp;\u00bb.<\/p>\n\n\n\n<p>La marge b\u00e9n\u00e9ficiaire \u00e9quivaut \u00e0 combien la somme des probabilit\u00e9s implicites d\u00e9passe 100&nbsp;%. Par exemple, dans le tableau ci-dessus, la marge b\u00e9n\u00e9ficiaire de Cloudbet serait&nbsp;:<\/p>\n\n\n\n<pre class=\"wp-block-code\"><code>marge b\u00e9n\u00e9ficiaire = 22.8 + 28.5 + 53.5 - 100 = 4.8<\/code><\/pre>\n\n\n\n<p>Si l&rsquo;on calcule la marge b\u00e9n\u00e9ficiaire pour chaque site de paris sportifs, on obtient&nbsp;:<\/p>\n\n\n\n<figure class=\"wp-block-table\"><table><thead><tr><th><\/th><th>Overround<\/th><\/tr><\/thead><tbody><tr><td>Cloudbet<\/td><td>4.75<\/td><\/tr><tr><td>Stake<\/td><td>6.3<\/td><\/tr><tr><td>Sportsbet<\/td><td><strong><span style=\"text-decoration: underline;\">6.58<\/span><\/strong><\/td><\/tr><tr><td>Nitrogen<\/td><td>8.91<\/td><\/tr><tr><td>BetBTC<\/td><td>4.8<\/td><\/tr><tr><td>Betcoin<\/td><td>6.3<\/td><\/tr><\/tbody><\/table><\/figure>\n\n\n\n<p>On peut utiliser la marge b\u00e9n\u00e9ficiaire pour estimer les pr\u00e9visions de vraies probabilit\u00e9s des sites de paris sportifs en utilisant&nbsp;:<\/p>\n\n\n\n<pre class=\"wp-block-code\"><code>probabilit\u00e9_site de paris sportifs = probabilit\u00e9_implicite \/ (1 + marge b\u00e9n\u00e9ficiaire)<\/code><\/pre>\n\n\n\n<p>probabilit\u00e9_site de paris sportifs = probabilit\u00e9_implicite \/ (1 + marge b\u00e9n\u00e9ficiaire)<\/p>\n\n\n\n<figure class=\"wp-block-table\"><table><thead><tr><th><\/th><th>Salt Lake<\/th><th>Match nul<\/th><th>Minnesota<\/th><\/tr><\/thead><tbody><tr><td>Cloudbet<\/td><td>21.7<\/td><td>27.2<\/td><td>51.1<\/td><\/tr><tr><td>Stake<\/td><td>21.9<\/td><td>27.3<\/td><td>50.9<\/td><\/tr><tr><td>Sportsbet<\/td><td>25.3<\/td><td><strong><span style=\"text-decoration: underline;\">24<\/span><\/strong><\/td><td>50.7<\/td><\/tr><tr><td>Nitrogen<\/td><td>21.9<\/td><td>27.4<\/td><td>50.7<\/td><\/tr><tr><td>BetBTC<\/td><td>21.9<\/td><td>27.3<\/td><td>50.9<\/td><\/tr><tr><td>Betcoin<\/td><td>21.9<\/td><td>27.3<\/td><td>50.9<\/td><\/tr><\/tbody><\/table><\/figure>\n\n\n\n<p>On peut alors prendre la moyenne sur l&rsquo;ensemble des sites de paris sportifs pour obtenir notre meilleure estimation de la vraie probabilit\u00e9&nbsp;:<\/p>\n\n\n\n<figure class=\"wp-block-table\"><table><thead><tr><th><\/th><th>Salt Lake<\/th><th>Draw<\/th><th>Minnesota<\/th><\/tr><\/thead><tbody><tr><td>Average probability<\/td><td>22.4<\/td><td><strong><span style=\"text-decoration: underline;\"><span style=\"color:#d9ddeb\" class=\"has-inline-color\">26.7<\/span><\/span><\/strong><\/td><td>50.8<\/td><\/tr><\/tbody><\/table><\/figure>\n\n\n\n<p>Enfin, on peut calculer la valeur attendue pour chaque pari en utilisant notre estimation de la probabilit\u00e9 vraie et la cote du site de paris sportifs :<\/p>\n\n\n\n<pre class=\"wp-block-code\"><code>valeur_attendue = probabilit\u00e9 x cote - 100 %<\/code><\/pre>\n\n\n\n<p>On obtient le r\u00e9sultat suivant :<\/p>\n\n\n\n<figure class=\"wp-block-table\"><table><thead><tr><th><\/th><th>Salt Lake<\/th><th>Draw<\/th><th>Minnesota<\/th><\/tr><\/thead><tbody><tr><td>Cloudbet<\/td><td>-1.6<\/td><td>-6.1<\/td><td>-4.9<\/td><\/tr><tr><td>Stake<\/td><td>-3.6<\/td><td>-7.8<\/td><td>-5.9<\/td><\/tr><tr><td>Sportsbet<\/td><td>-16.8<\/td><td><strong><span style=\"text-decoration: underline;\">4.5<\/span><\/strong><\/td><td>-5.9<\/td><\/tr><tr><td>Nitrogen<\/td><td>-5.8<\/td><td>-10.4<\/td><td>-8<\/td><\/tr><tr><td>BetBTC<\/td><td>-2.1<\/td><td>-6.5<\/td><td>-4.6<\/td><\/tr><tr><td>Betcoin<\/td><td>-3.6<\/td><td>-7.8<\/td><td>-5.9<\/td><\/tr><\/tbody><\/table><\/figure>\n\n\n\n<p>On recherche maintenant les valeurs positives et on d\u00e9couvre qu&rsquo;un pari sur un match nul sur Sportsbet poss\u00e8de une valeur attendue de 4,5 %. Cela implique que ce pari g\u00e9n\u00e9rera, en moyenne, un b\u00e9n\u00e9fice de 4,5 %.<\/p>\n\n\n\n<p>Bonne chance et amusez-vous bien !<\/p>\n","protected":false},"excerpt":{"rendered":"<p>Nous avons cr\u00e9\u00e9 une alerte instantan\u00e9e qui d\u00e9tecte les paris de valeur. Nous trouvons les cas particuliers, l\u00e0 o\u00f9 un site de paris sportifs propose des cotes consid\u00e9rablement plus \u00e9lev\u00e9es que le reste du march\u00e9. Il s&rsquo;agit ici de paris&hellip;<\/p>\n","protected":false},"author":1,"featured_media":0,"parent":0,"menu_order":0,"comment_status":"open","ping_status":"closed","template":"","meta":{"_acf_changed":false,"footnotes":""},"acf":[],"_links":{"self":[{"href":"https:\/\/bitodds.com\/fr\/wp-json\/wp\/v2\/pages\/51058"}],"collection":[{"href":"https:\/\/bitodds.com\/fr\/wp-json\/wp\/v2\/pages"}],"about":[{"href":"https:\/\/bitodds.com\/fr\/wp-json\/wp\/v2\/types\/page"}],"author":[{"embeddable":true,"href":"https:\/\/bitodds.com\/fr\/wp-json\/wp\/v2\/users\/1"}],"replies":[{"embeddable":true,"href":"https:\/\/bitodds.com\/fr\/wp-json\/wp\/v2\/comments?post=51058"}],"version-history":[{"count":2,"href":"https:\/\/bitodds.com\/fr\/wp-json\/wp\/v2\/pages\/51058\/revisions"}],"predecessor-version":[{"id":51858,"href":"https:\/\/bitodds.com\/fr\/wp-json\/wp\/v2\/pages\/51058\/revisions\/51858"}],"wp:attachment":[{"href":"https:\/\/bitodds.com\/fr\/wp-json\/wp\/v2\/media?parent=51058"}],"curies":[{"name":"wp","href":"https:\/\/api.w.org\/{rel}","templated":true}]}}