{"id":51054,"date":"2021-06-26T18:11:29","date_gmt":"2021-06-26T18:11:29","guid":{"rendered":"https:\/\/staging.bitodds.com\/?page_id=51054"},"modified":"2022-08-08T03:32:43","modified_gmt":"2022-08-08T03:32:43","slug":"bet-into-a-low-edge","status":"publish","type":"page","link":"https:\/\/bitodds.com\/fr\/bet-into-a-low-edge\/","title":{"rendered":"Parier dans une marge de  3,23%"},"content":{"rendered":"\n<p>La marge d&rsquo;un site de paris sportifs est son avantage math\u00e9matique sur le parieur, <a href=\"https:\/\/bitedge.com\/sports-betting-guide\/understand-odds-as-probability-with-overround\/\" target=\"_blank\" rel=\"noreferrer noopener\">lequel est int\u00e9gr\u00e9 aux cotes<\/a>. Si vous pariez dans une marge de 5&nbsp;%, vous devrez \u00eatre 5&nbsp;% plus intelligent(e) que le site de paris sportifs pour pouvoir rentrer dans vos frais sur le long terme. La marge de site de paris sportifs la plus faible que vous pouvez obtenir aupr\u00e8s d&rsquo;un seul op\u00e9rateur est d&rsquo;environ 2,5&nbsp;% sur Betfair et Pinnacle, mais ces sites ne sont pas <a href=\"https:\/\/bitedge.com\/blog\/end-to-end-crypto-sportsbooks-vs-government-currency-sportsbooks-that-accept-crypto\/\" target=\"_blank\" rel=\"noreferrer noopener\">int\u00e9gralement en cryptomonnaie<\/a>, nous ne voulons donc pas les utiliser.<\/p>\n\n\n\n<h2 class=\"wp-block-heading\">La marge la plus faible que vous pouvez obtenir avec la cryptomonnaie<\/h2>\n\n\n\n<p>La <a href=\"https:\/\/bitodds.com\/best-odds-crypto-sportsbooks\/\">marge la plus faible parmi les principaux sites de paris sportifs en cryptomonnaie<\/a> est de 5,66% sur <a href=\"https:\/\/bitodds.com\/goto\/stake\" title=\"Stake\" rel=\"nofollow\" target=\"_blank\">Stake<\/a>. Toutefois, le site ne poss\u00e8de les meilleures cotes que sur 51,65% des s\u00e9lections\u00a0; d&rsquo;autres sites de paris sportifs en cryptomonnaie poss\u00e8dent les meilleures cotes pour les 48,35%restants. L&rsquo;id\u00e9al serait donc que vous puissiez cr\u00e9er vos propres march\u00e9s de paris, compos\u00e9s uniquement des meilleures cotes sur chaque s\u00e9lection, \u00e0 partir des principaux sites de paris sportifs en cryptomonnaie.<\/p>\n\n\n\n<p>Nous cr\u00e9ons ces march\u00e9s synth\u00e9tiques dans chaque comparaison de cotes et, \u00e0 l&rsquo;heure actuelle, la marge synth\u00e9tique du site de paris sportifs sur la <a href=\"https:\/\/bitodds.com\/fr\/nba\/\" title=\"Voir les cotes NBA\" target=\"_blank\">NBA<\/a> est seulement de 3,23%. Vous pouvez facilement parier sur des march\u00e9s offrant des cotes aussi fantastiques\u00a0: il vous suffit de v\u00e9rifier les comparaisons de cotes et de prendre les meilleures cotes sur les paris que vous souhaitez placer.<\/p>\n\n\n\n<h2 class=\"wp-block-heading\">Exemple du monde r\u00e9el<\/h2>\n\n\n\n<p>Voici un exemple du <a href=\"https:\/\/bitodds.com\/portuguese-primeira-liga\/\">championnat du Portugal de football<\/a>.<\/p>\n\n\n\n<figure class=\"wp-block-image size-large\"><img decoding=\"async\" width=\"1024\" height=\"809\" src=\"https:\/\/bitodds.com\/wp-content\/uploads\/2021\/05\/Screen-Shot-2021-05-11-at-19.32.47-1024x809.png\" alt=\"\" class=\"wp-image-50561\" srcset=\"https:\/\/bitodds.com\/wp-content\/uploads\/2021\/05\/Screen-Shot-2021-05-11-at-19.32.47-1024x809.png 1024w, https:\/\/bitodds.com\/wp-content\/uploads\/2021\/05\/Screen-Shot-2021-05-11-at-19.32.47-300x237.png 300w, https:\/\/bitodds.com\/wp-content\/uploads\/2021\/05\/Screen-Shot-2021-05-11-at-19.32.47-830x656.png 830w, https:\/\/bitodds.com\/wp-content\/uploads\/2021\/05\/Screen-Shot-2021-05-11-at-19.32.47-366x289.png 366w, https:\/\/bitodds.com\/wp-content\/uploads\/2021\/05\/Screen-Shot-2021-05-11-at-19.32.47-160x126.png 160w, https:\/\/bitodds.com\/wp-content\/uploads\/2021\/05\/Screen-Shot-2021-05-11-at-19.32.47-32x25.png 32w, https:\/\/bitodds.com\/wp-content\/uploads\/2021\/05\/Screen-Shot-2021-05-11-at-19.32.47-64x51.png 64w, https:\/\/bitodds.com\/wp-content\/uploads\/2021\/05\/Screen-Shot-2021-05-11-at-19.32.47-45x36.png 45w, https:\/\/bitodds.com\/wp-content\/uploads\/2021\/05\/Screen-Shot-2021-05-11-at-19.32.47-90x71.png 90w, https:\/\/bitodds.com\/wp-content\/uploads\/2021\/05\/Screen-Shot-2021-05-11-at-19.32.47.png 1630w\" sizes=\"(max-width: 1024px) 100vw, 1024px\" \/><\/figure>\n\n\n\n<p>En utilisant le <a href=\"https:\/\/bitedge.com\/sports-betting-tools-and-resources\/overround-and-probability-calculator\/\" target=\"_blank\" rel=\"noreferrer noopener\">calculateur de marge b\u00e9n\u00e9ficiaire<\/a>, il est possible de voir quel site de paris sportifs poss\u00e8de la marge la plus faible&nbsp;:<\/p>\n\n\n\n<figure class=\"wp-block-table\"><table><thead><tr><th>Site de paris sportifs<\/th><th>Marge<\/th><\/tr><\/thead><tbody><tr><td><a href=\"https:\/\/bitodds.com\/goto\/cloudbet\">Cloudbet<\/a><\/td><td>3,22%<\/td><\/tr><tr><td><a href=\"https:\/\/bitodds.com\/goto\/betcoin\">Betcoin<\/a><\/td><td>4,26%<\/td><\/tr><tr><td><a href=\"https:\/\/bitodds.com\/goto\/betbtc\">BetBTC<\/a><\/td><td>4,33%<\/td><\/tr><tr><td><a href=\"https:\/\/bitodds.com\/goto\/sportsbet\">Sportsbet<\/a><\/td><td>5,86%<\/td><\/tr><tr><td><a href=\"https:\/\/bitodds.com\/goto\/nitrogen\">Nitrogen<\/a><\/td><td>5,86%<\/td><\/tr><tr><td><a href=\"https:\/\/bitodds.com\/goto\/stake\">Stake<\/a><\/td><td>6,63%<\/td><\/tr><\/tbody><tfoot><tr><td>Moyenne<\/td><td>5,02%<\/td><\/tr><\/tfoot><\/table><\/figure>\n\n\n\n<p>Mais les meilleures cotes sur chaque s\u00e9lection sont :<\/p>\n\n\n\n<figure class=\"wp-block-table\"><table><thead><tr><th>S\u00e9lection<\/th><th>Meilleures cotes<\/th><\/tr><\/thead><tbody><tr><td>Boavista<\/td><td>9,26 (Cloudbet)<\/td><\/tr><tr><td>Match nul<\/td><td>5,01 (Cloudbet)<\/td><\/tr><tr><td>Sporting<\/td><td>1,44 (Stake)<\/td><\/tr><\/tbody><\/table><\/figure>\n\n\n\n<p>Le calculateur de marge b\u00e9n\u00e9ficiaire indique qu&rsquo;il s&rsquo;agit d&rsquo;une marge synth\u00e9tique de site de paris sportifs de seulement 0,2&nbsp;%&nbsp;! Cela est beaucoup mieux qu&rsquo;un quelconque site de paris sportifs individuel, et il vous suffit juste d&rsquo;\u00eatre 0,2&nbsp;% plus intelligent(e) que les bookmakers pour r\u00e9aliser des b\u00e9n\u00e9fices \u00e0 long terme&nbsp;!<\/p>\n\n\n\n<figure class=\"wp-block-image size-large\"><img decoding=\"async\" width=\"1024\" height=\"425\" src=\"https:\/\/bitodds.com\/wp-content\/uploads\/2021\/05\/Screen-Shot-2021-05-11-at-17.55.52-1024x425.png\" alt=\"\" class=\"wp-image-50554\" srcset=\"https:\/\/bitodds.com\/wp-content\/uploads\/2021\/05\/Screen-Shot-2021-05-11-at-17.55.52-1024x425.png 1024w, https:\/\/bitodds.com\/wp-content\/uploads\/2021\/05\/Screen-Shot-2021-05-11-at-17.55.52-300x124.png 300w, https:\/\/bitodds.com\/wp-content\/uploads\/2021\/05\/Screen-Shot-2021-05-11-at-17.55.52-830x344.png 830w, https:\/\/bitodds.com\/wp-content\/uploads\/2021\/05\/Screen-Shot-2021-05-11-at-17.55.52-366x152.png 366w, https:\/\/bitodds.com\/wp-content\/uploads\/2021\/05\/Screen-Shot-2021-05-11-at-17.55.52-160x66.png 160w, https:\/\/bitodds.com\/wp-content\/uploads\/2021\/05\/Screen-Shot-2021-05-11-at-17.55.52-32x13.png 32w, https:\/\/bitodds.com\/wp-content\/uploads\/2021\/05\/Screen-Shot-2021-05-11-at-17.55.52-64x27.png 64w, https:\/\/bitodds.com\/wp-content\/uploads\/2021\/05\/Screen-Shot-2021-05-11-at-17.55.52-45x19.png 45w, https:\/\/bitodds.com\/wp-content\/uploads\/2021\/05\/Screen-Shot-2021-05-11-at-17.55.52-90x37.png 90w, https:\/\/bitodds.com\/wp-content\/uploads\/2021\/05\/Screen-Shot-2021-05-11-at-17.55.52.png 1514w\" sizes=\"(max-width: 1024px) 100vw, 1024px\" \/><\/figure>\n\n\n\n<h2 class=\"wp-block-heading\">Sur le long terme<\/h2>\n\n\n\n<p>Lors de la saison 2021 de Bundesliga allemande, <a href=\"https:\/\/bitodds.com\/goto\/cloudbet\/\" target=\"_blank\" rel=\"noreferrer noopener\">Cloudbet<\/a> poss\u00e9dait la marge la plus faible de tous les principaux sites de paris sportifs en cryptomonnaie (2,68&nbsp;%), tandis que la marge synth\u00e9tique de BitOdds \u00e9tait de seulement 1,29&nbsp;%. Voici la diff\u00e9rence que cela fait sur l&rsquo;ensemble de la saison si vous pariez 1&nbsp;m\u0e3f sur ces s\u00e9lections sur le march\u00e9 du r\u00e9sultat du match (1\u00d72).<\/p>\n\n\n\n<figure class=\"wp-block-table align-caption-left\"><table><thead><tr><th>Pari<\/th><th><a href=\"\/goto\/cloudbet\/\" target=\"_blank\" rel=\"noreferrer noopener\"><img decoding=\"async\" width=\"150\" height=\"30\" class=\"wp-image-32038 pulse-hover\" style=\"width: 150px;\" src=\"https:\/\/bitodds.com\/wp-content\/uploads\/\/2020\/10\/cloudbet-dark-logo.svg\" alt=\"\"><\/a><\/th><th><img decoding=\"async\" width=\"150\" height=\"38\" class=\"wp-image-27024\" style=\"width: 150px;\" src=\"https:\/\/bitodds.com\/wp-content\/uploads\/\/2020\/10\/bitodds-dark.svg\" alt=\"\"><\/th><\/tr><\/thead><tbody><tr><td>Vainqueur<\/td><td><span class=\"has-inline-color has-vivid-green-cyan-color\">+585m\u0e3f<\/span><\/td><td><span class=\"has-inline-color has-vivid-green-cyan-color\">+598m\u0e3f<\/span><\/td><\/tr><tr><td>50 % gagnants 50 % perdants*<\/td><td><span class=\"has-inline-color has-vivid-green-cyan-color\">+156m\u0e3f<\/span><\/td><td><span class=\"has-inline-color has-vivid-green-cyan-color\">+166m\u0e3f<\/span><\/td><\/tr><tr><td>Favori<\/td><td><span class=\"has-inline-color has-vivid-red-color\">-29m\u0e3f<\/span><\/td><td><span class=\"has-inline-color has-vivid-red-color\">-24m\u0e3f<\/span><\/td><\/tr><tr><td>Outsider<\/td><td><span class=\"has-inline-color has-vivid-red-color\">-10m\u0e3f<\/span><\/td><td><span class=\"has-inline-color has-vivid-red-color\">-7m\u0e3f<\/span><\/td><\/tr><tr><td>Match nul<\/td><td><span class=\"has-inline-color has-vivid-green-cyan-color\">+30m\u0e3f<\/span><\/td><td><span class=\"has-inline-color has-vivid-green-cyan-color\">+38m\u0e3f<\/span><\/td><\/tr><\/tbody><\/table><figcaption>* Paris gagnants et perdants r\u00e9partis de mani\u00e8re al\u00e9atoire<\/figcaption><\/figure>\n\n\n\n<p>La diff\u00e9rence est de 4,62&nbsp;%, ce qui peut facilement repr\u00e9senter la diff\u00e9rence entre gagner et perdre sur le long terme.<\/p>\n\n\n\n<h2 class=\"wp-block-heading\">C&rsquo;est simple avec la cryptomonnaie<\/h2>\n\n\n\n<p>Cela signifie que vous avez besoin d&rsquo;un compte pour chaque site de paris sportifs, soit 3 au total&nbsp;; cela est tout \u00e0 fait normal pour les parieurs s\u00e9rieux qui ne peuvent pas utiliser Betfair ni Pinnacle. \u00c9tant donn\u00e9 que vos informations personnelles ne sont pas requises sur les sites de paris sportifs en cryptomonnaie, l&rsquo;inscription est simple et rapide&nbsp;: une adresse e-mail et un mot de passe suffisent.<br><br>C&rsquo;est la mani\u00e8re la plus simple et la moins ch\u00e8re de conserver un solde sur chaque compte, mais vous n&rsquo;\u00eates pas oblig\u00e9(e) de le faire. Le cr\u00e9dit est d\u00e9pos\u00e9 instantan\u00e9ment sur le site de paris sportifs ou bien tout au plus apr\u00e8s 1&nbsp;confirmation, vous pouvez donc effectuer un d\u00e9p\u00f4t pour chaque pari. Seul probl\u00e8me ici&nbsp;: les frais de transaction \u00e9lev\u00e9s si vous utilisez le Bitcoin ou l&rsquo;<a href=\"https:\/\/bitedge.com\/blog\/best-cryptos-for-betting-ethereum\/\" target=\"_blank\" rel=\"noreferrer noopener\">Ether<\/a>. Vous pouvez contourner ce probl\u00e8me en utilisant une cryptomonnaie aux frais peu \u00e9lev\u00e9s, par exemple <a href=\"https:\/\/bitedge.com\/blog\/best-cryptos-for-betting-dash\/\" target=\"_blank\" rel=\"noreferrer noopener\">Dash<\/a> ou <a href=\"https:\/\/bitedge.com\/blog\/best-cryptos-for-betting-doge\/\" target=\"_blank\" rel=\"noreferrer noopener\">Doge<\/a>, ou en conservant un solde sur chaque site de paris sportifs.<\/p>\n\n\n\n<p>Amusez-vous bien et bonne chance.<\/p>\n","protected":false},"excerpt":{"rendered":"<p>La marge d&rsquo;un site de paris sportifs est son avantage math\u00e9matique sur le parieur, lequel est int\u00e9gr\u00e9 aux cotes. Si vous pariez dans une marge de 5&nbsp;%, vous devrez \u00eatre 5&nbsp;% plus intelligent(e) que le site de paris sportifs pour&hellip;<\/p>\n","protected":false},"author":1,"featured_media":0,"parent":0,"menu_order":0,"comment_status":"open","ping_status":"closed","template":"","meta":{"_acf_changed":false,"footnotes":""},"acf":[],"_links":{"self":[{"href":"https:\/\/bitodds.com\/fr\/wp-json\/wp\/v2\/pages\/51054"}],"collection":[{"href":"https:\/\/bitodds.com\/fr\/wp-json\/wp\/v2\/pages"}],"about":[{"href":"https:\/\/bitodds.com\/fr\/wp-json\/wp\/v2\/types\/page"}],"author":[{"embeddable":true,"href":"https:\/\/bitodds.com\/fr\/wp-json\/wp\/v2\/users\/1"}],"replies":[{"embeddable":true,"href":"https:\/\/bitodds.com\/fr\/wp-json\/wp\/v2\/comments?post=51054"}],"version-history":[{"count":5,"href":"https:\/\/bitodds.com\/fr\/wp-json\/wp\/v2\/pages\/51054\/revisions"}],"predecessor-version":[{"id":52954,"href":"https:\/\/bitodds.com\/fr\/wp-json\/wp\/v2\/pages\/51054\/revisions\/52954"}],"wp:attachment":[{"href":"https:\/\/bitodds.com\/fr\/wp-json\/wp\/v2\/media?parent=51054"}],"curies":[{"name":"wp","href":"https:\/\/api.w.org\/{rel}","templated":true}]}}