{"id":50994,"date":"2021-06-26T17:12:37","date_gmt":"2021-06-26T17:12:37","guid":{"rendered":"https:\/\/staging.bitodds.com\/?page_id=50994"},"modified":"2021-06-28T04:29:47","modified_gmt":"2021-06-28T04:29:47","slug":"crypto-sportsbook-bonuses","status":"publish","type":"page","link":"https:\/\/bitodds.com\/es\/crypto-sportsbook-bonuses\/","title":{"rendered":"Bonos exclusivos de las casas de criptoapuestas"},"content":{"rendered":"\n<p>Estos bonos exclusivos de las casas de criptoapuestas son una excelente manera de empezar a acumular fondos en su cuenta y divertirse apostando. Incluso si pierde algunas de sus primeras apuestas, \u00a1puede seguir obteniendo ganancias gracias a su bono!<\/p>\n\n\n\n<p>No le recomendamos que elija una casa de apuestas solo por sus bonos. Hay muchos otros factores a tener en cuenta, por lo que estos bonos se enumeran en funci\u00f3n de la mejor a peor casa de apuestas en general, a partir de nuestras <a href=\"https:\/\/bitedge.com\/crypto-sportsbook-reviews\/\" target=\"_blank\" rel=\"noreferrer noopener\">rese\u00f1as escritas y en v\u00eddeo<\/a>.<\/p>\n\n\n<div class=\"bonus-reviews loading\">\n\t\t\t\t<div class=\"bonus-review-container bonus-review-container--operator-24862\">\n\t\t\t\t\t<a class=\"\" href=\"https:\/\/bitodds.com\/goto\/stake\" title=\"Stake\" rel=\"nofollow\" target=\"_blank\"><img decoding=\"async\" class=\"theme-logo skip-lazy bonus-logo-link no-zoom pulse-hover\" src=\"https:\/\/bitodds.com\/wp-content\/uploads\/2020\/10\/stake-dark-logo.svg\" alt=\"Logotipo de Stake\" \/><\/a>\t\t\t\t\t\n\t\t\t\t\t<p><a href=\"https:\/\/bitodds.com\/goto\/stake\/\">Stake<\/a>\u00a0ofrece un programa VIP con el que puede ganar rakeback, bonos semanales y mensuales y bonos de subida de nivel (que se obtienen al pasar al siguiente nivel).<\/p>\n<p>Los bonos se van incrementando a medida que se sube de nivel (desde el bronce inicial hasta el superior de diamante). Puede ver su nivel actual en todo momento gracias a una bonita y sencilla barra de seguimiento.<\/p>\n<p>Stake\u00a0ir\u00e1 a\u00f1adiendo promociones a su cuenta de forma aleatoria y se las notificar\u00e1 por correo electr\u00f3nico. \u00a1Sorpresas como estas siempre son bien recibidas!<\/p>\n\n\t\t\t\t\t\t\t\t\t\t\t<a class=\"get-bonus-btn bit-btn bit-btn--arrow-right\" href=\"https:\/\/bitodds.com\/goto\/stake\" target=\"_blank\" rel=\"nofollow\">\n\t\t\t\t\t\t\t<span class=\"text\">Obtener bono<\/span>\n\t\t\t\t\t\t<\/a>\n\t\t\t\t\t\n\t\t\t\t\t<div style=\"clear: both;\"><\/div>\n\t\t\t\t\t\n\t\t\t\t<\/div><!-- .bonus-review-container -->\n\t\t\t\n\t\t\t\t<div class=\"bonus-review-container bonus-review-container--operator-53092\">\n\t\t\t\t\t<a class=\"\" href=\"https:\/\/bitodds.com\/goto\/bc.game\" title=\"BC.Game\" rel=\"nofollow\" target=\"_blank\"><img decoding=\"async\" class=\"theme-logo skip-lazy bonus-logo-link no-zoom pulse-hover\" src=\"https:\/\/bitodds.com\/wp-content\/uploads\/2022\/11\/bc-game-logo.jpg\" alt=\"Logotipo de BC.Game\" \/><\/a>\t\t\t\t\t<span class=\"bit-exclusive-bonus-text\">\u00a1Bono exclusivo!<\/span>\n\t\t\t\t\t\n\t\t\t\t\t\t\t\t\t\t\t<a class=\"get-bonus-btn bit-btn bit-btn--arrow-right\" href=\"https:\/\/bitodds.com\/goto\/bc.game\" target=\"_blank\" rel=\"nofollow\">\n\t\t\t\t\t\t\t<span class=\"text\">Obtener bono<\/span>\n\t\t\t\t\t\t<\/a>\n\t\t\t\t\t\n\t\t\t\t\t<div style=\"clear: both;\"><\/div>\n\t\t\t\t\t\n\t\t\t\t<\/div><!-- .bonus-review-container -->\n\t\t\t\n\t\t\t\t<div class=\"bonus-review-container bonus-review-container--operator-14064\">\n\t\t\t\t\t<a class=\"\" href=\"https:\/\/bitodds.com\/goto\/cloudbet\" title=\"Cloudbet\" rel=\"nofollow\" target=\"_blank\"><img decoding=\"async\" class=\"theme-logo skip-lazy bonus-logo-link no-zoom pulse-hover\" src=\"https:\/\/bitodds.com\/wp-content\/uploads\/2020\/10\/cloudbet-dark-logo.svg\" alt=\"Logotipo de Cloudbet\" \/><\/a>\t\t\t\t\t<span class=\"bit-exclusive-bonus-text\">\u00a1Bono exclusivo!<\/span>\n\t\t\t\t\t<p>Este bono solo se puede conseguir aqu\u00ed en BitOdds.<\/p>\n<p>\u00a1Realice un primer dep\u00f3sito de 10 m\u0e3f o equivalente y obtendr\u00e1 88 giros gratis en el casino!<\/p>\n<p>Los fondos obtenidos estar\u00e1n sujetos al rollover est\u00e1ndar de Cloudbet (30X).<\/p>\n<p>Tambi\u00e9n obtendr\u00e1 el bono est\u00e1ndar de Cloudbet del 100% del primer dep\u00f3sito hasta 5 \u0e3f, pagados en incrementos de 10 m\u0e3f .<\/p>\n<p>\u00a1Este es el mayor y mejor bono de todas las casas de criptoapuestas!<\/p>\n\n\t\t\t\t\t\t\t\t\t\t\t<a class=\"get-bonus-btn bit-btn bit-btn--arrow-right\" href=\"https:\/\/bitodds.com\/goto\/cloudbet\" target=\"_blank\" rel=\"nofollow\">\n\t\t\t\t\t\t\t<span class=\"text\">Obtener bono<\/span>\n\t\t\t\t\t\t<\/a>\n\t\t\t\t\t\n\t\t\t\t\t<div style=\"clear: both;\"><\/div>\n\t\t\t\t\t\n\t\t\t\t<\/div><!-- .bonus-review-container -->\n\t\t\t\n\t\t\t\t<div class=\"bonus-review-container bonus-review-container--operator-52872\">\n\t\t\t\t\t<a class=\"\" href=\"https:\/\/bitodds.com\/goto\/bitsler\" title=\"Bitsler\" rel=\"nofollow\" target=\"_blank\"><img decoding=\"async\" class=\"theme-logo skip-lazy bonus-logo-link no-zoom pulse-hover\" src=\"https:\/\/bitodds.com\/wp-content\/uploads\/2022\/07\/Bitsler-logo-dark.svg\" alt=\"Logotipo de Bitsler\" \/><\/a>\t\t\t\t\t\n\t\t\t\t\t\n\t\t\t\t\t\t\t\t\t\t\t<a class=\"get-bonus-btn bit-btn bit-btn--arrow-right\" href=\"https:\/\/bitodds.com\/goto\/bitsler\" target=\"_blank\" rel=\"nofollow\">\n\t\t\t\t\t\t\t<span class=\"text\">Obtener bono<\/span>\n\t\t\t\t\t\t<\/a>\n\t\t\t\t\t\n\t\t\t\t\t<div style=\"clear: both;\"><\/div>\n\t\t\t\t\t\n\t\t\t\t<\/div><!-- .bonus-review-container -->\n\t\t\t\n\t\t\t\t<div class=\"bonus-review-container bonus-review-container--operator-14073\">\n\t\t\t\t\t<a class=\"\" href=\"https:\/\/bitodds.com\/goto\/betcoin\" title=\"Betcoin\" rel=\"nofollow\" target=\"_blank\"><img decoding=\"async\" class=\"theme-logo skip-lazy bonus-logo-link no-zoom pulse-hover\" src=\"https:\/\/bitodds.com\/wp-content\/uploads\/2020\/10\/betcoin-logo-dark-theme-new-160x40.png\" alt=\"Logotipo de Betcoin\" \/><\/a>\t\t\t\t\t<span class=\"bit-exclusive-bonus-text\">\u00a1Bono exclusivo!<\/span>\n\t\t\t\t\t<p>\u00a1Este bono solo se puede conseguir aqu\u00ed en BitOdds!<\/p>\n<p>\u00a1Bono del 50% en su primer dep\u00f3sito de hasta 100 m\u0e3f \u00a0para apuestas deportivas!<\/p>\n<p>Rollover 15X (dep\u00f3sito + bono) para cuotas de al menos 1.67 antes de la retirada.<\/p>\n<p>Tambi\u00e9n obtendr\u00e1 el bono de dep\u00f3sito est\u00e1ndar del 100% de hasta 1000 m\u0e3f para apostar en el casino. Puede solicitar ambos bonos contactando con el servicio de atenci\u00f3n al cliente y los recibir\u00e1 en un plazo de 24 horas.<\/p>\n\n\t\t\t\t\t\t\t\t\t\t\t<a class=\"get-bonus-btn bit-btn bit-btn--arrow-right\" href=\"https:\/\/bitodds.com\/goto\/betcoin\" target=\"_blank\" rel=\"nofollow\">\n\t\t\t\t\t\t\t<span class=\"text\">Obtener bono<\/span>\n\t\t\t\t\t\t<\/a>\n\t\t\t\t\t\n\t\t\t\t\t<div style=\"clear: both;\"><\/div>\n\t\t\t\t\t\n\t\t\t\t<\/div><!-- .bonus-review-container -->\n\t\t\t\n\t\t\t\t<div class=\"bonus-review-container bonus-review-container--operator-52472\">\n\t\t\t\t\t<a class=\"\" href=\"https:\/\/bitodds.com\/goto\/nitrobetting\" title=\"Nitrobetting\" rel=\"nofollow\" target=\"_blank\"><img decoding=\"async\" class=\"theme-logo skip-lazy bonus-logo-link no-zoom pulse-hover\" src=\"https:\/\/bitodds.com\/wp-content\/uploads\/2022\/05\/logo-nitrobetting-logo-160x26.png\" alt=\"Logotipo de Nitrobetting\" \/><\/a>\t\t\t\t\t\n\t\t\t\t\t<p>100% first deposit match on sports betting only or slots only or poker only. Also if your first bet loses you get a free bet of the same amount.<\/p>\n\n\t\t\t\t\t\t\t\t\t\t\t<a class=\"get-bonus-btn bit-btn bit-btn--arrow-right\" href=\"https:\/\/bitodds.com\/goto\/nitrobetting\" target=\"_blank\" rel=\"nofollow\">\n\t\t\t\t\t\t\t<span class=\"text\">Obtener bono<\/span>\n\t\t\t\t\t\t<\/a>\n\t\t\t\t\t\n\t\t\t\t\t<div style=\"clear: both;\"><\/div>\n\t\t\t\t\t\n\t\t\t\t<\/div><!-- .bonus-review-container -->\n\t\t\t\n\t\t\t\t<div class=\"bonus-review-container bonus-review-container--operator-14150\">\n\t\t\t\t\t<a class=\"\" href=\"https:\/\/bitodds.com\/goto\/sportsbet\" title=\"Sportsbet\" rel=\"nofollow\" target=\"_blank\"><img decoding=\"async\" class=\"theme-logo skip-lazy bonus-logo-link no-zoom pulse-hover\" src=\"https:\/\/bitodds.com\/wp-content\/uploads\/2020\/10\/sportsbet-logo-dark.svg\" alt=\"Logotipo de Sportsbet\" \/><\/a>\t\t\t\t\t\n\t\t\t\t\t<p>Todos los bonos de\u00a0<a href=\"https:\/\/bitodds.com\/goto\/sportsbet\">Sportsbet<\/a>\u00a0se obtienen mediante el programa de recompensas Clubhouse. A medida que vaya pasando de nivel (desde el de Acero inicial hasta el superior de Diamante), ir\u00e1 consiguiendo apuestas gratuitas, giros gratis, manos gratuitas o devoluciones, todo ello personalizado y adaptado a su forma de jugar. Los puntos se obtienen al realizar apuestas deportivas o apostar en las tragamonedas o juegos de mesa.<\/p>\n<p>Puede seguir su progresi\u00f3n mediante un sencillo e intuitivo indicador.<\/p>\n<p>El programa en s\u00ed est\u00e1 muy bien, aunque se echa en falta un bono de bienvenida con el primer dep\u00f3sito.<\/p>\n\n\t\t\t\t\t\t\t\t\t\t\t<a class=\"get-bonus-btn bit-btn bit-btn--arrow-right\" href=\"https:\/\/bitodds.com\/goto\/sportsbet\" target=\"_blank\" rel=\"nofollow\">\n\t\t\t\t\t\t\t<span class=\"text\">Obtener bono<\/span>\n\t\t\t\t\t\t<\/a>\n\t\t\t\t\t\n\t\t\t\t\t<div style=\"clear: both;\"><\/div>\n\t\t\t\t\t\n\t\t\t\t<\/div><!-- .bonus-review-container -->\n\t\t\t\n\t\t\t\t<div class=\"bonus-review-container bonus-review-container--operator-33955\">\n\t\t\t\t\t<a class=\"\" href=\"https:\/\/bitodds.com\/goto\/trustdice\" title=\"TrustDice\" rel=\"nofollow\" target=\"_blank\"><img decoding=\"async\" class=\"theme-logo skip-lazy bonus-logo-link no-zoom pulse-hover\" src=\"https:\/\/bitodds.com\/wp-content\/uploads\/2021\/06\/trustdice-logo-dark.svg\" alt=\"Logotipo de TrustDice\" \/><\/a>\t\t\t\t\t\n\t\t\t\t\t<p>Una vez que haya creado su cuenta, puede obtener 30 giros gratis introduciendo el c\u00f3digo FS202106151434 en la secci\u00f3n de bonos de su <a href=\"https:\/\/trustdice.win\/account\/bonuses\" rel=\"noopener\">cuenta de TrustDice<\/a>.<\/p>\n<p>Si pierde su primera apuesta deportiva, se le devolver\u00e1 su importe en forma de apuesta gratuita. Este reembolso tiene un l\u00edmite de 1,5 m\u0e3f y caduca en 48 horas. Tambi\u00e9n hay bonos para el\u00a0<a href=\"https:\/\/bitvegas.com\/crypto-casino-guide\/crypto-casino-bonuses\/\" rel=\"noopener\">casino<\/a>\u00a0y los\u00a0<a href=\"https:\/\/bitroll.com\/crypto-dice-guide\/crypto-dice-bonuses\/\" rel=\"noopener\">dados<\/a>.<\/p>\n\n\t\t\t\t\t\t\t\t\t\t\t<a class=\"get-bonus-btn bit-btn bit-btn--arrow-right\" href=\"https:\/\/bitodds.com\/goto\/trustdice\" target=\"_blank\" rel=\"nofollow\">\n\t\t\t\t\t\t\t<span class=\"text\">Obtener bono<\/span>\n\t\t\t\t\t\t<\/a>\n\t\t\t\t\t\n\t\t\t\t\t<div style=\"clear: both;\"><\/div>\n\t\t\t\t\t\n\t\t\t\t<\/div><!-- .bonus-review-container -->\n\t\t\t<\/div>\n","protected":false},"excerpt":{"rendered":"<p>Estos bonos exclusivos de las casas de criptoapuestas son una excelente manera de empezar a acumular fondos en su cuenta y divertirse apostando. Incluso si pierde algunas de sus primeras apuestas, \u00a1puede seguir obteniendo ganancias gracias a su bono! No&hellip;<\/p>\n","protected":false},"author":1,"featured_media":0,"parent":0,"menu_order":20,"comment_status":"open","ping_status":"closed","template":"","meta":{"_acf_changed":false,"footnotes":""},"acf":[],"_links":{"self":[{"href":"https:\/\/bitodds.com\/es\/wp-json\/wp\/v2\/pages\/50994"}],"collection":[{"href":"https:\/\/bitodds.com\/es\/wp-json\/wp\/v2\/pages"}],"about":[{"href":"https:\/\/bitodds.com\/es\/wp-json\/wp\/v2\/types\/page"}],"author":[{"embeddable":true,"href":"https:\/\/bitodds.com\/es\/wp-json\/wp\/v2\/users\/1"}],"replies":[{"embeddable":true,"href":"https:\/\/bitodds.com\/es\/wp-json\/wp\/v2\/comments?post=50994"}],"version-history":[{"count":1,"href":"https:\/\/bitodds.com\/es\/wp-json\/wp\/v2\/pages\/50994\/revisions"}],"predecessor-version":[{"id":50996,"href":"https:\/\/bitodds.com\/es\/wp-json\/wp\/v2\/pages\/50994\/revisions\/50996"}],"wp:attachment":[{"href":"https:\/\/bitodds.com\/es\/wp-json\/wp\/v2\/media?parent=50994"}],"curies":[{"name":"wp","href":"https:\/\/api.w.org\/{rel}","templated":true}]}}