{"id":50992,"date":"2021-06-26T17:11:55","date_gmt":"2021-06-26T17:11:55","guid":{"rendered":"https:\/\/staging.bitodds.com\/?page_id=50992"},"modified":"2021-06-28T04:17:14","modified_gmt":"2021-06-28T04:17:14","slug":"best-odds-crypto-sportsbooks","status":"publish","type":"page","link":"https:\/\/bitodds.com\/es\/best-odds-crypto-sportsbooks\/","title":{"rendered":"Las casas de criptoapuestas con las mejores cuotas"},"content":{"rendered":"\t<div class=\"sportsbook-ranking-table-wrapper\">\n\t\t<table class='sportsbook-ranking-table loading striped_minimal bit-table' data-rows=\"0\" data-rankings=\"1<sup>\u00ba<\/sup>,2<sup>\u00ba<\/sup>,3<sup>\u00ba<\/sup>,\">\n\t\t\t<tbody>\n\t\t\t\t<tr>\n\t\t\t\t\t<th class=\"th-ranking\"><\/th>\n\t\t\t\t\t<th class=\"th-logo\"><\/th>\n\t\t\t\t\t<th class=\"th-header\">Frecuencia de las mejores cuotas<\/th>\n\t\t\t\t\t<th class=\"th-edge\">\n\t\t\t\t\t\t<a href=\"https:\/\/bitodds.com\/best-odds-crypto-sportsbooks\/\">\n\t\t\t\t\t\t\tVentaja\t\t\t\t\t\t<\/a>\n\t\t\t\t\t<\/th>\n\t\t\t\t<\/tr>\n\t\t\t<tr class=\"sportsbook-ranking-table__row sportsbook-ranking-table--operator-24862\"><td><\/td><td><a class=\"\" href=\"https:\/\/bitodds.com\/goto\/stake\" title=\"Stake\" rel=\"nofollow\" target=\"_blank\"><img decoding=\"async\" class=\"theme-logo skip-lazy sportsbook-ranking-table__logo pulse-hover\" src=\"https:\/\/bitodds.com\/wp-content\/uploads\/2020\/10\/stake-dark-logo.svg\" alt=\"Logotipo de Stake\" \/><\/a><\/td><td>47,31%<\/td><td>5,49%<\/td><\/tr><tr class=\"sportsbook-ranking-table__row sportsbook-ranking-table--operator-14064\"><td><\/td><td><a class=\"\" href=\"https:\/\/bitodds.com\/goto\/cloudbet\" title=\"Cloudbet\" rel=\"nofollow\" target=\"_blank\"><img decoding=\"async\" class=\"theme-logo skip-lazy sportsbook-ranking-table__logo pulse-hover\" src=\"https:\/\/bitodds.com\/wp-content\/uploads\/2020\/10\/cloudbet-dark-logo.svg\" alt=\"Logotipo de Cloudbet\" \/><\/a><\/td><td>50,03%<\/td><td>5,51%<\/td><\/tr><tr class=\"sportsbook-ranking-table__row sportsbook-ranking-table--operator-52872\"><td><\/td><td><a class=\"\" href=\"https:\/\/bitodds.com\/goto\/bitsler\" title=\"Bitsler\" rel=\"nofollow\" target=\"_blank\"><img decoding=\"async\" class=\"theme-logo skip-lazy sportsbook-ranking-table__logo pulse-hover\" src=\"https:\/\/bitodds.com\/wp-content\/uploads\/2022\/07\/Bitsler-logo-dark.svg\" alt=\"Logotipo de Bitsler\" \/><\/a><\/td><td>14,84%<\/td><td>6,41%<\/td><\/tr>\t\t\t<\/tbody>\n\t\t<\/table>\n\t<\/div>\n\t \n\n\n\n<p>Muchas casas de apuestas afirman tener las mejores cuotas, \u00a1nosotros aportamos pruebas independientes e imparciales!<\/p>\n\n\n\n<p>Calculamos qu\u00e9 casa de apuestas ofrece las mejores cuotas, as\u00ed como su <a href=\"https:\/\/bitedge.com\/sports-betting-guide\/understand-odds-as-probability-with-overround\/\" target=\"_blank\" rel=\"noreferrer noopener\">ventaja de casa<\/a>&nbsp;en cada apuesta, que se muestra en nuestras comparaciones de cuotas. Es decir, <strong><strong>235<\/strong><\/strong> <strong>eventos<\/strong>, <strong><strong>1429<\/strong><\/strong> <strong>apuestas <\/strong>y <strong><strong>4287<\/strong><\/strong> <strong>cuotas individuales<\/strong> que se actualizan cada 10 minutos.<\/p>\n\n\n\n<p>Si no quiere comparar las cuotas de cada apuesta que realice, simplemente reg\u00edstrese en las casas de apuestas con la menor ventaja, as\u00ed sabr\u00e1 que est\u00e1 obteniendo un buen valor en general.<\/p>\n\n\n\n<p>Si dos casas de apuestas ofrecen las mismas cuotas, ambas se cuentan como si ofrecieran las mejores cuotas. Esto puede dar lugar a que los porcentajes de \u00abfrecuencia de las mejores cuotas\u00bb sumen m\u00e1s del 100&nbsp;%.<\/p>\n\n\n\n<p><a href=\"https:\/\/bitodds.com\/goto\/sportsbet\/\" target=\"_blank\" rel=\"noreferrer noopener\">Sportsbet<\/a>, una de las mejores casas de criptoapuestas, tiene una funci\u00f3n de aumento de precio que mejora en gran medida sus cuotas, dando las mejores \u2013o casi las mejores\u2013 cuotas en cualquier apuesta. El problema es que solo puede usarla una vez al d\u00eda por deporte.<\/p>\n\n\n\n<p>Las cuotas no son lo \u00fanico que debe considerar a la hora de elegir una casa de apuestas. Tenga en cuenta tambi\u00e9n todos los elementos mencionados en nuestras detalladas <a href=\"https:\/\/bitedge.com\/crypto-sportsbook-reviews\/\" target=\"_blank\" rel=\"noreferrer noopener\">rese\u00f1as sobre casas de criptoapuestas<\/a>, tanto escritas como en v\u00eddeo.<\/p>\n\n\n\n<p>\u00a1Que las cuotas le acompa\u00f1en!<\/p>\n","protected":false},"excerpt":{"rendered":"<p>Muchas casas de apuestas afirman tener las mejores cuotas, \u00a1nosotros aportamos pruebas independientes e imparciales! Calculamos qu\u00e9 casa de apuestas ofrece las mejores cuotas, as\u00ed como su ventaja de casa&nbsp;en cada apuesta, que se muestra en nuestras comparaciones de cuotas.&hellip;<\/p>\n","protected":false},"author":1,"featured_media":0,"parent":0,"menu_order":10,"comment_status":"open","ping_status":"closed","template":"","meta":{"_acf_changed":false,"footnotes":""},"acf":[],"_links":{"self":[{"href":"https:\/\/bitodds.com\/es\/wp-json\/wp\/v2\/pages\/50992"}],"collection":[{"href":"https:\/\/bitodds.com\/es\/wp-json\/wp\/v2\/pages"}],"about":[{"href":"https:\/\/bitodds.com\/es\/wp-json\/wp\/v2\/types\/page"}],"author":[{"embeddable":true,"href":"https:\/\/bitodds.com\/es\/wp-json\/wp\/v2\/users\/1"}],"replies":[{"embeddable":true,"href":"https:\/\/bitodds.com\/es\/wp-json\/wp\/v2\/comments?post=50992"}],"version-history":[{"count":1,"href":"https:\/\/bitodds.com\/es\/wp-json\/wp\/v2\/pages\/50992\/revisions"}],"predecessor-version":[{"id":50993,"href":"https:\/\/bitodds.com\/es\/wp-json\/wp\/v2\/pages\/50992\/revisions\/50993"}],"wp:attachment":[{"href":"https:\/\/bitodds.com\/es\/wp-json\/wp\/v2\/media?parent=50992"}],"curies":[{"name":"wp","href":"https:\/\/api.w.org\/{rel}","templated":true}]}}