{"id":50986,"date":"2021-06-26T17:10:04","date_gmt":"2021-06-26T17:10:04","guid":{"rendered":"https:\/\/staging.bitodds.com\/?page_id=50986"},"modified":"2021-06-28T04:59:23","modified_gmt":"2021-06-28T04:59:23","slug":"responsible-gambling","status":"publish","type":"page","link":"https:\/\/bitodds.com\/es\/responsible-gambling\/","title":{"rendered":"Juego responsable"},"content":{"rendered":"\n<p>Si el juego es un problema para usted, sepa que no est\u00e1 solo y que hay muchas formas de obtener ayuda. La mayor\u00eda de las casas de apuestas cuentan con personal formado en el juego responsable y ofrecen l\u00edmites de dep\u00f3sito y p\u00e9rdida autoimpuestos, as\u00ed como la opci\u00f3n de autoexclusi\u00f3n permanente o temporal. Incluso si no tiene problemas con el juego, siempre debe jugar de forma responsable.<\/p>\n\n\n\n<p>Gamblers Anonymous ha elaborado un <a href=\"http:\/\/www.gamblersanonymous.org\/ga\/content\/20-questions\" target=\"_blank\" rel=\"noreferrer noopener\">breve cuestionario<\/a> con 20 preguntas de tipo s\u00ed\/no cuyas respuestas pueden ayudarle a determinar si tiene un problema con el juego.<\/p>\n","protected":false},"excerpt":{"rendered":"<p>Si el juego es un problema para usted, sepa que no est\u00e1 solo y que hay muchas formas de obtener ayuda. La mayor\u00eda de las casas de apuestas cuentan con personal formado en el juego responsable y ofrecen l\u00edmites de&hellip;<\/p>\n","protected":false},"author":1,"featured_media":0,"parent":0,"menu_order":0,"comment_status":"open","ping_status":"closed","template":"","meta":{"_acf_changed":false,"footnotes":""},"acf":[],"_links":{"self":[{"href":"https:\/\/bitodds.com\/es\/wp-json\/wp\/v2\/pages\/50986"}],"collection":[{"href":"https:\/\/bitodds.com\/es\/wp-json\/wp\/v2\/pages"}],"about":[{"href":"https:\/\/bitodds.com\/es\/wp-json\/wp\/v2\/types\/page"}],"author":[{"embeddable":true,"href":"https:\/\/bitodds.com\/es\/wp-json\/wp\/v2\/users\/1"}],"replies":[{"embeddable":true,"href":"https:\/\/bitodds.com\/es\/wp-json\/wp\/v2\/comments?post=50986"}],"version-history":[{"count":1,"href":"https:\/\/bitodds.com\/es\/wp-json\/wp\/v2\/pages\/50986\/revisions"}],"predecessor-version":[{"id":50987,"href":"https:\/\/bitodds.com\/es\/wp-json\/wp\/v2\/pages\/50986\/revisions\/50987"}],"wp:attachment":[{"href":"https:\/\/bitodds.com\/es\/wp-json\/wp\/v2\/media?parent=50986"}],"curies":[{"name":"wp","href":"https:\/\/api.w.org\/{rel}","templated":true}]}}