{"id":50980,"date":"2021-06-26T17:06:11","date_gmt":"2021-06-26T17:06:11","guid":{"rendered":"https:\/\/staging.bitodds.com\/?page_id=50980"},"modified":"2022-08-31T03:25:08","modified_gmt":"2022-08-31T03:25:08","slug":"faq","status":"publish","type":"page","link":"https:\/\/bitodds.com\/es\/faq\/","title":{"rendered":"Preguntas frecuentes"},"content":{"rendered":"\n<p>Si tiene alguna pregunta que no aparezca en esta lista, form\u00falela en los comentarios a continuaci\u00f3n o <a href=\"https:\/\/bitodds.com\/contact\/\">p\u00f3ngase en contacto con nosotros<\/a>.<\/p>\n\n\n<div class=\"uk-card bit-card bit-card--faq\"><div class=\"uk-card-body bit-card__body\"><div class=\"bit-card__icon\"><i class=\"fal fa-question-circle\"><\/i><\/div><h2 class=\"bit-card__header heading-link\">\u00bfCon qu\u00e9 frecuencia se actualizan las cuotas?<\/h2><p>Cada 15 minutos.<\/p>\n<\/div><\/div>\n\n\n<div class=\"uk-card bit-card bit-card--faq\"><div class=\"uk-card-body bit-card__body\"><div class=\"bit-card__icon\"><i class=\"fal fa-question-circle\"><\/i><\/div><h2 class=\"bit-card__header heading-link\">\u00bfPor qu\u00e9 algunas cuotas est\u00e1n en negrita y subrayadas?<\/h2><p>Las cuotas en <u><strong>negrita y subrayadas<\/strong><\/u> son las mejores cuotas disponibles para esa apuesta.<\/p>\n<\/div><\/div>\n\n\n<div class=\"uk-card bit-card bit-card--faq\"><div class=\"uk-card-body bit-card__body\"><div class=\"bit-card__icon\"><i class=\"fal fa-question-circle\"><\/i><\/div><h2 class=\"bit-card__header heading-link\">\u00bfPuedo ver las cuotas americanas o fraccionarias?<\/h2><p>S\u00ed, establezca sus preferencias en <a uk-toggle=\"target: #user-settings\">ajustes<\/a>.<\/p>\n<\/div><\/div>\n\n\n<div class=\"uk-card bit-card bit-card--faq\"><div class=\"uk-card-body bit-card__body\"><div class=\"bit-card__icon\"><i class=\"fal fa-question-circle\"><\/i><\/div><h2 class=\"bit-card__header heading-link\">\u00bfPuedo ver solo las casas de apuestas que aceptan mis criptomonedas favoritas?<\/h2><p>S\u00ed, establezca sus preferencias en <a uk-toggle=\"target: #user-settings\">ajustes<\/a>.<\/p>\n<\/div><\/div>\n\n\n<div class=\"uk-card bit-card bit-card--faq\"><div class=\"uk-card-body bit-card__body\"><div class=\"bit-card__icon\"><i class=\"fal fa-question-circle\"><\/i><\/div><h2 class=\"bit-card__header heading-link\">La cuota media est\u00e1 mal<\/h2><p>La cuota media se compone de todas las casas de apuestas que aparecen en las comparaciones de cuotas. Debido al geobloqueo y a sus ajustes, es posible que no vea todas las casas de apuestas. As\u00ed pues, las cuotas medias que le aparecen pueden no coincidir con las cuotas de las casas de apuestas que se le muestran.<\/p>\n<p>Por ejemplo: por defecto, no le mostraremos las casas de apuestas que bloquean a los apostantes de <span class=\"bit-user-geoloc\">Estados Unidos de Am\u00e9rica<\/span>. Pero las cuotas de esas casas de apuestas siguen contando en los promedios.<\/p>\n<p>Del mismo modo, si ha configurado sus ajustes para que solo se muestren las casas de apuestas que aceptan Ethereum, no le mostraremos las que no aceptan Ethereum. Pero las cuotas de esas casas de apuestas se siguen incluyendo en los promedios.<\/p>\n<p>Puede elegir ver todas las casas de apuestas en <a uk-toggle=\"target: #user-settings\">ajustes<\/a>.<\/p>\n<\/div><\/div>\n\n\n<div class=\"uk-card bit-card bit-card--faq\"><div class=\"uk-card-body bit-card__body\"><div class=\"bit-card__icon\"><i class=\"fal fa-question-circle\"><\/i><\/div><h2 class=\"bit-card__header heading-link\">\u00bfQu\u00e9 significan los diferentes tipos de apuestas?<\/h2><p>Hay 3 tipos de apuestas que se muestran en nuestras comparaciones de cuotas: <\/p>\n<ul>\n<li><a href=\"https:\/\/bitedge.com\/sports-betting-guide\/sports-bet-types\" target=\"_blank\" rel=\"noopener noreferrer\">Resultado\/ganador<\/a><\/li>\n<li><a href=\"https:\/\/bitedge.com\/sports-betting-guide\/points-spread-and-asian-handicap\/\" target=\"_blank\" rel=\"noopener noreferrer\">H\u00e1ndicap\/spread<\/a><\/li>\n<li><a href=\"https:\/\/bitedge.com\/sports-betting-guide\/sports-bet-types\/#totals-over-under\" target=\"_blank\" rel=\"noopener noreferrer\">Totales m\u00e1s de\/menos de<\/a><\/li>\n<\/ul>\n<p>El mismo tipo de apuesta se puede llamar de forma diferente seg\u00fan el deporte.<\/p>\n<\/div><\/div>\n\n\n<div class=\"uk-card bit-card bit-card--faq\"><div class=\"uk-card-body bit-card__body\"><div class=\"bit-card__icon\"><i class=\"fal fa-question-circle\"><\/i><\/div><h2 class=\"bit-card__header heading-link\">\u00bfPor qu\u00e9 se incluyen esas casas de apuestas?<\/h2><p>Solo incluimos casas de <a href=\"https:\/\/bitedge.com\/blog\/end-to-end-crypto-sportsbooks-vs-government-currency-sportsbooks-that-accept-crypto\/\" target=\"_blank\" rel=\"noopener noreferrer\">criptoapuestas de cifrado de extremo a extremo<\/a> an\u00f3nimas. <\/p>\n<p>Cuando incluimos una casa de apuestas, solo estamos avalando que es lo suficientemente buena como para apostar en ella. Las casas de apuestas se muestran en las comparaciones de cuotas en orden de calidad general. La de m\u00e1s alta calidad aparece en la parte superior y la de m\u00e1s baja, en la parte inferior.<\/p>\n<p>Puede ver nuestra opini\u00f3n sobre ellas \u2013y sobre otras casas de criptoapuestas\u2013 al detalle en nuestras <a href=\"https:\/\/bitedge.com\/crypto-sportsbook-reviews\/\" target=\"_blank\" rel=\"noopener noreferrer\">rese\u00f1as sobre casas de criptoapuestas<\/a>.<\/p>\n<\/div><\/div>\n\n\n<div class=\"uk-card bit-card bit-card--faq\"><div class=\"uk-card-body bit-card__body\"><div class=\"bit-card__icon\"><i class=\"fal fa-question-circle\"><\/i><\/div><h2 class=\"bit-card__header heading-link\">\u00bfLimitar\u00e1n las casas de criptoapuestas las cuentas ganadoras?<\/h2><p>No, porque no pueden.<\/p>\n<p>Solo incluimos casas de <a href=\"https:\/\/bitedge.com\/blog\/end-to-end-crypto-sportsbooks-vs-government-currency-sportsbooks-that-accept-crypto\/\" target=\"_blank\" rel=\"noopener noreferrer\">criptoapuestas con cifrado de extremo a extremo<\/a> an\u00f3nimas. Si le limitaran la cuenta para evitar que ganara o hiciera apuestas arriesgadas, simplemente se podr\u00eda crear una cuenta nueva y as\u00ed no podr\u00edan hacerlo.<\/p>\n<p>Por desgracia, algunas de estas casas de apuestas han pedido documentos de identificaci\u00f3n a los usuarios. Sin embargo, esto solo ocurre cuando la casa de apuestas sospecha de fraude, como el doble gasto o el abuso de bonos, no por ganar o hacer apuestas arriesgadas.<\/p>\n<\/div><\/div>\n\n\n\n<p>Si tiene alguna pregunta que no aparezca en esta lista, form\u00falela en los comentarios a continuaci\u00f3n o <a href=\"https:\/\/bitodds.com\/contact\">p\u00f3ngase en contacto con nosotros<\/a>.<\/p>\n","protected":false},"excerpt":{"rendered":"<p>Si tiene alguna pregunta que no aparezca en esta lista, form\u00falela en los comentarios a continuaci\u00f3n o p\u00f3ngase en contacto con nosotros. Si tiene alguna pregunta que no aparezca en esta lista, form\u00falela en los comentarios a continuaci\u00f3n o p\u00f3ngase&hellip;<\/p>\n","protected":false},"author":1,"featured_media":0,"parent":0,"menu_order":0,"comment_status":"open","ping_status":"closed","template":"","meta":{"_acf_changed":false,"footnotes":""},"acf":[],"_links":{"self":[{"href":"https:\/\/bitodds.com\/es\/wp-json\/wp\/v2\/pages\/50980"}],"collection":[{"href":"https:\/\/bitodds.com\/es\/wp-json\/wp\/v2\/pages"}],"about":[{"href":"https:\/\/bitodds.com\/es\/wp-json\/wp\/v2\/types\/page"}],"author":[{"embeddable":true,"href":"https:\/\/bitodds.com\/es\/wp-json\/wp\/v2\/users\/1"}],"replies":[{"embeddable":true,"href":"https:\/\/bitodds.com\/es\/wp-json\/wp\/v2\/comments?post=50980"}],"version-history":[{"count":3,"href":"https:\/\/bitodds.com\/es\/wp-json\/wp\/v2\/pages\/50980\/revisions"}],"predecessor-version":[{"id":53054,"href":"https:\/\/bitodds.com\/es\/wp-json\/wp\/v2\/pages\/50980\/revisions\/53054"}],"wp:attachment":[{"href":"https:\/\/bitodds.com\/es\/wp-json\/wp\/v2\/media?parent=50980"}],"curies":[{"name":"wp","href":"https:\/\/api.w.org\/{rel}","templated":true}]}}