{"id":50978,"date":"2021-06-26T17:05:24","date_gmt":"2021-06-26T17:05:24","guid":{"rendered":"https:\/\/staging.bitodds.com\/?page_id=50978"},"modified":"2021-06-28T04:24:57","modified_gmt":"2021-06-28T04:24:57","slug":"crypto-value-bet-alerts","status":"publish","type":"page","link":"https:\/\/bitodds.com\/es\/crypto-value-bet-alerts\/","title":{"rendered":"Alertas de apuestas de valor criptogr\u00e1fico"},"content":{"rendered":"\n<p>Hemos creado una alerta instant\u00e1nea que detecta las apuestas de valor. Encontramos valores at\u00edpicos a los que una casa de apuestas determinada ofrece cuotas considerablemente m\u00e1s altas que el resto del mercado. Se trata de apuestas con un valor previsto positivo. Esto le supondr\u00e1 a usted contar con una ventaja sobre las casas de apuestas \u00a1y una buena oportunidad de obtener ganancias a largo plazo!<\/p>\n\n\n\n<p>Por ejemplo, esta fue la \u00faltima alerta:<\/p>\n\n\n<a  href=\"https:\/\/bitodds.com\/goto\/cloudbet\" title=\"Cloudbet\" target=\"_blank\"><div class=\"value-bet-image value-bet-image--content\">\n\n\n<div class=\"value-bet-image__participants\">\n    \n    <div class=\"value-bet-image__participant\">\n                <h3>Brion<\/h3>\n    <\/div>\n    \n    <div class=\"value-bet-image__vs\">vs.<\/div>\n\n    <div class=\"value-bet-image__participant\">\n                <h3>Gen.G<\/h3>\n    <\/div>\n\n<\/div>\n\n<div class=\"value-bet-image__competition\">\n    <h3>League of Legends<\/h3>\n    <h4>\n        Hora: \n        <strong class=\"arb-alert__datetime value-bet-datetime\" data-date=\"2023-06-29 08:00:00\">\n            8:00 AM jueves 29th Jun        <\/strong>\n    <\/h4>\n<\/div>\n\n<div class=\"value-bet-image__details\">\n    <div>\n        <span>Apuesta:<\/span>\n        <strong>Brion<\/strong>\n        <span class=\"\">+1.5 Map handicap<\/span>    <\/div>\n    <div>\n        <span>Cuotas medias<\/span>\n        <strong class=\"value-bet-odds\" \n            data-odds-decimal=\"3.27\" \n            data-odds-american=\"+227\" \n            data-odds-fractional=\"9\/4\" \n            data-odds-probability=\"30.58&#65130;\">\n        3.27<\/strong>\n    <\/div>\n    <div>\n        <span>Cloudbet odds:<\/span>\n        <strong class=\"value-bet-odds\" \n            data-odds-decimal=\"3.57\" \n            data-odds-american=\"+257\" \n            data-odds-fractional=\"13\/5\"\n            data-odds-probability=\"28.01&#65130;\">\n        3.57<\/strong>\n    <\/div>\n<\/div>\n\n<div class=\"value-bet-image__bets\">\n    <div class=\"value-bet-image__bet\">\n        <h4>Valor previsto<\/h4>\n        <p>\n        +2.23%        <\/p>\n    <\/div>\n<\/div>\n\n<\/div><!-- .value-bet-image -->\n<\/a>\n\n\n\n<p>Suscr\u00edbase a las alertas introduciendo su direcci\u00f3n de correo electr\u00f3nico a continuaci\u00f3n. Garantizamos el 100&nbsp;% de privacidad, su informaci\u00f3n no ser\u00e1 compartida.<\/p>\n\n\n\t<form class=\"bit-short-subscribe \" method=\"POST\" >\n\t\t<div class=\"bit-short-subscribe__inner\">\n\t\t\t<input class=\"bit-mail-short-email\" oninvalid=\"this.setCustomValidity('Introduzca una direcci\u00f3n de correo electr\u00f3nico v\u00e1lida.')\"\n\t\t\t\ttype=\"email\" name=\"bit-email\"  placeholder=\"Email\" \/>\n\t\t\t<button class=\"bit-mail-short-submit bit-btn--inbox\" type=\"submit\">Subscribe<\/button>\n\t\t<\/div>\n\t\t<div class=\"bit-mail-short-message bit-alert bit-alert--primary alert alert-info\" style=\"display:none\"><\/div>\n\t<\/form>\n\t\n\n\n\n<p>Las alertas de apuestas de valor tambi\u00e9n se <a href=\"https:\/\/twitter.com\/bitedgecom\" target=\"_blank\" rel=\"noreferrer noopener\">tuitean aqu\u00ed<\/a> y se publican en nuestra <a href=\"https:\/\/web.facebook.com\/BitEdge\" target=\"_blank\" rel=\"noreferrer noopener\">p\u00e1gina de Facebook<\/a>.<\/p>\n\n\n\n<h2 class=\"wp-block-heading\"><strong>Definici\u00f3n de apuesta de valor<\/strong><\/h2>\n\n\n\n<p>Por cada selecci\u00f3n realizada en nuestras comparaciones de cuotas calculamos la probabilidad de las cuotas medias en todas las casas de apuestas. Tenemos en cuenta el <a href=\"https:\/\/bitedge.com\/sports-betting-guide\/understand-odds-as-probability-with-overround\/\" target=\"_blank\" rel=\"noreferrer noopener\"><em>overround<\/em> de las casas de apuestas<\/a>. A continuaci\u00f3n, alertamos de las cuotas que dan m\u00e1s de un 2&nbsp;% m\u00e1s de probabilidad que la media.<\/p>\n\n\n\n<p>Por lo tanto, si las cuotas medias son razonables, \u00a1nuestras alertas le dar\u00e1n la oportunidad de apostar con una ventaja a su favor!<\/p>\n\n\n\n<p>Esto se puede entender de manera muy intuitiva con el siguiente ejemplo. Las cuotas medias al Chelsea estaban a 2,176, pero <a href=\"https:\/\/bitodds.com\/goto\/stake\" target=\"_blank\" rel=\"noreferrer noopener\">Stake<\/a> ofrec\u00eda cuotas de 2,37. \u00a1Eso es una apuesta de valor!<\/p>\n\n\n\n<div class=\"wp-block-image\"><figure class=\"aligncenter size-large\"><img decoding=\"async\" width=\"882\" height=\"1024\" src=\"https:\/\/lang2.stage.bitodds.com\/wp-content\/uploads\/2021\/03\/value-bet-882x1024.png\" alt=\"\" class=\"wp-image-33412\" srcset=\"https:\/\/bitodds.com\/wp-content\/uploads\/2021\/03\/value-bet-882x1024.png 882w, https:\/\/bitodds.com\/wp-content\/uploads\/2021\/03\/value-bet-258x300.png 258w, https:\/\/bitodds.com\/wp-content\/uploads\/2021\/03\/value-bet-830x963.png 830w, https:\/\/bitodds.com\/wp-content\/uploads\/2021\/03\/value-bet-366x425.png 366w, https:\/\/bitodds.com\/wp-content\/uploads\/2021\/03\/value-bet-160x186.png 160w, https:\/\/bitodds.com\/wp-content\/uploads\/2021\/03\/value-bet-28x32.png 28w, https:\/\/bitodds.com\/wp-content\/uploads\/2021\/03\/value-bet-55x64.png 55w, https:\/\/bitodds.com\/wp-content\/uploads\/2021\/03\/value-bet-45x52.png 45w, https:\/\/bitodds.com\/wp-content\/uploads\/2021\/03\/value-bet-90x104.png 90w, https:\/\/bitodds.com\/wp-content\/uploads\/2021\/03\/value-bet.png 984w\" sizes=\"(max-width: 882px) 100vw, 882px\" \/><\/figure><\/div>\n\n\n\n<p>Tenga en cuenta que las condiciones de servicio de la mayor\u00eda de las casas de apuestas les permiten reembolsar las apuestas si las cuotas son claramente incorrectas debido a un error humano. Si el tapado a largo plazo en una casa de apuestas determinada es el favorito a corto plazo en todas las dem\u00e1s casas de apuestas, lo m\u00e1s probable es que se deba a un error humano y no se trate de una apuesta de valor.<\/p>\n\n\n\n<p>Por eso hacemos filtros previos para usted, adem\u00e1s de pruebas reales, para confirmar que las apuestas sobre las que alertamos est\u00e1n disponibles en las casas de apuestas.<\/p>\n\n\n\n<h2 class=\"wp-block-heading\"><strong>Las casas de criptoapuestas no bloquean ni ponen l\u00edmites por hacer este tipo de apuestas<\/strong><\/h2>\n\n\n\n<p>Dado que las casas de apuestas en monedas nacionales suelen bloquear o limitar a los apostantes que obtienen rentabilidad, la pregunta m\u00e1s com\u00fan que recibimos es si las casas de criptoapuestas har\u00e1n lo mismo. La respuesta es no, porque no pueden.<\/p>\n\n\n\n<p>Solo incluimos casas de <a href=\"https:\/\/bitedge.com\/blog\/end-to-end-crypto-sportsbooks-vs-government-currency-sportsbooks-that-accept-crypto\/\" target=\"_blank\" rel=\"noreferrer noopener\">criptoapuestas de cifrado de extremo a extremo<\/a> an\u00f3nimas. Si le bloquean o limitan la cuenta por obtener rentabilidad, sencillamente cree una cuenta nueva y as\u00ed no podr\u00e1n hacerlo.<\/p>\n\n\n\n<p>Por desgracia, algunas de estas casas de criptoapuestas han pedido documentos de identificaci\u00f3n a los apostantes. Sin embargo, esto solo ocurre cuando la casa de apuestas sospecha de fraude, como el doble gasto, el abuso de bonos o las <a href=\"https:\/\/bitedge.com\/blog\/geo-blocking-in-crypto-gambling\/\" target=\"_blank\" rel=\"noreferrer noopener\">apuestas desde un pa\u00eds bloqueado<\/a>, no por hacer apuestas rentables.<\/p>\n\n\n\n<h2 class=\"wp-block-heading\"><strong>C\u00e1lculo de una apuesta de valor<\/strong><\/h2>\n\n\n<pre class=\"bit-codesnippet\"><code class=\"code-block markup\">Probabilidad impl\u00edcita = cuotas convertidas en probabilidad\n\n\nProbabilidad real = cuotas menos overround convertido en probabilidad<\/code><\/pre>\n\n\n\n<p>Las apuestas de valor se detectan utilizando las cuotas y el <em>overround<\/em> de cada casa de apuestas para determinar la probabilidad real que cada casa de apuestas asigna a una apuesta ganadora. A continuaci\u00f3n, se obtiene la media de estas probabilidades reales en todas las casas de apuestas y se asume que esta media se aproxima bastante a la probabilidad real de que una apuesta resulte ganadora.<\/p>\n\n\n\n<p>A partir de esta probabilidad media real, podemos estimar el valor esperado de apostar a las mejores cuotas disponibles. Si el valor esperado es superior al 2&nbsp;%, lo consideramos una apuesta de valor.<\/p>\n\n\n\n<p>Solo alertamos sobre apuestas de valor cuando las cuotas decimales son inferiores a 5 y el partido se disputa en menos de 3 d\u00edas.<\/p>\n\n\n\n<h3 class=\"wp-block-heading\"><strong><strong>Ejemplo real<\/strong><\/strong><\/h3>\n\n\n\n<p>Para entender exactamente c\u00f3mo se calculan las apuestas de valor, supongamos que las cuotas de <em>Real Salt Lake @ Minnesota United FC<\/em> son las siguientes y echemos un vistazo a las cuotas de empate de <a href=\"https:\/\/bitodds.com\/goto\/sportsbet\/\" target=\"_blank\" rel=\"noreferrer noopener\">Sportsbet<\/a>:<\/p>\n\n\n\n<figure class=\"wp-block-table\"><table><thead><tr><th><\/th><th>Salt Lake<\/th><th>Draw<\/th><th>Minnesota<\/th><\/tr><\/thead><tbody><tr><td>Cloudbet<\/td><td>4,39<\/td><td>3,51<\/td><td>1,87<\/td><\/tr><tr><td>Stake<\/td><td>4,3<\/td><td>3,45<\/td><td>1,85<\/td><\/tr><tr><td>Sportsbet<\/td><td>3,71<\/td><td><strong><span style=\"text-decoration: underline;\">3,91<\/span><\/strong><\/td><td>1,85<\/td><\/tr><tr><td>Nitrogen<\/td><td>4,2<\/td><td>3,35<\/td><td>1,81<\/td><\/tr><tr><td>BetBTC<\/td><td>4,367<\/td><td>3,497<\/td><td>1,876<\/td><\/tr><tr><td>Betcoin<\/td><td>4,3<\/td><td>3,45<\/td><td>1,85<\/td><\/tr><\/tbody><\/table><\/figure>\n\n\n\n<p>Primero calculamos la \u00abprobabilidad impl\u00edcita\u00bb de cada una de estas cuotas. Esta es la probabilidad si la ventaja de la casa de apuestas fuera 0. La probabilidad impl\u00edcita es:<\/p>\n\n\n\n<pre class=\"wp-block-code\"><code>probabilidad_impl\u00edcita = 1 \/ cuotas \u00d7 100 %<\/code><\/pre>\n\n\n\n<p>Aplicando esta f\u00f3rmula a la tabla anterior obtenemos:<\/p>\n\n\n\n<figure class=\"wp-block-table\"><table><thead><tr><th><\/th><th>Salt Lake<\/th><th>Empate<\/th><th>Minnesota<\/th><\/tr><\/thead><tbody><tr><td>Cloudbet<\/td><td>22,8<\/td><td>28,5<\/td><td>53,5<\/td><\/tr><tr><td>Stake<\/td><td>23,3<\/td><td>29<\/td><td>54,1<\/td><\/tr><tr><td>Sportsbet<\/td><td>27<\/td><td><strong><span style=\"text-decoration: underline;\">25,6<\/span><\/strong><\/td><td>54,1<\/td><\/tr><tr><td>Nitrogen<\/td><td>23,8<\/td><td>29,9<\/td><td>55,2<\/td><\/tr><tr><td>BetBTC<\/td><td>22,9<\/td><td>28,6<\/td><td>53,3<\/td><\/tr><tr><td>Betcoin<\/td><td>23,3<\/td><td>29<\/td><td>54,1<\/td><\/tr><\/tbody><\/table><\/figure>\n\n\n\n<p>Sabemos que las probabilidades impl\u00edcitas no son las que las casas de apuestas consideran reales, ya que las casas de apuestas reducen las cuotas para darse una ventaja. Podemos estimar qu\u00e9 creen las casas de apuestas que son las probabilidades reales dividiendo las probabilidades impl\u00edcitas por una medida de la ventaja de las casas de apuestas conocida como \u00ab<em>overround<\/em>\u00ab.<\/p>\n\n\n\n<p>El <em>overround<\/em> es la medida en que la suma de las probabilidades impl\u00edcitas supera el 100&nbsp;%. Por ejemplo, en la tabla anterior, el <em>overround<\/em> de Cloudbet ser\u00eda:<\/p>\n\n\n\n<pre class=\"wp-block-code\"><code>overround = 22,8 + 28,5 + 53,5 - 100 = 4,8<\/code><\/pre>\n\n\n\n<p>Si calculamos el <em>overround<\/em> de cada casa de apuestas, obtenemos:<\/p>\n\n\n\n<figure class=\"wp-block-table\"><table><thead><tr><th><\/th><th>Overround<\/th><\/tr><\/thead><tbody><tr><td>Cloudbet<\/td><td>4,75<\/td><\/tr><tr><td>Stake<\/td><td>6,3<\/td><\/tr><tr><td>Sportsbet<\/td><td><strong><span style=\"text-decoration: underline;\">6,58<\/span><\/strong><\/td><\/tr><tr><td>Nitrogen<\/td><td>8,91<\/td><\/tr><tr><td>BetBTC<\/td><td>4,8<\/td><\/tr><tr><td>Betcoin<\/td><td>6,3<\/td><\/tr><\/tbody><\/table><\/figure>\n\n\n\n<p>Podemos usar el <em>overround<\/em> para estimar las predicciones que hacen las casas de apuestas de las probabilidades reales utilizando:<\/p>\n\n\n\n<pre class=\"wp-block-code\"><code>probabilidad_de_casa_de_apuestas = probabilidad_impl\u00edcita \/ (1 + overround)<\/code><\/pre>\n\n\n\n<p>Aplicando esta f\u00f3rmula obtenemos:<\/p>\n\n\n\n<figure class=\"wp-block-table\"><table><thead><tr><th><\/th><th>Salt Lake<\/th><th>Empate<\/th><th>Minnesota<\/th><\/tr><\/thead><tbody><tr><td>Cloudbet<\/td><td>21,7<\/td><td>27,2<\/td><td>51,1<\/td><\/tr><tr><td>Stake<\/td><td>21,9<\/td><td>27,3<\/td><td>50,9<\/td><\/tr><tr><td>Sportsbet<\/td><td>25,3<\/td><td><strong><span style=\"text-decoration: underline;\">24<\/span><\/strong><\/td><td>50,7<\/td><\/tr><tr><td>Nitrogen<\/td><td>21,9<\/td><td>27,4<\/td><td>50,7<\/td><\/tr><tr><td>BetBTC<\/td><td>21,9<\/td><td>27,3<\/td><td>50,9<\/td><\/tr><tr><td>Betcoin<\/td><td>21,9<\/td><td>27,3<\/td><td>50,9<\/td><\/tr><\/tbody><\/table><\/figure>\n\n\n\n<p>A continuaci\u00f3n, podemos sacar la media de todas las casas de apuestas para obtener nuestra mejor estimaci\u00f3n de la probabilidad real:<\/p>\n\n\n\n<figure class=\"wp-block-table\"><table><thead><tr><th><\/th><th>Salt Lake<\/th><th>Empate<\/th><th>Minnesota<\/th><\/tr><\/thead><tbody><tr><td>Probabilidad media<\/td><td>22,4<\/td><td><strong><span style=\"text-decoration: underline;\"><span style=\"color:#d9ddeb\" class=\"has-inline-color\">26,7<\/span><\/span><\/strong><\/td><td>50,8<\/td><\/tr><\/tbody><\/table><\/figure>\n\n\n\n<p>Por \u00faltimo, podemos calcular el valor esperado de cada apuesta usando nuestra estimaci\u00f3n de la probabilidad real y las cuotas de las casas de apuestas:<\/p>\n\n\n\n<pre class=\"wp-block-code\"><code>valor_esperado = probabilidad \u00d7 cuotas - 100 %<\/code><\/pre>\n\n\n\n<p>Esto da como resultado:<\/p>\n\n\n\n<figure class=\"wp-block-table\"><table><thead><tr><th><\/th><th>Salt Lake<\/th><th>Empate<\/th><th>Minnesota<\/th><\/tr><\/thead><tbody><tr><td>Cloudbet<\/td><td>-1,6<\/td><td>-6,1<\/td><td>-4,9<\/td><\/tr><tr><td>Stake<\/td><td>-3,6<\/td><td>-7,8<\/td><td>-5,9<\/td><\/tr><tr><td>Sportsbet<\/td><td>-16,8<\/td><td><strong><span style=\"text-decoration: underline;\">4,5<\/span><\/strong><\/td><td>-5,9<\/td><\/tr><tr><td>Nitrogen<\/td><td>-5,8<\/td><td>-10,4<\/td><td>-8<\/td><\/tr><tr><td>BetBTC<\/td><td>-2,1<\/td><td>-6,5<\/td><td>-4,6<\/td><\/tr><tr><td>Betcoin<\/td><td>-3,6<\/td><td>-7,8<\/td><td>-5,9<\/td><\/tr><\/tbody><\/table><\/figure>\n\n\n\n<p>Ahora buscamos valores positivos y encontramos que apostar al empate en <a href=\"https:\/\/bitodds.com\/goto\/sportsbet\/\" target=\"_blank\" rel=\"noreferrer noopener\">Sportsbet<\/a> tiene un valor esperado del 4,5&nbsp;%. Esto implica que esta apuesta dar\u00e1, de media, un beneficio del 4,5&nbsp;%.<\/p>\n\n\n\n<p>\u00a1Buena suerte y divi\u00e9rtase!<\/p>\n","protected":false},"excerpt":{"rendered":"<p>Hemos creado una alerta instant\u00e1nea que detecta las apuestas de valor. Encontramos valores at\u00edpicos a los que una casa de apuestas determinada ofrece cuotas considerablemente m\u00e1s altas que el resto del mercado. Se trata de apuestas con un valor previsto&hellip;<\/p>\n","protected":false},"author":1,"featured_media":0,"parent":0,"menu_order":0,"comment_status":"open","ping_status":"closed","template":"","meta":{"_acf_changed":false,"footnotes":""},"acf":[],"_links":{"self":[{"href":"https:\/\/bitodds.com\/es\/wp-json\/wp\/v2\/pages\/50978"}],"collection":[{"href":"https:\/\/bitodds.com\/es\/wp-json\/wp\/v2\/pages"}],"about":[{"href":"https:\/\/bitodds.com\/es\/wp-json\/wp\/v2\/types\/page"}],"author":[{"embeddable":true,"href":"https:\/\/bitodds.com\/es\/wp-json\/wp\/v2\/users\/1"}],"replies":[{"embeddable":true,"href":"https:\/\/bitodds.com\/es\/wp-json\/wp\/v2\/comments?post=50978"}],"version-history":[{"count":1,"href":"https:\/\/bitodds.com\/es\/wp-json\/wp\/v2\/pages\/50978\/revisions"}],"predecessor-version":[{"id":50979,"href":"https:\/\/bitodds.com\/es\/wp-json\/wp\/v2\/pages\/50978\/revisions\/50979"}],"wp:attachment":[{"href":"https:\/\/bitodds.com\/es\/wp-json\/wp\/v2\/media?parent=50978"}],"curies":[{"name":"wp","href":"https:\/\/api.w.org\/{rel}","templated":true}]}}