{"id":50972,"date":"2021-06-26T17:03:32","date_gmt":"2021-06-26T17:03:32","guid":{"rendered":"https:\/\/staging.bitodds.com\/?page_id=50972"},"modified":"2022-08-08T03:45:32","modified_gmt":"2022-08-08T03:45:32","slug":"bet-into-a-low-edge","status":"publish","type":"page","link":"https:\/\/bitodds.com\/es\/bet-into-a-low-edge\/","title":{"rendered":"Apuesta con una ventaja del  1,81%"},"content":{"rendered":"\n<p>La ventaja de las casas de apuestas es su ventaja matem\u00e1tica sobre el apostante, <a href=\"https:\/\/bitedge.com\/sports-betting-guide\/understand-odds-as-probability-with-overround\/\" target=\"_blank\" rel=\"noreferrer noopener\">la cual est\u00e1 incorporada en las cuotas<\/a>. Si est\u00e1 apostando con una ventaja del 5&nbsp;%, tendr\u00e1 que ser un 5&nbsp;% m\u00e1s inteligente que la casa de apuestas para alcanzar el equilibrio a largo plazo. La menor ventaja de las casas de apuestas que puede obtener con un solo operador es de alrededor del 2,5&nbsp;% en Betfair y Pinnacle, pero no son <a href=\"https:\/\/bitedge.com\/blog\/end-to-end-crypto-sportsbooks-vs-government-currency-sportsbooks-that-accept-crypto\/\" target=\"_blank\" rel=\"noreferrer noopener\">criptomonedas cifradas de extremo a extremo<\/a>, por lo que no queremos usarlas.<\/p>\n\n\n\n<h2 class=\"wp-block-heading\">La menor ventaja que puede obtener con criptomonedas<\/h2>\n\n\n\n<p>La <a href=\"https:\/\/bitodds.com\/best-odds-crypto-sportsbooks\/\">menor ventaja en cualquiera de las principales casas de criptoapuestas<\/a> es del 5,51% en <a href=\"https:\/\/bitodds.com\/goto\/stake\" title=\"Stake\" rel=\"nofollow\" target=\"_blank\">Stake<\/a>. Sin embargo, esta casa de criptoapuestas solo tiene las mejores cuotas en el 47,36% de las selecciones, en el otro 52,64% son otras las que cuentan con las mejores cuotas. As\u00ed pues, \u00bfqu\u00e9 pasar\u00eda si pudiera crear sus propios mercados de apuestas compuestos \u00fanicamente por las mejores cuotas en cada selecci\u00f3n de las principales casas de criptoapuestas?<\/p>\n\n\n\n<p>Creamos estos mercados artificiales en cada comparaci\u00f3n de cuotas y ahora mismo la ventaja de la casa de apuestas artificial en la <a href=\"https:\/\/bitodds.com\/es\/boxing\/\" title=\"Ver cuotas de Peleas\" target=\"_blank\">Peleas<\/a> es solo del 1,81%. Puede apostar f\u00e1cilmente en mercados con cuotas tan altas, solo tiene que revisar las comparaciones de cuotas y obtener las mejores para las apuestas que desee hacer.<\/p>\n\n\n\n<h2 class=\"wp-block-heading\"><strong><strong>Ejemplo real<\/strong><\/strong><\/h2>\n\n\n\n<p>Este es un ejemplo de la <a href=\"https:\/\/bitodds.com\/portuguese-primeira-liga\/\">Primeira Liga portuguesa<\/a>.<\/p>\n\n\n\n<figure class=\"wp-block-image size-large\"><img decoding=\"async\" width=\"1024\" height=\"809\" src=\"https:\/\/bitodds.com\/wp-content\/uploads\/2021\/05\/Screen-Shot-2021-05-11-at-19.32.47-1024x809.png\" alt=\"\" class=\"wp-image-50565\" srcset=\"https:\/\/bitodds.com\/wp-content\/uploads\/2021\/05\/Screen-Shot-2021-05-11-at-19.32.47-1024x809.png 1024w, https:\/\/bitodds.com\/wp-content\/uploads\/2021\/05\/Screen-Shot-2021-05-11-at-19.32.47-300x237.png 300w, https:\/\/bitodds.com\/wp-content\/uploads\/2021\/05\/Screen-Shot-2021-05-11-at-19.32.47-830x656.png 830w, https:\/\/bitodds.com\/wp-content\/uploads\/2021\/05\/Screen-Shot-2021-05-11-at-19.32.47-366x289.png 366w, https:\/\/bitodds.com\/wp-content\/uploads\/2021\/05\/Screen-Shot-2021-05-11-at-19.32.47-160x126.png 160w, https:\/\/bitodds.com\/wp-content\/uploads\/2021\/05\/Screen-Shot-2021-05-11-at-19.32.47-32x25.png 32w, https:\/\/bitodds.com\/wp-content\/uploads\/2021\/05\/Screen-Shot-2021-05-11-at-19.32.47-64x51.png 64w, https:\/\/bitodds.com\/wp-content\/uploads\/2021\/05\/Screen-Shot-2021-05-11-at-19.32.47-45x36.png 45w, https:\/\/bitodds.com\/wp-content\/uploads\/2021\/05\/Screen-Shot-2021-05-11-at-19.32.47-90x71.png 90w, https:\/\/bitodds.com\/wp-content\/uploads\/2021\/05\/Screen-Shot-2021-05-11-at-19.32.47.png 1630w\" sizes=\"(max-width: 1024px) 100vw, 1024px\" \/><\/figure>\n\n\n\n<p>Con la <a href=\"https:\/\/bitedge.com\/sports-betting-tools-and-resources\/overround-and-probability-calculator\/\" target=\"_blank\" rel=\"noreferrer noopener\">calculadora de overround<\/a> podemos ver qu\u00e9 casa de apuestas tiene la menor ventaja:<\/p>\n\n\n\n<figure class=\"wp-block-table\"><table><thead><tr><th>Casa de apuestas<\/th><th>Ventaja<\/th><\/tr><\/thead><tbody><tr><td><a href=\"https:\/\/bitodds.com\/goto\/cloudbet\">Cloudbet<\/a><\/td><td>3,22%<\/td><\/tr><tr><td><a href=\"https:\/\/bitodds.com\/goto\/betcoin\">Betcoin<\/a><\/td><td>4,26%<\/td><\/tr><tr><td><a href=\"https:\/\/bitodds.com\/goto\/betbtc\">BetBTC<\/a><\/td><td>4,33%<\/td><\/tr><tr><td><a href=\"https:\/\/bitodds.com\/goto\/sportsbet\">Sportsbet<\/a><\/td><td>5,86%<\/td><\/tr><tr><td><a href=\"https:\/\/bitodds.com\/goto\/nitrogen\">Nitrogen<\/a><\/td><td>5,86%<\/td><\/tr><tr><td><a href=\"https:\/\/bitodds.com\/goto\/stake\">Stake<\/a><\/td><td>6,63%<\/td><\/tr><\/tbody><tfoot><tr><td>Promedio<\/td><td>5,02%<\/td><\/tr><\/tfoot><\/table><\/figure>\n\n\n\n<p>But the best odds on each selection are:<\/p>\n\n\n\n<figure class=\"wp-block-table\"><table><thead><tr><th>Selecci\u00f3n<\/th><th>Mejores cuotas<\/th><\/tr><\/thead><tbody><tr><td>Boavista<\/td><td>9,26 (Cloudbet)<\/td><\/tr><tr><td>Empate<\/td><td>5,01 (Cloudbet)<\/td><\/tr><tr><td>Sporting<\/td><td>1,44 (Stake)<\/td><\/tr><\/tbody><\/table><\/figure>\n\n\n\n<p>\u00a1La calculadora de overround muestra que se trata de la ventaja de una casa de apuestas artificial de solo un 0,2&nbsp;%! \u00a1Mucho mejor que cualquier casa de apuestas espec\u00edfica y solo necesita ser un 0,2&nbsp;% m\u00e1s inteligente que los creadores de cuotas para obtener ganancias a largo plazo!<\/p>\n\n\n\n<figure class=\"wp-block-image size-large\"><img decoding=\"async\" width=\"1024\" height=\"425\" src=\"https:\/\/bitodds.com\/wp-content\/uploads\/2021\/05\/Screen-Shot-2021-05-11-at-17.55.52-1024x425.png\" alt=\"\" class=\"wp-image-50558\" srcset=\"https:\/\/bitodds.com\/wp-content\/uploads\/2021\/05\/Screen-Shot-2021-05-11-at-17.55.52-1024x425.png 1024w, https:\/\/bitodds.com\/wp-content\/uploads\/2021\/05\/Screen-Shot-2021-05-11-at-17.55.52-300x124.png 300w, https:\/\/bitodds.com\/wp-content\/uploads\/2021\/05\/Screen-Shot-2021-05-11-at-17.55.52-830x344.png 830w, https:\/\/bitodds.com\/wp-content\/uploads\/2021\/05\/Screen-Shot-2021-05-11-at-17.55.52-366x152.png 366w, https:\/\/bitodds.com\/wp-content\/uploads\/2021\/05\/Screen-Shot-2021-05-11-at-17.55.52-160x66.png 160w, https:\/\/bitodds.com\/wp-content\/uploads\/2021\/05\/Screen-Shot-2021-05-11-at-17.55.52-32x13.png 32w, https:\/\/bitodds.com\/wp-content\/uploads\/2021\/05\/Screen-Shot-2021-05-11-at-17.55.52-64x27.png 64w, https:\/\/bitodds.com\/wp-content\/uploads\/2021\/05\/Screen-Shot-2021-05-11-at-17.55.52-45x19.png 45w, https:\/\/bitodds.com\/wp-content\/uploads\/2021\/05\/Screen-Shot-2021-05-11-at-17.55.52-90x37.png 90w, https:\/\/bitodds.com\/wp-content\/uploads\/2021\/05\/Screen-Shot-2021-05-11-at-17.55.52.png 1514w\" sizes=\"(max-width: 1024px) 100vw, 1024px\" \/><\/figure>\n\n\n\n<h2 class=\"wp-block-heading\">A largo plazo<\/h2>\n\n\n\n<p>En la temporada 2021 de la Bundesliga alemana, <a href=\"https:\/\/bitodds.com\/goto\/cloudbet\/\" target=\"_blank\" rel=\"noreferrer noopener\">Cloudbet<\/a> tuvo la menor ventaja de todas las casas de criptoapuestas m\u00e1s importantes \u2013un 2,68&nbsp;%\u2013 mientras que la ventaja artificial de BitOdd fue de solo un 1,29&nbsp;%. Esta es la diferencia que se produce a lo largo de la temporada si se apuesta 1&nbsp;m\u0e3f a estas selecciones en el mercado de resultados del partido (1\u00d72).<\/p>\n\n\n\n<figure class=\"wp-block-table align-caption-left\"><table><thead><tr><th>Apuesta<\/th><th><a href=\"\/goto\/cloudbet\/\" target=\"_blank\" rel=\"noreferrer noopener\"><img decoding=\"async\" width=\"150\" height=\"30\" class=\"wp-image-32038 pulse-hover\" style=\"width: 150px;\" src=\"https:\/\/bitodds.com\/wp-content\/uploads\/\/2020\/10\/cloudbet-dark-logo.svg\" alt=\"\"><\/a><\/th><th><img decoding=\"async\" width=\"150\" height=\"38\" class=\"wp-image-27024\" style=\"width: 150px;\" src=\"https:\/\/bitodds.com\/wp-content\/uploads\/\/2020\/10\/bitodds-dark.svg\" alt=\"\"><\/th><\/tr><\/thead><tbody><tr><td>Ganador<\/td><td><span class=\"has-inline-color has-vivid-green-cyan-color\">+585m\u0e3f<\/span><\/td><td><span class=\"has-inline-color has-vivid-green-cyan-color\">+598m\u0e3f<\/span><\/td><\/tr><tr><td>50 % de ganadores 50 % de perdedores*<\/td><td><span class=\"has-inline-color has-vivid-green-cyan-color\">+156m\u0e3f<\/span><\/td><td><span class=\"has-inline-color has-vivid-green-cyan-color\">+166m\u0e3f<\/span><\/td><\/tr><tr><td>Favorito<\/td><td><span class=\"has-inline-color has-vivid-red-color\">-29m\u0e3f<\/span><\/td><td><span class=\"has-inline-color has-vivid-red-color\">-24m\u0e3f<\/span><\/td><\/tr><tr><td>Tapado<\/td><td><span class=\"has-inline-color has-vivid-red-color\">-10m\u0e3f<\/span><\/td><td><span class=\"has-inline-color has-vivid-red-color\">-7m\u0e3f<\/span><\/td><\/tr><tr><td>Empate<\/td><td><span class=\"has-inline-color has-vivid-green-cyan-color\">+30m\u0e3f<\/span><\/td><td><span class=\"has-inline-color has-vivid-green-cyan-color\">+38m\u0e3f<\/span><\/td><\/tr><\/tbody><\/table><figcaption>* Apuestas ganadoras y perdedoras distribuidas aleatoriamente<\/figcaption><\/figure>\n\n\n\n<p>La diferencia es del 4,62&nbsp;%, que puede ser f\u00e1cilmente la diferencia entre ganar y perder a largo plazo.<\/p>\n\n\n\n<h2 class=\"wp-block-heading\">Es f\u00e1cil con criptomonedas<\/h2>\n\n\n\n<p>Esto significa que necesita una cuenta en cada casa de apuestas \u2013 3 en total\u2013 lo cual es normal para los apostadores serios que no pueden usar Betfair ni Pinnacle. Como las casas de criptoapuestas no le exigen ning\u00fan tipo de informaci\u00f3n personal, le resultar\u00e1 muy r\u00e1pido y f\u00e1cil unirse con tan solo un correo electr\u00f3nico y una contrase\u00f1a.<br><br>Lo m\u00e1s f\u00e1cil y barato es mantener un saldo en cada cuenta, pero no es necesario. Las casas de apuestas abonan los dep\u00f3sitos al instante o como m\u00e1ximo despu\u00e9s de 1 confirmaci\u00f3n, por lo que puede realizar un dep\u00f3sito por cada apuesta. El \u00fanico problema que entra\u00f1a es que las comisiones por transacci\u00f3n son elevadas si se utiliza Bitcoin o <a href=\"https:\/\/bitedge.com\/blog\/best-cryptos-for-betting-ethereum\/\" target=\"_blank\" rel=\"noreferrer noopener\">Ether<\/a>. Puede evitarlo utilizando una criptomoneda con bajas comisiones como <a href=\"https:\/\/bitedge.com\/blog\/best-cryptos-for-betting-dash\/\" target=\"_blank\" rel=\"noreferrer noopener\">Dash<\/a> o <a href=\"https:\/\/bitedge.com\/blog\/best-cryptos-for-betting-doge\/\" target=\"_blank\" rel=\"noreferrer noopener\">Doge<\/a>, o manteniendo un saldo en cada casa de apuestas.<\/p>\n\n\n\n<p>\u00a1Divi\u00e9rtase y buena suerte!<\/p>\n","protected":false},"excerpt":{"rendered":"<p>La ventaja de las casas de apuestas es su ventaja matem\u00e1tica sobre el apostante, la cual est\u00e1 incorporada en las cuotas. Si est\u00e1 apostando con una ventaja del 5&nbsp;%, tendr\u00e1 que ser un 5&nbsp;% m\u00e1s inteligente que la casa de&hellip;<\/p>\n","protected":false},"author":1,"featured_media":0,"parent":0,"menu_order":0,"comment_status":"open","ping_status":"closed","template":"","meta":{"_acf_changed":false,"footnotes":""},"acf":[],"_links":{"self":[{"href":"https:\/\/bitodds.com\/es\/wp-json\/wp\/v2\/pages\/50972"}],"collection":[{"href":"https:\/\/bitodds.com\/es\/wp-json\/wp\/v2\/pages"}],"about":[{"href":"https:\/\/bitodds.com\/es\/wp-json\/wp\/v2\/types\/page"}],"author":[{"embeddable":true,"href":"https:\/\/bitodds.com\/es\/wp-json\/wp\/v2\/users\/1"}],"replies":[{"embeddable":true,"href":"https:\/\/bitodds.com\/es\/wp-json\/wp\/v2\/comments?post=50972"}],"version-history":[{"count":8,"href":"https:\/\/bitodds.com\/es\/wp-json\/wp\/v2\/pages\/50972\/revisions"}],"predecessor-version":[{"id":52967,"href":"https:\/\/bitodds.com\/es\/wp-json\/wp\/v2\/pages\/50972\/revisions\/52967"}],"wp:attachment":[{"href":"https:\/\/bitodds.com\/es\/wp-json\/wp\/v2\/media?parent=50972"}],"curies":[{"name":"wp","href":"https:\/\/api.w.org\/{rel}","templated":true}]}}