{"id":51115,"date":"2021-06-26T18:41:33","date_gmt":"2021-06-26T18:41:33","guid":{"rendered":"https:\/\/staging.bitodds.com\/?page_id=51115"},"modified":"2021-06-28T04:54:34","modified_gmt":"2021-06-28T04:54:34","slug":"odds-conversion-table-with-probability","status":"publish","type":"page","link":"https:\/\/bitodds.com\/de\/odds-conversion-table-with-probability\/","title":{"rendered":"Quotenumrechnungstabelle mit Wahrscheinlichkeit"},"content":{"rendered":"\t\t\t<div id=\"converter-top\" class=\"converter\">\n\t\t        <div class=\"converter__inner\">\n\t\t        \t<div class=\"converter__unit\">\n\t\t        \t\t<div class=\"converter__unit-title\">Dezimal<\/div>\n\t\t        \t\t<div class=\"converter__input number-input-inner-wrapper\">\n                            <input type=\"tel\" min=\"1\" class=\"converter-price\" id=\"input-decimal\"\n                                   placeholder=\"2\"\n                                   step=\"0.01\"\n\t\t\t\t\t\t\t\t   pattern=\"^\\d+([.]\\d*)?$\" \/>\n\t\t\t\t\t\t\t<span class=\"decimal-field-alert field-alert\" style=\"display:none;\">Muss eine Zahl \u00fcber 1 sein.<\/span>\n\t\t\t\t\t\t<\/div>\n\t\t        \t<\/div>\n\t\t        \t<div class=\"converter__unit\">\n\t\t        \t\t<div class=\"converter__unit-title\">Bruch<\/div>\n\t\t        \t\t<div class=\"converter__input number-input-inner-wrapper\">\n\t\t\t\t\t\t\t<input type=\"tel\" class=\"converter-price\" id=\"input-fractional\"\n\t\t\t\t\t\t\t\tplaceholder=\"1\/1\"\n\t\t\t\t\t\t\t\tpattern=\"^(\\d|\\\/)+$\" \/>\n\t\t\t\t\t\t\t<span class=\"fractional-field-alert field-alert\" style=\"display:none;\">Muss ein Bruch sein, z.B. 2\/1.<\/span>\n\t\t\t\t\t\t<\/div>\n\t\t        \t<\/div>\n\t\t        \t<div class=\"converter__unit\">\n\t\t        \t\t<div class=\"converter__unit-title\">Amerikanisch<\/div>\n\t\t        \t\t<div class=\"converter__input number-input-inner-wrapper\">\n\t                        <input type=\"tel\" class=\"converter-price\" id=\"input-american\"\n\t                               placeholder=\"+\/-100\"\n\t\t\t\t\t\t\t\t   pattern=\"^(\\d|[+]|-)+$\" \/>\n\t\t\t\t\t\t\t<span class=\"american-field-alert field-alert\" style=\"display:none;\">Muss \u201e+\u201c oder \u201e-\u201c und eine ganze Zahl \u00fcber 100 sein.<\/span>\n\t\t\t\t\t\t<\/div>\n\t\t        \t<\/div>\n\t\t        \t<div class=\"converter__unit\">\n\t\t        \t\t<div class=\"converter__unit-title\">Wahrscheinlichkeit %<\/div>\n\t\t        \t\t<div class=\"converter__input number-input-inner-wrapper\">\n                            <input type=\"tel\" min=\"0\" class=\"converter-price\" id=\"input-probability\"\n                                   placeholder=\"50\"\n\t\t\t\t\t\t\t\t   step=\"0.01\"\n\t\t\t\t\t\t\t\t   pattern=\"^\\d{0,3}([.]\\d*)?$\" \/>\n\t\t\t\t\t\t\t<span class=\"probability-field-alert field-alert\" style=\"display:none;\">Muss eine Zahl von 0-100 sein.<\/span>\n\t\t\t\t\t\t<\/div>\n\t\t        \t<\/div>\t\t        \t\n\t\t        <\/div><!-- .converter__inner -->\n\t\t    <\/div><!-- #converter-top -->\n\n\t\t\t\n\n\n\n<figure class=\"wp-block-table datatables sort-1 sort-4 fixed-header odds-conversion-table\"><table><thead><tr><th>Dezimal<\/th><th>Bruch<\/th><th>Amerikanisch<\/th><th>Wahrscheinlichkeit<\/th><\/tr><\/thead><tbody><tr><td>1<\/td><td>0\/\u221e<\/td><td>-\u221e<\/td><td>100%<\/td><\/tr><tr><td>1,01<\/td><td>1\/100<\/td><td>-10000<\/td><td>99,01%<\/td><\/tr><tr><td>1,02<\/td><td>1\/50<\/td><td>-5000<\/td><td>98,04%<\/td><\/tr><tr><td>1,03<\/td><td>1\/33<\/td><td>-3333<\/td><td>97,09%<\/td><\/tr><tr><td>1,04<\/td><td>1\/25<\/td><td>-2500<\/td><td>96,15%<\/td><\/tr><tr><td>1,05<\/td><td>1\/20<\/td><td>-2000<\/td><td>95,24%<\/td><\/tr><tr><td>1,06<\/td><td>1\/16<\/td><td>-1667<\/td><td>94,34%<\/td><\/tr><tr><td>1,07<\/td><td>1\/14<\/td><td>-1429<\/td><td>93,46%<\/td><\/tr><tr><td>1,08<\/td><td>1\/13<\/td><td>-1250<\/td><td>92,59%<\/td><\/tr><tr><td>1,09<\/td><td>1\/11<\/td><td>-1111<\/td><td>91,74%<\/td><\/tr><tr><td>1,1<\/td><td>1\/10<\/td><td>-1000<\/td><td>90,91%<\/td><\/tr><tr><td>1,11<\/td><td>1\/9<\/td><td>-909<\/td><td>90,09%<\/td><\/tr><tr><td>1,12<\/td><td>2\/17<\/td><td>-833<\/td><td>89,29%<\/td><\/tr><tr><td>1,13<\/td><td>2\/15<\/td><td>-769<\/td><td>88,5%<\/td><\/tr><tr><td>1,14<\/td><td>1\/7<\/td><td>-714<\/td><td>87,72%<\/td><\/tr><tr><td>1,15<\/td><td>2\/13<\/td><td>-667<\/td><td>86,96%<\/td><\/tr><tr><td>1,16<\/td><td>2\/13<\/td><td>-625<\/td><td>86,21%<\/td><\/tr><tr><td>1,17<\/td><td>1\/6<\/td><td>-588<\/td><td>85,47%<\/td><\/tr><tr><td>1,18<\/td><td>2\/11<\/td><td>-556<\/td><td>84,75%<\/td><\/tr><tr><td>1,19<\/td><td>2\/11<\/td><td>-526<\/td><td>84,03%<\/td><\/tr><tr><td>1,2<\/td><td>1\/5<\/td><td>-500<\/td><td>83,33%<\/td><\/tr><tr><td>1,22<\/td><td>2\/9<\/td><td>-455<\/td><td>81,97%<\/td><\/tr><tr><td>1,25<\/td><td>1\/4<\/td><td>-400<\/td><td>80%<\/td><\/tr><tr><td>1,28<\/td><td>2\/7<\/td><td>-357<\/td><td>78,13%<\/td><\/tr><tr><td>1,3<\/td><td>3\/10<\/td><td>-333<\/td><td>76,92%<\/td><\/tr><tr><td>1,33<\/td><td>1\/3<\/td><td>-303<\/td><td>75,19%<\/td><\/tr><tr><td>1,35<\/td><td>7\/20<\/td><td>-286<\/td><td>74,07%<\/td><\/tr><tr><td>1,36<\/td><td>4\/11<\/td><td>-278<\/td><td>73,53%<\/td><\/tr><tr><td>1,4<\/td><td>2\/5<\/td><td>-250<\/td><td>71,43%<\/td><\/tr><tr><td>1,44<\/td><td>4\/9<\/td><td>-227<\/td><td>69,44%<\/td><\/tr><tr><td>1,45<\/td><td>9\/20<\/td><td>-222<\/td><td>68,97%<\/td><\/tr><tr><td>1,47<\/td><td>8\/17<\/td><td>-213<\/td><td>68,03%<\/td><\/tr><tr><td>1,5<\/td><td>1\/2<\/td><td>-200<\/td><td>66,67%<\/td><\/tr><tr><td>1,53<\/td><td>8\/15<\/td><td>-189<\/td><td>65,36%<\/td><\/tr><tr><td>1,57<\/td><td>4\/7<\/td><td>-175<\/td><td>63,69%<\/td><\/tr><tr><td>1,6<\/td><td>3\/5<\/td><td>-167<\/td><td>62,5%<\/td><\/tr><tr><td>1,62<\/td><td>8\/13<\/td><td>-161<\/td><td>61,73%<\/td><\/tr><tr><td>1,63<\/td><td>5\/8<\/td><td>-159<\/td><td>61,35%<\/td><\/tr><tr><td>1,66<\/td><td>2\/3<\/td><td>-152<\/td><td>60,24%<\/td><\/tr><tr><td>1,7<\/td><td>7\/10<\/td><td>-143<\/td><td>58,82%<\/td><\/tr><tr><td>1,72<\/td><td>8\/11<\/td><td>-139<\/td><td>58,14%<\/td><\/tr><tr><td>1,8<\/td><td>4\/5<\/td><td>-125<\/td><td>55,56%<\/td><\/tr><tr><td>1,83<\/td><td>5\/6<\/td><td>-120<\/td><td>54,64%<\/td><\/tr><tr><td>1,9<\/td><td>9\/10<\/td><td>-111<\/td><td>52,63%<\/td><\/tr><tr><td>1,91<\/td><td>10\/11<\/td><td>-110<\/td><td>52,36%<\/td><\/tr><tr><td>1,95<\/td><td>20\/21<\/td><td>-105<\/td><td>51,28%<\/td><\/tr><tr><td>2<\/td><td>1\/1<\/td><td>+\/-100<\/td><td>50%<\/td><\/tr><tr><td>2,05<\/td><td>21\/20<\/td><td>+105<\/td><td>48,78%<\/td><\/tr><tr><td>2,1<\/td><td>11\/10<\/td><td>+110<\/td><td>47,62%<\/td><\/tr><tr><td>2,2<\/td><td>6\/5<\/td><td>+120<\/td><td>45,45%<\/td><\/tr><tr><td>2,25<\/td><td>5\/4<\/td><td>+125<\/td><td>44,44%<\/td><\/tr><tr><td>2,3<\/td><td>13\/10<\/td><td>+130<\/td><td>43,48%<\/td><\/tr><tr><td>2,38<\/td><td>11\/8<\/td><td>+138<\/td><td>42,02%<\/td><\/tr><tr><td>2,4<\/td><td>7\/5<\/td><td>+140<\/td><td>41,67%<\/td><\/tr><tr><td>2,5<\/td><td>3\/2<\/td><td>+150<\/td><td>40%<\/td><\/tr><tr><td>2,6<\/td><td>8\/5<\/td><td>+160<\/td><td>38,46%<\/td><\/tr><tr><td>2,63<\/td><td>13\/8<\/td><td>+163<\/td><td>38,02%<\/td><\/tr><tr><td>2,7<\/td><td>17\/10<\/td><td>+170<\/td><td>37,04%<\/td><\/tr><tr><td>2,75<\/td><td>7\/4<\/td><td>+175<\/td><td>36,36%<\/td><\/tr><tr><td>2,8<\/td><td>9\/5<\/td><td>+180<\/td><td>35,71%<\/td><\/tr><tr><td>2,88<\/td><td>15\/8<\/td><td>+188<\/td><td>34,72%<\/td><\/tr><tr><td>2,9<\/td><td>19\/10<\/td><td>+190<\/td><td>34,48%<\/td><\/tr><tr><td>3<\/td><td>2\/1<\/td><td>+200<\/td><td>33,33%<\/td><\/tr><tr><td>3,1<\/td><td>21\/10<\/td><td>+210<\/td><td>32,26%<\/td><\/tr><tr><td>3,13<\/td><td>17\/8<\/td><td>+213<\/td><td>31,95%<\/td><\/tr><tr><td>3,2<\/td><td>11\/5<\/td><td>+220<\/td><td>31,25%<\/td><\/tr><tr><td>3,25<\/td><td>9\/4<\/td><td>+225<\/td><td>30,77%<\/td><\/tr><tr><td>3,3<\/td><td>23\/10<\/td><td>+230<\/td><td>30,3%<\/td><\/tr><tr><td>3,38<\/td><td>19\/8<\/td><td>+238<\/td><td>29,59%<\/td><\/tr><tr><td>3,4<\/td><td>12\/5<\/td><td>+240<\/td><td>29,41%<\/td><\/tr><tr><td>3,5<\/td><td>5\/2<\/td><td>+250<\/td><td>28,57%<\/td><\/tr><tr><td>3,6<\/td><td>13\/5<\/td><td>+260<\/td><td>27,78%<\/td><\/tr><tr><td>3,75<\/td><td>11\/4<\/td><td>+275<\/td><td>26,67%<\/td><\/tr><tr><td>3,8<\/td><td>14\/5<\/td><td>+280<\/td><td>26,32%<\/td><\/tr><tr><td>4<\/td><td>3\/1<\/td><td>+300<\/td><td>25%<\/td><\/tr><tr><td>4,2<\/td><td>16\/5<\/td><td>+320<\/td><td>23,81%<\/td><\/tr><tr><td>4,33<\/td><td>10\/3<\/td><td>+333<\/td><td>23,09%<\/td><\/tr><tr><td>4,5<\/td><td>7\/2<\/td><td>+350<\/td><td>22,22%<\/td><\/tr><tr><td>4,6<\/td><td>18\/5<\/td><td>+360<\/td><td>21,74%<\/td><\/tr><tr><td>5<\/td><td>4\/1<\/td><td>+400<\/td><td>20%<\/td><\/tr><tr><td>5,5<\/td><td>9\/2<\/td><td>+450<\/td><td>18,18%<\/td><\/tr><tr><td>6<\/td><td>5\/1<\/td><td>+500<\/td><td>16,67%<\/td><\/tr><tr><td>6,5<\/td><td>11\/2<\/td><td>+550<\/td><td>15,38%<\/td><\/tr><tr><td>7<\/td><td>6\/1<\/td><td>+600<\/td><td>14,29%<\/td><\/tr><tr><td>7,5<\/td><td>13\/2<\/td><td>+650<\/td><td>13,33%<\/td><\/tr><tr><td>8<\/td><td>7\/1<\/td><td>+700<\/td><td>12,5%<\/td><\/tr><tr><td>8,5<\/td><td>15\/2<\/td><td>+750<\/td><td>11,76%<\/td><\/tr><tr><td>9<\/td><td>8\/1<\/td><td>+800<\/td><td>11,11%<\/td><\/tr><tr><td>9,5<\/td><td>17\/2<\/td><td>+850<\/td><td>10,53%<\/td><\/tr><tr><td>10<\/td><td>9\/1<\/td><td>+900<\/td><td>10%<\/td><\/tr><tr><td>11<\/td><td>10\/1<\/td><td>+1000<\/td><td>9,09%<\/td><\/tr><tr><td>20<\/td><td>19\/1<\/td><td>+1900<\/td><td>5%<\/td><\/tr><tr><td>30<\/td><td>30\/1<\/td><td>+2900<\/td><td>3,33%<\/td><\/tr><tr><td>40<\/td><td>40\/1<\/td><td>+3900<\/td><td>2,5%<\/td><\/tr><tr><td>50<\/td><td>50\/1<\/td><td>+4900<\/td><td>2%<\/td><\/tr><tr><td>60<\/td><td>60\/1<\/td><td>+5900<\/td><td>1,67%<\/td><\/tr><tr><td>70<\/td><td>70\/1<\/td><td>+6900<\/td><td>1,43%<\/td><\/tr><tr><td>80<\/td><td>80\/1<\/td><td>+7900<\/td><td>1,25%<\/td><\/tr><tr><td>90<\/td><td>90\/1<\/td><td>+8900<\/td><td>1,11%<\/td><\/tr><tr><td>100<\/td><td>100\/1<\/td><td>+9900<\/td><td>1%<\/td><\/tr><tr><td>1000<\/td><td>1000\/1<\/td><td>+99900<\/td><td>0,1%<\/td><\/tr><\/tbody><\/table><\/figure>\n\n\n\n<p>Normalerweise wird bei Wettm\u00e4rkten mit Bruchquoten nur ein Teil der Br\u00fcche verwendet. Dieser Teil enth\u00e4lt keine exakten mathematischen \u00dcbereinstimmungen mit allen m\u00f6glichen dezimalen und amerikanischen Quoten. Wir verwenden den gleichen Bruchteil, der in Wettm\u00e4rkten verwendet wird.<\/p>\n\n\n\n<p>Zum Beispiel ist die genaue mathematische \u00dcbereinstimmung der dezimalen Quote 30 die Bruchquote 29\/1. Allerdings wird 29\/1 nicht in Wettm\u00e4rkten verwendet, sondern 30\/1, was in dieser Umrechnungstabelle angef\u00fchrt wird. <\/p>\n\n\n\n<p>F\u00fcr eine Erkl\u00e4rung der Quotentypen in dieser Tabelle siehe <a href=\"https:\/\/bitedge.com\/sports-betting-guide\/decimal-fractional-and-american-odds\/\" target=\"_blank\" rel=\"noreferrer noopener\">Dezimal, Bruch und amerikanische Quoten<\/a>.&nbsp;Um herauszufinden, was die Zahlen wirklich darstellen, siehe <a href=\"https:\/\/bitedge.com\/sports-betting-guide\/understand-odds-as-probability-with-overround\/\" target=\"_blank\" rel=\"noreferrer noopener\">Erkl\u00e4rung zu Quoten als Wahrscheinlichkeiten mit Overround<\/a><\/p>\n","protected":false},"excerpt":{"rendered":"<p>Dezimal Bruch Amerikanisch Wahrscheinlichkeit 1 0\/\u221e -\u221e 100% 1,01 1\/100 -10000 99,01% 1,02 1\/50 -5000 98,04% 1,03 1\/33 -3333 97,09% 1,04 1\/25 -2500 96,15% 1,05 1\/20 -2000 95,24% 1,06 1\/16 -1667 94,34% 1,07 1\/14 -1429 93,46% 1,08 1\/13 -1250 92,59%&hellip;<\/p>\n","protected":false},"author":1,"featured_media":0,"parent":0,"menu_order":50,"comment_status":"open","ping_status":"closed","template":"","meta":{"_acf_changed":false,"footnotes":""},"acf":[],"_links":{"self":[{"href":"https:\/\/bitodds.com\/de\/wp-json\/wp\/v2\/pages\/51115"}],"collection":[{"href":"https:\/\/bitodds.com\/de\/wp-json\/wp\/v2\/pages"}],"about":[{"href":"https:\/\/bitodds.com\/de\/wp-json\/wp\/v2\/types\/page"}],"author":[{"embeddable":true,"href":"https:\/\/bitodds.com\/de\/wp-json\/wp\/v2\/users\/1"}],"replies":[{"embeddable":true,"href":"https:\/\/bitodds.com\/de\/wp-json\/wp\/v2\/comments?post=51115"}],"version-history":[{"count":1,"href":"https:\/\/bitodds.com\/de\/wp-json\/wp\/v2\/pages\/51115\/revisions"}],"predecessor-version":[{"id":51116,"href":"https:\/\/bitodds.com\/de\/wp-json\/wp\/v2\/pages\/51115\/revisions\/51116"}],"wp:attachment":[{"href":"https:\/\/bitodds.com\/de\/wp-json\/wp\/v2\/media?parent=51115"}],"curies":[{"name":"wp","href":"https:\/\/api.w.org\/{rel}","templated":true}]}}