{"id":51113,"date":"2021-06-26T18:40:40","date_gmt":"2021-06-26T18:40:40","guid":{"rendered":"https:\/\/staging.bitodds.com\/?page_id=51113"},"modified":"2021-06-28T10:13:23","modified_gmt":"2021-06-28T10:13:23","slug":"crypto-sportsbook-bonuses","status":"publish","type":"page","link":"https:\/\/bitodds.com\/de\/crypto-sportsbook-bonuses\/","title":{"rendered":"Exklusive Krypto-Sportwettenanbieter-Bonusse"},"content":{"rendered":"\n<p>Diese exklusiven Krypto-Sportwettenanbieter-Bonusse sind eine gro\u00dfartige M\u00f6glichkeit, um Ihr Startguthaben aufzupolstern und Spa\u00df beim Wetten zu haben. Selbst wenn Sie ein paar Ihrer ersten Wetten verlieren, k\u00f6nnen Sie dank Ihres Bonus immer noch Gewinn machen!<\/p>\n\n\n\n<p>Wir raten Ihnen davon ab, Ihren Sportwettenanbieter nur aufgrund der Bonusse auszuw\u00e4hlen. Es gibt viele andere Faktoren, daher sind diese Bonusse anhand des allgemeinen Rankings der besten bis zu den schlechtesten Sportwettenanbietern aus unseren <a href=\"https:\/\/bitedge.com\/crypto-sportsbook-reviews\/\" target=\"_blank\" rel=\"noreferrer noopener\">schriftlichen und Video-Bewertungen<\/a> aufgelistet.<\/p>\n\n\n<div class=\"bonus-reviews loading\">\n\t\t\t\t<div class=\"bonus-review-container bonus-review-container--operator-24862\">\n\t\t\t\t\t<a class=\"\" href=\"https:\/\/bitodds.com\/goto\/stake\" title=\"Stake\" rel=\"nofollow\" target=\"_blank\"><img decoding=\"async\" class=\"theme-logo skip-lazy bonus-logo-link no-zoom pulse-hover\" src=\"https:\/\/bitodds.com\/wp-content\/uploads\/2020\/10\/stake-dark-logo.svg\" alt=\"Stake Logo\" \/><\/a>\t\t\t\t\t\n\t\t\t\t\t<p><a href=\"https:\/\/bitodds.com\/goto\/stake\/\">Stake<\/a>\u00a0betreibt ein VIP-Programm, bei dem Sie Rakeback-, w\u00f6chentliche &amp; monatliche Boni sowie Levelaufstiegsboni erhalten (wird vergeben, wenn Sie ein Level aufsteigen).<\/p>\n<p>Die Boni werden erh\u00f6ht, desto h\u00f6her Ihr Rang ist (beginnt bei Bronze und endet bei Diamant). Ihren momentanen Status zu verfolgen ist einfach mit dem Tracking-Balken, der klar und ansprechend gestaltet ist.<\/p>\n<p>Stake f\u00fcgt Ihrem Konto auch zuf\u00e4llige Aktionen zu und benachrichtigt Sie per E-Mail &#8211; immer eine willkommene \u00dcberraschung!<\/p>\n\n\t\t\t\t\t\t\t\t\t\t\t<a class=\"get-bonus-btn bit-btn bit-btn--arrow-right\" href=\"https:\/\/bitodds.com\/goto\/stake\" target=\"_blank\" rel=\"nofollow\">\n\t\t\t\t\t\t\t<span class=\"text\">Bonus erhalten<\/span>\n\t\t\t\t\t\t<\/a>\n\t\t\t\t\t\n\t\t\t\t\t<div style=\"clear: both;\"><\/div>\n\t\t\t\t\t\n\t\t\t\t<\/div><!-- .bonus-review-container -->\n\t\t\t\n\t\t\t\t<div class=\"bonus-review-container bonus-review-container--operator-53092\">\n\t\t\t\t\t<a class=\"\" href=\"https:\/\/bitodds.com\/goto\/bc.game\" title=\"BC.Game\" rel=\"nofollow\" target=\"_blank\"><img decoding=\"async\" class=\"theme-logo skip-lazy bonus-logo-link no-zoom pulse-hover\" src=\"https:\/\/bitodds.com\/wp-content\/uploads\/2022\/11\/bc-game-logo.jpg\" alt=\"BC.Game Logo\" \/><\/a>\t\t\t\t\t<span class=\"bit-exclusive-bonus-text\">Exklusiver Bonus!<\/span>\n\t\t\t\t\t\n\t\t\t\t\t\t\t\t\t\t\t<a class=\"get-bonus-btn bit-btn bit-btn--arrow-right\" href=\"https:\/\/bitodds.com\/goto\/bc.game\" target=\"_blank\" rel=\"nofollow\">\n\t\t\t\t\t\t\t<span class=\"text\">Bonus erhalten<\/span>\n\t\t\t\t\t\t<\/a>\n\t\t\t\t\t\n\t\t\t\t\t<div style=\"clear: both;\"><\/div>\n\t\t\t\t\t\n\t\t\t\t<\/div><!-- .bonus-review-container -->\n\t\t\t\n\t\t\t\t<div class=\"bonus-review-container bonus-review-container--operator-14064\">\n\t\t\t\t\t<a class=\"\" href=\"https:\/\/bitodds.com\/goto\/cloudbet\" title=\"Cloudbet\" rel=\"nofollow\" target=\"_blank\"><img decoding=\"async\" class=\"theme-logo skip-lazy bonus-logo-link no-zoom pulse-hover\" src=\"https:\/\/bitodds.com\/wp-content\/uploads\/2020\/10\/cloudbet-dark-logo.svg\" alt=\"Cloudbet Logo\" \/><\/a>\t\t\t\t\t<span class=\"bit-exclusive-bonus-text\">Exklusiver Bonus!<\/span>\n\t\t\t\t\t<p>Diesen Bonus kriegen Sie nur hier bei BitOdds.<\/p>\n<p>T\u00e4tigen Sie eine Einzahlung von 10 m\u0e3f oder dem entsprechenden Betrag und Sie erhalten vom Casino 88 gratis Drehs!<\/p>\n<p>Gewonnenes Guthaben hat die Cloudbet Standard-Umsatzvoraussetzung von 30X.<\/p>\n<p>Sie erhalten au\u00dferdem Cloudbets Standard 100 % Ersteinzahlungsbonus von bis zu \u0e3f5, die in 10 m\u0e3f -Einheiten gezahlt werden.<\/p>\n<p>Das ist der gr\u00f6\u00dfte und beste Bonus aller Krypto-Buchmacher!<\/p>\n\n\t\t\t\t\t\t\t\t\t\t\t<a class=\"get-bonus-btn bit-btn bit-btn--arrow-right\" href=\"https:\/\/bitodds.com\/goto\/cloudbet\" target=\"_blank\" rel=\"nofollow\">\n\t\t\t\t\t\t\t<span class=\"text\">Bonus erhalten<\/span>\n\t\t\t\t\t\t<\/a>\n\t\t\t\t\t\n\t\t\t\t\t<div style=\"clear: both;\"><\/div>\n\t\t\t\t\t\n\t\t\t\t<\/div><!-- .bonus-review-container -->\n\t\t\t\n\t\t\t\t<div class=\"bonus-review-container bonus-review-container--operator-52872\">\n\t\t\t\t\t<a class=\"\" href=\"https:\/\/bitodds.com\/goto\/bitsler\" title=\"Bitsler\" rel=\"nofollow\" target=\"_blank\"><img decoding=\"async\" class=\"theme-logo skip-lazy bonus-logo-link no-zoom pulse-hover\" src=\"https:\/\/bitodds.com\/wp-content\/uploads\/2022\/07\/Bitsler-logo-dark.svg\" alt=\"Bitsler Logo\" \/><\/a>\t\t\t\t\t\n\t\t\t\t\t\n\t\t\t\t\t\t\t\t\t\t\t<a class=\"get-bonus-btn bit-btn bit-btn--arrow-right\" href=\"https:\/\/bitodds.com\/goto\/bitsler\" target=\"_blank\" rel=\"nofollow\">\n\t\t\t\t\t\t\t<span class=\"text\">Bonus erhalten<\/span>\n\t\t\t\t\t\t<\/a>\n\t\t\t\t\t\n\t\t\t\t\t<div style=\"clear: both;\"><\/div>\n\t\t\t\t\t\n\t\t\t\t<\/div><!-- .bonus-review-container -->\n\t\t\t\n\t\t\t\t<div class=\"bonus-review-container bonus-review-container--operator-14073\">\n\t\t\t\t\t<a class=\"\" href=\"https:\/\/bitodds.com\/goto\/betcoin\" title=\"Betcoin\" rel=\"nofollow\" target=\"_blank\"><img decoding=\"async\" class=\"theme-logo skip-lazy bonus-logo-link no-zoom pulse-hover\" src=\"https:\/\/bitodds.com\/wp-content\/uploads\/2020\/10\/betcoin-logo-dark-theme-new-160x40.png\" alt=\"Betcoin Logo\" \/><\/a>\t\t\t\t\t<span class=\"bit-exclusive-bonus-text\">Exklusiver Bonus!<\/span>\n\t\t\t\t\t<p>Diesen Bonus kriegen Sie nur hier bei BitOdds.<\/p>\n<p>50 % Bonus auf die erste Einzahlung bis zu 100 m\u0e3f f\u00fcr Sportwetten!<\/p>\n<p>15x Umsatz (Einzahlung + Bonus) zu einer Quote von mindestens 1,67 vor einer Auszahlung.<\/p>\n<p>Sie erhalten au\u00dferdem den Standard 100 % Einzahlungsbonus von bis zu 1000 m\u0e3f f\u00fcr das Casino. Beide Boni k\u00f6nnen \u00fcber eine Supportanfrage angefordert werden und werden innerhalb von 24 Stunden hinzugef\u00fcgt.<\/p>\n\n\t\t\t\t\t\t\t\t\t\t\t<a class=\"get-bonus-btn bit-btn bit-btn--arrow-right\" href=\"https:\/\/bitodds.com\/goto\/betcoin\" target=\"_blank\" rel=\"nofollow\">\n\t\t\t\t\t\t\t<span class=\"text\">Bonus erhalten<\/span>\n\t\t\t\t\t\t<\/a>\n\t\t\t\t\t\n\t\t\t\t\t<div style=\"clear: both;\"><\/div>\n\t\t\t\t\t\n\t\t\t\t<\/div><!-- .bonus-review-container -->\n\t\t\t\n\t\t\t\t<div class=\"bonus-review-container bonus-review-container--operator-52472\">\n\t\t\t\t\t<a class=\"\" href=\"https:\/\/bitodds.com\/goto\/nitrobetting\" title=\"Nitrobetting\" rel=\"nofollow\" target=\"_blank\"><img decoding=\"async\" class=\"theme-logo skip-lazy bonus-logo-link no-zoom pulse-hover\" src=\"https:\/\/bitodds.com\/wp-content\/uploads\/2022\/05\/logo-nitrobetting-logo-160x26.png\" alt=\"Nitrobetting Logo\" \/><\/a>\t\t\t\t\t\n\t\t\t\t\t<p>100% first deposit match on sports betting only or slots only or poker only. Also if your first bet loses you get a free bet of the same amount.<\/p>\n\n\t\t\t\t\t\t\t\t\t\t\t<a class=\"get-bonus-btn bit-btn bit-btn--arrow-right\" href=\"https:\/\/bitodds.com\/goto\/nitrobetting\" target=\"_blank\" rel=\"nofollow\">\n\t\t\t\t\t\t\t<span class=\"text\">Bonus erhalten<\/span>\n\t\t\t\t\t\t<\/a>\n\t\t\t\t\t\n\t\t\t\t\t<div style=\"clear: both;\"><\/div>\n\t\t\t\t\t\n\t\t\t\t<\/div><!-- .bonus-review-container -->\n\t\t\t\n\t\t\t\t<div class=\"bonus-review-container bonus-review-container--operator-14150\">\n\t\t\t\t\t<a class=\"\" href=\"https:\/\/bitodds.com\/goto\/sportsbet\" title=\"Sportsbet\" rel=\"nofollow\" target=\"_blank\"><img decoding=\"async\" class=\"theme-logo skip-lazy bonus-logo-link no-zoom pulse-hover\" src=\"https:\/\/bitodds.com\/wp-content\/uploads\/2020\/10\/sportsbet-logo-dark.svg\" alt=\"Sportsbet Logo\" \/><\/a>\t\t\t\t\t\n\t\t\t\t\t<p>Alle Boni auf <a href=\"https:\/\/bitodds.com\/goto\/sportsbet\">Sportsbet<\/a> laufen durch das Clubhaus-Treueprogramm. Auf Ihrem Weg die verschiedenen Stufen hinauf &#8211; beginnend bei Stahl bis hin zu Diamant &#8211; verdienen Sie Freispiele, gratis Drehs, gratis Bl\u00e4tter oder Cashback, alle auf Ihr individuelles Spiel ma\u00dfgeschneidert. Punkte werden durch das Platzieren von Sportwetten oder Eins\u00e4tze auf Drehs oder Tischspiele verdient.<\/p>\n<p>Ihr Fortschritt kann durch einen klaren, leicht zu verfolgenden Tracker angesehen werden.<\/p>\n<p>Das Programm selbst ist gut, aber es ist schade, dass es keinen Ersteinzahlungsbonus gibt.<\/p>\n\n\t\t\t\t\t\t\t\t\t\t\t<a class=\"get-bonus-btn bit-btn bit-btn--arrow-right\" href=\"https:\/\/bitodds.com\/goto\/sportsbet\" target=\"_blank\" rel=\"nofollow\">\n\t\t\t\t\t\t\t<span class=\"text\">Bonus erhalten<\/span>\n\t\t\t\t\t\t<\/a>\n\t\t\t\t\t\n\t\t\t\t\t<div style=\"clear: both;\"><\/div>\n\t\t\t\t\t\n\t\t\t\t<\/div><!-- .bonus-review-container -->\n\t\t\t\n\t\t\t\t<div class=\"bonus-review-container bonus-review-container--operator-33955\">\n\t\t\t\t\t<a class=\"\" href=\"https:\/\/bitodds.com\/goto\/trustdice\" title=\"TrustDice\" rel=\"nofollow\" target=\"_blank\"><img decoding=\"async\" class=\"theme-logo skip-lazy bonus-logo-link no-zoom pulse-hover\" src=\"https:\/\/bitodds.com\/wp-content\/uploads\/2021\/06\/trustdice-logo-dark.svg\" alt=\"TrustDice Logo\" \/><\/a>\t\t\t\t\t\n\t\t\t\t\t<p>Nachdem Sie Ihr Konto erstellt haben, k\u00f6nnen Sie 30 gratis Drehs erhalten, indem Sie den Bonuscode FS202106151434 im Bonus-Bereich Ihres <a href=\"https:\/\/trustdice.win\/account\/bonuses\" rel=\"noopener\">TrustDice-Kontos<\/a> eingeben.<\/p>\n<p>Wenn Ihre erste Buchmacher-Wette verliert, wird Ihr Einsatz als Freiwette erstattet. Die maximale R\u00fcckzahlung ist auf 1.5 m\u0e3f beschr\u00e4nkt und Sie l\u00e4uft nach 48 Stunden ab. Es gibt auch <a href=\"https:\/\/bitvegas.com\/crypto-casino-guide\/crypto-casino-bonuses\/\" rel=\"noopener\">Casino-<\/a>und <a href=\"https:\/\/bitroll.com\/crypto-dice-guide\/crypto-dice-bonuses\/\" rel=\"noopener\">W\u00fcrfelboni<\/a>.<\/p>\n\n\t\t\t\t\t\t\t\t\t\t\t<a class=\"get-bonus-btn bit-btn bit-btn--arrow-right\" href=\"https:\/\/bitodds.com\/goto\/trustdice\" target=\"_blank\" rel=\"nofollow\">\n\t\t\t\t\t\t\t<span class=\"text\">Bonus erhalten<\/span>\n\t\t\t\t\t\t<\/a>\n\t\t\t\t\t\n\t\t\t\t\t<div style=\"clear: both;\"><\/div>\n\t\t\t\t\t\n\t\t\t\t<\/div><!-- .bonus-review-container -->\n\t\t\t<\/div>\n","protected":false},"excerpt":{"rendered":"<p>Diese exklusiven Krypto-Sportwettenanbieter-Bonusse sind eine gro\u00dfartige M\u00f6glichkeit, um Ihr Startguthaben aufzupolstern und Spa\u00df beim Wetten zu haben. Selbst wenn Sie ein paar Ihrer ersten Wetten verlieren, k\u00f6nnen Sie dank Ihres Bonus immer noch Gewinn machen! Wir raten Ihnen davon ab,&hellip;<\/p>\n","protected":false},"author":1,"featured_media":0,"parent":0,"menu_order":20,"comment_status":"open","ping_status":"closed","template":"","meta":{"_acf_changed":false,"footnotes":""},"acf":[],"_links":{"self":[{"href":"https:\/\/bitodds.com\/de\/wp-json\/wp\/v2\/pages\/51113"}],"collection":[{"href":"https:\/\/bitodds.com\/de\/wp-json\/wp\/v2\/pages"}],"about":[{"href":"https:\/\/bitodds.com\/de\/wp-json\/wp\/v2\/types\/page"}],"author":[{"embeddable":true,"href":"https:\/\/bitodds.com\/de\/wp-json\/wp\/v2\/users\/1"}],"replies":[{"embeddable":true,"href":"https:\/\/bitodds.com\/de\/wp-json\/wp\/v2\/comments?post=51113"}],"version-history":[{"count":1,"href":"https:\/\/bitodds.com\/de\/wp-json\/wp\/v2\/pages\/51113\/revisions"}],"predecessor-version":[{"id":51114,"href":"https:\/\/bitodds.com\/de\/wp-json\/wp\/v2\/pages\/51113\/revisions\/51114"}],"wp:attachment":[{"href":"https:\/\/bitodds.com\/de\/wp-json\/wp\/v2\/media?parent=51113"}],"curies":[{"name":"wp","href":"https:\/\/api.w.org\/{rel}","templated":true}]}}