{"id":51111,"date":"2021-06-26T18:39:54","date_gmt":"2021-06-26T18:39:54","guid":{"rendered":"https:\/\/staging.bitodds.com\/?page_id=51111"},"modified":"2021-06-28T04:17:04","modified_gmt":"2021-06-28T04:17:04","slug":"best-odds-crypto-sportsbooks","status":"publish","type":"page","link":"https:\/\/bitodds.com\/de\/best-odds-crypto-sportsbooks\/","title":{"rendered":"Beste Quoten Krypto-Sportwettenanbieter"},"content":{"rendered":"\t<div class=\"sportsbook-ranking-table-wrapper\">\n\t\t<table class='sportsbook-ranking-table loading striped_minimal bit-table' data-rows=\"0\" data-rankings=\"1<sup>.<\/sup>,2<sup>.<\/sup>,3<sup>.<\/sup>,\">\n\t\t\t<tbody>\n\t\t\t\t<tr>\n\t\t\t\t\t<th class=\"th-ranking\"><\/th>\n\t\t\t\t\t<th class=\"th-logo\"><\/th>\n\t\t\t\t\t<th class=\"th-header\">H\u00e4ufigkeit von Bestquoten<\/th>\n\t\t\t\t\t<th class=\"th-edge\">\n\t\t\t\t\t\t<a href=\"https:\/\/bitodds.com\/best-odds-crypto-sportsbooks\/\">\n\t\t\t\t\t\t\tVorteil\t\t\t\t\t\t<\/a>\n\t\t\t\t\t<\/th>\n\t\t\t\t<\/tr>\n\t\t\t<tr class=\"sportsbook-ranking-table__row sportsbook-ranking-table--operator-24862\"><td><\/td><td><a class=\"\" href=\"https:\/\/bitodds.com\/goto\/stake\" title=\"Stake\" rel=\"nofollow\" target=\"_blank\"><img decoding=\"async\" class=\"theme-logo skip-lazy sportsbook-ranking-table__logo pulse-hover\" src=\"https:\/\/bitodds.com\/wp-content\/uploads\/2020\/10\/stake-dark-logo.svg\" alt=\"Stake Logo\" \/><\/a><\/td><td>60,33%<\/td><td>5,93%<\/td><\/tr><tr class=\"sportsbook-ranking-table__row sportsbook-ranking-table--operator-52872\"><td><\/td><td><a class=\"\" href=\"https:\/\/bitodds.com\/goto\/bitsler\" title=\"Bitsler\" rel=\"nofollow\" target=\"_blank\"><img decoding=\"async\" class=\"theme-logo skip-lazy sportsbook-ranking-table__logo pulse-hover\" src=\"https:\/\/bitodds.com\/wp-content\/uploads\/2022\/07\/Bitsler-logo-dark.svg\" alt=\"Bitsler Logo\" \/><\/a><\/td><td>39,08%<\/td><td>6,37%<\/td><\/tr><tr class=\"sportsbook-ranking-table__row sportsbook-ranking-table--operator-14064\"><td><\/td><td><a class=\"\" href=\"https:\/\/bitodds.com\/goto\/cloudbet\" title=\"Cloudbet\" rel=\"nofollow\" target=\"_blank\"><img decoding=\"async\" class=\"theme-logo skip-lazy sportsbook-ranking-table__logo pulse-hover\" src=\"https:\/\/bitodds.com\/wp-content\/uploads\/2020\/10\/cloudbet-dark-logo.svg\" alt=\"Cloudbet Logo\" \/><\/a><\/td><td>11,27%<\/td><td>7,93%<\/td><\/tr>\t\t\t<\/tbody>\n\t\t<\/table>\n\t<\/div>\n\t \n\n\n\n<p>Viele Sportwettenanbieter behaupten, die besten Quoten zu haben, wir liefern den unvoreingenommenen, unabh\u00e4ngigen Beweis!<\/p>\n\n\n\n<p>Wir berechnen, welcher Sportwettenanbieter die besten Quoten bietet sowie dessen <a href=\"https:\/\/bitedge.com\/sports-betting-guide\/understand-odds-as-probability-with-overround\/\" target=\"_blank\" rel=\"noreferrer noopener\">Bankvorteil<\/a>&nbsp;f\u00fcr jede Wette in unseren Quotenvergleichen. Dabei geht es um <strong><strong>149<\/strong><\/strong> <strong>Events<\/strong>, <strong><strong>852<\/strong><\/strong> <strong>Wetten<\/strong> und <strong><strong>2520<\/strong><\/strong> <strong>individuelle Quoten<\/strong>, die alle 10 Minuten aktualisiert werden.<\/p>\n\n\n\n<p>Wenn Sie die Quoten nicht f\u00fcr jede Wette vergleichen m\u00f6chten, melden Sie sich einfach bei den Sportwettenanbietern mit dem niedrigsten Vorteil an, dann wissen Sie, dass Sie insgesamt ein gutes Gesch\u00e4ft machen.<\/p>\n\n\n\n<p>Wenn 2 Sportwettenanbieter gleich gute Quoten anbieten, werden sie beide als Anbieter der besten Quoten gez\u00e4hlt. Dies kann dazu f\u00fchren, dass die Prozents\u00e4tze der \u201ebesten Quotenfrequenz\u201c insgesamt mehr als 100 % betragen.<\/p>\n\n\n\n<p><a href=\"https:\/\/bitodds.com\/goto\/sportsbet\/\" target=\"_blank\" rel=\"noreferrer noopener\">Sportsbet<\/a>, einer der besten Krypto-Sportwettenanbieter, hat eine Preiserh\u00f6hungsfunktion, die seine Quoten stark verbessert, wodurch er die besten oder nahezu die besten Quoten f\u00fcr jede Wette bietet. Der Haken ist, dass Sie diese nur einmal pro Tag pro Sportart verwenden k\u00f6nnen.<\/p>\n\n\n\n<p>Quoten sind nicht das Einzige, das Sie ber\u00fccksichtigen sollten, wenn Sie einen Sportwettenanbieter w\u00e4hlen. Beachten Sie auch alles Erw\u00e4hnte in unseren schriftlichen und per Video erh\u00e4ltlichen <a href=\"https:\/\/bitedge.com\/crypto-sportsbook-reviews\/\" target=\"_blank\" rel=\"noreferrer noopener\">Krypto-Sportwettenanbieter Bewertungen<\/a>.<\/p>\n\n\n\n<p>M\u00f6gen die Quoten mit Ihnen sein!<\/p>\n","protected":false},"excerpt":{"rendered":"<p>Viele Sportwettenanbieter behaupten, die besten Quoten zu haben, wir liefern den unvoreingenommenen, unabh\u00e4ngigen Beweis! Wir berechnen, welcher Sportwettenanbieter die besten Quoten bietet sowie dessen Bankvorteil&nbsp;f\u00fcr jede Wette in unseren Quotenvergleichen. Dabei geht es um Events, Wetten und individuelle Quoten, die&hellip;<\/p>\n","protected":false},"author":1,"featured_media":0,"parent":0,"menu_order":10,"comment_status":"open","ping_status":"closed","template":"","meta":{"_acf_changed":false,"footnotes":""},"acf":[],"_links":{"self":[{"href":"https:\/\/bitodds.com\/de\/wp-json\/wp\/v2\/pages\/51111"}],"collection":[{"href":"https:\/\/bitodds.com\/de\/wp-json\/wp\/v2\/pages"}],"about":[{"href":"https:\/\/bitodds.com\/de\/wp-json\/wp\/v2\/types\/page"}],"author":[{"embeddable":true,"href":"https:\/\/bitodds.com\/de\/wp-json\/wp\/v2\/users\/1"}],"replies":[{"embeddable":true,"href":"https:\/\/bitodds.com\/de\/wp-json\/wp\/v2\/comments?post=51111"}],"version-history":[{"count":1,"href":"https:\/\/bitodds.com\/de\/wp-json\/wp\/v2\/pages\/51111\/revisions"}],"predecessor-version":[{"id":51112,"href":"https:\/\/bitodds.com\/de\/wp-json\/wp\/v2\/pages\/51111\/revisions\/51112"}],"wp:attachment":[{"href":"https:\/\/bitodds.com\/de\/wp-json\/wp\/v2\/media?parent=51111"}],"curies":[{"name":"wp","href":"https:\/\/api.w.org\/{rel}","templated":true}]}}