{"id":51105,"date":"2021-06-26T18:38:05","date_gmt":"2021-06-26T18:38:05","guid":{"rendered":"https:\/\/staging.bitodds.com\/?page_id=51105"},"modified":"2021-06-28T04:59:56","modified_gmt":"2021-06-28T04:59:56","slug":"responsible-gambling","status":"publish","type":"page","link":"https:\/\/bitodds.com\/de\/responsible-gambling\/","title":{"rendered":"Verantwortungsvolles Gl\u00fccksspiel"},"content":{"rendered":"\n<p>Wenn Gl\u00fccksspiel ein Problem f\u00fcr Sie ist, sind Sie nicht allein. Es gibt viele M\u00f6glichkeiten, sich Hilfe zu holen. Die meisten Sportwettenanbieter haben Mitarbeiter, die in verantwortungsvollem Spielen geschult sind und bieten selbstauferlegte Einzahlungs- und Verlustlimits sowie die M\u00f6glichkeit eines permanenten oder tempor\u00e4ren Selbstausschlusses an. Auch wenn Sie kein Gl\u00fccksspielproblem haben, sollten Sie immer verantwortungsvoll spielen.<\/p>\n\n\n\n<p>Gamblers Anonymous hat einen <a href=\"http:\/\/www.gamblersanonymous.org\/ga\/content\/20-questions\" target=\"_blank\" rel=\"noreferrer noopener\">kurzen Fragebogen<\/a> mit 20 Ja\/Nein-Fragen entwickelt, deren Antworten dabei helfen k\u00f6nnen, festzustellen, ob Sie ein Gl\u00fccksspielproblem haben.<\/p>\n","protected":false},"excerpt":{"rendered":"<p>Wenn Gl\u00fccksspiel ein Problem f\u00fcr Sie ist, sind Sie nicht allein. Es gibt viele M\u00f6glichkeiten, sich Hilfe zu holen. Die meisten Sportwettenanbieter haben Mitarbeiter, die in verantwortungsvollem Spielen geschult sind und bieten selbstauferlegte Einzahlungs- und Verlustlimits sowie die M\u00f6glichkeit eines&hellip;<\/p>\n","protected":false},"author":1,"featured_media":0,"parent":0,"menu_order":0,"comment_status":"open","ping_status":"closed","template":"","meta":{"_acf_changed":false,"footnotes":""},"acf":[],"_links":{"self":[{"href":"https:\/\/bitodds.com\/de\/wp-json\/wp\/v2\/pages\/51105"}],"collection":[{"href":"https:\/\/bitodds.com\/de\/wp-json\/wp\/v2\/pages"}],"about":[{"href":"https:\/\/bitodds.com\/de\/wp-json\/wp\/v2\/types\/page"}],"author":[{"embeddable":true,"href":"https:\/\/bitodds.com\/de\/wp-json\/wp\/v2\/users\/1"}],"replies":[{"embeddable":true,"href":"https:\/\/bitodds.com\/de\/wp-json\/wp\/v2\/comments?post=51105"}],"version-history":[{"count":1,"href":"https:\/\/bitodds.com\/de\/wp-json\/wp\/v2\/pages\/51105\/revisions"}],"predecessor-version":[{"id":51106,"href":"https:\/\/bitodds.com\/de\/wp-json\/wp\/v2\/pages\/51105\/revisions\/51106"}],"wp:attachment":[{"href":"https:\/\/bitodds.com\/de\/wp-json\/wp\/v2\/media?parent=51105"}],"curies":[{"name":"wp","href":"https:\/\/api.w.org\/{rel}","templated":true}]}}