{"id":51101,"date":"2021-06-26T18:36:38","date_gmt":"2021-06-26T18:36:38","guid":{"rendered":"https:\/\/staging.bitodds.com\/?page_id=51101"},"modified":"2022-08-31T03:23:03","modified_gmt":"2022-08-31T03:23:03","slug":"faq","status":"publish","type":"page","link":"https:\/\/bitodds.com\/de\/faq\/","title":{"rendered":"H\u00e4ufig gestellte Fragen"},"content":{"rendered":"\n<p>Wenn Sie eine Frage haben, die hier nicht aufgef\u00fchrt ist, fragen Sie bitte in den Kommentaren unten oder <a href=\"https:\/\/bitodds.com\/contact\/\">kontaktieren Sie uns<\/a>.<\/p>\n\n\n<div class=\"uk-card bit-card bit-card--faq\"><div class=\"uk-card-body bit-card__body\"><div class=\"bit-card__icon\"><i class=\"fal fa-question-circle\"><\/i><\/div><h2 class=\"bit-card__header heading-link\">Wie oft werden die Quoten aktualisiert?<\/h2><p>Alle 15 Minuten.<\/p>\n<\/div><\/div>\n\n\n<div class=\"uk-card bit-card bit-card--faq\"><div class=\"uk-card-body bit-card__body\"><div class=\"bit-card__icon\"><i class=\"fal fa-question-circle\"><\/i><\/div><h2 class=\"bit-card__header heading-link\">Warum sind manche Quoten fett und unterstrichen?<\/h2><p><u><strong>Fette und unterstrichene<\/strong><\/u> Quoten sind die besten verf\u00fcgbaren Quoten f\u00fcr diese Wette.<\/p>\n<\/div><\/div>\n\n\n<div class=\"uk-card bit-card bit-card--faq\"><div class=\"uk-card-body bit-card__body\"><div class=\"bit-card__icon\"><i class=\"fal fa-question-circle\"><\/i><\/div><h2 class=\"bit-card__header heading-link\">Kann ich die amerikanischen oder Bruchquoten sehen?<\/h2><p>Ja, bitte stellen Sie Ihre Pr\u00e4ferenz in <a uk-toggle=\"target: #user-settings\">Ihren Einstellungen<\/a> ein.<\/p>\n<\/div><\/div>\n\n\n<div class=\"uk-card bit-card bit-card--faq\"><div class=\"uk-card-body bit-card__body\"><div class=\"bit-card__icon\"><i class=\"fal fa-question-circle\"><\/i><\/div><h2 class=\"bit-card__header heading-link\">Kann ich nur Sportwettenanbieter sehen, die meine bevorzugten Kryptow\u00e4hrungen akzeptieren?<\/h2><p>Ja, bitte stellen Sie Ihre Pr\u00e4ferenz in <a uk-toggle=\"target: #user-settings\">Ihren Einstellungen<\/a> ein.<\/p>\n<\/div><\/div>\n\n\n<div class=\"uk-card bit-card bit-card--faq\"><div class=\"uk-card-body bit-card__body\"><div class=\"bit-card__icon\"><i class=\"fal fa-question-circle\"><\/i><\/div><h2 class=\"bit-card__header heading-link\">Die Durchschnittsquote ist falsch<\/h2><p>Die Durchschnittsquote setzt sich aus allen Sportwetten in den Quotenvergleichen zusammen. Aufgrund von Geoblocking und Ihren Einstellungen sehen Sie m\u00f6glicherweise nicht alle Sportwetten. Daher kann es sein, dass die angezeigten Durchschnittsquoten nicht mit den Quoten der angezeigten Sportwetten \u00fcbereinstimmen.<\/p>\n<p>Zum Beispiel zeigen wir Ihnen standardm\u00e4\u00dfig keine Sportwettenanbieter an, die Wettende aus <span class=\"bit-user-geoloc\">die Vereinigten Staaten von Amerika<\/span> blockieren. Aber die Quoten dieser Sportwettenanbieter werden trotzdem in den Durchschnittswerten ber\u00fccksichtigt.<\/p>\n<p>Ebenso, wenn Sie Ihre Einstellungen so festgelegt haben, dass nur Sportwettenanbieter angezeigt werden, die Ethereum akzeptieren, werden wir Ihnen keine Sportwettenanbieter zeigen, die Ethereum nicht akzeptieren. Aber die Quoten dieser Sportwettenanbieter werden trotzdem in den Durchschnittswerten ber\u00fccksichtigt.<\/p>\n<p>Sie k\u00f6nnen in <a uk-toggle=\"target: #user-settings\">Ihren Einstellungen<\/a> ausw\u00e4hlen, dass alle Sportwetten angezeigt werden.<\/p>\n<\/div><\/div>\n\n\n<div class=\"uk-card bit-card bit-card--faq\"><div class=\"uk-card-body bit-card__body\"><div class=\"bit-card__icon\"><i class=\"fal fa-question-circle\"><\/i><\/div><h2 class=\"bit-card__header heading-link\">Was bedeuten die verschiedenen Arten von Wetten?<\/h2><p>In unserem Quotenvergleich werden 3 Arten von Wetten angezeigt: <\/p>\n<ul>\n<li><a href=\"https:\/\/bitedge.com\/sports-betting-guide\/sports-bet-types\" target=\"_blank\" rel=\"noopener noreferrer\">Ergebnis\/Gewinner<\/a><\/li>\n<li><a href=\"https:\/\/bitedge.com\/sports-betting-guide\/points-spread-and-asian-handicap\/\" target=\"_blank\" rel=\"noopener noreferrer\">Handicap\/Spread<\/a><\/li>\n<li><a href=\"https:\/\/bitedge.com\/sports-betting-guide\/sports-bet-types\/#totals-over-under\" target=\"_blank\" rel=\"noopener noreferrer\">Gesamtzahlen \u00fcber\/unter<\/a><\/li>\n<\/ul>\n<p>Die gleiche Art von Wette kann je nach Sportart unterschiedlich bezeichnet werden.<\/p>\n<\/div><\/div>\n\n\n<div class=\"uk-card bit-card bit-card--faq\"><div class=\"uk-card-body bit-card__body\"><div class=\"bit-card__icon\"><i class=\"fal fa-question-circle\"><\/i><\/div><h2 class=\"bit-card__header heading-link\">Why are those sportsbooks included?<\/h2><p>Wir f\u00fchren nur anonyme <a href=\"https:\/\/bitedge.com\/blog\/end-to-end-crypto-sportsbooks-vs-government-currency-sportsbooks-that-accept-crypto\/\" target=\"_blank\" rel=\"noopener noreferrer\">End-to-End Krypto-<\/a> Sportwettenanbieter an. <\/p>\n<p>Wenn wir einen Sportwettenanbieter anf\u00fchren, best\u00e4tigen wir nur, dass er gut genug ist, um bei ihm zu wetten. Die Sportwetten werden in den Quotenvergleichen in der Reihenfolge der Gesamtqualit\u00e4t angef\u00fchrt. H\u00f6chste Qualit\u00e4t ganz oben und niedrigste Qualit\u00e4t am Ende.<\/p>\n<p>Was wir von diesen und anderen Krypto-Sportwettenanbietern halten, k\u00f6nnen Sie in unseren <a href=\"https:\/\/bitedge.com\/crypto-sportsbook-reviews\/\" target=\"_blank\" rel=\"noopener noreferrer\">Krypto-Sportwettenanbieter-Bewertungen<\/a>im Detail nachlesen.<\/p>\n<\/div><\/div>\n\n\n<div class=\"uk-card bit-card bit-card--faq\"><div class=\"uk-card-body bit-card__body\"><div class=\"bit-card__icon\"><i class=\"fal fa-question-circle\"><\/i><\/div><h2 class=\"bit-card__header heading-link\">Begrenzen Krypto-Sportwettenanbieter erfolgreiche Konten?<\/h2><p>Nein, weil sie das nicht k\u00f6nnen.<\/p>\n<p>Wir f\u00fchren nur anonyme <a href=\"https:\/\/bitedge.com\/blog\/end-to-end-crypto-sportsbooks-vs-government-currency-sportsbooks-that-accept-crypto\/\" target=\"_blank\" rel=\"noopener noreferrer\">End-to-End Krypto-<\/a> Sportwettenanbieter an. Wenn sie unser Konto aufgrund von Gewinnen oder Spitzenwetten beschr\u00e4nken w\u00fcrden, k\u00f6nnten Sie einfach ein neues Konto er\u00f6ffnen, also tun sie es nicht.<\/p>\n<p>Leider haben einige dieser Sportwettenanbieter Benutzer nach Ausweisen gefragt. Dies geschieht jedoch nur, wenn der Sportwettenanbieter einen Betrug vermutet, wie z.B. doppelte Ausgaben oder Bonusmissbrauch, nicht aber bei Gewinn oder Spitzenwetten.<\/p>\n<\/div><\/div>\n\n\n\n<p>Wenn Sie eine Frage haben, die hier nicht aufgef\u00fchrt ist, fragen Sie bitte in den Kommentaren unten oder <a href=\"https:\/\/bitodds.com\/contact\">kontaktieren Sie uns<\/a>.<\/p>\n","protected":false},"excerpt":{"rendered":"<p>Wenn Sie eine Frage haben, die hier nicht aufgef\u00fchrt ist, fragen Sie bitte in den Kommentaren unten oder kontaktieren Sie uns. Wenn Sie eine Frage haben, die hier nicht aufgef\u00fchrt ist, fragen Sie bitte in den Kommentaren unten oder kontaktieren&hellip;<\/p>\n","protected":false},"author":1,"featured_media":0,"parent":0,"menu_order":0,"comment_status":"open","ping_status":"closed","template":"","meta":{"_acf_changed":false,"footnotes":""},"acf":[],"_links":{"self":[{"href":"https:\/\/bitodds.com\/de\/wp-json\/wp\/v2\/pages\/51101"}],"collection":[{"href":"https:\/\/bitodds.com\/de\/wp-json\/wp\/v2\/pages"}],"about":[{"href":"https:\/\/bitodds.com\/de\/wp-json\/wp\/v2\/types\/page"}],"author":[{"embeddable":true,"href":"https:\/\/bitodds.com\/de\/wp-json\/wp\/v2\/users\/1"}],"replies":[{"embeddable":true,"href":"https:\/\/bitodds.com\/de\/wp-json\/wp\/v2\/comments?post=51101"}],"version-history":[{"count":3,"href":"https:\/\/bitodds.com\/de\/wp-json\/wp\/v2\/pages\/51101\/revisions"}],"predecessor-version":[{"id":53050,"href":"https:\/\/bitodds.com\/de\/wp-json\/wp\/v2\/pages\/51101\/revisions\/53050"}],"wp:attachment":[{"href":"https:\/\/bitodds.com\/de\/wp-json\/wp\/v2\/media?parent=51101"}],"curies":[{"name":"wp","href":"https:\/\/api.w.org\/{rel}","templated":true}]}}