{"id":51099,"date":"2021-06-26T18:35:49","date_gmt":"2021-06-26T18:35:49","guid":{"rendered":"https:\/\/staging.bitodds.com\/?page_id=51099"},"modified":"2021-06-28T04:23:10","modified_gmt":"2021-06-28T04:23:10","slug":"crypto-value-bet-alerts","status":"publish","type":"page","link":"https:\/\/bitodds.com\/de\/crypto-value-bet-alerts\/","title":{"rendered":"Krypto-Wertwette-Benachrichtigung"},"content":{"rendered":"\n<p>Wir haben eine Sofort-Benachrichtigung erstellt, die Wertwetten erkennt. Wir finden Ausrei\u00dfer, bei denen ein Sportwettenanbieter deutlich h\u00f6here Quoten anbietet als der Rest des Marktes. Dies sind Wetten mit positivem Erwartungswert, so dass Sie einen Vorteil gegen\u00fcber dem Sportwettenanbieter und eine gute Chance auf einen langfristigen Gewinn haben!<\/p>\n\n\n\n<p>Das war zum Beispiel die letzte Benachrichtigung:<\/p>\n\n\n<a  href=\"https:\/\/bitodds.com\/goto\/cloudbet\" title=\"Cloudbet\" target=\"_blank\"><div class=\"value-bet-image value-bet-image--content\">\n\n\n<div class=\"value-bet-image__participants\">\n    \n    <div class=\"value-bet-image__participant\">\n                <h3>Brion<\/h3>\n    <\/div>\n    \n    <div class=\"value-bet-image__vs\">Vs<\/div>\n\n    <div class=\"value-bet-image__participant\">\n                <h3>Gen.G<\/h3>\n    <\/div>\n\n<\/div>\n\n<div class=\"value-bet-image__competition\">\n    <h3>League of Legends<\/h3>\n    <h4>\n        Zeit: \n        <strong class=\"arb-alert__datetime value-bet-datetime\" data-date=\"2023-06-29 08:00:00\">\n            8:00 a.m. Donnerstag 29th Juni        <\/strong>\n    <\/h4>\n<\/div>\n\n<div class=\"value-bet-image__details\">\n    <div>\n        <span>Wette:<\/span>\n        <strong>Brion<\/strong>\n        <span class=\"\">+1.5 Map handicap<\/span>    <\/div>\n    <div>\n        <span>Durchschnittsquote:<\/span>\n        <strong class=\"value-bet-odds\" \n            data-odds-decimal=\"3.27\" \n            data-odds-american=\"+227\" \n            data-odds-fractional=\"9\/4\" \n            data-odds-probability=\"30.58&#65130;\">\n        3.27<\/strong>\n    <\/div>\n    <div>\n        <span>Cloudbet odds:<\/span>\n        <strong class=\"value-bet-odds\" \n            data-odds-decimal=\"3.57\" \n            data-odds-american=\"+257\" \n            data-odds-fractional=\"13\/5\"\n            data-odds-probability=\"28.01&#65130;\">\n        3.57<\/strong>\n    <\/div>\n<\/div>\n\n<div class=\"value-bet-image__bets\">\n    <div class=\"value-bet-image__bet\">\n        <h4>Erwartungswert<\/h4>\n        <p>\n        +2.23%        <\/p>\n    <\/div>\n<\/div>\n\n<\/div><!-- .value-bet-image -->\n<\/a>\n\n\n\n<p>Melden Sie sich f\u00fcr die Benachrichtigungen an, indem Sie unten Ihre E-Mail-Adresse eintragen. Wir garantieren Ihnen 100 % Privatsph\u00e4re, Ihre Daten werden nicht geteilt.<\/p>\n\n\n\t<form class=\"bit-short-subscribe \" method=\"POST\" >\n\t\t<div class=\"bit-short-subscribe__inner\">\n\t\t\t<input class=\"bit-mail-short-email\" oninvalid=\"this.setCustomValidity('Bitte geben Sie eine g\u00fcltige E-Mail-Adresse ein.')\"\n\t\t\t\ttype=\"email\" name=\"bit-email\"  placeholder=\"E-Mail\" \/>\n\t\t\t<button class=\"bit-mail-short-submit bit-btn--inbox\" type=\"submit\">Subscribe<\/button>\n\t\t<\/div>\n\t\t<div class=\"bit-mail-short-message bit-alert bit-alert--primary alert alert-info\" style=\"display:none\"><\/div>\n\t<\/form>\n\t\n\n\n\n<p>Die Wertwette-Benachrichtigungen werden au\u00dferdem <a href=\"https:\/\/twitter.com\/bitedgecom\" target=\"_blank\" rel=\"noreferrer noopener\">hier getweetet<\/a> und auf unserer <a href=\"https:\/\/web.facebook.com\/BitEdge\" target=\"_blank\" rel=\"noreferrer noopener\">Facebook-Seite<\/a> ver\u00f6ffentlicht.<\/p>\n\n\n\n<h2 class=\"wp-block-heading\"><strong>Definition einer Wertwette<\/strong><\/h2>\n\n\n\n<p>F\u00fcr jede Auswahl in unseren Quotenvergleichen berechnen wir die Wahrscheinlichkeit der Quotendurchschnitte aller Sportwettanbieter. Wir ber\u00fccksichtigen den <a href=\"https:\/\/bitedge.com\/sports-betting-guide\/understand-odds-as-probability-with-overround\/\" target=\"_blank\" rel=\"noreferrer noopener\">Overround der Sportwettenanbieter<\/a>. Dann benachrichtigen wir Sie \u00fcber alle Quoten, die eine um mehr als 2 % bessere Wahrscheinlichkeit als der Durchschnitt bieten.<\/p>\n\n\n\n<p>Wenn also die durchschnittlichen Quoten in etwa stimmen, dann bieten Ihnen unsere Benachrichtigungen die M\u00f6glichkeit, mit einem Vorteil zu wetten!<\/p>\n\n\n\n<p>Sie k\u00f6nnen dies anhand des folgenden Beispiels intuitiv verstehen. Die Durchschnittsquote auf Chelsea war 2,176, doch <a href=\"https:\/\/bitodds.com\/goto\/stake\" target=\"_blank\" rel=\"noreferrer noopener\">Stake<\/a> hat eine Quote von 2,37 angeboten. Das ist eine Wertwette!<\/p>\n\n\n\n<div class=\"wp-block-image\"><figure class=\"aligncenter size-large\"><img decoding=\"async\" width=\"882\" height=\"1024\" src=\"https:\/\/lang2.stage.bitodds.com\/wp-content\/uploads\/2021\/03\/value-bet-882x1024.png\" alt=\"\" class=\"wp-image-33412\" srcset=\"https:\/\/bitodds.com\/wp-content\/uploads\/2021\/03\/value-bet-882x1024.png 882w, https:\/\/bitodds.com\/wp-content\/uploads\/2021\/03\/value-bet-258x300.png 258w, https:\/\/bitodds.com\/wp-content\/uploads\/2021\/03\/value-bet-830x963.png 830w, https:\/\/bitodds.com\/wp-content\/uploads\/2021\/03\/value-bet-366x425.png 366w, https:\/\/bitodds.com\/wp-content\/uploads\/2021\/03\/value-bet-160x186.png 160w, https:\/\/bitodds.com\/wp-content\/uploads\/2021\/03\/value-bet-28x32.png 28w, https:\/\/bitodds.com\/wp-content\/uploads\/2021\/03\/value-bet-55x64.png 55w, https:\/\/bitodds.com\/wp-content\/uploads\/2021\/03\/value-bet-45x52.png 45w, https:\/\/bitodds.com\/wp-content\/uploads\/2021\/03\/value-bet-90x104.png 90w, https:\/\/bitodds.com\/wp-content\/uploads\/2021\/03\/value-bet.png 984w\" sizes=\"(max-width: 882px) 100vw, 882px\" \/><\/figure><\/div>\n\n\n\n<p>Denken Sie daran, dass die meisten Sportwettenanbieter dank ihren Gesch\u00e4ftsbedingungen Wetten zur\u00fcckerstatten, wenn die Quoten aufgrund menschlichen Versagens offensichtlich falsch waren. Wenn der knappe Favorit bei allen anderen Sportwettenanbietern der hoch bewertete Au\u00dfenseiter bei einer Sportwette ist, ist das h\u00f6chstwahrscheinlich auf menschliches Versagen zur\u00fcckzuf\u00fchren und ist keine Wertwette.<\/p>\n\n\n\n<p>Wir filtern diese f\u00fcr Sie heraus und wir haben reale Tests durchgef\u00fchrt, um zu best\u00e4tigen, dass die Wetten, \u00fcber die wir Sie benachrichtigen, bei den Sportwettenanbietern verf\u00fcgbar sind.<\/p>\n\n\n\n<h2 class=\"wp-block-heading\">Krypto-Sportwettenanbieter werden Sie nicht blockieren oder begrenzen, wenn Sie diese Wetten abschlie\u00dfen<\/h2>\n\n\n\n<p>Da Sportwettenanbieter mit staatlicher W\u00e4hrung erfolgreiche Wettende oft blockieren oder begrenzen, ist die h\u00e4ufigste Frage, die wir erhalten, ob Krypto-Sportwettenanbieter das ebenfalls tun. Die Antwort ist nein, weil sie es nicht k\u00f6nnen.<\/p>\n\n\n\n<p>Wir f\u00fchren nur anonyme <a href=\"https:\/\/bitedge.com\/blog\/end-to-end-crypto-sportsbooks-vs-government-currency-sportsbooks-that-accept-crypto\/\" target=\"_blank\" rel=\"noreferrer noopener\">End-to-End Krypto-<\/a> Sportwettenanbieter auf. Wenn sie Ihr Konto blockieren oder beschr\u00e4nken w\u00fcrden, weil Sie erfolgreich sind, k\u00f6nnten Sie einfach ein neues Konto erstellen. Daher tun sie es nicht.<\/p>\n\n\n\n<p>Leider haben einige dieser Krypto-Sportwettenanbieter ihre Kunden nach einem Ausweis gefragt. Dies geschieht jedoch nur, wenn der Sportwettenanbieter Betrug vermutet, wie z.B. doppelte Ausgaben, Bonusmissbrauch oder <a href=\"https:\/\/bitedge.com\/blog\/geo-blocking-in-crypto-gambling\/\" target=\"_blank\" rel=\"noreferrer noopener\">Wetten aus einem gesperrten Land<\/a>, nicht aber bei profitablen Wetten.<\/p>\n\n\n\n<h2 class=\"wp-block-heading\">Berechnung einer Wertwette<\/h2>\n\n\n<pre class=\"bit-codesnippet\"><code class=\"code-block markup\">Implizierte Wahrscheinlichkeit = Quote umgerechnet in Wahrscheinlichkeit\n\n\nEchte Wahrscheinlichkeit = Quote minus Overround umgerechnet in Wahrscheinlichkeit<\/code><\/pre>\n\n\n\n<p>Wertwetten werden anhand der Quoten der einzelnen Sportwettenanbieter und dem Overround ermittelt, um die echte Wahrscheinlichkeit zu bestimmen, die jeder Sportwettenanbieter dem Gewinn einer Wette zuschreibt. Dann nimmt man den Durchschnitt dieser echten Wahrscheinlichkeiten \u00fcber alle Sportwettenanbieter hinweg und nimmt an, dass dies eine gute Ann\u00e4herung an die echte Gewinnwahrscheinlichkeit einer Wette ist.<\/p>\n\n\n\n<p>Anhand dieser durchschnittlichen echten Wahrscheinlichkeit k\u00f6nnen wir dann den Erwartungswert einer Wette zu den besten verf\u00fcgbaren Quoten sch\u00e4tzen. Wenn der Erwartungswert \u00fcber 2 % liegt, betrachten wir es als eine Wertwette.<\/p>\n\n\n\n<p>Wir machen nur auf Wertwetten aufmerksam, bei denen die Dezimalquote unter 5 liegt und das Spiel weniger als 3 Tage entfernt ist.<\/p>\n\n\n\n<h3 class=\"wp-block-heading\"><strong>Praxisbeispiel<\/strong><\/h3>\n\n\n\n<p>Um genau zu verstehen, wie Wertwetten gefunden werden, nehmen Sie an, dass die Quote <em>f\u00fcr Real Salt Lake @ Minnesota United FC<\/em> wie folgt ist und behalten Sie die Unentschieden-Quoten von <a href=\"https:\/\/bitodds.com\/goto\/sportsbet\/\" target=\"_blank\" rel=\"noreferrer noopener\">Sportsbet<\/a> im Auge:<\/p>\n\n\n\n<figure class=\"wp-block-table\"><table><thead><tr><th><\/th><th>Salt Lake<\/th><th>Unentschieden<\/th><th>Minnesota<\/th><\/tr><\/thead><tbody><tr><td>Cloudbet<\/td><td>4.39<\/td><td>3.51<\/td><td>1.87<\/td><\/tr><tr><td>Stake<\/td><td>4.3<\/td><td>3.45<\/td><td>1.85<\/td><\/tr><tr><td>Sportsbet<\/td><td>3.71<\/td><td><strong><span style=\"text-decoration: underline;\">3.91<\/span><\/strong><\/td><td>1.85<\/td><\/tr><tr><td>Nitrogen<\/td><td>4.2<\/td><td>3.35<\/td><td>1.81<\/td><\/tr><tr><td>BetBTC<\/td><td>4.367<\/td><td>3.497<\/td><td>1.876<\/td><\/tr><tr><td>Betcoin<\/td><td>4.3<\/td><td>3.45<\/td><td>1.85<\/td><\/tr><\/tbody><\/table><\/figure>\n\n\n\n<p>Wir berechnen zun\u00e4chst die \u201eimplizierte Wahrscheinlichkeit\u201c f\u00fcr jede dieser Quoten. So hoch w\u00e4re die Wahrscheinlichkeit, wenn der Vorteil des Sportwettenanbieters 0 w\u00e4re. Die implizierte Wahrscheinlichkeit ist:<\/p>\n\n\n\n<pre class=\"wp-block-code\"><code>Implizierte Wahrscheinlichkeit = 1 \/ Quote + 100 %<\/code><\/pre>\n\n\n\n<p>Wenden wir diese Formel auf die Tabelle oben an, erhalten wir:<\/p>\n\n\n\n<figure class=\"wp-block-table\"><table><thead><tr><th><\/th><th>Salt Lake<\/th><th>Unentschieden<\/th><th>Minnesota<\/th><\/tr><\/thead><tbody><tr><td>Cloudbet<\/td><td>22.8<\/td><td>28.5<\/td><td>53.5<\/td><\/tr><tr><td>Stake<\/td><td>23.3<\/td><td>29<\/td><td>54.1<\/td><\/tr><tr><td>Sportsbet<\/td><td>27<\/td><td><strong><span style=\"text-decoration: underline;\">25.6<\/span><\/strong><\/td><td>54.1<\/td><\/tr><tr><td>Nitrogen<\/td><td>23.8<\/td><td>29.9<\/td><td>55.2<\/td><\/tr><tr><td>BetBTC<\/td><td>22.9<\/td><td>28.6<\/td><td>53.3<\/td><\/tr><tr><td>Betcoin<\/td><td>23.3<\/td><td>29<\/td><td>54.1<\/td><\/tr><\/tbody><\/table><\/figure>\n\n\n\n<p>Wir wissen, dass die implizierten Wahrscheinlichkeiten nicht das sind, was die Sportwettenanbieter f\u00fcr die echten Wahrscheinlichkeiten halten, weil sie die Quoten reduzieren, um sich selbst einen Vorteil zu verschaffen. Wir k\u00f6nnen absch\u00e4tzen, was die Sportwettenanbieter f\u00fcr die echten Wahrscheinlichkeiten halten, indem wir die implizierten Wahrscheinlichkeiten durch ein Ma\u00df f\u00fcr den Vorteil der Sportwettenanbieter, den sogenannten \u201eOverround\u201c, teilen.<\/p>\n\n\n\n<p>Der Overround gibt an, um wie viel die Summe der implizierten Wahrscheinlichkeiten 100 % \u00fcbersteigt. Zum Beispiel w\u00e4re der Overround von Cloudbet in der obenstehenden Tabelle der folgende:<\/p>\n\n\n\n<pre class=\"wp-block-code\"><code>Overround = 22,8 + 28,5 + 53,5 - 100 = 4,8<\/code><\/pre>\n\n\n\n<p>Wenn wir den Overround f\u00fcr jeden Sportwettenanbieter berechnen, erhalten wir:<\/p>\n\n\n\n<figure class=\"wp-block-table\"><table><thead><tr><th><\/th><th>Overround<\/th><\/tr><\/thead><tbody><tr><td>Cloudbet<\/td><td>4.75<\/td><\/tr><tr><td>Stake<\/td><td>6.3<\/td><\/tr><tr><td>Sportsbet<\/td><td><strong><span style=\"text-decoration: underline;\">6.58<\/span><\/strong><\/td><\/tr><tr><td>Nitrogen<\/td><td>8.91<\/td><\/tr><tr><td>BetBTC<\/td><td>4.8<\/td><\/tr><tr><td>Betcoin<\/td><td>6.3<\/td><\/tr><\/tbody><\/table><\/figure>\n\n\n\n<p>Wir k\u00f6nnen den Overround verwenden, um die Vorhersagen der Sportwettenanbieter f\u00fcr die echten Wahrscheinlichkeiten zu sch\u00e4tzen:<\/p>\n\n\n\n<pre class=\"wp-block-code\"><code>Wahrscheinlichkeit_Sportwettenanbieter = Implizierte_Wahrscheinlichkeit \/ (1 + Overround)<\/code><\/pre>\n\n\n\n<p>Bei der Anwendung dieser Formel erhalten wir:<\/p>\n\n\n\n<figure class=\"wp-block-table\"><table><thead><tr><th><\/th><th>Salt Lake<\/th><th>Unentschieden<\/th><th>Minnesota<\/th><\/tr><\/thead><tbody><tr><td>Cloudbet<\/td><td>21.7<\/td><td>27.2<\/td><td>51.1<\/td><\/tr><tr><td>Stake<\/td><td>21.9<\/td><td>27.3<\/td><td>50.9<\/td><\/tr><tr><td>Sportsbet<\/td><td>25.3<\/td><td><strong><span style=\"text-decoration: underline;\">24<\/span><\/strong><\/td><td>50.7<\/td><\/tr><tr><td>Nitrogen<\/td><td>21.9<\/td><td>27.4<\/td><td>50.7<\/td><\/tr><tr><td>BetBTC<\/td><td>21.9<\/td><td>27.3<\/td><td>50.9<\/td><\/tr><tr><td>Betcoin<\/td><td>21.9<\/td><td>27.3<\/td><td>50.9<\/td><\/tr><\/tbody><\/table><\/figure>\n\n\n\n<p>Wir k\u00f6nnen dann den Durchschnitt aller Sportwettenanbieter nehmen, um unsere beste Sch\u00e4tzung der echten Wahrscheinlichkeit zu erhalten:<\/p>\n\n\n\n<figure class=\"wp-block-table\"><table><thead><tr><th><\/th><th>Salt Lake<\/th><th>Unentschieden<\/th><th>Minnesota<\/th><\/tr><\/thead><tbody><tr><td>Durchschnittliche Wahrscheinlichkeit<\/td><td>22.4<\/td><td><strong><span style=\"text-decoration: underline;\"><span style=\"color:#d9ddeb\" class=\"has-inline-color\">26.7<\/span><\/span><\/strong><\/td><td>50.8<\/td><\/tr><\/tbody><\/table><\/figure>\n\n\n\n<p>Schlie\u00dflich k\u00f6nnen wir den Erwartungswert jeder Wette berechnen, indem wir unsere Sch\u00e4tzung der echten Wahrscheinlichkeit und die Quoten des Sportwettenanbieters verwenden:<\/p>\n\n\n\n<pre class=\"wp-block-code\"><code>Erwartungswert = Wahrscheinlichkeit \u00d7 Quote \u2013 100 %<\/code><\/pre>\n\n\n\n<p>Das ergibt:<\/p>\n\n\n\n<figure class=\"wp-block-table\"><table><thead><tr><th><\/th><th>Salt Lake<\/th><th>Unentschieden<\/th><th>Minnesota<\/th><\/tr><\/thead><tbody><tr><td>Cloudbet<\/td><td>-1.6<\/td><td>-6.1<\/td><td>-4.9<\/td><\/tr><tr><td>Stake<\/td><td>-3.6<\/td><td>-7.8<\/td><td>-5.9<\/td><\/tr><tr><td>Sportsbet<\/td><td>-16.8<\/td><td><strong><span style=\"text-decoration: underline;\">4.5<\/span><\/strong><\/td><td>-5.9<\/td><\/tr><tr><td>Nitrogen<\/td><td>-5.8<\/td><td>-10.4<\/td><td>-8<\/td><\/tr><tr><td>BetBTC<\/td><td>-2.1<\/td><td>-6.5<\/td><td>-4.6<\/td><\/tr><tr><td>Betcoin<\/td><td>-3.6<\/td><td>-7.8<\/td><td>-5.9<\/td><\/tr><\/tbody><\/table><\/figure>\n\n\n\n<p>Wir suchen nun nach positiven Werten und k\u00f6nnen sehen, dass die Wette auf ein Unentschieden bei <a href=\"https:\/\/bitodds.com\/goto\/sportsbet\/\" target=\"_blank\" rel=\"noreferrer noopener\">Sportsbet<\/a> einen Erwartungswert von 4,5 % hat. Das bedeutet, dass diese Wette im Durchschnitt einen Gewinn von 4,5 % abwirft.<\/p>\n\n\n\n<p>Viel Gl\u00fcck und viel Spa\u00df!<\/p>\n","protected":false},"excerpt":{"rendered":"<p>Wir haben eine Sofort-Benachrichtigung erstellt, die Wertwetten erkennt. Wir finden Ausrei\u00dfer, bei denen ein Sportwettenanbieter deutlich h\u00f6here Quoten anbietet als der Rest des Marktes. Dies sind Wetten mit positivem Erwartungswert, so dass Sie einen Vorteil gegen\u00fcber dem Sportwettenanbieter und eine&hellip;<\/p>\n","protected":false},"author":1,"featured_media":0,"parent":0,"menu_order":0,"comment_status":"open","ping_status":"closed","template":"","meta":{"_acf_changed":false,"footnotes":""},"acf":[],"_links":{"self":[{"href":"https:\/\/bitodds.com\/de\/wp-json\/wp\/v2\/pages\/51099"}],"collection":[{"href":"https:\/\/bitodds.com\/de\/wp-json\/wp\/v2\/pages"}],"about":[{"href":"https:\/\/bitodds.com\/de\/wp-json\/wp\/v2\/types\/page"}],"author":[{"embeddable":true,"href":"https:\/\/bitodds.com\/de\/wp-json\/wp\/v2\/users\/1"}],"replies":[{"embeddable":true,"href":"https:\/\/bitodds.com\/de\/wp-json\/wp\/v2\/comments?post=51099"}],"version-history":[{"count":1,"href":"https:\/\/bitodds.com\/de\/wp-json\/wp\/v2\/pages\/51099\/revisions"}],"predecessor-version":[{"id":51100,"href":"https:\/\/bitodds.com\/de\/wp-json\/wp\/v2\/pages\/51099\/revisions\/51100"}],"wp:attachment":[{"href":"https:\/\/bitodds.com\/de\/wp-json\/wp\/v2\/media?parent=51099"}],"curies":[{"name":"wp","href":"https:\/\/api.w.org\/{rel}","templated":true}]}}