{"id":51094,"date":"2021-06-26T18:34:31","date_gmt":"2021-06-26T18:34:31","guid":{"rendered":"https:\/\/staging.bitodds.com\/?page_id=51094"},"modified":"2022-08-08T03:35:38","modified_gmt":"2022-08-08T03:35:38","slug":"bet-into-a-low-edge","status":"publish","type":"page","link":"https:\/\/bitodds.com\/de\/bet-into-a-low-edge\/","title":{"rendered":"Wetten Sie auf einen Vorteil von  3%"},"content":{"rendered":"\n<p>Der Bankvorteil ist der mathematische Vorteil des Sportwettenanbieters gegen\u00fcber dem Wettenden, <a href=\"https:\/\/bitedge.com\/sports-betting-guide\/understand-odds-as-probability-with-overround\/\" target=\"_blank\" rel=\"noreferrer noopener\">der in den Quoten einberechnet ist<\/a>. Wenn Sie auf einen Vorteil von 5 % wetten, m\u00fcssen Sie 5 % schlauer sein als der Sportwettenanbieter, um auf lange Sicht die Gewinnschwelle zu erreichen. Der niedrigste Vorteil eines Sportwettenanbieters, den Sie bei einem einzelnen Betreiber bekommen k\u00f6nnen, liegt bei Betfair und Pinnacle bei etwa 2,5 %. Dabei handelt es sich aber nicht um <a href=\"https:\/\/bitedge.com\/blog\/end-to-end-crypto-sportsbooks-vs-government-currency-sportsbooks-that-accept-crypto\/\" target=\"_blank\" rel=\"noreferrer noopener\">End-to-End Krypto<\/a>, also wollen wir sie nicht verwenden.<\/p>\n\n\n\n<h2 class=\"wp-block-heading\">Niedrigsten Vorteil, den Sie mit Krypto erhalten k\u00f6nnen<\/h2>\n\n\n\n<p>Der <a href=\"https:\/\/bitodds.com\/best-odds-crypto-sportsbooks\/\">niedrigste Vorteil unter den Top-Krypto-Sportwettenanbietern<\/a> ist 5,83% bei <a href=\"https:\/\/bitodds.com\/goto\/stake\" title=\"Stake\" rel=\"nofollow\" target=\"_blank\">Stake<\/a>. Allerdings haben sie nur bei 58,06% der Auswahlen die besten Quoten, bei den anderen 41,94% haben andere Krypto-Sportwettenanbieter die besten Quoten. Was w\u00e4re also, wenn Sie Ihre eigenen Wettm\u00e4rkte erstellen k\u00f6nnten, die nur aus den besten Quoten f\u00fcr jede Auswahl der Top-Krypto-Sportwettenanbieter bestehen?<\/p>\n\n\n\n<p>Wir erstellen diese synthetischen M\u00e4rkte bei jedem Quotenvergleich und im Moment betr\u00e4gt der Vorteil des synthetischen Sportwettenanbieters f\u00fcr die <a href=\"https:\/\/bitodds.com\/de\/nba\/\" title=\"NBA Quoten anzeigen\" target=\"_blank\">NBA<\/a> nur 3%. Sie k\u00f6nnen ganz einfach auf M\u00e4rkte mit solch gro\u00dfartigen Quoten wetten. Pr\u00fcfen Sie einfach die Quotenvergleiche und nehmen Sie die besten Quoten f\u00fcr die Wetten, die Sie abschlie\u00dfen m\u00f6chten.<\/p>\n\n\n\n<h2 class=\"wp-block-heading\">Praxisbeispiel<\/h2>\n\n\n\n<p>Hier ist ein Beispiel f\u00fcr die <a href=\"https:\/\/bitodds.com\/portuguese-primeira-liga\/\">Portugiesische Primeira Liga<\/a>.<\/p>\n\n\n\n<figure class=\"wp-block-image size-large\"><img decoding=\"async\" width=\"1024\" height=\"809\" src=\"https:\/\/bitodds.com\/wp-content\/uploads\/2021\/05\/Screen-Shot-2021-05-11-at-19.32.47-1024x809.png\" alt=\"\" class=\"wp-image-50562\" srcset=\"https:\/\/bitodds.com\/wp-content\/uploads\/2021\/05\/Screen-Shot-2021-05-11-at-19.32.47-1024x809.png 1024w, https:\/\/bitodds.com\/wp-content\/uploads\/2021\/05\/Screen-Shot-2021-05-11-at-19.32.47-300x237.png 300w, https:\/\/bitodds.com\/wp-content\/uploads\/2021\/05\/Screen-Shot-2021-05-11-at-19.32.47-830x656.png 830w, https:\/\/bitodds.com\/wp-content\/uploads\/2021\/05\/Screen-Shot-2021-05-11-at-19.32.47-366x289.png 366w, https:\/\/bitodds.com\/wp-content\/uploads\/2021\/05\/Screen-Shot-2021-05-11-at-19.32.47-160x126.png 160w, https:\/\/bitodds.com\/wp-content\/uploads\/2021\/05\/Screen-Shot-2021-05-11-at-19.32.47-32x25.png 32w, https:\/\/bitodds.com\/wp-content\/uploads\/2021\/05\/Screen-Shot-2021-05-11-at-19.32.47-64x51.png 64w, https:\/\/bitodds.com\/wp-content\/uploads\/2021\/05\/Screen-Shot-2021-05-11-at-19.32.47-45x36.png 45w, https:\/\/bitodds.com\/wp-content\/uploads\/2021\/05\/Screen-Shot-2021-05-11-at-19.32.47-90x71.png 90w, https:\/\/bitodds.com\/wp-content\/uploads\/2021\/05\/Screen-Shot-2021-05-11-at-19.32.47.png 1630w\" sizes=\"(max-width: 1024px) 100vw, 1024px\" \/><\/figure>\n\n\n\n<p>Mit dem <a href=\"https:\/\/bitedge.com\/sports-betting-tools-and-resources\/overround-and-probability-calculator\/\" target=\"_blank\" rel=\"noreferrer noopener\">Overround-Rechner<\/a> k\u00f6nnen wir herausfinden, welcher Sportwettenanbieter den niedrigsten Vorteil verwendet:<\/p>\n\n\n\n<figure class=\"wp-block-table\"><table><thead><tr><th>Sportwettenanbieter<\/th><th>Vorteil<\/th><\/tr><\/thead><tbody><tr><td><a href=\"https:\/\/bitodds.com\/goto\/cloudbet\">Cloudbet<\/a><\/td><td>3,22%<\/td><\/tr><tr><td><a href=\"https:\/\/bitodds.com\/goto\/betcoin\">Betcoin<\/a><\/td><td>4,26%<\/td><\/tr><tr><td><a href=\"https:\/\/bitodds.com\/goto\/betbtc\">BetBTC<\/a><\/td><td>4,33%<\/td><\/tr><tr><td><a href=\"https:\/\/bitodds.com\/goto\/sportsbet\">Sportsbet<\/a><\/td><td>5,86%<\/td><\/tr><tr><td><a href=\"https:\/\/bitodds.com\/goto\/nitrogen\">Nitrogen<\/a><\/td><td>5,86%<\/td><\/tr><tr><td><a href=\"https:\/\/bitodds.com\/goto\/stake\">Stake<\/a><\/td><td>6,63%<\/td><\/tr><\/tbody><tfoot><tr><td>Durchschnitt<\/td><td>5,02%<\/td><\/tr><\/tfoot><\/table><\/figure>\n\n\n\n<p>Aber die besten Quoten f\u00fcr jede Auswahl sind:<\/p>\n\n\n\n<figure class=\"wp-block-table\"><table><thead><tr><th>Selection<\/th><th>Best odds<\/th><\/tr><\/thead><tbody><tr><td>Boavista<\/td><td>9,26 (Cloudbet)<\/td><\/tr><tr><td>Unentschieden<\/td><td>5,01 (Cloudbet)<\/td><\/tr><tr><td>Sporting<\/td><td>1,44 (Stake)<\/td><\/tr><\/tbody><\/table><\/figure>\n\n\n\n<p>Der Overround-Rechner zeigt, dies ist ein Vorteil eines synthetischen Sportwettenanbieters von nur 0,2 %! Viel besser als jeder einzelne Sportwettenanbieter und Sie m\u00fcssen nur um 0,2 % schlauer sein als die Quotenmacher, um langfristig Gewinn zu machen!<\/p>\n\n\n\n<figure class=\"wp-block-image size-large\"><img decoding=\"async\" width=\"1024\" height=\"425\" src=\"https:\/\/bitodds.com\/wp-content\/uploads\/2021\/05\/Screen-Shot-2021-05-11-at-17.55.52-1024x425.png\" alt=\"\" class=\"wp-image-50555\" srcset=\"https:\/\/bitodds.com\/wp-content\/uploads\/2021\/05\/Screen-Shot-2021-05-11-at-17.55.52-1024x425.png 1024w, https:\/\/bitodds.com\/wp-content\/uploads\/2021\/05\/Screen-Shot-2021-05-11-at-17.55.52-300x124.png 300w, https:\/\/bitodds.com\/wp-content\/uploads\/2021\/05\/Screen-Shot-2021-05-11-at-17.55.52-830x344.png 830w, https:\/\/bitodds.com\/wp-content\/uploads\/2021\/05\/Screen-Shot-2021-05-11-at-17.55.52-366x152.png 366w, https:\/\/bitodds.com\/wp-content\/uploads\/2021\/05\/Screen-Shot-2021-05-11-at-17.55.52-160x66.png 160w, https:\/\/bitodds.com\/wp-content\/uploads\/2021\/05\/Screen-Shot-2021-05-11-at-17.55.52-32x13.png 32w, https:\/\/bitodds.com\/wp-content\/uploads\/2021\/05\/Screen-Shot-2021-05-11-at-17.55.52-64x27.png 64w, https:\/\/bitodds.com\/wp-content\/uploads\/2021\/05\/Screen-Shot-2021-05-11-at-17.55.52-45x19.png 45w, https:\/\/bitodds.com\/wp-content\/uploads\/2021\/05\/Screen-Shot-2021-05-11-at-17.55.52-90x37.png 90w, https:\/\/bitodds.com\/wp-content\/uploads\/2021\/05\/Screen-Shot-2021-05-11-at-17.55.52.png 1514w\" sizes=\"(max-width: 1024px) 100vw, 1024px\" \/><\/figure>\n\n\n\n<h2 class=\"wp-block-heading\">Auf lange Sicht<\/h2>\n\n\n\n<p>In der Deutschen Bundesliga-Saison 2021 hatte <a href=\"https:\/\/bitodds.com\/goto\/cloudbet\/\" target=\"_blank\" rel=\"noreferrer noopener\">Cloudbet<\/a> mit 2,68 % den niedrigsten Vorteil aller Top-Krypto-Sportwettenanbieter, w\u00e4hrend der synthetische Vorteil von BitOdd bei nur 1,29 % lag. Hier ist der Unterschied, der sich \u00fcber die Saison gesehen ergibt, wenn Sie 1 m\u0e3f auf diese Auswahlen im Markt (1&#215;2) des Spiels setzen.<\/p>\n\n\n\n<figure class=\"wp-block-table align-caption-left\"><table><thead><tr><th>Wette<\/th><th><a href=\"\/goto\/cloudbet\/\" target=\"_blank\" rel=\"noreferrer noopener\"><img decoding=\"async\" width=\"150\" height=\"30\" class=\"wp-image-32038 pulse-hover\" style=\"width: 150px;\" src=\"https:\/\/bitodds.com\/wp-content\/uploads\/\/2020\/10\/cloudbet-dark-logo.svg\" alt=\"\"><\/a><\/th><th><img decoding=\"async\" width=\"150\" height=\"38\" class=\"wp-image-27024\" style=\"width: 150px;\" src=\"https:\/\/bitodds.com\/wp-content\/uploads\/\/2020\/10\/bitodds-dark.svg\" alt=\"\"><\/th><\/tr><\/thead><tbody><tr><td>Gewinner<\/td><td><span class=\"has-inline-color has-vivid-green-cyan-color\">+585m\u0e3f<\/span><\/td><td><span class=\"has-inline-color has-vivid-green-cyan-color\">+598m\u0e3f<\/span><\/td><\/tr><tr><td>50 % Gewinner 50 % Verlierer*<\/td><td><span class=\"has-inline-color has-vivid-green-cyan-color\">+156m\u0e3f<\/span><\/td><td><span class=\"has-inline-color has-vivid-green-cyan-color\">+166m\u0e3f<\/span><\/td><\/tr><tr><td>Favorit<\/td><td><span class=\"has-inline-color has-vivid-red-color\">-29m\u0e3f<\/span><\/td><td><span class=\"has-inline-color has-vivid-red-color\">-24m\u0e3f<\/span><\/td><\/tr><tr><td>Au\u00dfenseiter<\/td><td><span class=\"has-inline-color has-vivid-red-color\">-10m\u0e3f<\/span><\/td><td><span class=\"has-inline-color has-vivid-red-color\">-7m\u0e3f<\/span><\/td><\/tr><tr><td>Unentschieden<\/td><td><span class=\"has-inline-color has-vivid-green-cyan-color\">+30m\u0e3f<\/span><\/td><td><span class=\"has-inline-color has-vivid-green-cyan-color\">+38m\u0e3f<\/span><\/td><\/tr><\/tbody><\/table><figcaption>* Gewonnene und verlorene Wetten zuf\u00e4llig verteilt<\/figcaption><\/figure>\n\n\n\n<p>Der Unterschied betr\u00e4gt 4,62 %, was auf lange Sicht leicht den Unterschied zwischen Gewinn und Verlust ausmachen kann.<\/p>\n\n\n\n<h2 class=\"wp-block-heading\">Krypto macht es einfach<\/h2>\n\n\n\n<p>Das bedeutet, dass Sie bei jedem Sportwettenanbieter ein Konto ben\u00f6tigen, insgesamt 3, was f\u00fcr ernsthafte Wettende, die Betfair und Pinnacle nicht nutzen k\u00f6nnen, normal ist. Da Krypto-Sportwettenanbieter keine pers\u00f6nlichen Daten erfordern, ist es schnell und einfach, sich nur mit einer E-Mail-Adresse und einem Passwort anzumelden.<br><br>Es ist am einfachsten und billigsten, auf jedem Konto ein Guthaben zu besitzen, aber das m\u00fcssen Sie nicht. Die Sportwettenanbieter schreiben Einzahlungen sofort oder sp\u00e4testens nach 1 Best\u00e4tigung gut, so dass Sie f\u00fcr jede Wette einzahlen k\u00f6nnen. Das einzige Problem dabei sind die hohen Transaktionsgeb\u00fchren, wenn Sie Bitcoin oder <a href=\"https:\/\/bitedge.com\/blog\/best-cryptos-for-betting-ethereum\/\" target=\"_blank\" rel=\"noreferrer noopener\">Ether<\/a> verwenden. Sie k\u00f6nnen das umgehen, indem Sie eine Kryptow\u00e4hrung mit niedrigen Geb\u00fchren wie <a href=\"https:\/\/bitedge.com\/blog\/best-cryptos-for-betting-dash\/\" target=\"_blank\" rel=\"noreferrer noopener\">Dash<\/a> oder <a href=\"https:\/\/bitedge.com\/blog\/best-cryptos-for-betting-doge\/\" target=\"_blank\" rel=\"noreferrer noopener\">Doge<\/a> verwenden oder ein Guthaben bei jedem Sportwettenanbieter unterhalten.<\/p>\n\n\n\n<p>Viel Spa\u00df und viel Gl\u00fcck.<\/p>\n","protected":false},"excerpt":{"rendered":"<p>Der Bankvorteil ist der mathematische Vorteil des Sportwettenanbieters gegen\u00fcber dem Wettenden, der in den Quoten einberechnet ist. Wenn Sie auf einen Vorteil von 5 % wetten, m\u00fcssen Sie 5 % schlauer sein als der Sportwettenanbieter, um auf lange Sicht die&hellip;<\/p>\n","protected":false},"author":1,"featured_media":0,"parent":0,"menu_order":0,"comment_status":"open","ping_status":"closed","template":"","meta":{"_acf_changed":false,"footnotes":""},"acf":[],"_links":{"self":[{"href":"https:\/\/bitodds.com\/de\/wp-json\/wp\/v2\/pages\/51094"}],"collection":[{"href":"https:\/\/bitodds.com\/de\/wp-json\/wp\/v2\/pages"}],"about":[{"href":"https:\/\/bitodds.com\/de\/wp-json\/wp\/v2\/types\/page"}],"author":[{"embeddable":true,"href":"https:\/\/bitodds.com\/de\/wp-json\/wp\/v2\/users\/1"}],"replies":[{"embeddable":true,"href":"https:\/\/bitodds.com\/de\/wp-json\/wp\/v2\/comments?post=51094"}],"version-history":[{"count":4,"href":"https:\/\/bitodds.com\/de\/wp-json\/wp\/v2\/pages\/51094\/revisions"}],"predecessor-version":[{"id":52958,"href":"https:\/\/bitodds.com\/de\/wp-json\/wp\/v2\/pages\/51094\/revisions\/52958"}],"wp:attachment":[{"href":"https:\/\/bitodds.com\/de\/wp-json\/wp\/v2\/media?parent=51094"}],"curies":[{"name":"wp","href":"https:\/\/api.w.org\/{rel}","templated":true}]}}